{"id":22448,"date":"2025-12-31T13:29:24","date_gmt":"2025-12-31T12:29:24","guid":{"rendered":"https:\/\/pre.vitruve.fit\/empleo\/"},"modified":"2026-03-03T19:25:53","modified_gmt":"2026-03-03T18:25:53","slug":"empleo","status":"publish","type":"page","link":"https:\/\/pre.vitruve.fit\/es\/empleo\/","title":{"rendered":"Empleo"},"content":{"rendered":"\n<section id=\"image-coach-block_b2139b3e0bcf19a6733b427e863f875c\" class=\"vitruve-image-coach\">\n\t\n\t\n\t<div class=\"vitruve-image-coach__content\">\n\t\t<div class=\"vitruve-image-coach__inner\">\n\t\t\t\n\t\t\t\t\t<h2 class=\"vitruve-image-coach__title\"><span class=\"ez-toc-section\" id=\"Unete_a_nosotros_en_nuestra_mision_de_transformar_la_industria_del_rendimiento_deportivo\"><\/span>\n\t\t\t\t<span class=\"gradient-text\">\u00danete a nosotros<\/span> en nuestra misi\u00f3n de transformar la industria del rendimiento deportivo \t\t\t<span class=\"ez-toc-section-end\"><\/span><\/h2>\n\t\t\n\t\t\t\t\t\t\t<p class=\"vitruve-image-coach__description\">\n\t\t\t\t\tSomos la startup que est\u00e1 revolucionando el sector de la fuerza y el acondicionamiento f\u00edsico. Nos movemos m\u00e1s r\u00e1pido que los gigantes y nos preocupamos m\u00e1s por el producto. \u00bfEst\u00e1s preparado para el reto?  \t\t\t\t<\/p>\n\t\t\t\n\t\t\t\t\t\t\t<div class=\"vitruve-image-coach__actions\">\n\t\t\t\t\t\n\t\t\t\t\t\t\t\t\t\t\t<a href=\"http:\/\/linkedin.com\/empresa\/25177108\/admin\/posted-jobs\/open\/\" class=\"vitruve-image-coach__cta vitruve-image-coach__cta--primary\" target=\"_blank\" rel=\"noopener\">\n\t\t\t\t\t\t\tVer puestos vacantes\t\t\t\t\t\t<\/a>\n\t\t\t\t\t\t\t\t\t<\/div>\n\t\t\t\n\t\t<\/div>\n\t<\/div>\n\n<\/section>\n\n\n<section \n\tid=\"logos-carousel-block_3867be853bf28c1f618677494c60f741\" \n\tclass=\"vitruve-logos-carousel\"\n\tstyle=\"--carousel-speed: 30s;\"\n>\n\t\t\t<h2 class=\"vitruve-logos-carousel__title\"><span class=\"ez-toc-section\" id=\"Impulsando_a_los_mejores_equipos_del_mundo\"><\/span>\n\t\t\tImpulsando a los mejores equipos del mundo\t\t<span class=\"ez-toc-section-end\"><\/span><\/h2>\n\t\t\n\t<div class=\"vitruve-logos-carousel__container\">\n\t\t<div class=\"vitruve-logos-carousel__track\">\n\t\t\t\n\t\t\t\t\t\t\t<!-- Primera iteraci\u00f3n de logos -->\n\t\t\t\t<div class=\"vitruve-logos-carousel__set\">\n\t\t\t\t\t\t\t\t\t\t\t\t\t\t\t\t\t\t<div class=\"vitruve-logos-carousel__item\">\n\t\t\t\t\t\t\t\t<img loading=\"lazy\" decoding=\"async\" width=\"300\" height=\"169\" src=\"https:\/\/pre.vitruve.fit\/wp-content\/uploads\/2025\/12\/16-9-F1-logo-1-300x169.webp\" class=\"vitruve-logos-carousel__image\" alt=\"\" srcset=\"https:\/\/pre.vitruve.fit\/wp-content\/uploads\/2025\/12\/16-9-F1-logo-1-300x169.webp 300w, https:\/\/pre.vitruve.fit\/wp-content\/uploads\/2025\/12\/16-9-F1-logo-1-1024x576.webp 1024w, https:\/\/pre.vitruve.fit\/wp-content\/uploads\/2025\/12\/16-9-F1-logo-1-768x432.webp 768w, https:\/\/pre.vitruve.fit\/wp-content\/uploads\/2025\/12\/16-9-F1-logo-1-1536x864.webp 1536w, https:\/\/pre.vitruve.fit\/wp-content\/uploads\/2025\/12\/16-9-F1-logo-1-2048x1151.webp 2048w, https:\/\/pre.vitruve.fit\/wp-content\/uploads\/2025\/12\/16-9-F1-logo-1-1920x1080.webp 1920w\" sizes=\"auto, (max-width: 300px) 100vw, 300px\" \/>\t\t\t\t\t\t\t<\/div>\n\t\t\t\t\t\t\t\t\t\t\t\t\t\t\t\t\t\t\t\t\t\t\t\t<div class=\"vitruve-logos-carousel__item\">\n\t\t\t\t\t\t\t\t<img loading=\"lazy\" decoding=\"async\" width=\"300\" height=\"169\" src=\"https:\/\/pre.vitruve.fit\/wp-content\/uploads\/2025\/12\/l16-9_logo-NFL-300x169.webp\" class=\"vitruve-logos-carousel__image\" alt=\"\" srcset=\"https:\/\/pre.vitruve.fit\/wp-content\/uploads\/2025\/12\/l16-9_logo-NFL-300x169.webp 300w, https:\/\/pre.vitruve.fit\/wp-content\/uploads\/2025\/12\/l16-9_logo-NFL.webp 720w\" sizes=\"auto, (max-width: 300px) 100vw, 300px\" \/>\t\t\t\t\t\t\t<\/div>\n\t\t\t\t\t\t\t\t\t\t\t\t\t\t\t\t\t\t\t\t\t\t\t\t<div class=\"vitruve-logos-carousel__item\">\n\t\t\t\t\t\t\t\t<img loading=\"lazy\" decoding=\"async\" width=\"300\" height=\"169\" src=\"https:\/\/pre.vitruve.fit\/wp-content\/uploads\/2025\/12\/nba-logo-300x169.png\" class=\"vitruve-logos-carousel__image\" alt=\"\" srcset=\"https:\/\/pre.vitruve.fit\/wp-content\/uploads\/2025\/12\/nba-logo-300x169.png 300w, https:\/\/pre.vitruve.fit\/wp-content\/uploads\/2025\/12\/nba-logo-1024x576.png 1024w, https:\/\/pre.vitruve.fit\/wp-content\/uploads\/2025\/12\/nba-logo-768x432.png 768w, https:\/\/pre.vitruve.fit\/wp-content\/uploads\/2025\/12\/nba-logo.png 1200w\" sizes=\"auto, (max-width: 300px) 100vw, 300px\" \/>\t\t\t\t\t\t\t<\/div>\n\t\t\t\t\t\t\t\t\t\t\t\t\t\t\t\t\t\t\t\t\t\t\t\t<div class=\"vitruve-logos-carousel__item\">\n\t\t\t\t\t\t\t\t<img loading=\"lazy\" decoding=\"async\" width=\"300\" height=\"169\" src=\"https:\/\/pre.vitruve.fit\/wp-content\/uploads\/2025\/12\/16-9_USARUGBY_logo-300x169.webp\" class=\"vitruve-logos-carousel__image\" alt=\"\" srcset=\"https:\/\/pre.vitruve.fit\/wp-content\/uploads\/2025\/12\/16-9_USARUGBY_logo-300x169.webp 300w, https:\/\/pre.vitruve.fit\/wp-content\/uploads\/2025\/12\/16-9_USARUGBY_logo.webp 532w\" sizes=\"auto, (max-width: 300px) 100vw, 300px\" \/>\t\t\t\t\t\t\t<\/div>\n\t\t\t\t\t\t\t\t\t\t\t\t\t\t\t\t\t\t\t\t\t\t\t\t<div class=\"vitruve-logos-carousel__item\">\n\t\t\t\t\t\t\t\t<img loading=\"lazy\" decoding=\"async\" width=\"300\" height=\"169\" src=\"https:\/\/pre.vitruve.fit\/wp-content\/uploads\/2025\/12\/16-9_UFL-logo-300x169.webp\" class=\"vitruve-logos-carousel__image\" alt=\"\" srcset=\"https:\/\/pre.vitruve.fit\/wp-content\/uploads\/2025\/12\/16-9_UFL-logo-300x169.webp 300w, https:\/\/pre.vitruve.fit\/wp-content\/uploads\/2025\/12\/16-9_UFL-logo.webp 720w\" sizes=\"auto, (max-width: 300px) 100vw, 300px\" \/>\t\t\t\t\t\t\t<\/div>\n\t\t\t\t\t\t\t\t\t\t\t\t\t\t\t\t\t\t\t\t\t\t\t\t<div class=\"vitruve-logos-carousel__item\">\n\t\t\t\t\t\t\t\t<img loading=\"lazy\" decoding=\"async\" width=\"300\" height=\"169\" src=\"https:\/\/pre.vitruve.fit\/wp-content\/uploads\/2025\/12\/16-9_premiere_logo-300x169.webp\" class=\"vitruve-logos-carousel__image\" alt=\"\" srcset=\"https:\/\/pre.vitruve.fit\/wp-content\/uploads\/2025\/12\/16-9_premiere_logo-300x169.webp 300w, https:\/\/pre.vitruve.fit\/wp-content\/uploads\/2025\/12\/16-9_premiere_logo.webp 720w\" sizes=\"auto, (max-width: 300px) 100vw, 300px\" \/>\t\t\t\t\t\t\t<\/div>\n\t\t\t\t\t\t\t\t\t\t\t\t\t\t\t\t\t\t\t\t\t\t\t\t<div class=\"vitruve-logos-carousel__item\">\n\t\t\t\t\t\t\t\t<img loading=\"lazy\" decoding=\"async\" width=\"300\" height=\"169\" src=\"https:\/\/pre.vitruve.fit\/wp-content\/uploads\/2025\/12\/16-9_NHL_logo-300x169.webp\" class=\"vitruve-logos-carousel__image\" alt=\"\" srcset=\"https:\/\/pre.vitruve.fit\/wp-content\/uploads\/2025\/12\/16-9_NHL_logo-300x169.webp 300w, https:\/\/pre.vitruve.fit\/wp-content\/uploads\/2025\/12\/16-9_NHL_logo.webp 720w\" sizes=\"auto, (max-width: 300px) 100vw, 300px\" \/>\t\t\t\t\t\t\t<\/div>\n\t\t\t\t\t\t\t\t\t\t\t\t\t\t\t\t\t\t\t\t\t\t\t\t<div class=\"vitruve-logos-carousel__item\">\n\t\t\t\t\t\t\t\t<img loading=\"lazy\" decoding=\"async\" width=\"300\" height=\"169\" src=\"https:\/\/pre.vitruve.fit\/wp-content\/uploads\/2025\/12\/16-9_NCAA_logo-300x169.webp\" class=\"vitruve-logos-carousel__image\" alt=\"\" srcset=\"https:\/\/pre.vitruve.fit\/wp-content\/uploads\/2025\/12\/16-9_NCAA_logo-300x169.webp 300w, https:\/\/pre.vitruve.fit\/wp-content\/uploads\/2025\/12\/16-9_NCAA_logo.webp 720w\" sizes=\"auto, (max-width: 300px) 100vw, 300px\" \/>\t\t\t\t\t\t\t<\/div>\n\t\t\t\t\t\t\t\t\t\t\t\t\t\t\t\t\t\t\t\t\t\t\t\t<div class=\"vitruve-logos-carousel__item\">\n\t\t\t\t\t\t\t\t<img loading=\"lazy\" decoding=\"async\" width=\"300\" height=\"169\" src=\"https:\/\/pre.vitruve.fit\/wp-content\/uploads\/2025\/12\/16-9_MLS_logo-300x169.webp\" class=\"vitruve-logos-carousel__image\" alt=\"\" srcset=\"https:\/\/pre.vitruve.fit\/wp-content\/uploads\/2025\/12\/16-9_MLS_logo-300x169.webp 300w, https:\/\/pre.vitruve.fit\/wp-content\/uploads\/2025\/12\/16-9_MLS_logo.webp 720w\" sizes=\"auto, (max-width: 300px) 100vw, 300px\" \/>\t\t\t\t\t\t\t<\/div>\n\t\t\t\t\t\t\t\t\t\t\t\t\t\t\t\t\t\t\t\t\t\t\t\t<div class=\"vitruve-logos-carousel__item\">\n\t\t\t\t\t\t\t\t<img loading=\"lazy\" decoding=\"async\" width=\"300\" height=\"169\" src=\"https:\/\/pre.vitruve.fit\/wp-content\/uploads\/2025\/12\/16-9_MLB-300x169.webp\" class=\"vitruve-logos-carousel__image\" alt=\"\" srcset=\"https:\/\/pre.vitruve.fit\/wp-content\/uploads\/2025\/12\/16-9_MLB-300x169.webp 300w, https:\/\/pre.vitruve.fit\/wp-content\/uploads\/2025\/12\/16-9_MLB.webp 720w\" sizes=\"auto, (max-width: 300px) 100vw, 300px\" \/>\t\t\t\t\t\t\t<\/div>\n\t\t\t\t\t\t\t\t\t\t\t\t\t\t\t<\/div>\n\n\t\t\t\t<!-- Duplicado de logos para loop infinito -->\n\t\t\t\t<div class=\"vitruve-logos-carousel__set\" aria-hidden=\"true\">\n\t\t\t\t\t\t\t\t\t\t\t\t\t\t\t\t\t\t<div class=\"vitruve-logos-carousel__item\">\n\t\t\t\t\t\t\t\t<img loading=\"lazy\" decoding=\"async\" width=\"300\" height=\"169\" src=\"https:\/\/pre.vitruve.fit\/wp-content\/uploads\/2025\/12\/16-9-F1-logo-1-300x169.webp\" class=\"vitruve-logos-carousel__image\" alt=\"\" srcset=\"https:\/\/pre.vitruve.fit\/wp-content\/uploads\/2025\/12\/16-9-F1-logo-1-300x169.webp 300w, https:\/\/pre.vitruve.fit\/wp-content\/uploads\/2025\/12\/16-9-F1-logo-1-1024x576.webp 1024w, https:\/\/pre.vitruve.fit\/wp-content\/uploads\/2025\/12\/16-9-F1-logo-1-768x432.webp 768w, https:\/\/pre.vitruve.fit\/wp-content\/uploads\/2025\/12\/16-9-F1-logo-1-1536x864.webp 1536w, https:\/\/pre.vitruve.fit\/wp-content\/uploads\/2025\/12\/16-9-F1-logo-1-2048x1151.webp 2048w, https:\/\/pre.vitruve.fit\/wp-content\/uploads\/2025\/12\/16-9-F1-logo-1-1920x1080.webp 1920w\" sizes=\"auto, (max-width: 300px) 100vw, 300px\" \/>\t\t\t\t\t\t\t<\/div>\n\t\t\t\t\t\t\t\t\t\t\t\t\t\t\t\t\t\t\t\t\t\t\t\t<div class=\"vitruve-logos-carousel__item\">\n\t\t\t\t\t\t\t\t<img loading=\"lazy\" decoding=\"async\" width=\"300\" height=\"169\" src=\"https:\/\/pre.vitruve.fit\/wp-content\/uploads\/2025\/12\/l16-9_logo-NFL-300x169.webp\" class=\"vitruve-logos-carousel__image\" alt=\"\" srcset=\"https:\/\/pre.vitruve.fit\/wp-content\/uploads\/2025\/12\/l16-9_logo-NFL-300x169.webp 300w, https:\/\/pre.vitruve.fit\/wp-content\/uploads\/2025\/12\/l16-9_logo-NFL.webp 720w\" sizes=\"auto, (max-width: 300px) 100vw, 300px\" \/>\t\t\t\t\t\t\t<\/div>\n\t\t\t\t\t\t\t\t\t\t\t\t\t\t\t\t\t\t\t\t\t\t\t\t<div class=\"vitruve-logos-carousel__item\">\n\t\t\t\t\t\t\t\t<img loading=\"lazy\" decoding=\"async\" width=\"300\" height=\"169\" src=\"https:\/\/pre.vitruve.fit\/wp-content\/uploads\/2025\/12\/nba-logo-300x169.png\" class=\"vitruve-logos-carousel__image\" alt=\"\" srcset=\"https:\/\/pre.vitruve.fit\/wp-content\/uploads\/2025\/12\/nba-logo-300x169.png 300w, https:\/\/pre.vitruve.fit\/wp-content\/uploads\/2025\/12\/nba-logo-1024x576.png 1024w, https:\/\/pre.vitruve.fit\/wp-content\/uploads\/2025\/12\/nba-logo-768x432.png 768w, https:\/\/pre.vitruve.fit\/wp-content\/uploads\/2025\/12\/nba-logo.png 1200w\" sizes=\"auto, (max-width: 300px) 100vw, 300px\" \/>\t\t\t\t\t\t\t<\/div>\n\t\t\t\t\t\t\t\t\t\t\t\t\t\t\t\t\t\t\t\t\t\t\t\t<div class=\"vitruve-logos-carousel__item\">\n\t\t\t\t\t\t\t\t<img loading=\"lazy\" decoding=\"async\" width=\"300\" height=\"169\" src=\"https:\/\/pre.vitruve.fit\/wp-content\/uploads\/2025\/12\/16-9_USARUGBY_logo-300x169.webp\" class=\"vitruve-logos-carousel__image\" alt=\"\" srcset=\"https:\/\/pre.vitruve.fit\/wp-content\/uploads\/2025\/12\/16-9_USARUGBY_logo-300x169.webp 300w, https:\/\/pre.vitruve.fit\/wp-content\/uploads\/2025\/12\/16-9_USARUGBY_logo.webp 532w\" sizes=\"auto, (max-width: 300px) 100vw, 300px\" \/>\t\t\t\t\t\t\t<\/div>\n\t\t\t\t\t\t\t\t\t\t\t\t\t\t\t\t\t\t\t\t\t\t\t\t<div class=\"vitruve-logos-carousel__item\">\n\t\t\t\t\t\t\t\t<img loading=\"lazy\" decoding=\"async\" width=\"300\" height=\"169\" src=\"https:\/\/pre.vitruve.fit\/wp-content\/uploads\/2025\/12\/16-9_UFL-logo-300x169.webp\" class=\"vitruve-logos-carousel__image\" alt=\"\" srcset=\"https:\/\/pre.vitruve.fit\/wp-content\/uploads\/2025\/12\/16-9_UFL-logo-300x169.webp 300w, https:\/\/pre.vitruve.fit\/wp-content\/uploads\/2025\/12\/16-9_UFL-logo.webp 720w\" sizes=\"auto, (max-width: 300px) 100vw, 300px\" \/>\t\t\t\t\t\t\t<\/div>\n\t\t\t\t\t\t\t\t\t\t\t\t\t\t\t\t\t\t\t\t\t\t\t\t<div class=\"vitruve-logos-carousel__item\">\n\t\t\t\t\t\t\t\t<img loading=\"lazy\" decoding=\"async\" width=\"300\" height=\"169\" src=\"https:\/\/pre.vitruve.fit\/wp-content\/uploads\/2025\/12\/16-9_premiere_logo-300x169.webp\" class=\"vitruve-logos-carousel__image\" alt=\"\" srcset=\"https:\/\/pre.vitruve.fit\/wp-content\/uploads\/2025\/12\/16-9_premiere_logo-300x169.webp 300w, https:\/\/pre.vitruve.fit\/wp-content\/uploads\/2025\/12\/16-9_premiere_logo.webp 720w\" sizes=\"auto, (max-width: 300px) 100vw, 300px\" \/>\t\t\t\t\t\t\t<\/div>\n\t\t\t\t\t\t\t\t\t\t\t\t\t\t\t\t\t\t\t\t\t\t\t\t<div class=\"vitruve-logos-carousel__item\">\n\t\t\t\t\t\t\t\t<img loading=\"lazy\" decoding=\"async\" width=\"300\" height=\"169\" src=\"https:\/\/pre.vitruve.fit\/wp-content\/uploads\/2025\/12\/16-9_NHL_logo-300x169.webp\" class=\"vitruve-logos-carousel__image\" alt=\"\" srcset=\"https:\/\/pre.vitruve.fit\/wp-content\/uploads\/2025\/12\/16-9_NHL_logo-300x169.webp 300w, https:\/\/pre.vitruve.fit\/wp-content\/uploads\/2025\/12\/16-9_NHL_logo.webp 720w\" sizes=\"auto, (max-width: 300px) 100vw, 300px\" \/>\t\t\t\t\t\t\t<\/div>\n\t\t\t\t\t\t\t\t\t\t\t\t\t\t\t\t\t\t\t\t\t\t\t\t<div class=\"vitruve-logos-carousel__item\">\n\t\t\t\t\t\t\t\t<img loading=\"lazy\" decoding=\"async\" width=\"300\" height=\"169\" src=\"https:\/\/pre.vitruve.fit\/wp-content\/uploads\/2025\/12\/16-9_NCAA_logo-300x169.webp\" class=\"vitruve-logos-carousel__image\" alt=\"\" srcset=\"https:\/\/pre.vitruve.fit\/wp-content\/uploads\/2025\/12\/16-9_NCAA_logo-300x169.webp 300w, https:\/\/pre.vitruve.fit\/wp-content\/uploads\/2025\/12\/16-9_NCAA_logo.webp 720w\" sizes=\"auto, (max-width: 300px) 100vw, 300px\" \/>\t\t\t\t\t\t\t<\/div>\n\t\t\t\t\t\t\t\t\t\t\t\t\t\t\t\t\t\t\t\t\t\t\t\t<div class=\"vitruve-logos-carousel__item\">\n\t\t\t\t\t\t\t\t<img loading=\"lazy\" decoding=\"async\" width=\"300\" height=\"169\" src=\"https:\/\/pre.vitruve.fit\/wp-content\/uploads\/2025\/12\/16-9_MLS_logo-300x169.webp\" class=\"vitruve-logos-carousel__image\" alt=\"\" srcset=\"https:\/\/pre.vitruve.fit\/wp-content\/uploads\/2025\/12\/16-9_MLS_logo-300x169.webp 300w, https:\/\/pre.vitruve.fit\/wp-content\/uploads\/2025\/12\/16-9_MLS_logo.webp 720w\" sizes=\"auto, (max-width: 300px) 100vw, 300px\" \/>\t\t\t\t\t\t\t<\/div>\n\t\t\t\t\t\t\t\t\t\t\t\t\t\t\t\t\t\t\t\t\t\t\t\t<div class=\"vitruve-logos-carousel__item\">\n\t\t\t\t\t\t\t\t<img loading=\"lazy\" decoding=\"async\" width=\"300\" height=\"169\" src=\"https:\/\/pre.vitruve.fit\/wp-content\/uploads\/2025\/12\/16-9_MLB-300x169.webp\" class=\"vitruve-logos-carousel__image\" alt=\"\" srcset=\"https:\/\/pre.vitruve.fit\/wp-content\/uploads\/2025\/12\/16-9_MLB-300x169.webp 300w, https:\/\/pre.vitruve.fit\/wp-content\/uploads\/2025\/12\/16-9_MLB.webp 720w\" sizes=\"auto, (max-width: 300px) 100vw, 300px\" \/>\t\t\t\t\t\t\t<\/div>\n\t\t\t\t\t\t\t\t\t\t\t\t\t\t\t<\/div>\n\t\t\t\n\t\t<\/div>\n\t<\/div>\n<\/section>\n\n\n<h2 class=\"wp-block-heading has-text-align-center has-white-color has-text-color has-link-color has-x-large-font-size wp-elements-4dab24134ba4741353fb65cd05e9d250\"><span class=\"ez-toc-section\" id=\"Nuestros_valores\"><\/span>Nuestros valores<span class=\"ez-toc-section-end\"><\/span><\/h2>\n\n<section id=\"info-links-grid-block_0d1019aae2470528f966d12b0c6d426d\" class=\"vitruve-info-links-grid vitruve-info-links-grid--cards-4\">\n\t<div class=\"vitruve-info-links-grid__container\">\n\t\t<div class=\"vitruve-info-links-grid__grid\">\n\t\t\t\n\t\t\t\t\t\t\t<div class=\"vitruve-info-links-grid__card\" style=\"--card-index: 0\">\n\t\t\t\t\t\n\t\t\t\t\t<h3 class=\"vitruve-info-links-grid__card-title\"><span class=\"ez-toc-section\" id=\"%22Extreme_Ownership%22\"><\/span>\n\t\t\t\t\t\t&quot;Extreme Ownership&quot;\t\t\t\t\t<span class=\"ez-toc-section-end\"><\/span><\/h3>\n\t\t\t\t\t\n\t\t\t\t\t\t\t\t\t\t\t<p class=\"vitruve-info-links-grid__card-description\">\n\t\t\t\t\t\t\tT\u00fa eres el director general de tu rol. Odiamos la microgesti\u00f3n. En Vitruve, no necesitas 3 niveles de aprobaci\u00f3n para tomar una decisi\u00f3n. Contratamos a personas inteligentes y les damos las llaves. Tienes autonom\u00eda para decidir, libertad para ejecutar y confianza para dirigir tus proyectos de principio a fin.    \t\t\t\t\t\t<\/p>\n\t\t\t\t\t\t\t\t\t\t\n\t\t\t\t\t\t\t\t\t\t\n\t\t\t\t<\/div>\n\t\t\t\t\t\t\t<div class=\"vitruve-info-links-grid__card\" style=\"--card-index: 1\">\n\t\t\t\t\t\n\t\t\t\t\t<h3 class=\"vitruve-info-links-grid__card-title\"><span class=\"ez-toc-section\" id=\"%22Bias_for_Action%22\"><\/span>\n\t\t\t\t\t\t&quot;Bias for Action&quot;\t\t\t\t\t<span class=\"ez-toc-section-end\"><\/span><\/h3>\n\t\t\t\t\t\n\t\t\t\t\t\t\t\t\t\t\t<p class=\"vitruve-info-links-grid__card-description\">\n\t\t\t\t\t\t\tVe tu impacto al instante. En las grandes empresas, esperas meses para ver tu trabajo en directo. Aqu\u00ed, puedes desarrollar una funcionalidad el martes y ver que un equipo de la Premier League la utiliza el mi\u00e9rcoles. Nos movemos r\u00e1pido no porque estemos estresados, sino porque nos apasiona. Valoramos el \u00edmpetu y el aprendizaje por encima de los l\u00edmites.    \t\t\t\t\t\t<\/p>\n\t\t\t\t\t\t\t\t\t\t\n\t\t\t\t\t\t\t\t\t\t\n\t\t\t\t<\/div>\n\t\t\t\t\t\t\t<div class=\"vitruve-info-links-grid__card\" style=\"--card-index: 2\">\n\t\t\t\t\t\n\t\t\t\t\t<h3 class=\"vitruve-info-links-grid__card-title\"><span class=\"ez-toc-section\" id=\"Curiosidad_sin_fin\"><\/span>\n\t\t\t\t\t\tCuriosidad sin fin\t\t\t\t\t<span class=\"ez-toc-section-end\"><\/span><\/h3>\n\t\t\t\t\t\n\t\t\t\t\t\t\t\t\t\t\t<p class=\"vitruve-info-links-grid__card-description\">\n\t\t\t\t\t\t\tCrece m\u00e1s r\u00e1pido que la empresa. No nos importa lo que sab\u00edas ayer; nos importa lo que puedes aprender hoy. Somos un equipo de exploradores. Si no sabes algo, te apoyamos para que lo domines. Estamos construyendo algo que a\u00fan no existe, as\u00ed que todos aprendemos juntos cada d\u00eda.    \t\t\t\t\t\t<\/p>\n\t\t\t\t\t\t\t\t\t\t\n\t\t\t\t\t\t\t\t\t\t\n\t\t\t\t<\/div>\n\t\t\t\t\t\t\t<div class=\"vitruve-info-links-grid__card\" style=\"--card-index: 3\">\n\t\t\t\t\t\n\t\t\t\t\t<h3 class=\"vitruve-info-links-grid__card-title\"><span class=\"ez-toc-section\" id=\"Obsesionados_con_el_cliente\"><\/span>\n\t\t\t\t\t\tObsesionados con el cliente\t\t\t\t\t<span class=\"ez-toc-section-end\"><\/span><\/h3>\n\t\t\t\t\t\n\t\t\t\t\t\t\t\t\t\t\t<p class=\"vitruve-info-links-grid__card-description\">\n\t\t\t\t\t\t\tImpulsando a la \u00e9lite mundial. Nuestro c\u00f3digo y hardware ayudan a los atletas ol\u00edmpicos a ganar medallas de oro. Eso es un privilegio. Estamos orgullosos de nuestro oficio porque nuestros usuarios dependen de nosotros para rendir al m\u00e1ximo. No s\u00f3lo construimos software; construimos las herramientas para la excelencia humana.    \t\t\t\t\t\t<\/p>\n\t\t\t\t\t\t\t\t\t\t\n\t\t\t\t\t\t\t\t\t\t\n\t\t\t\t<\/div>\n\t\t\t\n\t\t<\/div>\n\t<\/div>\n<\/section>\n\n\n<!-- 4. HTML DEL BLOQUE -->\n<section id=\"text-image-card-block_a6e11e590d30db70cc83476c7a2db648\" class=\"vitruve-text-image-card\">\n\t<div class=\"vitruve-text-image-card__container\">\n\t\t<div class=\"vitruve-text-image-card__inner\">\n\t\t\t\n\t\t\t<!-- Contenido: Badge, T\u00edtulo, Subt\u00edtulo, Bot\u00f3n -->\n\t\t\t<div class=\"vitruve-text-image-card__content\">\n\t\t\t\t\n\t\t\t\t<!-- Badge -->\n\t\t\t\t\t\t\t\t\t<div class=\"vitruve-badge vitruve-badge--blue\">\n\t\t\t\t\t\t\u00danete al equipo Vitruve\t\t\t\t\t<\/div>\n\t\t\t\t\t\t\t\t\n\t\t\t\t<!-- T\u00edtulo -->\n\t\t\t\t\t\t\t\t\t<h2 class=\"vitruve-text-image-card__title\"><span class=\"ez-toc-section\" id=\"%C2%BFTe_sientes_identificado\"><\/span>\n\t\t\t\t\t\t\u00bfTe sientes identificado?\t\t\t\t\t<span class=\"ez-toc-section-end\"><\/span><\/h2>\n\t\t\t\t\t\t\t\t\n\t\t\t\t<!-- Subt\u00edtulo -->\n\t\t\t\t\t\t\t\t\t<p class=\"vitruve-text-image-card__subtitle\">\n\t\t\t\t\t\tSi te gustan los deportes, el ritmo trepidante de las startups y quieres formar parte de la pr\u00f3xima revoluci\u00f3n del S&amp;C, Vitruve es tu sitio.\t\t\t\t\t<\/p>\n\t\t\t\t\t\t\t\t\n\t\t\t\t<!-- Bot\u00f3n -->\n\t\t\t\t\t\t\t\t\t<a href=\"https:\/\/www.linkedin.com\/company\/25177108\/admin\/posted-jobs\/open\/\" class=\"vitruve-text-image-card__button\" target=\"_blank\" rel=\"noopener\">\n\t\t\t\t\t\tVen a rockear con nosotros\t\t\t\t\t<\/a>\n\t\t\t\t\t\t\t\t\n\t\t\t<\/div>\n\t\t\t\n\t\t\t<!-- Imagen -->\n\t\t\t<div class=\"vitruve-text-image-card__media\">\n\t\t\t\t<img loading=\"lazy\" decoding=\"async\" width=\"1024\" height=\"768\" src=\"https:\/\/pre.vitruve.fit\/wp-content\/uploads\/2026\/01\/oscar-iker-1024x768.webp\" class=\"vitruve-text-image-card__image\" alt=\"\" srcset=\"https:\/\/pre.vitruve.fit\/wp-content\/uploads\/2026\/01\/oscar-iker-1024x768.webp 1024w, https:\/\/pre.vitruve.fit\/wp-content\/uploads\/2026\/01\/oscar-iker-300x225.webp 300w, https:\/\/pre.vitruve.fit\/wp-content\/uploads\/2026\/01\/oscar-iker-768x576.webp 768w, https:\/\/pre.vitruve.fit\/wp-content\/uploads\/2026\/01\/oscar-iker-400x300.webp 400w, https:\/\/pre.vitruve.fit\/wp-content\/uploads\/2026\/01\/oscar-iker.webp 1080w\" sizes=\"auto, (max-width: 1024px) 100vw, 1024px\" \/>\t\t\t<\/div>\n\t\t<\/div>\n\t<\/div>\n<\/section>\n","protected":false},"excerpt":{"rendered":"<p>Nuestros valores<\/p>\n","protected":false},"author":3,"featured_media":0,"parent":0,"menu_order":0,"comment_status":"closed","ping_status":"closed","template":"","meta":{"_acf_changed":false,"yasr_overall_rating":0,"yasr_post_is_review":"","yasr_auto_insert_disabled":"","yasr_review_type":"","footnotes":""},"class_list":["post-22448","page","type-page","status-publish","hentry"],"acf":[],"yasr_visitor_votes":{"stars_attributes":{"read_only":false,"span_bottom":false},"number_of_votes":0,"sum_votes":0},"_links":{"self":[{"href":"https:\/\/pre.vitruve.fit\/es\/wp-json\/wp\/v2\/pages\/22448","targetHints":{"allow":["GET"]}}],"collection":[{"href":"https:\/\/pre.vitruve.fit\/es\/wp-json\/wp\/v2\/pages"}],"about":[{"href":"https:\/\/pre.vitruve.fit\/es\/wp-json\/wp\/v2\/types\/page"}],"author":[{"embeddable":true,"href":"https:\/\/pre.vitruve.fit\/es\/wp-json\/wp\/v2\/users\/3"}],"replies":[{"embeddable":true,"href":"https:\/\/pre.vitruve.fit\/es\/wp-json\/wp\/v2\/comments?post=22448"}],"version-history":[{"count":1,"href":"https:\/\/pre.vitruve.fit\/es\/wp-json\/wp\/v2\/pages\/22448\/revisions"}],"predecessor-version":[{"id":22450,"href":"https:\/\/pre.vitruve.fit\/es\/wp-json\/wp\/v2\/pages\/22448\/revisions\/22450"}],"wp:attachment":[{"href":"https:\/\/pre.vitruve.fit\/es\/wp-json\/wp\/v2\/media?parent=22448"}],"curies":[{"name":"wp","href":"https:\/\/api.w.org\/{rel}","templated":true}]}}