{"id":22474,"date":"2025-12-31T13:33:08","date_gmt":"2025-12-31T12:33:08","guid":{"rendered":"https:\/\/pre.vitruve.fit\/contacto\/"},"modified":"2026-03-03T19:34:13","modified_gmt":"2026-03-03T18:34:13","slug":"contacto","status":"publish","type":"page","link":"https:\/\/pre.vitruve.fit\/es\/contacto\/","title":{"rendered":"Contacto"},"content":{"rendered":"\n<section id=\"contact-cards-block_c3e1378776057d534a9f10c273e3ca09\" class=\"vitruve-contact-cards\">\n\t<div class=\"vitruve-contact-cards__container\">\n\t\t\n\t\t<!-- Header -->\n\t\t<div class=\"vitruve-contact-cards__header\">\n\t\t\t\t\t\t\t<h2 class=\"vitruve-contact-cards__title\"><span class=\"ez-toc-section\" id=\"%C2%BFComo_podemos_ayudar\"><\/span>\n\t\t\t\t\t\u00bfC\u00f3mo podemos <span class=\"gradient-text\">ayudar<\/span>?\t\t\t\t<span class=\"ez-toc-section-end\"><\/span><\/h2>\n\t\t\t\t\t\t\n\t\t\t\t\t\t\t<p class=\"vitruve-contact-cards__subtitle\">\n\t\t\t\t\tPonte en contacto con nuestros equipos de ventas y asistencia para demostraciones, asistencia, o preguntas sobre el producto.\t\t\t\t<\/p>\n\t\t\t\t\t<\/div>\n\n\t\t<!-- Grid de Tarjetas -->\n\t\t<div class=\"vitruve-contact-cards__grid\">\n\t\t\t\n\t\t\t<!-- Tarjeta Sales -->\n\t\t\t<div class=\"vitruve-contact-cards__card\">\n\t\t\t\t<div class=\"vitruve-contact-cards__card-icon\">\n\t\t\t\t\t\t\t\t\t\t\t<svg class=\"vitruve-contact-cards__card-icon-svg\" width=\"24\" height=\"24\" viewBox=\"0 0 24 24\" fill=\"none\" xmlns=\"http:\/\/www.w3.org\/2000\/svg\">\n\t<rect x=\"2\" y=\"4\" width=\"20\" height=\"16\" rx=\"2\" stroke=\"currentColor\" stroke-width=\"2\"\/>\n\t<path d=\"M2 7L12 13L22 7\" stroke=\"currentColor\" stroke-width=\"2\"\/>\n<\/svg>\t\t\t\t\t\t\t\t\t<\/div>\n\t\t\t\t\n\t\t\t\t<h3 class=\"vitruve-contact-cards__card-title\"><span class=\"ez-toc-section\" id=\"Ventas\"><\/span>\n\t\t\t\t\tVentas\t\t\t\t<span class=\"ez-toc-section-end\"><\/span><\/h3>\n\t\t\t\t\n\t\t\t\t\t\t\t\t\t<p class=\"vitruve-contact-cards__card-description\">\n\t\t\t\t\t\tHabla con nuestro equipo de ventas sobre planes, precios o solicita una demo.\t\t\t\t\t<\/p>\n\t\t\t\t\t\t\t\t\n\t\t\t\t<a href=\"\/es\/contacto\/habla-con-ventas\/\" class=\"vitruve-contact-cards__card-button\">\n\t\t\t\t\tHabla con ventas\t\t\t\t\t<svg class=\"vitruve-contact-cards__card-button-arrow\" width=\"16\" height=\"16\" viewBox=\"0 0 16 16\" fill=\"none\" xmlns=\"http:\/\/www.w3.org\/2000\/svg\">\n\t<path d=\"M3.33337 8H12.6667\" stroke=\"currentColor\" stroke-width=\"1.5\" stroke-linecap=\"round\" stroke-linejoin=\"round\"\/>\n\t<path d=\"M8.66663 4L12.6666 8L8.66663 12\" stroke=\"currentColor\" stroke-width=\"1.5\" stroke-linecap=\"round\" stroke-linejoin=\"round\"\/>\n<\/svg>\t\t\t\t<\/a>\n\t\t\t<\/div>\n\n\t\t\t<!-- Tarjeta Support -->\n\t\t\t<div class=\"vitruve-contact-cards__card\">\n\t\t\t\t<div class=\"vitruve-contact-cards__card-icon\">\n\t\t\t\t\t\t\t\t\t\t\t<svg class=\"vitruve-contact-cards__card-icon-svg\" width=\"24\" height=\"24\" viewBox=\"0 0 24 24\" fill=\"none\" xmlns=\"http:\/\/www.w3.org\/2000\/svg\">\n\t<path d=\"M21 11.5C21.0034 12.8199 20.6951 14.1219 20.1 15.3C19.3944 16.7118 18.3098 17.8992 16.9674 18.7293C15.6251 19.5594 14.0782 19.9994 12.5 20C11.1801 20.0035 9.87812 19.6951 8.7 19.1L3 21L4.9 15.3C4.30493 14.1219 3.99656 12.8199 4 11.5C4.00061 9.92179 4.44061 8.37488 5.27072 7.03258C6.10083 5.69028 7.28825 4.6056 8.7 3.90003C9.87812 3.30496 11.1801 2.99659 12.5 3.00003H13C15.0843 3.11502 17.053 3.99479 18.5291 5.47089C20.0052 6.94699 20.885 8.91568 21 11V11.5Z\" stroke=\"currentColor\" stroke-width=\"2\" stroke-linecap=\"round\" stroke-linejoin=\"round\"\/>\n<\/svg>\t\t\t\t\t\t\t\t\t<\/div>\n\t\t\t\t\n\t\t\t\t<h3 class=\"vitruve-contact-cards__card-title\"><span class=\"ez-toc-section\" id=\"Ayuda_y_soporte\"><\/span>\n\t\t\t\t\tAyuda y soporte\t\t\t\t<span class=\"ez-toc-section-end\"><\/span><\/h3>\n\t\t\t\t\n\t\t\t\t\t\t\t\t\t<p class=\"vitruve-contact-cards__card-description\">\n\t\t\t\t\t\tHaz preguntas sobre productos, informa de problemas o deja tu opini\u00f3n.\t\t\t\t\t<\/p>\n\t\t\t\t\t\t\t\t\n\t\t\t\t<a href=\"\/es\/contacto\/contactar-con-el-soporte-de-vitruve\/\" class=\"vitruve-contact-cards__card-button\">\n\t\t\t\t\tHablar con soporte\t\t\t\t\t<svg class=\"vitruve-contact-cards__card-button-arrow\" width=\"16\" height=\"16\" viewBox=\"0 0 16 16\" fill=\"none\" xmlns=\"http:\/\/www.w3.org\/2000\/svg\">\n\t<path d=\"M3.33337 8H12.6667\" stroke=\"currentColor\" stroke-width=\"1.5\" stroke-linecap=\"round\" stroke-linejoin=\"round\"\/>\n\t<path d=\"M8.66663 4L12.6666 8L8.66663 12\" stroke=\"currentColor\" stroke-width=\"1.5\" stroke-linecap=\"round\" stroke-linejoin=\"round\"\/>\n<\/svg>\t\t\t\t<\/a>\n\t\t\t<\/div>\n\n\t\t<\/div>\n\t\t\n\t<\/div>\n<\/section>\n\n\n\n\n<section id=\"info-links-grid-block_b391a0821eb499d7b34309ebf62135bf\" class=\"vitruve-info-links-grid vitruve-info-links-grid--cards-4\">\n\t<div class=\"vitruve-info-links-grid__container\">\n\t\t<div class=\"vitruve-info-links-grid__grid\">\n\t\t\t\n\t\t\t\t\t\t\t<div class=\"vitruve-info-links-grid__card\" style=\"--card-index: 0\">\n\t\t\t\t\t\n\t\t\t\t\t<h3 class=\"vitruve-info-links-grid__card-title\"><span class=\"ez-toc-section\" id=\"Programa_de_Afiliacion\"><\/span>\n\t\t\t\t\t\tPrograma de Afiliaci\u00f3n\t\t\t\t\t<span class=\"ez-toc-section-end\"><\/span><\/h3>\n\t\t\t\t\t\n\t\t\t\t\t\t\t\t\t\t\t<p class=\"vitruve-info-links-grid__card-description\">\n\t\t\t\t\t\t\tGana comisiones por cada venta que realices promocionando vitruve en tu blog o redes sociales.\t\t\t\t\t\t<\/p>\n\t\t\t\t\t\t\t\t\t\t\n\t\t\t\t\t\t\t\t\t\t\t<a href=\"\/es\/affiliate-program\" class=\"vitruve-info-links-grid__card-button\">\n\t\t\t\t\t\t\tRegistro de Afiliados <span class=\"vitruve-info-links-grid__button-arrow\">\u2192<\/span>\n\t\t\t\t\t\t<\/a>\n\t\t\t\t\t\t\t\t\t\t\n\t\t\t\t<\/div>\n\t\t\t\t\t\t\t<div class=\"vitruve-info-links-grid__card\" style=\"--card-index: 1\">\n\t\t\t\t\t\n\t\t\t\t\t<h3 class=\"vitruve-info-links-grid__card-title\"><span class=\"ez-toc-section\" id=\"Programa_de_Distribuidores\"><\/span>\n\t\t\t\t\t\tPrograma de Distribuidores\t\t\t\t\t<span class=\"ez-toc-section-end\"><\/span><\/h3>\n\t\t\t\t\t\n\t\t\t\t\t\t\t\t\t\t\t<p class=\"vitruve-info-links-grid__card-description\">\n\t\t\t\t\t\t\tConsigue precios y condiciones especiales para vender Vitruve al por mayor en tu regi\u00f3n.\t\t\t\t\t\t<\/p>\n\t\t\t\t\t\t\t\t\t\t\n\t\t\t\t\t\t\t\t\t\t\t<a href=\"\/es\/distributor-program\" class=\"vitruve-info-links-grid__card-button\">\n\t\t\t\t\t\t\tRegistro de distribuidores <span class=\"vitruve-info-links-grid__button-arrow\">\u2192<\/span>\n\t\t\t\t\t\t<\/a>\n\t\t\t\t\t\t\t\t\t\t\n\t\t\t\t<\/div>\n\t\t\t\t\t\t\t<div class=\"vitruve-info-links-grid__card\" style=\"--card-index: 2\">\n\t\t\t\t\t\n\t\t\t\t\t<h3 class=\"vitruve-info-links-grid__card-title\"><span class=\"ez-toc-section\" id=\"Empleo\"><\/span>\n\t\t\t\t\t\tEmpleo\t\t\t\t\t<span class=\"ez-toc-section-end\"><\/span><\/h3>\n\t\t\t\t\t\n\t\t\t\t\t\t\t\t\t\t\t<p class=\"vitruve-info-links-grid__card-description\">\n\t\t\t\t\t\t\t\u00bfQuieres trabajar en Vitruve? Consulta las \u00faltimas ofertas de empleo disponibles. \t\t\t\t\t\t<\/p>\n\t\t\t\t\t\t\t\t\t\t\n\t\t\t\t\t\t\t\t\t\t\t<a href=\"\/es\/careers\" class=\"vitruve-info-links-grid__card-button\">\n\t\t\t\t\t\t\tComprueba las vacantes <span class=\"vitruve-info-links-grid__button-arrow\">\u2192<\/span>\n\t\t\t\t\t\t<\/a>\n\t\t\t\t\t\t\t\t\t\t\n\t\t\t\t<\/div>\n\t\t\t\t\t\t\t<div class=\"vitruve-info-links-grid__card\" style=\"--card-index: 3\">\n\t\t\t\t\t\n\t\t\t\t\t<h3 class=\"vitruve-info-links-grid__card-title\"><span class=\"ez-toc-section\" id=\"Documentacion\"><\/span>\n\t\t\t\t\t\tDocumentaci\u00f3n\t\t\t\t\t<span class=\"ez-toc-section-end\"><\/span><\/h3>\n\t\t\t\t\t\n\t\t\t\t\t\t\t\t\t\t\t<p class=\"vitruve-info-links-grid__card-description\">\n\t\t\t\t\t\t\tObt\u00e9n una visi\u00f3n general de las funciones de Vitruve, las integraciones y c\u00f3mo utilizarlas\t\t\t\t\t\t<\/p>\n\t\t\t\t\t\t\t\t\t\t\n\t\t\t\t\t\t\t\t\t\t\t<a href=\"https:\/\/support.vitruve.fit\" class=\"vitruve-info-links-grid__card-button\" target=\"_blank\" rel=\"noopener\">\n\t\t\t\t\t\t\tVitruve Docs <span class=\"vitruve-info-links-grid__button-arrow\">\u2192<\/span>\n\t\t\t\t\t\t<\/a>\n\t\t\t\t\t\t\t\t\t\t\n\t\t\t\t<\/div>\n\t\t\t\n\t\t<\/div>\n\t<\/div>\n<\/section>\n\n","protected":false},"excerpt":{"rendered":"","protected":false},"author":3,"featured_media":0,"parent":0,"menu_order":0,"comment_status":"closed","ping_status":"closed","template":"","meta":{"_acf_changed":false,"yasr_overall_rating":0,"yasr_post_is_review":"","yasr_auto_insert_disabled":"","yasr_review_type":"","footnotes":""},"class_list":["post-22474","page","type-page","status-publish","hentry"],"acf":[],"yasr_visitor_votes":{"stars_attributes":{"read_only":false,"span_bottom":false},"number_of_votes":0,"sum_votes":0},"_links":{"self":[{"href":"https:\/\/pre.vitruve.fit\/es\/wp-json\/wp\/v2\/pages\/22474","targetHints":{"allow":["GET"]}}],"collection":[{"href":"https:\/\/pre.vitruve.fit\/es\/wp-json\/wp\/v2\/pages"}],"about":[{"href":"https:\/\/pre.vitruve.fit\/es\/wp-json\/wp\/v2\/types\/page"}],"author":[{"embeddable":true,"href":"https:\/\/pre.vitruve.fit\/es\/wp-json\/wp\/v2\/users\/3"}],"replies":[{"embeddable":true,"href":"https:\/\/pre.vitruve.fit\/es\/wp-json\/wp\/v2\/comments?post=22474"}],"version-history":[{"count":2,"href":"https:\/\/pre.vitruve.fit\/es\/wp-json\/wp\/v2\/pages\/22474\/revisions"}],"predecessor-version":[{"id":25609,"href":"https:\/\/pre.vitruve.fit\/es\/wp-json\/wp\/v2\/pages\/22474\/revisions\/25609"}],"wp:attachment":[{"href":"https:\/\/pre.vitruve.fit\/es\/wp-json\/wp\/v2\/media?parent=22474"}],"curies":[{"name":"wp","href":"https:\/\/api.w.org\/{rel}","templated":true}]}}