{"id":22476,"date":"2025-12-31T15:34:39","date_gmt":"2025-12-31T14:34:39","guid":{"rendered":"https:\/\/pre.vitruve.fit\/contacto\/contactar-con-el-soporte-de-vitruve\/"},"modified":"2026-03-04T09:06:25","modified_gmt":"2026-03-04T08:06:25","slug":"contactar-con-el-soporte-de-vitruve","status":"publish","type":"page","link":"https:\/\/pre.vitruve.fit\/es\/contacto\/contactar-con-el-soporte-de-vitruve\/","title":{"rendered":"Contactar con el soporte de Vitruve"},"content":{"rendered":"\n<div style=\"height:100px\" aria-hidden=\"true\" class=\"wp-block-spacer\"><\/div>\n<h1 style=\"color:#f8f8f8;\" class=\"has-text-align-center has-link-color wp-elements-9702429c85f421e73b9a9387ee2a166a wp-block-post-title has-text-color has-x-large-font-size\"><span class=\"ez-toc-section\" id=\"Contactar_con_el_soporte_de_Vitruve\"><\/span>Contactar con el soporte de Vitruve<span class=\"ez-toc-section-end\"><\/span><\/h1><p><script charset=\"utf-8\" type=\"text\/javascript\" src=\"\/\/js-eu1.hsforms.net\/forms\/embed\/v2.js\"><\/script><br \/>\n<script>\n  hbspt.forms.create({\n    portalId: \"25783169\",\n    formId: \"a9177587-fa52-41ce-95c3-03655eabf1a5\",\n    region: \"eu1\"\n  });\n<\/script><\/p>\n\n<section id=\"info-links-grid-block_5d8b02236361dd4c49a7a998806e5e14\" class=\"vitruve-info-links-grid vitruve-info-links-grid--cards-4\">\n\t<div class=\"vitruve-info-links-grid__container\">\n\t\t<div class=\"vitruve-info-links-grid__grid\">\n\t\t\t\n\t\t\t\t\t\t\t<div class=\"vitruve-info-links-grid__card\" style=\"--card-index: 0\">\n\t\t\t\t\t\n\t\t\t\t\t<h3 class=\"vitruve-info-links-grid__card-title\"><span class=\"ez-toc-section\" id=\"Programa_de_Afiliacion\"><\/span>\n\t\t\t\t\t\tPrograma de Afiliaci\u00f3n\t\t\t\t\t<span class=\"ez-toc-section-end\"><\/span><\/h3>\n\t\t\t\t\t\n\t\t\t\t\t\t\t\t\t\t\t<p class=\"vitruve-info-links-grid__card-description\">\n\t\t\t\t\t\t\tGana comisiones por cada venta que realices promocionando vitruve en tu blog o redes sociales.\t\t\t\t\t\t<\/p>\n\t\t\t\t\t\t\t\t\t\t\n\t\t\t\t\t\t\t\t\t\t\t<a href=\"\/es\/affiliate-program\" class=\"vitruve-info-links-grid__card-button\">\n\t\t\t\t\t\t\tRegistro de Afiliados <span class=\"vitruve-info-links-grid__button-arrow\">\u2192<\/span>\n\t\t\t\t\t\t<\/a>\n\t\t\t\t\t\t\t\t\t\t\n\t\t\t\t<\/div>\n\t\t\t\t\t\t\t<div class=\"vitruve-info-links-grid__card\" style=\"--card-index: 1\">\n\t\t\t\t\t\n\t\t\t\t\t<h3 class=\"vitruve-info-links-grid__card-title\"><span class=\"ez-toc-section\" id=\"Programa_de_Distribuidores\"><\/span>\n\t\t\t\t\t\tPrograma de Distribuidores\t\t\t\t\t<span class=\"ez-toc-section-end\"><\/span><\/h3>\n\t\t\t\t\t\n\t\t\t\t\t\t\t\t\t\t\t<p class=\"vitruve-info-links-grid__card-description\">\n\t\t\t\t\t\t\tConsigue precios y condiciones especiales para vender Vitruve al por mayor en tu regi\u00f3n.\t\t\t\t\t\t<\/p>\n\t\t\t\t\t\t\t\t\t\t\n\t\t\t\t\t\t\t\t\t\t\t<a href=\"\/es\/distributor-program\" class=\"vitruve-info-links-grid__card-button\">\n\t\t\t\t\t\t\tRegistro de distribuidores <span class=\"vitruve-info-links-grid__button-arrow\">\u2192<\/span>\n\t\t\t\t\t\t<\/a>\n\t\t\t\t\t\t\t\t\t\t\n\t\t\t\t<\/div>\n\t\t\t\t\t\t\t<div class=\"vitruve-info-links-grid__card\" style=\"--card-index: 2\">\n\t\t\t\t\t\n\t\t\t\t\t<h3 class=\"vitruve-info-links-grid__card-title\"><span class=\"ez-toc-section\" id=\"Empleo\"><\/span>\n\t\t\t\t\t\tEmpleo\t\t\t\t\t<span class=\"ez-toc-section-end\"><\/span><\/h3>\n\t\t\t\t\t\n\t\t\t\t\t\t\t\t\t\t\t<p class=\"vitruve-info-links-grid__card-description\">\n\t\t\t\t\t\t\t\u00bfQuieres trabajar en Vitruve? Consulta las \u00faltimas ofertas de empleo disponibles. \t\t\t\t\t\t<\/p>\n\t\t\t\t\t\t\t\t\t\t\n\t\t\t\t\t\t\t\t\t\t\t<a href=\"\/es\/careers\" class=\"vitruve-info-links-grid__card-button\">\n\t\t\t\t\t\t\tComprueba las vacantes <span class=\"vitruve-info-links-grid__button-arrow\">\u2192<\/span>\n\t\t\t\t\t\t<\/a>\n\t\t\t\t\t\t\t\t\t\t\n\t\t\t\t<\/div>\n\t\t\t\t\t\t\t<div class=\"vitruve-info-links-grid__card\" style=\"--card-index: 3\">\n\t\t\t\t\t\n\t\t\t\t\t<h3 class=\"vitruve-info-links-grid__card-title\"><span class=\"ez-toc-section\" id=\"Documentacion\"><\/span>\n\t\t\t\t\t\tDocumentaci\u00f3n\t\t\t\t\t<span class=\"ez-toc-section-end\"><\/span><\/h3>\n\t\t\t\t\t\n\t\t\t\t\t\t\t\t\t\t\t<p class=\"vitruve-info-links-grid__card-description\">\n\t\t\t\t\t\t\tObt\u00e9n una visi\u00f3n general de las funciones de Vitruve, las integraciones y c\u00f3mo utilizarlas\t\t\t\t\t\t<\/p>\n\t\t\t\t\t\t\t\t\t\t\n\t\t\t\t\t\t\t\t\t\t\t<a href=\"https:\/\/support.vitruve.fit\" class=\"vitruve-info-links-grid__card-button\" target=\"_blank\" rel=\"noopener\">\n\t\t\t\t\t\t\tVitruve Docs <span class=\"vitruve-info-links-grid__button-arrow\">\u2192<\/span>\n\t\t\t\t\t\t<\/a>\n\t\t\t\t\t\t\t\t\t\t\n\t\t\t\t<\/div>\n\t\t\t\n\t\t<\/div>\n\t<\/div>\n<\/section>\n\n\n<section id=\"cta-banner-block_5c761a5b0a61cc0f39a357ec8a250876\" class=\"vitruve-cta-banner\">\n\t\n\t\t\t<div class=\"vitruve-cta-banner__image-wrapper\">\n\t\t\t<img \n\t\t\t\tsrc=\"https:\/\/pre.vitruve.fit\/wp-content\/uploads\/2025\/12\/Copia-de-DSC04446_JRGEdit-scaled-e1764764989691.jpg\" \n\t\t\t\talt=\"\" \n\t\t\t\tclass=\"vitruve-cta-banner__image\"\n\t\t\t\tloading=\"lazy\"\n\t\t\t>\n\t\t<\/div>\n\t\n\t<div class=\"vitruve-cta-banner__overlay\" aria-hidden=\"true\"><\/div>\n\n\t<div class=\"vitruve-cta-banner__content\">\n\t\t<div class=\"vitruve-cta-banner__inner\">\n\t\t\t\n\t\t\t\t\t\t\t<h2 class=\"vitruve-cta-banner__title\"><span class=\"ez-toc-section\" id=\"Eleva_tu_entrenamiento_hoy_con_Vitruve\"><\/span>\n\t\t\t\t\t<span class=\"gradient-text--primary\">Eleva<\/span> tu entrenamiento <span class=\"gradient-text--primary\">hoy<\/span> con Vitruve\t\t\t\t<span class=\"ez-toc-section-end\"><\/span><\/h2>\n\t\t\t\n\t\t\t\t\t\t\t<div class=\"vitruve-cta-banner__actions\">\n\t\t\t\t\t\t\t\t\t\t\t<a href=\"\/es\/book-a-demo\/\" class=\"vitruve-cta-banner__cta vitruve-cta-banner__cta--secondary\">\n\t\t\t\t\t\t\tReservar una demo\t\t\t\t\t\t<\/a>\n\t\t\t\t\t\n\t\t\t\t\t\t\t\t\t\t\t<a href=\"https:\/\/shop.vitruve.fit\/es\" class=\"vitruve-cta-banner__cta vitruve-cta-banner__cta--primary\" target=\"_blank\" rel=\"noopener\">\n\t\t\t\t\t\t\tComenzar\t\t\t\t\t\t<\/a>\n\t\t\t\t\t\t\t\t\t<\/div>\n\t\t\t\n\t\t<\/div>\n\t<\/div>\n\n<\/section>\n\n\n\n\n\n\n\n\n\n\n\n\n\n\n\n\n\n","protected":false},"excerpt":{"rendered":"","protected":false},"author":3,"featured_media":0,"parent":22474,"menu_order":0,"comment_status":"closed","ping_status":"closed","template":"","meta":{"_acf_changed":false,"yasr_overall_rating":0,"yasr_post_is_review":"","yasr_auto_insert_disabled":"","yasr_review_type":"","footnotes":""},"class_list":["post-22476","page","type-page","status-publish","hentry"],"acf":[],"yasr_visitor_votes":{"stars_attributes":{"read_only":false,"span_bottom":false},"number_of_votes":0,"sum_votes":0},"_links":{"self":[{"href":"https:\/\/pre.vitruve.fit\/es\/wp-json\/wp\/v2\/pages\/22476","targetHints":{"allow":["GET"]}}],"collection":[{"href":"https:\/\/pre.vitruve.fit\/es\/wp-json\/wp\/v2\/pages"}],"about":[{"href":"https:\/\/pre.vitruve.fit\/es\/wp-json\/wp\/v2\/types\/page"}],"author":[{"embeddable":true,"href":"https:\/\/pre.vitruve.fit\/es\/wp-json\/wp\/v2\/users\/3"}],"replies":[{"embeddable":true,"href":"https:\/\/pre.vitruve.fit\/es\/wp-json\/wp\/v2\/comments?post=22476"}],"version-history":[{"count":6,"href":"https:\/\/pre.vitruve.fit\/es\/wp-json\/wp\/v2\/pages\/22476\/revisions"}],"predecessor-version":[{"id":25618,"href":"https:\/\/pre.vitruve.fit\/es\/wp-json\/wp\/v2\/pages\/22476\/revisions\/25618"}],"up":[{"embeddable":true,"href":"https:\/\/pre.vitruve.fit\/es\/wp-json\/wp\/v2\/pages\/22474"}],"wp:attachment":[{"href":"https:\/\/pre.vitruve.fit\/es\/wp-json\/wp\/v2\/media?parent=22476"}],"curies":[{"name":"wp","href":"https:\/\/api.w.org\/{rel}","templated":true}]}}