{"id":22478,"date":"2025-12-31T15:34:00","date_gmt":"2025-12-31T14:34:00","guid":{"rendered":"https:\/\/pre.vitruve.fit\/contacto\/habla-con-ventas\/"},"modified":"2026-03-03T19:36:46","modified_gmt":"2026-03-03T18:36:46","slug":"habla-con-ventas","status":"publish","type":"page","link":"https:\/\/pre.vitruve.fit\/es\/contacto\/habla-con-ventas\/","title":{"rendered":"Habla con ventas"},"content":{"rendered":"\n<div class=\"wp-block-columns is-layout-flex wp-container-core-columns-is-layout-9d6595d7 wp-block-columns-is-layout-flex\">\n<div class=\"wp-block-column is-layout-flow wp-block-column-is-layout-flow\">\n<div style=\"height:83px\" aria-hidden=\"true\" class=\"wp-block-spacer\"><\/div>\n\n\n\n<h1 class=\"wp-block-heading has-text-color has-link-color has-x-large-font-size wp-elements-b7d46e211bcead4c54e0831d30a63ab4\" style=\"color:#f8f8f8\"><span class=\"ez-toc-section\" id=\"Seguimiento_del_rendimiento_de_elite_a_escala_%E2%80%93_Un_sistema_de_rendimiento_completo\"><\/span>Seguimiento del rendimiento de \u00e9lite a escala &#8211; Un sistema de rendimiento completo<span class=\"ez-toc-section-end\"><\/span><\/h1>\n\n\n\n<p class=\"has-text-color has-link-color has-medium-font-size wp-elements-7acea1394ddf1bd2aaf4982055c5a30f\" style=\"color:#f8f8f8\">Vitruve ayuda a las organizaciones de alto rendimiento a tomar sus decisiones m\u00e1s importantes en la sala de pesas de forma fiable y a escala, desde la preparaci\u00f3n diaria hasta las prescripciones de carga individualizadas para atletas y equipos.<\/p>\n<\/div>\n\n\n\n<div class=\"wp-block-column is-layout-flow wp-block-column-is-layout-flow\"><p><script charset=\"utf-8\" type=\"text\/javascript\" src=\"\/\/js-eu1.hsforms.net\/forms\/embed\/v2.js\"><\/script><br \/>\n<script>\n  hbspt.forms.create({\n    portalId: \"25783169\",\n    formId: \"c03b3fe2-61b2-4d78-8c8b-59c262069e6b\",\n    region: \"eu1\"\n  });\n<\/script><\/p>\n<\/div>\n<\/div>\n\n<!-- 4. HTML DEL BLOQUE -->\n<section id=\"three-cards-showcase-block_4c9637dfcce7a507faf001823724f248\" class=\"vitruve-three-cards-showcase\">\n\t<div class=\"vitruve-three-cards-showcase__container\">\n\t\t\n\t\t\t\t\t<!-- Header con t\u00edtulo y subt\u00edtulo -->\n\t\t\t<div class=\"vitruve-three-cards-showcase__header\">\n\t\t\t\t\n\t\t\t\t\t\t\t\t\t<h2 class=\"vitruve-three-cards-showcase__title\"><span class=\"ez-toc-section\" id=\"Por_que_los_equipos_de_alto_rendimiento_eligen_Vitruve\"><\/span>\n\t\t\t\t\t\tPor qu\u00e9 los equipos de alto rendimiento eligen Vitruve\t\t\t\t\t<span class=\"ez-toc-section-end\"><\/span><\/h2>\n\t\t\t\t\t\t\t\t\n\t\t\t\t\t\t\t\t\n\t\t\t<\/div>\n\t\t\t\t\n\t\t<!-- Grid de Cards -->\n\t\t<div class=\"vitruve-three-cards-showcase__grid\">\n\t\t\t\n\t\t\t\t\t<div class=\"vitruve-three-cards-showcase__card\">\n\t\t\t\t\n\t\t\t\t<!-- Imagen de fondo -->\n\t\t\t\t<div \n\t\t\t\t\tclass=\"vitruve-three-cards-showcase__card-image\"\n\t\t\t\t\tstyle=\"background-image: url('https:\/\/pre.vitruve.fit\/wp-content\/uploads\/2026\/01\/More-time-coaching.webp');\"\n\t\t\t\t\trole=\"img\"\n\t\t\t\t\taria-label=\"Menos gesti\u00f3n de datos, m\u00e1s entrenamiento. Captura cada serie con precisi\u00f3n, asegura la intenci\u00f3n de tus atletas y domina la sala de pesas. \"\n\t\t\t\t><\/div>\n\t\t\t\t\n\t\t\t\t<!-- Contenido: Badge y T\u00edtulo (fuera de la imagen) -->\n\t\t\t\t<div class=\"vitruve-three-cards-showcase__content\">\n\t\t\t\t\t\n\t\t\t\t<!-- Badge encima del t\u00edtulo -->\n\t\t\t\t\t\t\t\t\t\t\t\t\t\t\t<!-- Badge tipo Chip (pastilla con color) -->\n\t\t\t\t\t\t<div class=\"vitruve-badge vitruve-badge--purple vitruve-three-cards-showcase__badge\">\n\t\t\t\t\t\t\tEntrena m\u00e1s eficiente\t\t\t\t\t\t<\/div>\n\t\t\t\t\t\t\t\t\t\t\t\t\t\t\n\t\t\t\t\t<!-- T\u00edtulo -->\n\t\t\t\t\t\t\t\t\t\t\t<h3 class=\"vitruve-three-cards-showcase__card-title\"><span class=\"ez-toc-section\" id=\"Menos_gestion_de_datos_mas_entrenamiento_Captura_cada_serie_con_precision_asegura_la_intencion_de_tus_atletas_y_domina_la_sala_de_pesas\"><\/span>\n\t\t\t\t\t\t\tMenos gesti\u00f3n de datos, m\u00e1s entrenamiento. Captura cada serie con precisi\u00f3n, asegura la intenci\u00f3n de tus atletas y domina la sala de pesas. \t\t\t\t\t\t<span class=\"ez-toc-section-end\"><\/span><\/h3>\n\t\t\t\t\t\t\t\t\t\t\n\t\t\t\t<\/div>\n\t\t\t\t\n\t\t\t<\/div>\n\t\t\t\t\t<div class=\"vitruve-three-cards-showcase__card\">\n\t\t\t\t\n\t\t\t\t<!-- Imagen de fondo -->\n\t\t\t\t<div \n\t\t\t\t\tclass=\"vitruve-three-cards-showcase__card-image\"\n\t\t\t\t\tstyle=\"background-image: url('https:\/\/pre.vitruve.fit\/wp-content\/uploads\/2026\/01\/Maximize-training.webp');\"\n\t\t\t\t\trole=\"img\"\n\t\t\t\t\taria-label=\"Utiliza la informaci\u00f3n objetiva para individualizar las cargas, controlar la fatiga y mantener a los atletas progresando bloque tras bloque.\"\n\t\t\t\t><\/div>\n\t\t\t\t\n\t\t\t\t<!-- Contenido: Badge y T\u00edtulo (fuera de la imagen) -->\n\t\t\t\t<div class=\"vitruve-three-cards-showcase__content\">\n\t\t\t\t\t\n\t\t\t\t<!-- Badge encima del t\u00edtulo -->\n\t\t\t\t\t\t\t\t\t\t\t\t\t\t\t<!-- Badge tipo Chip (pastilla con color) -->\n\t\t\t\t\t\t<div class=\"vitruve-badge vitruve-badge--purple vitruve-three-cards-showcase__badge\">\n\t\t\t\t\t\t\tMaximiza el impacto del entrenamiento\t\t\t\t\t\t<\/div>\n\t\t\t\t\t\t\t\t\t\t\t\t\t\t\n\t\t\t\t\t<!-- T\u00edtulo -->\n\t\t\t\t\t\t\t\t\t\t\t<h3 class=\"vitruve-three-cards-showcase__card-title\"><span class=\"ez-toc-section\" id=\"Utiliza_la_informacion_objetiva_para_individualizar_las_cargas_controlar_la_fatiga_y_mantener_a_los_atletas_progresando_bloque_tras_bloque\"><\/span>\n\t\t\t\t\t\t\tUtiliza la informaci\u00f3n objetiva para individualizar las cargas, controlar la fatiga y mantener a los atletas progresando bloque tras bloque.\t\t\t\t\t\t<span class=\"ez-toc-section-end\"><\/span><\/h3>\n\t\t\t\t\t\t\t\t\t\t\n\t\t\t\t<\/div>\n\t\t\t\t\n\t\t\t<\/div>\n\t\t\t\t\t<div class=\"vitruve-three-cards-showcase__card\">\n\t\t\t\t\n\t\t\t\t<!-- Imagen de fondo -->\n\t\t\t\t<div \n\t\t\t\t\tclass=\"vitruve-three-cards-showcase__card-image\"\n\t\t\t\t\tstyle=\"background-image: url('https:\/\/pre.vitruve.fit\/wp-content\/uploads\/2026\/01\/Scale-across-teams.webp');\"\n\t\t\t\t\trole=\"img\"\n\t\t\t\t\taria-label=\"Tanto si se trata de un centro como de varios, Vitruve admite flujos de trabajo coherentes e informes claros para alinear al personal.\"\n\t\t\t\t><\/div>\n\t\t\t\t\n\t\t\t\t<!-- Contenido: Badge y T\u00edtulo (fuera de la imagen) -->\n\t\t\t\t<div class=\"vitruve-three-cards-showcase__content\">\n\t\t\t\t\t\n\t\t\t\t<!-- Badge encima del t\u00edtulo -->\n\t\t\t\t\t\t\t\t\t\t\t\t\t\t\t<!-- Badge tipo Chip (pastilla con color) -->\n\t\t\t\t\t\t<div class=\"vitruve-badge vitruve-badge--purple vitruve-three-cards-showcase__badge\">\n\t\t\t\t\t\t\tEscala tus equipos\t\t\t\t\t\t<\/div>\n\t\t\t\t\t\t\t\t\t\t\t\t\t\t\n\t\t\t\t\t<!-- T\u00edtulo -->\n\t\t\t\t\t\t\t\t\t\t\t<h3 class=\"vitruve-three-cards-showcase__card-title\"><span class=\"ez-toc-section\" id=\"Tanto_si_se_trata_de_un_centro_como_de_varios_Vitruve_admite_flujos_de_trabajo_coherentes_e_informes_claros_para_alinear_al_personal\"><\/span>\n\t\t\t\t\t\t\tTanto si se trata de un centro como de varios, Vitruve admite flujos de trabajo coherentes e informes claros para alinear al personal.\t\t\t\t\t\t<span class=\"ez-toc-section-end\"><\/span><\/h3>\n\t\t\t\t\t\t\t\t\t\t\n\t\t\t\t<\/div>\n\t\t\t\t\n\t\t\t<\/div>\n\t\t\t\t\t\n\t\t<\/div>\n\t\t\n\t<\/div>\n<\/section>\n\n\n<section \n\tid=\"static-logos-block_e8d1870b1118f855dadbbfe814009bc9\" \n\tclass=\"vitruve-static-logos\"\n>\n\t<div class=\"vitruve-static-logos__container\">\n\t\t\n\t\t\t\t\t<h2 class=\"vitruve-static-logos__title\"><span class=\"ez-toc-section\" id=\"Impulsando_a_los_mejores_equipos_del_mundo\"><\/span>\n\t\t\t\tImpulsando a los mejores equipos del mundo  \t\t\t<span class=\"ez-toc-section-end\"><\/span><\/h2>\n\t\t\t\t\n\t\t\t\t\n\t\t<div class=\"vitruve-static-logos__grid\">\n\t\t\t\t\t\t\t\t\t\t\t\t<div class=\"vitruve-static-logos__item\">\n\t\t\t\t\t\t<img loading=\"lazy\" decoding=\"async\" width=\"300\" height=\"169\" src=\"https:\/\/pre.vitruve.fit\/wp-content\/uploads\/2025\/12\/16-9_MLB-300x169.webp\" class=\"vitruve-static-logos__image\" alt=\"\" srcset=\"https:\/\/pre.vitruve.fit\/wp-content\/uploads\/2025\/12\/16-9_MLB-300x169.webp 300w, https:\/\/pre.vitruve.fit\/wp-content\/uploads\/2025\/12\/16-9_MLB.webp 720w\" sizes=\"auto, (max-width: 300px) 100vw, 300px\" \/>\t\t\t\t\t<\/div>\n\t\t\t\t\t\t\t\t\t\t\t\t\t\t\t\t<div class=\"vitruve-static-logos__item\">\n\t\t\t\t\t\t<img loading=\"lazy\" decoding=\"async\" width=\"300\" height=\"169\" src=\"https:\/\/pre.vitruve.fit\/wp-content\/uploads\/2025\/12\/16-9_NHL_logo-300x169.webp\" class=\"vitruve-static-logos__image\" alt=\"\" srcset=\"https:\/\/pre.vitruve.fit\/wp-content\/uploads\/2025\/12\/16-9_NHL_logo-300x169.webp 300w, https:\/\/pre.vitruve.fit\/wp-content\/uploads\/2025\/12\/16-9_NHL_logo.webp 720w\" sizes=\"auto, (max-width: 300px) 100vw, 300px\" \/>\t\t\t\t\t<\/div>\n\t\t\t\t\t\t\t\t\t\t\t\t\t\t\t\t<div class=\"vitruve-static-logos__item\">\n\t\t\t\t\t\t<img loading=\"lazy\" decoding=\"async\" width=\"300\" height=\"169\" src=\"https:\/\/pre.vitruve.fit\/wp-content\/uploads\/2025\/12\/l16-9_logo-NFL-300x169.webp\" class=\"vitruve-static-logos__image\" alt=\"\" srcset=\"https:\/\/pre.vitruve.fit\/wp-content\/uploads\/2025\/12\/l16-9_logo-NFL-300x169.webp 300w, https:\/\/pre.vitruve.fit\/wp-content\/uploads\/2025\/12\/l16-9_logo-NFL.webp 720w\" sizes=\"auto, (max-width: 300px) 100vw, 300px\" \/>\t\t\t\t\t<\/div>\n\t\t\t\t\t\t\t\t\t\t\t\t\t\t\t\t<div class=\"vitruve-static-logos__item\">\n\t\t\t\t\t\t<img loading=\"lazy\" decoding=\"async\" width=\"300\" height=\"169\" src=\"https:\/\/pre.vitruve.fit\/wp-content\/uploads\/2025\/12\/nba-logo-300x169.png\" class=\"vitruve-static-logos__image\" alt=\"\" srcset=\"https:\/\/pre.vitruve.fit\/wp-content\/uploads\/2025\/12\/nba-logo-300x169.png 300w, https:\/\/pre.vitruve.fit\/wp-content\/uploads\/2025\/12\/nba-logo-1024x576.png 1024w, https:\/\/pre.vitruve.fit\/wp-content\/uploads\/2025\/12\/nba-logo-768x432.png 768w, https:\/\/pre.vitruve.fit\/wp-content\/uploads\/2025\/12\/nba-logo.png 1200w\" sizes=\"auto, (max-width: 300px) 100vw, 300px\" \/>\t\t\t\t\t<\/div>\n\t\t\t\t\t\t\t\t\t\t\t\t\t\t\t\t<div class=\"vitruve-static-logos__item\">\n\t\t\t\t\t\t<img loading=\"lazy\" decoding=\"async\" width=\"300\" height=\"169\" src=\"https:\/\/pre.vitruve.fit\/wp-content\/uploads\/2025\/12\/16-9_laLiga_logo-300x169.webp\" class=\"vitruve-static-logos__image\" alt=\"\" srcset=\"https:\/\/pre.vitruve.fit\/wp-content\/uploads\/2025\/12\/16-9_laLiga_logo-300x169.webp 300w, https:\/\/pre.vitruve.fit\/wp-content\/uploads\/2025\/12\/16-9_laLiga_logo.webp 720w\" sizes=\"auto, (max-width: 300px) 100vw, 300px\" \/>\t\t\t\t\t<\/div>\n\t\t\t\t\t\t\t\t\t\t\t\t\t\t\t\t<div class=\"vitruve-static-logos__item\">\n\t\t\t\t\t\t<img loading=\"lazy\" decoding=\"async\" width=\"300\" height=\"169\" src=\"https:\/\/pre.vitruve.fit\/wp-content\/uploads\/2025\/12\/16-9_premiere_logo-300x169.webp\" class=\"vitruve-static-logos__image\" alt=\"\" srcset=\"https:\/\/pre.vitruve.fit\/wp-content\/uploads\/2025\/12\/16-9_premiere_logo-300x169.webp 300w, https:\/\/pre.vitruve.fit\/wp-content\/uploads\/2025\/12\/16-9_premiere_logo.webp 720w\" sizes=\"auto, (max-width: 300px) 100vw, 300px\" \/>\t\t\t\t\t<\/div>\n\t\t\t\t\t\t\t\t\t\t\t\t\t\t\t\t<div class=\"vitruve-static-logos__item\">\n\t\t\t\t\t\t<img loading=\"lazy\" decoding=\"async\" width=\"300\" height=\"169\" src=\"https:\/\/pre.vitruve.fit\/wp-content\/uploads\/2025\/12\/16-9_atp-logo-300x169.webp\" class=\"vitruve-static-logos__image\" alt=\"\" srcset=\"https:\/\/pre.vitruve.fit\/wp-content\/uploads\/2025\/12\/16-9_atp-logo-300x169.webp 300w, https:\/\/pre.vitruve.fit\/wp-content\/uploads\/2025\/12\/16-9_atp-logo.webp 720w\" sizes=\"auto, (max-width: 300px) 100vw, 300px\" \/>\t\t\t\t\t<\/div>\n\t\t\t\t\t\t\t\t\t\t\t\t\t\t\t\t<div class=\"vitruve-static-logos__item\">\n\t\t\t\t\t\t<img loading=\"lazy\" decoding=\"async\" width=\"300\" height=\"169\" src=\"https:\/\/pre.vitruve.fit\/wp-content\/uploads\/2025\/12\/16-9-F1-logo-1-300x169.webp\" class=\"vitruve-static-logos__image\" alt=\"\" srcset=\"https:\/\/pre.vitruve.fit\/wp-content\/uploads\/2025\/12\/16-9-F1-logo-1-300x169.webp 300w, https:\/\/pre.vitruve.fit\/wp-content\/uploads\/2025\/12\/16-9-F1-logo-1-1024x576.webp 1024w, https:\/\/pre.vitruve.fit\/wp-content\/uploads\/2025\/12\/16-9-F1-logo-1-768x432.webp 768w, https:\/\/pre.vitruve.fit\/wp-content\/uploads\/2025\/12\/16-9-F1-logo-1-1536x864.webp 1536w, https:\/\/pre.vitruve.fit\/wp-content\/uploads\/2025\/12\/16-9-F1-logo-1-2048x1151.webp 2048w, https:\/\/pre.vitruve.fit\/wp-content\/uploads\/2025\/12\/16-9-F1-logo-1-1920x1080.webp 1920w\" sizes=\"auto, (max-width: 300px) 100vw, 300px\" \/>\t\t\t\t\t<\/div>\n\t\t\t\t\t\t\t\t\t<\/div>\n\t\t\n\t<\/div>\n<\/section>\n\n","protected":false},"excerpt":{"rendered":"<p>Seguimiento del rendimiento de \u00e9lite a escala &#8211; Un sistema de rendimiento completo Vitruve ayuda a las organizaciones de alto rendimiento a tomar sus decisiones m\u00e1s importantes en la sala de pesas de forma fiable y a escala, desde la preparaci\u00f3n diaria hasta las prescripciones de carga individualizadas para atletas y equipos.<\/p>\n","protected":false},"author":3,"featured_media":0,"parent":22474,"menu_order":0,"comment_status":"closed","ping_status":"closed","template":"","meta":{"_acf_changed":false,"yasr_overall_rating":0,"yasr_post_is_review":"","yasr_auto_insert_disabled":"","yasr_review_type":"","footnotes":""},"class_list":["post-22478","page","type-page","status-publish","hentry"],"acf":[],"yasr_visitor_votes":{"stars_attributes":{"read_only":false,"span_bottom":false},"number_of_votes":0,"sum_votes":0},"_links":{"self":[{"href":"https:\/\/pre.vitruve.fit\/es\/wp-json\/wp\/v2\/pages\/22478","targetHints":{"allow":["GET"]}}],"collection":[{"href":"https:\/\/pre.vitruve.fit\/es\/wp-json\/wp\/v2\/pages"}],"about":[{"href":"https:\/\/pre.vitruve.fit\/es\/wp-json\/wp\/v2\/types\/page"}],"author":[{"embeddable":true,"href":"https:\/\/pre.vitruve.fit\/es\/wp-json\/wp\/v2\/users\/3"}],"replies":[{"embeddable":true,"href":"https:\/\/pre.vitruve.fit\/es\/wp-json\/wp\/v2\/comments?post=22478"}],"version-history":[{"count":1,"href":"https:\/\/pre.vitruve.fit\/es\/wp-json\/wp\/v2\/pages\/22478\/revisions"}],"predecessor-version":[{"id":22482,"href":"https:\/\/pre.vitruve.fit\/es\/wp-json\/wp\/v2\/pages\/22478\/revisions\/22482"}],"up":[{"embeddable":true,"href":"https:\/\/pre.vitruve.fit\/es\/wp-json\/wp\/v2\/pages\/22474"}],"wp:attachment":[{"href":"https:\/\/pre.vitruve.fit\/es\/wp-json\/wp\/v2\/media?parent=22478"}],"curies":[{"name":"wp","href":"https:\/\/api.w.org\/{rel}","templated":true}]}}