{"id":22496,"date":"2025-12-31T13:31:30","date_gmt":"2025-12-31T12:31:30","guid":{"rendered":"https:\/\/pre.vitruve.fit\/programa-de-distribuidores\/"},"modified":"2026-03-03T19:28:29","modified_gmt":"2026-03-03T18:28:29","slug":"programa-de-distribuidores","status":"publish","type":"page","link":"https:\/\/pre.vitruve.fit\/es\/programa-de-distribuidores\/","title":{"rendered":"Programa de Distribuidores"},"content":{"rendered":"\n<div class=\"wp-block-columns is-layout-flex wp-container-core-columns-is-layout-9d6595d7 wp-block-columns-is-layout-flex\">\n<div class=\"wp-block-column is-vertically-aligned-stretch is-layout-flow wp-block-column-is-layout-flow\">\n<section id=\"image-coach-block_60e32a2c2b4c91ec18bfaf562f43de41\" class=\"vitruve-image-coach\">\n\t\n\t\n\t<div class=\"vitruve-image-coach__content\">\n\t\t<div class=\"vitruve-image-coach__inner\">\n\t\t\t\n\t\t\t\t\t<h2 class=\"vitruve-image-coach__title\"><span class=\"ez-toc-section\" id=\"Hazte_Distribuidor_de_Vitruve\"><\/span>\n\t\t\t\tHazte <span class=\"gradient-text\">Distribuidor<\/span> de Vitruve\t\t\t<span class=\"ez-toc-section-end\"><\/span><\/h2>\n\t\t\n\t\t\t\t\t\t\t<p class=\"vitruve-image-coach__description\">\n\t\t\t\t\tDistribuye tecnolog\u00eda para el rendimiento en la que conf\u00edan los equipos de \u00e9lite de todo el mundo.\t\t\t\t<\/p>\n\t\t\t\n\t\t\t\n\t\t<\/div>\n\t<\/div>\n\n<\/section>\n\n<\/div>\n\n\n\n<div class=\"wp-block-column is-layout-flow wp-block-column-is-layout-flow\"><p><script charset=\"utf-8\" type=\"text\/javascript\" src=\"\/\/js-eu1.hsforms.net\/forms\/embed\/v2.js\"><\/script><br \/>\n<script>\n  hbspt.forms.create({\n    portalId: \"25783169\",\n    formId: \"953e2226-c7ce-4f55-a5cd-de51a4c52179\",\n    region: \"eu1\"\n  });\n<\/script><\/p>\n<\/div>\n<\/div>\n\n<!-- 4. HTML DEL BLOQUE -->\n<section id=\"product-images-tabs-block_48f52831f3c1de304ca89c0993dab4f1\" class=\"vitruve-product-images-tabs\">\n\t<div class=\"vitruve-product-images-tabs__container\">\n\t\t\n\t\t\t\t\t<h2 class=\"vitruve-product-images-tabs__main-title\"><span class=\"ez-toc-section\" id=\"%C2%BFPor_que_distribuir_Vitruve\"><\/span>\n\t\t\t\t\u00bfPor qu\u00e9 distribuir Vitruve?\t\t\t<span class=\"ez-toc-section-end\"><\/span><\/h2>\n\t\t\t\t\n\t\t<!-- Columna Izquierda: Tabs -->\n\t\t<div class=\"vitruve-product-images-tabs__tabs\" role=\"tablist\">\n\t\t\t\n\t\t\t\t\t\t\t\t\t\t\t\t<button \n\t\t\t\t\t\tclass=\"vitruve-product-images-tabs__tab vitruve-product-images-tabs__tab--active\"\n\t\t\t\t\t\tdata-tab-index=\"0\"\n\t\t\t\t\t\tdata-image-url=\"https:\/\/pre.vitruve.fit\/wp-content\/uploads\/2025\/12\/Join-the-program.png\"\n\t\t\t\t\t\tdata-image-alt=\"Producto probado\"\n\t\t\t\t\t\tdata-duration=\"4\"\n\t\t\t\t\t\trole=\"tab\"\n\t\t\t\t\t\taria-selected=\"true\"\n\t\t\t\t\t\taria-controls=\"image-panel\"\n\t\t\t\t\t>\n\t\t\t\t\t\t<div class=\"vitruve-product-images-tabs__tab-content\">\n\t\t\t\t\t\t\t<h3 class=\"vitruve-product-images-tabs__tab-title\"><span class=\"ez-toc-section\" id=\"Producto_probado\"><\/span>\n\t\t\t\t\t\t\t\tProducto probado\t\t\t\t\t\t\t<span class=\"ez-toc-section-end\"><\/span><\/h3>\n\t\t\t\t\t\t\t\t\t\t\t\t\t\t\t<p class=\"vitruve-product-images-tabs__tab-subtitle\">\n\t\t\t\t\t\t\t\t\tVitruve es utilizado por equipos de \u00e9lite, universidades e instalaciones privadas de m\u00faltiples deportes.\t\t\t\t\t\t\t\t<\/p>\n\t\t\t\t\t\t\t\t\t\t\t\t\t<\/div>\n\t\t\t\t\t\t<div class=\"vitruve-product-images-tabs__progress-bar\">\n\t\t\t\t\t\t\t<div class=\"vitruve-product-images-tabs__progress-fill\"><\/div>\n\t\t\t\t\t\t<\/div>\n\t\t\t\t\t<\/button>\n\t\t\t\t\t\t\t\t\t\t\t\t\t\t\t\t<button \n\t\t\t\t\t\tclass=\"vitruve-product-images-tabs__tab \"\n\t\t\t\t\t\tdata-tab-index=\"1\"\n\t\t\t\t\t\tdata-image-url=\"https:\/\/pre.vitruve.fit\/wp-content\/uploads\/2025\/12\/a7ea3ab3-4560-4f62-8f3a-9869a068f1e2.webp\"\n\t\t\t\t\t\tdata-image-alt=\"Ingresos por hardware + software\"\n\t\t\t\t\t\tdata-duration=\"4\"\n\t\t\t\t\t\trole=\"tab\"\n\t\t\t\t\t\taria-selected=\"false\"\n\t\t\t\t\t\taria-controls=\"image-panel\"\n\t\t\t\t\t>\n\t\t\t\t\t\t<div class=\"vitruve-product-images-tabs__tab-content\">\n\t\t\t\t\t\t\t<h3 class=\"vitruve-product-images-tabs__tab-title\"><span class=\"ez-toc-section\" id=\"Ingresos_por_hardware_software\"><\/span>\n\t\t\t\t\t\t\t\tIngresos por hardware + software\t\t\t\t\t\t\t<span class=\"ez-toc-section-end\"><\/span><\/h3>\n\t\t\t\t\t\t\t\t\t\t\t\t\t\t\t<p class=\"vitruve-product-images-tabs__tab-subtitle\">\n\t\t\t\t\t\t\t\t\tVende hardware de alto margen con suscripciones recurrentes de software.\t\t\t\t\t\t\t\t<\/p>\n\t\t\t\t\t\t\t\t\t\t\t\t\t<\/div>\n\t\t\t\t\t\t<div class=\"vitruve-product-images-tabs__progress-bar\">\n\t\t\t\t\t\t\t<div class=\"vitruve-product-images-tabs__progress-fill\"><\/div>\n\t\t\t\t\t\t<\/div>\n\t\t\t\t\t<\/button>\n\t\t\t\t\t\t\t\t\t\t\t\t\t\t\t\t<button \n\t\t\t\t\t\tclass=\"vitruve-product-images-tabs__tab \"\n\t\t\t\t\t\tdata-tab-index=\"2\"\n\t\t\t\t\t\tdata-image-url=\"https:\/\/pre.vitruve.fit\/wp-content\/uploads\/2025\/12\/Fast-Growing-Category-1.webp\"\n\t\t\t\t\t\tdata-image-alt=\"Categor\u00eda de r\u00e1pido crecimiento\"\n\t\t\t\t\t\tdata-duration=\"4\"\n\t\t\t\t\t\trole=\"tab\"\n\t\t\t\t\t\taria-selected=\"false\"\n\t\t\t\t\t\taria-controls=\"image-panel\"\n\t\t\t\t\t>\n\t\t\t\t\t\t<div class=\"vitruve-product-images-tabs__tab-content\">\n\t\t\t\t\t\t\t<h3 class=\"vitruve-product-images-tabs__tab-title\"><span class=\"ez-toc-section\" id=\"Categoria_de_rapido_crecimiento\"><\/span>\n\t\t\t\t\t\t\t\tCategor\u00eda de r\u00e1pido crecimiento\t\t\t\t\t\t\t<span class=\"ez-toc-section-end\"><\/span><\/h3>\n\t\t\t\t\t\t\t\t\t\t\t\t\t\t\t<p class=\"vitruve-product-images-tabs__tab-subtitle\">\n\t\t\t\t\t\t\t\t\tLa tecnolog\u00eda para el rendimiento y el coaching basado en datos ya no son opcionales, son la norma.\t\t\t\t\t\t\t\t<\/p>\n\t\t\t\t\t\t\t\t\t\t\t\t\t<\/div>\n\t\t\t\t\t\t<div class=\"vitruve-product-images-tabs__progress-bar\">\n\t\t\t\t\t\t\t<div class=\"vitruve-product-images-tabs__progress-fill\"><\/div>\n\t\t\t\t\t\t<\/div>\n\t\t\t\t\t<\/button>\n\t\t\t\t\t\t\t\t\t\t\t\t\t\t\t\t<button \n\t\t\t\t\t\tclass=\"vitruve-product-images-tabs__tab \"\n\t\t\t\t\t\tdata-tab-index=\"3\"\n\t\t\t\t\t\tdata-image-url=\"https:\/\/pre.vitruve.fit\/wp-content\/uploads\/2025\/12\/Built-for-real-coaches-1-e1767364413759.webp\"\n\t\t\t\t\t\tdata-image-alt=\"Construido para entrenadores de verdad\"\n\t\t\t\t\t\tdata-duration=\"4\"\n\t\t\t\t\t\trole=\"tab\"\n\t\t\t\t\t\taria-selected=\"false\"\n\t\t\t\t\t\taria-controls=\"image-panel\"\n\t\t\t\t\t>\n\t\t\t\t\t\t<div class=\"vitruve-product-images-tabs__tab-content\">\n\t\t\t\t\t\t\t<h3 class=\"vitruve-product-images-tabs__tab-title\"><span class=\"ez-toc-section\" id=\"Construido_para_entrenadores_de_verdad\"><\/span>\n\t\t\t\t\t\t\t\tConstruido para entrenadores de verdad\t\t\t\t\t\t\t<span class=\"ez-toc-section-end\"><\/span><\/h3>\n\t\t\t\t\t\t\t\t\t\t\t\t\t\t\t<p class=\"vitruve-product-images-tabs__tab-subtitle\">\n\t\t\t\t\t\t\t\t\tVitruve se integra directamente en los flujos de trabajo diarios del entrenador, lo que facilita su demostraci\u00f3n y su adopci\u00f3n.\t\t\t\t\t\t\t\t<\/p>\n\t\t\t\t\t\t\t\t\t\t\t\t\t<\/div>\n\t\t\t\t\t\t<div class=\"vitruve-product-images-tabs__progress-bar\">\n\t\t\t\t\t\t\t<div class=\"vitruve-product-images-tabs__progress-fill\"><\/div>\n\t\t\t\t\t\t<\/div>\n\t\t\t\t\t<\/button>\n\t\t\t\t\t\t\t\t\t\t\n\t\t<\/div>\n\t\t\n\t\t<!-- Columna Derecha: Imagen -->\n\t\t<div class=\"vitruve-product-images-tabs__image-wrapper\">\n\t\t\t<img \n\t\t\t\tclass=\"vitruve-product-images-tabs__image\" \n\t\t\t\tid=\"image-panel\"\n\t\t\t\trole=\"tabpanel\"\n\t\t\t\tsrc=\"https:\/\/pre.vitruve.fit\/wp-content\/uploads\/2025\/12\/Join-the-program.png\"\n\t\t\t\talt=\"Producto probado\"\n\t\t\t\/>\n\t\t\t\n\t\t\t<!-- Bot\u00f3n Pause\/Play -->\n\t\t\t<button \n\t\t\t\tclass=\"vitruve-product-images-tabs__pause-button\" \n\t\t\t\taria-label=\"Pausar\"\n\t\t\t>\n\t\t\t\t<!-- Icono Pause (visible por defecto) -->\n\t\t\t\t<svg class=\"vitruve-product-images-tabs__pause-icon\" width=\"24\" height=\"24\" viewBox=\"0 0 24 24\" fill=\"none\" xmlns=\"http:\/\/www.w3.org\/2000\/svg\">\n\t\t\t\t\t<rect x=\"6\" y=\"4\" width=\"4\" height=\"16\" rx=\"1\" fill=\"currentColor\"\/>\n\t\t\t\t\t<rect x=\"14\" y=\"4\" width=\"4\" height=\"16\" rx=\"1\" fill=\"currentColor\"\/>\n\t\t\t\t<\/svg>\n\t\t\t\t<!-- Icono Play (oculto) -->\n\t\t\t\t<svg class=\"vitruve-product-images-tabs__play-icon\" width=\"24\" height=\"24\" viewBox=\"0 0 24 24\" fill=\"none\" xmlns=\"http:\/\/www.w3.org\/2000\/svg\" style=\"display: none;\">\n\t\t\t\t\t<path d=\"M8 5v14l11-7L8 5z\" fill=\"currentColor\"\/>\n\t\t\t\t<\/svg>\n\t\t\t<\/button>\n\t\t<\/div>\n\t\t\n\t<\/div>\n<\/section>\n\n\n\n\n\n\n\n\n\n\n\n<h3 class=\"wp-block-heading has-text-color has-link-color wp-elements-88552b42f1167fae13c6c26dc01d3b6c\" style=\"color:#f8f8f8\"><span class=\"ez-toc-section\" id=\"Que_aporta_Vitruve\"><\/span><strong>Qu\u00e9 aporta Vitruve<\/strong><span class=\"ez-toc-section-end\"><\/span><\/h3>\n\n<p class=\"has-text-color has-link-color wp-elements-86ffb0af1294856fb09a49e6c4132cb0\" style=\"color:#f8f8f8\">Apoyamos a nuestros distribuidores con:<\/p>\n\n<ul class=\"wp-block-list\">\n<li class=\"has-text-color has-link-color wp-elements-25af42e434b030bac3d9a09c2cded4bd\" style=\"color:#f8f8f8\">Precios para distribuidores y protecci\u00f3n de m\u00e1rgenes<\/li>\n\n\n\n<li class=\"has-text-color has-link-color wp-elements-61afc2dbe994442b532ba6f50554e623\" style=\"color:#f8f8f8\">Formaci\u00f3n sobre productos y capacitaci\u00f3n de ventas<\/li>\n\n\n\n<li class=\"has-text-color has-link-color wp-elements-135865b0177fe5a2b1df1271008ec7d2\" style=\"color:#f8f8f8\">Activos de marketing y materiales de venta<\/li>\n\n\n\n<li class=\"has-text-color has-link-color wp-elements-9c16ea1b2b41a1b8a788e467ac1d3be1\" style=\"color:#f8f8f8\">Documentaci\u00f3n t\u00e9cnica y apoyo a la incorporaci\u00f3n<\/li>\n\n\n\n<li class=\"has-text-color has-link-color wp-elements-ded133becfc92ff97b8e3fdbdd4772c7\" style=\"color:#f8f8f8\">Reconocimiento global de la marca y alineaci\u00f3n de la hoja de ruta del producto<\/li>\n<\/ul>\n\n<p class=\"has-text-color has-link-color wp-elements-15db9f7e605fcb43697949c53463a598\" style=\"color:#f8f8f8\">T\u00fa vendes. Nosotros Apoyamos. <\/p>\n\n<div style=\"height:100px\" aria-hidden=\"true\" class=\"wp-block-spacer\"><\/div>\n<p><script src=\"https:\/\/js-eu1.hsforms.net\/forms\/embed\/25783169.js\" defer><\/script><\/p>\n<div class=\"hs-form-frame\" data-region=\"eu1\" data-form-id=\"4aec68cf-4d8e-487e-847f-8682e03720b2\" data-portal-id=\"25783169\"><\/div>\n","protected":false},"excerpt":{"rendered":"<p>Qu\u00e9 aporta Vitruve Apoyamos a nuestros distribuidores con: T\u00fa vendes. Nosotros Apoyamos.<\/p>\n","protected":false},"author":3,"featured_media":0,"parent":0,"menu_order":0,"comment_status":"closed","ping_status":"closed","template":"","meta":{"_acf_changed":false,"yasr_overall_rating":0,"yasr_post_is_review":"","yasr_auto_insert_disabled":"","yasr_review_type":"","footnotes":""},"class_list":["post-22496","page","type-page","status-publish","hentry"],"acf":[],"yasr_visitor_votes":{"stars_attributes":{"read_only":false,"span_bottom":false},"number_of_votes":0,"sum_votes":0},"_links":{"self":[{"href":"https:\/\/pre.vitruve.fit\/es\/wp-json\/wp\/v2\/pages\/22496","targetHints":{"allow":["GET"]}}],"collection":[{"href":"https:\/\/pre.vitruve.fit\/es\/wp-json\/wp\/v2\/pages"}],"about":[{"href":"https:\/\/pre.vitruve.fit\/es\/wp-json\/wp\/v2\/types\/page"}],"author":[{"embeddable":true,"href":"https:\/\/pre.vitruve.fit\/es\/wp-json\/wp\/v2\/users\/3"}],"replies":[{"embeddable":true,"href":"https:\/\/pre.vitruve.fit\/es\/wp-json\/wp\/v2\/comments?post=22496"}],"version-history":[{"count":1,"href":"https:\/\/pre.vitruve.fit\/es\/wp-json\/wp\/v2\/pages\/22496\/revisions"}],"predecessor-version":[{"id":22500,"href":"https:\/\/pre.vitruve.fit\/es\/wp-json\/wp\/v2\/pages\/22496\/revisions\/22500"}],"wp:attachment":[{"href":"https:\/\/pre.vitruve.fit\/es\/wp-json\/wp\/v2\/media?parent=22496"}],"curies":[{"name":"wp","href":"https:\/\/api.w.org\/{rel}","templated":true}]}}