{"id":22556,"date":"2025-12-31T15:21:15","date_gmt":"2025-12-31T14:21:15","guid":{"rendered":"https:\/\/pre.vitruve.fit\/escribe-para-vitruve\/"},"modified":"2026-03-03T19:36:16","modified_gmt":"2026-03-03T18:36:16","slug":"escribe-para-vitruve","status":"publish","type":"page","link":"https:\/\/pre.vitruve.fit\/es\/escribe-para-vitruve\/","title":{"rendered":"Escribe para Vitruve"},"content":{"rendered":"\n<div class=\"wp-block-columns is-layout-flex wp-container-core-columns-is-layout-9d6595d7 wp-block-columns-is-layout-flex\">\n<div class=\"wp-block-column is-vertically-aligned-stretch is-layout-flow wp-block-column-is-layout-flow\">\n<section id=\"image-coach-block_97e5790334b8335cadfa4ca5f3288699\" class=\"vitruve-image-coach\">\n\t\n\t\n\t<div class=\"vitruve-image-coach__content\">\n\t\t<div class=\"vitruve-image-coach__inner\">\n\t\t\t\n\t\t\t\t\t<h2 class=\"vitruve-image-coach__title\"><span class=\"ez-toc-section\" id=\"Escribe_para_Vitruve\"><\/span>\n\t\t\t\t<span class=\"gradient-text\">Escribe<\/span> para Vitruve\t\t\t<span class=\"ez-toc-section-end\"><\/span><\/h2>\n\t\t\n\t\t\t\t\t\t\t<p class=\"vitruve-image-coach__description\">\n\t\t\t\t\tComparte tu experiencia. Gana dinero. Eleva el nivel.  \t\t\t\t<\/p>\n\t\t\t\n\t\t\t\n\t\t<\/div>\n\t<\/div>\n\n<\/section>\n\n<\/div>\n\n\n\n<div class=\"wp-block-column is-layout-flow wp-block-column-is-layout-flow\"><p><script charset=\"utf-8\" type=\"text\/javascript\" src=\"\/\/js-eu1.hsforms.net\/forms\/embed\/v2.js\"><\/script><br \/>\n<script>\n  hbspt.forms.create({\n    portalId: \"25783169\",\n    formId: \"abb7318a-c297-4dde-ba6e-0621a5a197f8\",\n    region: \"eu1\"\n  });\n<\/script><\/p>\n<\/div>\n<\/div>\n\n<h3 class=\"wp-block-heading has-text-color has-link-color wp-elements-73c3b0e3a925d47040f47aabfb4a868c\" style=\"color:#6644ff\"><span class=\"ez-toc-section\" id=\"%C2%BFEres_un_entrenador_de_fuerza_con_conocimientos_de_entrenamiento_del_mundo_real_Vitruve_quiere_tu_voz\"><\/span><strong>\u00bfEres un entrenador de fuerza con conocimientos de entrenamiento del mundo real?<\/strong><br\/>Vitruve quiere tu voz.<span class=\"ez-toc-section-end\"><\/span><\/h3>\n\n<p class=\"has-text-color has-link-color wp-elements-777a1459d2fefd57b1606f970e183efa\" style=\"color:#f8f8f8\">Estamos construyendo <em>la base de conocimientos de referencia <\/em> para entrenadores de fuerza, directores y equipos de rendimiento profesionales, y necesitamos tu experiencia.<\/p>\n\n<h3 class=\"wp-block-heading has-text-color has-link-color wp-elements-2daa3baabb66a51c890a64c339e23f79\" style=\"color:#6644ff\"><span class=\"ez-toc-section\" id=\"Que_buscamos\"><\/span><strong>Qu\u00e9 buscamos<\/strong><span class=\"ez-toc-section-end\"><\/span><\/h3>\n\n<p class=\"has-text-color has-link-color wp-elements-a521345d1f6f0e636746b7ca2a0bfe56\" style=\"color:#f8f8f8\">El blog de Vitruve est\u00e1 dedicado al coaching de rendimiento en el mundo real.<\/p>\n\n<ul class=\"wp-block-list\">\n<li class=\"has-text-color has-link-color wp-elements-3cd997908fa4d20157db9e6e18656feb\" style=\"color:#f8f8f8\">Desarrollo de fuerza y potencia<\/li>\n\n\n\n<li class=\"has-text-color has-link-color wp-elements-35f4965c18367a4f842efa034bc6c9d8\" style=\"color:#f8f8f8\">Aplicaci\u00f3n de entrenamiento basado en la velocidad (VBT)<\/li>\n\n\n\n<li class=\"has-text-color has-link-color wp-elements-c00e088b95e5403c96458dfe8ceb2ad8\" style=\"color:#f8f8f8\">Dise\u00f1o del programa y periodizaci\u00f3n<\/li>\n\n\n\n<li class=\"has-text-color has-link-color wp-elements-ea0333fb329db0f05f5819f078b632fc\" style=\"color:#f8f8f8\">Seguimiento del deportista, fatiga y preparaci\u00f3n<\/li>\n\n\n\n<li class=\"has-text-color has-link-color wp-elements-286f50a1994bb243012213ac2df09d53\" style=\"color:#f8f8f8\">Pruebas, perfiles y decisiones basadas en datos<\/li>\n\n\n\n<li class=\"has-text-color has-link-color wp-elements-858f38bcf29d36c682d8478b6e8a3358\" style=\"color:#f8f8f8\">Velocidad, agilidad y desarrollo atl\u00e9tico<\/li>\n\n\n\n<li class=\"has-text-color has-link-color wp-elements-7500a945966e8f134a265fa4716af375\" style=\"color:#f8f8f8\">Rehabilitaci\u00f3n, reincorporaci\u00f3n al juego y desarrollo del deportista a largo plazo<\/li>\n\n\n\n<li class=\"has-text-color has-link-color wp-elements-80793b6ef4997c6bc2cb5414beeb1b57\" style=\"color:#f8f8f8\">Sistemas de entrenamiento, flujos de trabajo y entornos de equipo<\/li>\n\n\n\n<li class=\"has-text-color has-link-color wp-elements-05185ca3a225d71d0efd53183cae236a\" style=\"color:#f8f8f8\">Tecnolog\u00eda y herramientas en el deporte de alto rendimiento<\/li>\n<\/ul>\n\n<p class=\"has-text-color has-link-color wp-elements-cc01cd2a8759c4eb1c5cd68813e64041\" style=\"color:#f8f8f8\"><em>Los art\u00edculos deben dar prioridad a los conocimientos aplicados sobre la teor\u00eda y ofrecer conclusiones claras que los entrenadores puedan utilizar inmediatamente.<\/em><\/p>\n\n<h3 class=\"wp-block-heading has-text-color has-link-color wp-elements-533d575b464fc5a8a59da752db34370d\" style=\"color:#6644ff\"><span class=\"ez-toc-section\" id=\"Directrices\"><\/span>Directrices<span class=\"ez-toc-section-end\"><\/span><\/h3>\n\n<ul class=\"wp-block-list\">\n<li class=\"has-text-color has-link-color wp-elements-9b0d7f3359a2f04543a8e72b04df1c29\" style=\"color:#f8f8f8\">Env\u00eda propuestas de art\u00edculos o borradores completos a trav\u00e9s de nuestro formulario de env\u00edo como Microsoft Word (.doc o .docx)<strong> <\/strong>\u00fanicamente. En este momento, no podemos aceptar otros formatos de archivo. <\/li>\n\n\n\n<li class=\"has-text-color has-link-color wp-elements-1a65e7e4ff72bf84fef6eb5def2e025c\" style=\"color:#f8f8f8\">Por favor, da a tu art\u00edculo un t\u00edtulo claro y descriptivo que refleje su contenido. Vitruve se reserva el derecho a editar los t\u00edtulos por motivos de claridad, formato y SEO. <\/li>\n\n\n\n<li class=\"has-text-color has-link-color wp-elements-439740f7c40ffd43516cbcfc85c2dd8f\" style=\"color:#f8f8f8\">Los gr\u00e1ficos, tablas o im\u00e1genes deben incrustarse en el documento de Word en el que vayan a aparecer. Si se aceptan, las im\u00e1genes tambi\u00e9n deben proporcionarse como archivos .JPG o .PNG. Debes poseer los derechos o haber creado personalmente todas las im\u00e1genes presentadas. Si no se facilitan im\u00e1genes, Vitruve puede proporcionar im\u00e1genes de nuestra biblioteca interna.<\/li>\n\n\n\n<li class=\"has-text-color has-link-color wp-elements-0be06fa12b12492b37a501d349ef8911\" style=\"color:#f8f8f8\">Pautas de v\u00eddeo (opcional): Resoluci\u00f3n m\u00ednima: 720p, s\u00f3lo formato horizontal. Sin contenido promocional ni publicitario. Inserta enlaces de v\u00eddeo directamente en el documento donde deban aparecer.  <\/li>\n\n\n\n<li class=\"has-text-color has-link-color wp-elements-24b08cc471f7aa5fc2563f0f7eae608e\" style=\"color:#f8f8f8\">Recibir\u00e1s confirmaci\u00f3n de recepci\u00f3n en un plazo de 7-14 d\u00edas. Los art\u00edculos aceptados pueden tardar hasta 4-8 semanas en publicarse, dependiendo de la programaci\u00f3n editorial. <\/li>\n<\/ul>\n\n<h3 class=\"wp-block-heading has-text-color has-link-color wp-elements-d10d65579726f11c84faf895a5c349c4\" style=\"color:#6644ff\"><span class=\"ez-toc-section\" id=\"Contenido\"><\/span>Contenido<span class=\"ez-toc-section-end\"><\/span><\/h3>\n\n<ul class=\"wp-block-list\">\n<li class=\"has-text-color has-link-color wp-elements-51cde384bd3b3ab5f7ce4ea525927c0e\" style=\"color:#f8f8f8\">Los art\u00edculos t\u00edpicos tienen entre 1.000 y 2.000 palabras<\/li>\n\n\n\n<li class=\"has-text-color has-link-color wp-elements-bd1ca5d77ae2a851f41a3a50f7146b3b\" style=\"color:#f8f8f8\">Se pueden considerar env\u00edos m\u00e1s cortos o m\u00e1s largos en funci\u00f3n de la calidad<\/li>\n\n\n\n<li class=\"has-text-color has-link-color wp-elements-525ac47d33d23655418c8c6bed25f33f\" style=\"color:#f8f8f8\">La gram\u00e1tica, ortograf\u00eda y claridad ser\u00e1n refinadas por el equipo editorial de Vitruve<\/li>\n\n\n\n<li class=\"has-text-color has-link-color wp-elements-4a1590679e417d59d94e86f848498642\" style=\"color:#f8f8f8\">No se aceptan contenidos promocionales, enfocados a la venta o excesivamente interesados.<\/li>\n<\/ul>\n\n<p class=\"has-text-color has-link-color wp-elements-91b266edf0a6f5b20131bcab983c84cf\" style=\"color:#f8f8f8\">Todos los env\u00edos deben ser:<\/p>\n\n<ul class=\"wp-block-list\">\n<li class=\"has-text-color has-link-color wp-elements-8a4bcf498053370e83d337b548f868bf\" style=\"color:#f8f8f8\">Original<\/li>\n\n\n\n<li class=\"has-text-color has-link-color wp-elements-930f4b23c7742eac78f699d62e1c458a\" style=\"color:#f8f8f8\">Anteriormente in\u00e9dito<\/li>\n\n\n\n<li class=\"has-text-color has-link-color wp-elements-8d54f0d793d68efd5edf0ab1fe7d0f16\" style=\"color:#f8f8f8\">Escrito por el autor remitente<\/li>\n<\/ul>\n\n<p class=\"has-text-color has-link-color wp-elements-e3444f165e6bc260c08ecb3eb829a056\" style=\"color:#f8f8f8\">No se aceptan contenidos generados por IA.<\/p>\n\n<ul class=\"wp-block-list\">\n<li class=\"has-text-color has-link-color wp-elements-e884f88cc3b9d502edb2017bda2f7dc0\" style=\"color:#f8f8f8\">Se eliminar\u00e1 todo el formato durante la publicaci\u00f3n<\/li>\n\n\n\n<li class=\"has-text-color has-link-color wp-elements-389ae2ecfa307c2c1c25a34de3f6e1c3\" style=\"color:#f8f8f8\">Evita encabezados, pies de p\u00e1gina, caracteres especiales o formato decorativo<\/li>\n\n\n\n<li class=\"has-text-color has-link-color wp-elements-04173a768a2f7428c2997268384e9bc7\" style=\"color:#f8f8f8\">Utiliza encabezamientos de secci\u00f3n claros y una conclusi\u00f3n s\u00f3lida<\/li>\n\n\n\n<li class=\"has-text-color has-link-color wp-elements-056e91703ede0c5c279283e0fffc54a8\" style=\"color:#f8f8f8\">Si citas investigaciones, estad\u00edsticas o citas, incluye las referencias adecuadas o hiperv\u00ednculos<\/li>\n\n\n\n<li class=\"has-text-color has-link-color wp-elements-095c072fd0c1fe54bb5df6508ba185a4\" style=\"color:#f8f8f8\">Las referencias pueden enumerarse al final del documento si es necesario<\/li>\n<\/ul>\n\n<h3 class=\"wp-block-heading has-text-color has-link-color wp-elements-0222dfa05e64af418f29144fff8bf138\" style=\"color:#6644ff\"><span class=\"ez-toc-section\" id=\"Derechos_y_uso\"><\/span><strong>Derechos y uso<\/strong><span class=\"ez-toc-section-end\"><\/span><\/h3>\n\n<p class=\"has-text-color has-link-color wp-elements-bbeb5427f7ac6b9136342d06a407e26f\" style=\"color:#f8f8f8\">Vitruve conserva los derechos exclusivos de publicaci\u00f3n de todos los art\u00edculos aceptados.<\/p>\n\n<p class=\"has-text-color has-link-color wp-elements-95b405fea062d1288516dff952a3b3d7\" style=\"color:#f8f8f8\">El contenido publicado no puede volver a publicarse, duplicarse ni redistribuirse en ning\u00fan otro lugar sin el permiso por escrito de Vitruve.<\/p>\n\n<p class=\"has-text-color has-link-color wp-elements-8180621de2019f39e2f3a4462a013796\" style=\"color:#f8f8f8\">Al enviar un art\u00edculo, confirmas que tienes los derechos de todo el contenido escrito y visual proporcionado y concedes a Vitruve el derecho a editar, publicar y distribuir el trabajo a trav\u00e9s de sus plataformas.<\/p>\n\n<h3 class=\"wp-block-heading has-text-color has-link-color wp-elements-1c8831a1c8bbf4683f111d4f0de73e3f\" style=\"color:#6644ff\"><span class=\"ez-toc-section\" id=\"Compensacion\"><\/span><strong>Compensaci\u00f3n<\/strong><span class=\"ez-toc-section-end\"><\/span><\/h3>\n\n<ul class=\"wp-block-list\">\n<li class=\"has-text-color has-link-color wp-elements-b7be5d6c8284b10c0d2fa1bf4f74115a\" style=\"color:#f8f8f8\">La remuneraci\u00f3n de los art\u00edculos publicados es de siete c\u00e9ntimos por palabra<\/li>\n\n\n\n<li class=\"has-text-color has-link-color wp-elements-26a28832e376f238adc1571c4f142bca\" style=\"color:#f8f8f8\">El pago se emite tras la aprobaci\u00f3n final y la publicaci\u00f3n<\/li>\n\n\n\n<li class=\"has-text-color has-link-color wp-elements-2739cac613d7d118673c5585221f673d\" style=\"color:#f8f8f8\">La remuneraci\u00f3n se basa en la profundidad, claridad y valor del art\u00edculo para los entrenadores<\/li>\n\n\n\n<li class=\"has-text-color has-link-color wp-elements-27243539da366d288e386b22cb333795\" style=\"color:#f8f8f8\">Pueden ofrecerse oportunidades a los contribuyentes que repitan y proyectos premium<\/li>\n\n\n\n<li class=\"has-text-color has-link-color wp-elements-90e8a0f46dae11fe878051c8724a3e03\" style=\"color:#f8f8f8\">Los pagos se realizan a trav\u00e9s de PayPal.<\/li>\n<\/ul>\n\n<p class=\"has-text-color has-link-color wp-elements-e7419c648d58a5c9979a8f272539f557\" style=\"color:#f8f8f8\">La presentaci\u00f3n no garantiza la publicaci\u00f3n. Vitruve se reserva el derecho de aceptar o rechazar cualquier art\u00edculo en funci\u00f3n de su calidad, relevancia y normas editoriales. <\/p>\n\n<p class=\"has-text-color has-link-color wp-elements-9e3b56195b1603682102d3b49dbd23fa\" style=\"color:#f8f8f8\">Nuestro objetivo es sencillo:<\/p>\n\n<p class=\"has-text-color has-link-color wp-elements-711f4c9a0a886b57ee1d0baf624680cc\" style=\"color:#f8f8f8\">Publica contenidos que ayuden a los entrenadores a tomar mejores decisiones en la sala de pesas.<\/p>\n\n<h3 class=\"wp-block-heading has-text-color has-link-color wp-elements-80491a52758e51f561e53efdf9785c10\" style=\"color:#6644ff\"><span class=\"ez-toc-section\" id=\"Envia_tu_proyecto\"><\/span><strong>Env\u00eda tu proyecto<\/strong><span class=\"ez-toc-section-end\"><\/span><\/h3>\n\n<p class=\"has-text-color has-link-color wp-elements-b07ccd89ad6a08cd6107d241ad14885c\" style=\"color:#f8f8f8\">Rellena el siguiente formulario para enviar tu art\u00edculo y empezar.<\/p>\n<p><script charset=\"utf-8\" type=\"text\/javascript\" src=\"\/\/js-eu1.hsforms.net\/forms\/embed\/v2.js\"><\/script><br \/>\n<script>\n  hbspt.forms.create({\n    portalId: \"25783169\",\n    formId: \"abb7318a-c297-4dde-ba6e-0621a5a197f8\",\n    region: \"eu1\"\n  });\n<\/script><\/p>\n\n<h3 class=\"wp-block-heading has-text-color has-link-color wp-elements-d60b7478d7b50977fa7b2c68b12e9612\" style=\"color:#6644ff\"><span class=\"ez-toc-section\" id=\"%C2%BFListo_para_que_te_escuchen\"><\/span><strong>\u00bfListo para que te escuchen?<\/strong><span class=\"ez-toc-section-end\"><\/span><\/h3>\n\n<p class=\"has-text-color has-link-color wp-elements-0937444d4d175f0c6b94b3f4c9630afc\" style=\"color:#f8f8f8\">\u00danete a la comunidad de coaching de Vitruve. Comparte lo que funciona. Cobra.  <\/p>\n\n<div style=\"height:100px\" aria-hidden=\"true\" class=\"wp-block-spacer\"><\/div>\n","protected":false},"excerpt":{"rendered":"<p>\u00bfEres un entrenador de fuerza con conocimientos de entrenamiento del mundo real?Vitruve quiere tu voz. Estamos construyendo la base de conocimientos de referencia para entrenadores de fuerza, directores y equipos de rendimiento profesionales, y necesitamos tu experiencia. Qu\u00e9 buscamos El blog de Vitruve est\u00e1 dedicado al coaching de rendimiento en el mundo real. Los art\u00edculos [&hellip;]<\/p>\n","protected":false},"author":29,"featured_media":0,"parent":0,"menu_order":0,"comment_status":"closed","ping_status":"closed","template":"","meta":{"_acf_changed":false,"yasr_overall_rating":0,"yasr_post_is_review":"","yasr_auto_insert_disabled":"","yasr_review_type":"","footnotes":""},"class_list":["post-22556","page","type-page","status-publish","hentry"],"acf":[],"yasr_visitor_votes":{"stars_attributes":{"read_only":false,"span_bottom":false},"number_of_votes":0,"sum_votes":0},"_links":{"self":[{"href":"https:\/\/pre.vitruve.fit\/es\/wp-json\/wp\/v2\/pages\/22556","targetHints":{"allow":["GET"]}}],"collection":[{"href":"https:\/\/pre.vitruve.fit\/es\/wp-json\/wp\/v2\/pages"}],"about":[{"href":"https:\/\/pre.vitruve.fit\/es\/wp-json\/wp\/v2\/types\/page"}],"author":[{"embeddable":true,"href":"https:\/\/pre.vitruve.fit\/es\/wp-json\/wp\/v2\/users\/29"}],"replies":[{"embeddable":true,"href":"https:\/\/pre.vitruve.fit\/es\/wp-json\/wp\/v2\/comments?post=22556"}],"version-history":[{"count":1,"href":"https:\/\/pre.vitruve.fit\/es\/wp-json\/wp\/v2\/pages\/22556\/revisions"}],"predecessor-version":[{"id":22557,"href":"https:\/\/pre.vitruve.fit\/es\/wp-json\/wp\/v2\/pages\/22556\/revisions\/22557"}],"wp:attachment":[{"href":"https:\/\/pre.vitruve.fit\/es\/wp-json\/wp\/v2\/media?parent=22556"}],"curies":[{"name":"wp","href":"https:\/\/api.w.org\/{rel}","templated":true}]}}