{"id":22640,"date":"2024-06-13T12:40:35","date_gmt":"2024-06-13T10:40:35","guid":{"rendered":"https:\/\/pre.vitruve.fit\/condiciones-generales\/"},"modified":"2026-03-03T18:31:00","modified_gmt":"2026-03-03T17:31:00","slug":"condiciones-generales","status":"publish","type":"page","link":"https:\/\/pre.vitruve.fit\/es\/condiciones-generales\/","title":{"rendered":"Condiciones generales"},"content":{"rendered":"\n<h1 class=\"c-title-1 wp-block-heading\"><span class=\"ez-toc-section\" id=\"Condiciones_generales\"><\/span>Condiciones generales<span class=\"ez-toc-section-end\"><\/span><\/h1>\n\n<h3 class=\"c-title-3 wp-block-heading\"><span class=\"ez-toc-section\" id=\"1_AVISO_LEGAL_Y_CONDICIONES_DE_USO\"><\/span>1. AVISO LEGAL Y CONDICIONES DE USO<span class=\"ez-toc-section-end\"><\/span><\/h3>\n\n<p>Puedo garantizarte que estar\u00e1s en un espacio 100% seguro, por tanto, cumpliendo con el deber de informaci\u00f3n recogido en el art\u00edculo 10 de la Ley 34\/2002, de 11 de julio, de Servicios de la Sociedad de la Informaci\u00f3n y de Comercio Electr\u00f3nico, a continuaci\u00f3n se indica:<\/p>\n\n<h4 class=\"c-title-4 wp-block-heading\"><span class=\"ez-toc-section\" id=\"11_Identificar_los_datos_responsables\"><\/span>1.1. Identificar los datos responsables<span class=\"ez-toc-section-end\"><\/span><\/h4>\n\n<p>Tal y como establece la Ley 34\/2002, de 11 de julio, de servicios de la sociedad de la informaci\u00f3n y de comercio electr\u00f3nico, te informo que:<\/p>\n\n<p>El nombre de mi empresa es<strong> SPEED4LIFTS S.L.<\/strong><\/p>\n\n<p>Mi CIF es B87970026<\/p>\n\n<p>Mi domicilio social se encuentra en la calle R\u00edo Segre, N8 5C, 28935, M\u00f3stoles, Madrid<\/p>\n\n<p>Correo electr\u00f3nico: contact@pre.vitruve.fit<\/p>\n\n<p>Mi actividad social es: fabricaci\u00f3n y distribuci\u00f3n de dispositivos electr\u00f3nicos para la medici\u00f3n y el control del rendimiento deportivo.<\/p>\n\n<h4 class=\"c-title-4 wp-block-heading\"><span class=\"ez-toc-section\" id=\"12_Finalidad_de_la_pagina_web\"><\/span>1.2. Finalidad de la p\u00e1gina web.<span class=\"ez-toc-section-end\"><\/span><\/h4>\n\n<p>Los servicios que presta el responsable del sitio web son los siguientes:<\/p>\n\n<p>El suministro de dispositivos electr\u00f3nicos para la medici\u00f3n y el control del rendimiento deportivo.<\/p>\n\n<p>Venta de accesorios y herramientas para el Entrenamiento deportivo.<\/p>\n\n<p>Informaci\u00f3n relevante sobre el mundo del deporte.<\/p>\n\n<p>Ense\u00f1ar y difundir conocimientos sobre el mundo del deporte.<\/p>\n\n<h4 class=\"c-title-4 wp-block-heading\"><span class=\"ez-toc-section\" id=\"13_Usuarios\"><\/span>1.3. Usuarios<span class=\"ez-toc-section-end\"><\/span><\/h4>\n\n<p>El acceso y\/o uso de este sitio web atribuye la condici\u00f3n de USUARIO, que acepta, desde dicho acceso y\/o uso, las presentes condiciones de uso, no obstante, por el mero uso del sitio web no supone el inicio de relaci\u00f3n laboral\/comercial alguna.<\/p>\n\n<h4 class=\"c-title-4 wp-block-heading\"><span class=\"ez-toc-section\" id=\"14_Uso_del_sitio_web_y_captura_de_informacion\"><\/span>1.4. Uso del sitio web y captura de informaci\u00f3n:<span class=\"ez-toc-section-end\"><\/span><\/h4>\n\n<h5 class=\"c-title-5 wp-block-heading\"><span class=\"ez-toc-section\" id=\"141_Uso_del_sitio_web\"><\/span>1.4.1 Uso del sitio web<span class=\"ez-toc-section-end\"><\/span><\/h5>\n\n<p>El sitio web https:\/\/pre.vitruve.fit y todos los subdominios que se encuentran por delante (LA WEB) proporciona el acceso a art\u00edculos, informaciones, servicios y datos (en adelante, \u00ablos contenidos\u00bb) propiedad de SPEED4LIFTS S.L. (en adelante, \u00abVITRUVE\u00bb) El USUARIO asume la responsabilidad del uso del sitio web.<\/p>\n\n<p>El USUARIO se compromete a hacer un uso adecuado de los contenidos ofrecidos a dos de su sitio web y con car\u00e1cter enunciativo pero no limitativo, a no emplearlos para:<\/p>\n\n<p>(a) realizar actividades ilegales, il\u00edcitas o contrarias a la buena fe y al orden p\u00fablico;<\/p>\n\n<p>(b) Difundir contenidos o propaganda de car\u00e1cter racista, xen\u00f3fobo, pornogr\u00e1fico-ilegal, de apolog\u00eda del terrorismo o atentatorio contra los derechos humanos;<\/p>\n\n<p>(c) provocar da\u00f1os en los sistemas f\u00edsicos y l\u00f3gicos de https:\/\/pre.vitruve.fit\/, de sus proveedores o de terceras personas, introducir o difundir en la red virus inform\u00e1ticos o cualesquiera otros sistemas f\u00edsicos o l\u00f3gicos que sean susceptibles de provocar los da\u00f1os anteriormente mencionados;<\/p>\n\n<p>(d) intentar acceder y, en su caso, utilizar las cuentas de correo electr\u00f3nico de otros usuarios y modificar o manipular sus mensajes.<\/p>\n\n<p>SPEED4LIFTS S.L. se reserva el derecho de retirar todos aquellos comentarios y aportaciones que vulneren el respeto a la dignidad de la persona, que sean discriminatorios, xen\u00f3fobos, racistas, pornogr\u00e1ficos, que atenten contra la juventud o la infancia, el orden o la seguridad p\u00fablica o que, a su juicio, no resultaran adecuados para su publicaci\u00f3n. En cualquier caso, SPEED4LIFTS S.L. no ser\u00e1 responsable de las opiniones vertidas por los usuarios a trav\u00e9s del blog u otras herramientas de participaci\u00f3n que puedan crearse, conforme a lo previsto en la normativa de aplicaci\u00f3n. <\/p>\n\n<h5 class=\"c-title-5 wp-block-heading\"><span class=\"ez-toc-section\" id=\"142_Captacion_de_informacion\"><\/span>1.4.2 Captaci\u00f3n de informaci\u00f3n<span class=\"ez-toc-section-end\"><\/span><\/h5>\n\n<ul class=\"wp-block-list\">\n<li>Formulario de contacto, donde el USUARIO debe rellenar el campo de un correo electr\u00f3nico, asunto y nombre.<\/li>\n\n\n\n<li>Formulario de suscripci\u00f3n, rellenando el USUARIO los campos necesarios para la adquisici\u00f3n de cualquier producto de la tienda, con los campos de nombre, apellidos, direcci\u00f3n, ciudad, pa\u00eds, estado, c\u00f3digo postal, email y contrase\u00f1a.<\/li>\n\n\n\n<li>Formulario de suscripci\u00f3n, rellenando el USUARIO los campos de nombre, email y deporte que practica, para la adquisici\u00f3n de contenidos exclusivos. &#8211; Cookies de seguimiento, seg\u00fan las siguientes reglas. <\/li>\n\n\n\n<li>Navegaci\u00f3n y direcci\u00f3n IP: Al navegar por este sitio web, el usuario facilita autom\u00e1ticamente al servidor web informaci\u00f3n relativa a su direcci\u00f3n IP, fecha y hora de acceso, el hiperv\u00ednculo que le ha reenviado a \u00e9stas, su sistema operativo y el navegador utilizado.<\/li>\n<\/ul>\n\n<p>Sin perjuicio de lo anterior, el usuario podr\u00e1 darse de baja en cualquier momento de los servicios prestados por SPEED4LIFTS S.L. o datos facilitados por el USUARIO en cumplimiento de la normativa vigente en materia de Protecci\u00f3n de Datos. Asimismo, tanto por la suscripci\u00f3n a este sitio web como por la realizaci\u00f3n de cualquier comentario en cualquiera de sus p\u00e1ginas y\/o entradas, el usuario presta su consentimiento: <\/p>\n\n<p>El tratamiento de sus datos personales en el entorno WordPress por con sus pol\u00edticas de privacidad.<\/p>\n\n<p>El acceso de SPEED4LIFTS S.L. a los datos que, conforme a la infraestructura de WordPress, el usuario necesite aportar bien para la suscripci\u00f3n al curso o bien para cualquier consulta mediante el formulario de contacto.<\/p>\n\n<p>Asimismo, informamos de que la informaci\u00f3n de nuestros usuarios est\u00e1 protegida de acuerdo con nuestra pol\u00edtica de privacidad.<\/p>\n\n<p>Al activar una suscripci\u00f3n, formulario de contacto o comentario, el usuario entiende y acepta que:<\/p>\n\n<p>Desde el momento en que realiz\u00f3 su suscripci\u00f3n o acceso a un servicio de pago, SPEED4LIFTS S.L. tiene acceso a:<\/p>\n\n<p>Nombre, y correo electr\u00f3nico, u otros datos necesarios para la facturaci\u00f3n, formando un fichero debidamente inscrito en el Registro General de la Agencia Espa\u00f1ola de Protecci\u00f3n de Datos con el nombre de \u00abUSUARIOS DE LA WEB Y SUSCRIPTORES\u00bb o en el caso de realizar alguna compra, se inscribir\u00e1 en el fichero de \u00abCLIENTES Y\/O PROVEEDORES\u00bb teniendo acceso a los datos de nombre, apellidos, correo electr\u00f3nico, DNI y direcci\u00f3n completa.<\/p>\n\n<p>En todo caso SPEED4LIFTS S.L. se reserva el derecho de modificar, en cualquier momento y sin necesidad de previo aviso, la presentaci\u00f3n y configuraci\u00f3n del sitio web https:\/\/pre.vitruve.fit\/ as\u00ed como el presente aviso legal.<\/p>\n\n<h3 class=\"c-title-3 wp-block-heading\"><span class=\"ez-toc-section\" id=\"2_PROPIEDAD_INTELECTUAL_E_INDUSTRIAL\"><\/span>2. PROPIEDAD INTELECTUAL E INDUSTRIAL:<span class=\"ez-toc-section-end\"><\/span><\/h3>\n\n<p>SPEED4LIFTS S.L. por s\u00ed o como cesionaria, es titular de todos los derechos de propiedad intelectual e industrial de su p\u00e1gina web, as\u00ed como de los elementos contenidos en la misma (a t\u00edtulo enunciativo, im\u00e1genes, sonido, audio, v\u00eddeo, software o textos; logotipos, combinaciones de colores, estructura y dise\u00f1o, selecci\u00f3n de materiales usados, programas de ordenador necesarios para su funcionamiento, acceso y uso, etc.), titularidad de SPEED4LIFTS S.L. o bien de sus licenciantes. Todos los derechos reservados. <\/p>\n\n<p>Cualquier uso no autorizado previamente por SPEED4LIFTS S.L., ser\u00e1 considerado un incumplimiento grave de los derechos de propiedad intelectual o industrial del autor.<\/p>\n\n<p>Quedan expresamente prohibidas por SPEED4LIFTS S.L. la reproducci\u00f3n, la distribuci\u00f3n y la comunicaci\u00f3n p\u00fablica, incluida su modalidad de puesta a disposici\u00f3n, de la totalidad o parte de los contenidos de esta p\u00e1gina web, con fines comerciales, en cualquier soporte y por cualquier medio t\u00e9cnico, sin la autorizaci\u00f3n de SPEED4LIFTS S.L..<\/p>\n\n<p>El USUARIO se compromete a respetar los derechos de Propiedad Intelectual e Industrial titularidad de SPEED4LIFTS S.L., pudiendo visualizar \u00fanicamente los elementos de la web sin posibilidad de imprimirlos, copiarlos o almacenarlos en el disco duro de su ordenador o en cualquier otro soporte f\u00edsico. El USUARIO deber\u00e1 abstenerse de suprimir, alterar, eludir o manipular cualquier dispositivo de protecci\u00f3n o sistema de seguridad que estuviera instalado en el las p\u00e1ginas de SPEED4LIFTS S.L. <\/p>\n\n<p>Queda terminantemente prohibido compartir la licencia de uso con m\u00e1s personas, cada licencia es personal e intransferible reserv\u00e1ndonos cuantas acciones civiles y penales nos asistan para salvaguardar nuestros derechos, todo ello bajo pena de incurrir en un delito contra la propiedad intelectual del art. 270 y ss del C\u00f3digo Penal con penas de prisi\u00f3n de hasta 4 a\u00f1os.<\/p>\n\n<h3 class=\"c-title-3 wp-block-heading\"><span class=\"ez-toc-section\" id=\"3_EXCLUSION_DE_GARANTIA_Y_RESPONSABILIDAD\"><\/span>3. EXCLUSI\u00d3N DE GARANT\u00cdA Y RESPONSABILIDAD<span class=\"ez-toc-section-end\"><\/span><\/h3>\n\n<p>SPEED4LIFTS S.L. no se hace responsable, en ning\u00fan caso, de los da\u00f1os y perjuicios de cualquier naturaleza que pudieran ocasionar, a t\u00edtulo enunciativo: por errores u omisiones en los contenidos, por falta de disponibilidad del portal, -que realizar\u00e1 paradas peri\u00f3dicas por mantenimiento t\u00e9cnico- as\u00ed como por la transmisi\u00f3n de virus o programas maliciosos o lesivos en los contenidos, a pesar de haber adoptado todas las medidas tecnol\u00f3gicas necesarias para evitarlo.<\/p>\n\n<h3 class=\"c-title-3 wp-block-heading\"><span class=\"ez-toc-section\" id=\"4_MODIFICACIONES\"><\/span>4. MODIFICACIONES<span class=\"ez-toc-section-end\"><\/span><\/h3>\n\n<p>SPEED4LIFTS S.L. se reserva el derecho de efectuar sin previo aviso las modificaciones que considere oportunas en su Web, pudiendo cambiar, suprimir o a\u00f1adir tanto los contenidos y servicios que se presten a trav\u00e9s de la misma como la forma en la que \u00e9stos aparezcan presentados o localizados en su Web.<\/p>\n\n<h3 class=\"c-title-3 wp-block-heading\"><span class=\"ez-toc-section\" id=\"5_POLITICA_DE_ENLACES\"><\/span>5. POL\u00cdTICA DE ENLACES<span class=\"ez-toc-section-end\"><\/span><\/h3>\n\n<p>Las personas o entidades que pretendan realizar o realicen un hiperenlace desde una p\u00e1gina web de otro portal de Internet a la web de SPEED4LIFTS S.L., deber\u00e1n someterse a las siguientes condiciones:<\/p>\n\n<ul class=\"wp-block-list\">\n<li>No se permite la reproducci\u00f3n total o parcial de ninguno de los servicios ni contenidos del sitio web sin la previa autorizaci\u00f3n expresa de SPEED4LIFTS S.L.<\/li>\n\n\n\n<li>No se establecer\u00e1n deep-links ni enlaces IMG o de imagen, ni frames con el sitio web de SPEED4LIFTS S.L., sin su previa autorizaci\u00f3n expresa.<\/li>\n\n\n\n<li>No se establecer\u00e1 ninguna manifestaci\u00f3n falsa, inexacta o incorrecta sobre la web de SPEED4LIFTS S.L., ni sobre los servicios o contenidos de la misma. Salvo aquellos signos que formen parte del hiperv\u00ednculo, la p\u00e1gina web en la que se establezca no contendr\u00e1 ninguna marca, nombre comercial, r\u00f3tulo de establecimiento, denominaci\u00f3n, logotipo, eslogan u otros signos distintivos pertenecientes a SPEED4LIFTS S.L., salvo autorizaci\u00f3n expresa de \u00e9ste. <\/li>\n\n\n\n<li>El establecimiento del hiperenlace no implicar\u00e1 la existencia de relaciones entre SPEED4LIFTS S.L. y el titular de la p\u00e1gina web o del portal desde el cual se realice, ni el conocimiento y aceptaci\u00f3n de SPEED4LIFTS S.L. de los servicios y contenidos ofrecidos en dicha p\u00e1gina web o portal.<\/li>\n\n\n\n<li>SPEED4LIFTS S.L. no ser\u00e1 responsable de los contenidos o servicios puestos a disposici\u00f3n del p\u00fablico en la p\u00e1gina web o portal desde el cual se realice el hiperenlace ni de las informaciones y manifestaciones incluidas en las mismas. El sitio web de SPEED4LIFTS S.L. puede poner a disposici\u00f3n del usuario conexiones y enlaces a otros sitios web gestionados y controlados por terceros. Dichos enlaces tienen como exclusiva funci\u00f3n la de facilitar a los usuarios la b\u00fasqueda de informaci\u00f3n, contenidos y servicios en Internet, sin que en ning\u00fan caso pueda considerarse una sugerencia, recomendaci\u00f3n o invitaci\u00f3n para la visita de los mismos.SPEED4LIFTS S.L. no comercializa, ni dirige, ni controla previamente, ni hace propios los contenidos, servicios, informaciones y manifestaciones disponibles en dichos sitios web.  <\/li>\n<\/ul>\n\n<p>SPEED4LIFTS S.L. no asume ning\u00fan tipo de responsabilidad, ni siquiera de forma indirecta o subsidiaria, por los da\u00f1os y perjuicios de toda clase que pudieran derivarse del acceso, mantenimiento, uso, calidad, licitud, fiabilidad y utilidad de los contenidos, informaciones, comunicaciones, opiniones, manifestaciones, productos y servicios existentes u ofrecidos en los sitios web no gestionados por SPEED4LIFTS S.L. y que resulten accesibles a trav\u00e9s de SPEED4LIFTS S.L..<\/p>\n\n<h3 class=\"c-title-3 wp-block-heading\"><span class=\"ez-toc-section\" id=\"6_DERECHO_DE_EXCLUSION\"><\/span>6. DERECHO DE EXCLUSI\u00d3N<span class=\"ez-toc-section-end\"><\/span><\/h3>\n\n<p>SPEED4LIFTS S.L. se reserva el derecho a denegar o retirar el acceso a portal y\/o los servicios ofrecidos sin necesidad de preaviso, a instancia propia o de un tercero, a aquellos usuarios que incumplan las presentes Condiciones Generales de Uso.<\/p>\n\n<h3 class=\"c-title-3 wp-block-heading\"><span class=\"ez-toc-section\" id=\"7_GENERAL\"><\/span>7. GENERAL<span class=\"ez-toc-section-end\"><\/span><\/h3>\n\n<p>SPEED4LIFTS S.L. perseguir\u00e1 el incumplimiento de las presentes condiciones as\u00ed como cualquier utilizaci\u00f3n indebida de su portal ejerciendo todas las acciones civiles y penales que le puedan corresponder en derecho.<\/p>\n\n<h3 class=\"c-title-3 wp-block-heading\"><span class=\"ez-toc-section\" id=\"8_CONDICIONES_ACTUALES_Y_MODIFICACION_DE_LA_DURACION\"><\/span>8. CONDICIONES ACTUALES Y MODIFICACI\u00d3N DE LA DURACI\u00d3N<span class=\"ez-toc-section-end\"><\/span><\/h3>\n\n<p>SPEED4LIFTS S.L. podr\u00e1 modificar en cualquier momento las condiciones aqu\u00ed determinadas, siendo debidamente publicadas como aqu\u00ed aparecen. La vigencia de las citadas condiciones ir\u00e1 en funci\u00f3n de su exposici\u00f3n y estar\u00e1n vigentes hasta que sean modificadas por otras debidamente publicadas. <\/p>\n\n<h3 class=\"c-title-3 wp-block-heading\"><span class=\"ez-toc-section\" id=\"9_RECLAMACIONES_Y_DUDAS\"><\/span>9. RECLAMACIONES Y DUDAS<span class=\"ez-toc-section-end\"><\/span><\/h3>\n\n<p>SPEED4LIFTS S.L. informa que existen hojas de reclamaciones a disposici\u00f3n de los usuarios y clientes, pudiendo enviar un correo electr\u00f3nico a contact@pre.vitruve.fit indicando su nombre y apellidos, el servicio o producto adquirido y exponiendo los motivos de su reclamaci\u00f3n. Tambi\u00e9n puedes dirigir tu reclamaci\u00f3n por correo postal a: SPEED4LIFTS S.L., Calle Rio Segre n28 52C, 28935 Mostoles, Madrid. <\/p>\n\n<h3 class=\"c-title-3 wp-block-heading\"><span class=\"ez-toc-section\" id=\"10_LEGISLACION_Y_JURISDICCION_APLICABLES\"><\/span>10. LEGISLACI\u00d3N Y JURISDICCI\u00d3N APLICABLES<span class=\"ez-toc-section-end\"><\/span><\/h3>\n\n<p>La relaci\u00f3n entre SPEED4LIFTS S.L. y el USUARIO se regir\u00e1 por la normativa espa\u00f1ola vigente y cualquier controversia se someter\u00e1 a los Juzgados y tribunales de la ciudad de M\u00f3stoles, salvo que la Ley aplicable disponga otra cosa.<\/p>\n\n<h2 class=\"c-title-2 wp-block-heading\"><span class=\"ez-toc-section\" id=\"BASE_JURIDICA_%C2%ABLEVANTAR_PARA_GANAR%C2%BB\"><\/span>BASE JUR\u00cdDICA \u00abLEVANTAR PARA GANAR\u00bb<span class=\"ez-toc-section-end\"><\/span><\/h2>\n\n<h2 class=\"c-title-2 wp-block-heading\"><span class=\"ez-toc-section\" id=\"ACEPTACION_DE_LAS_BASES\"><\/span>ACEPTACI\u00d3N DE LAS BASES<span class=\"ez-toc-section-end\"><\/span><\/h2>\n\n<p>La participaci\u00f3n en el concurso implica la plena aceptaci\u00f3n de estas bases. En todo momento, pueden consultarse en la p\u00e1gina de VITRUVE: https:\/\/pre.vitruve.fit\/terms-and-conditions-of-use\/ <\/p>\n\n<p>Todos los participantes en el concurso, por el mero hecho de participar, aceptan las bases de este concurso, las normas que rigen su participaci\u00f3n y los t\u00e9rminos, condiciones y pol\u00edtica de privacidad y protecci\u00f3n de datos establecidos en la p\u00e1gina de inscripci\u00f3n de este concurso.<\/p>\n\n<h2 class=\"c-title-2 wp-block-heading\"><span class=\"ez-toc-section\" id=\"FECHAS_DE_CELEBRACION\"><\/span>FECHAS DE CELEBRACI\u00d3N<span class=\"ez-toc-section-end\"><\/span><\/h2>\n\n<p>La fecha de inicio del concurso ser\u00e1 el 24 de enero de 2020 a las 12.00 horas y finalizar\u00e1 el 26 de enero de 2020 a las 16.00 horas. El periodo de participaci\u00f3n se entender\u00e1 entre estas fechas. <\/p>\n\n<p>La campa\u00f1a est\u00e1 dirigida a los usuarios que han asistido al Congreso JAM de Valencia y han participado en el concurso.<\/p>\n\n<p>Speed4Lifts S.L. se reserva el derecho a realizar cambios en la campa\u00f1a durante su desarrollo, si existe alguna causa que impida el \u00e9xito de la misma o para mejorar su progreso.<\/p>\n\n<h2 class=\"c-title-2 wp-block-heading\"><span class=\"ez-toc-section\" id=\"FORMULARIO_DE_PARTICIPACION\"><\/span>FORMULARIO DE PARTICIPACI\u00d3N<span class=\"ez-toc-section-end\"><\/span><\/h2>\n\n<p>Podr\u00e1n participar en el concurso las personas mayores de 18 a\u00f1os que hayan asistido al Congreso JAM de Valencia y se hayan inscrito en la campa\u00f1a mencionada.<\/p>\n\n<p>Los propietarios y empleados de la empresa y los establecimientos del Congreso o perfiles fraudulentos no podr\u00e1n participar.<\/p>\n\n<p>Para participar, los usuarios deben registrarse rellenando todos los datos personales solicitados a trav\u00e9s de la herramienta promocional TypeForm, alojada en el c\u00f3digo QR proporcionado en el folleto promocional.<\/p>\n\n<p>Una vez registrados, podr\u00e1n proceder a levantar el peso establecido en DEADLIFT, siguiendo las instrucciones de los representantes de Speed4Lifts S.L. y las instrucciones descritas a continuaci\u00f3n en este documento.<\/p>\n\n<p>Cada usuario puede participar tantas veces como desee durante la duraci\u00f3n del concurso para mejorar su posici\u00f3n, siempre que respete la participaci\u00f3n del resto de competidores.<\/p>\n\n<h2 class=\"c-title-2 wp-block-heading\"><span class=\"ez-toc-section\" id=\"CONCURSO_PUBLICACION_Y_NOTIFICACION_DE_LOS_GANADORES\"><\/span>CONCURSO, PUBLICACI\u00d3N Y NOTIFICACI\u00d3N DE LOS GANADORES<span class=\"ez-toc-section-end\"><\/span><\/h2>\n\n<p>La comunicaci\u00f3n de los ganadores se realizar\u00e1 al final de la competici\u00f3n, siendo visibles en todo momento las posiciones de los competidores en la pantalla de pie. Tan pronto como el usuario termine de registrarse y haya terminado de levantar el DEADLIFT siguiendo las instrucciones del personal, el usuario entrar\u00e1 en la competici\u00f3n y, en ese mismo momento, podr\u00e1 comprobar en qu\u00e9 posici\u00f3n ha quedado. <\/p>\n\n<p>El primer ganador ser\u00e1 el que levante el conjunto de pesas con la mayor velocidad media en DEADLIFT siempre que se respeten las reglas:<\/p>\n\n<ul class=\"wp-block-list\">\n<li>No puedes levantar los pies del suelo.<\/li>\n\n\n\n<li>Los brazos no se pueden plegar.<\/li>\n\n\n\n<li>No puedes lanzar la barra<\/li>\n<\/ul>\n\n<p>La comunicaci\u00f3n de los ganadores se har\u00e1 al mismo tiempo, si est\u00e1n presentes. La comunicaci\u00f3n oficial tambi\u00e9n se realizar\u00e1 el 27 de enero en el correo electr\u00f3nico facilitado en el momento de la inscripci\u00f3n. El ganador deber\u00e1 facilitar la direcci\u00f3n para el env\u00edo del premio.  <\/p>\n\n<p>Los ganadores ser\u00e1n contactados por correo y dispondr\u00e1n de un plazo de 48 horas para responder a la informaci\u00f3n solicitada, confirmando as\u00ed el premio. En caso de no recibir respuesta por su parte en este plazo, el premio quedar\u00e1 desierto. <\/p>\n\n<h2 class=\"c-title-2 wp-block-heading\"><span class=\"ez-toc-section\" id=\"PREMIO\"><\/span>PREMIO<span class=\"ez-toc-section-end\"><\/span><\/h2>\n\n<p>Los premios se conceder\u00e1n por posici\u00f3n, siendo el primer premio el que haya alcanzado la velocidad media m\u00e1s alta. Ser\u00e1n: <\/p>\n\n<ul class=\"wp-block-list\">\n<li>Primer premio: Encoder Speed4Lifts + Velcro + Cable USB + Funda protectora de neopreno<\/li>\n\n\n\n<li>Segundo premio: Camiseta Speed4Lifts talla L<\/li>\n\n\n\n<li>Tercer premio: Camiseta Speed4Lifts talla L<\/li>\n<\/ul>\n\n<p>El premio no es acumulable con otros, ni canjeable por ning\u00fan otro producto \/ servicio ni por su valor en met\u00e1lico. El premio es personal e intransferible. <\/p>\n\n<p>Speed4Lifts S.L. no se hace responsable de las p\u00e9rdidas, da\u00f1os, robos, o cualquier otra circunstancia imputable a terceros que pueda afectar al desarrollo del concurso y al premio.<\/p>\n\n<h2 class=\"c-title-2 wp-block-heading\"><span class=\"ez-toc-section\" id=\"INFORMACION_PERSONAL\"><\/span>INFORMACI\u00d3N PERSONAL<span class=\"ez-toc-section-end\"><\/span><\/h2>\n\n<p>Los datos personales que los usuarios faciliten ser\u00e1n incorporados a un fichero de datos cuyo responsable es:<\/p>\n\n<p>Speed4Lifts S.L. con domicilio en Calle Rio Segre 8,5\u00baC, 28935, Mostoles, Madrid y con CIF B87970026 y ser\u00e1n utilizados para enviarte informaci\u00f3n sobre VITRUVE. Estos datos ser\u00e1n tratados de forma confidencial y por lo dispuesto en la Ley Org\u00e1nica 3\/2018, de 5 de diciembre, de forma que los usuarios podr\u00e1n acceder, rectificar y cancelar sus datos as\u00ed como ejercer su derecho de oposici\u00f3n. <\/p>\n\n<p>Todos los participantes en el concurso autorizan a Speed4Lifts S.L. a publicar sus nombres a los efectos previstos en las presentes bases, pudiendo utilizar el nombre y la imagen del participante, as\u00ed como su direcci\u00f3n de correo electr\u00f3nico para el env\u00edo de informaci\u00f3n promocional.<\/p>\n\n<p>Speed4Lifts S.L. no podr\u00e1 utilizar dichos datos para una finalidad distinta a la indicada en las presentes normas, trat\u00e1ndolos conforme a la legislaci\u00f3n vigente en materia de protecci\u00f3n de datos.<\/p>\n\n<h2 class=\"c-title-2 wp-block-heading\"><span class=\"ez-toc-section\" id=\"OTRAS_CONSIDERACIONES\"><\/span>OTRAS CONSIDERACIONES<span class=\"ez-toc-section-end\"><\/span><\/h2>\n\n<p>Speed4Lifts S.L. se reserva el derecho de suspender, cancelar, ampliar, recortar o modificar el concurso si las circunstancias lo obligan, sin necesidad de justificar la decisi\u00f3n y sin que pueda exigirse responsabilidad alguna como consecuencia de la misma, siempre de forma que no se perjudiquen los derechos adquiridos por los participantes.<\/p>\n\n<p>La inscripci\u00f3n en el concurso implica la aceptaci\u00f3n de las presentes Bases, as\u00ed como del criterio de Speed4Lifts S.L. en cuanto a la resoluci\u00f3n de cualquier cuesti\u00f3n derivada del concurso.<\/p>\n","protected":false},"excerpt":{"rendered":"<p>Condiciones generales 1. AVISO LEGAL Y CONDICIONES DE USO Puedo garantizarte que estar\u00e1s en un espacio 100% seguro, por tanto, cumpliendo con el deber de informaci\u00f3n recogido en el art\u00edculo 10 de la Ley 34\/2002, de 11 de julio, de Servicios de la Sociedad de la Informaci\u00f3n y de Comercio Electr\u00f3nico, a continuaci\u00f3n se indica: [&hellip;]<\/p>\n","protected":false},"author":28,"featured_media":0,"parent":0,"menu_order":0,"comment_status":"closed","ping_status":"closed","template":"","meta":{"_acf_changed":false,"yasr_overall_rating":0,"yasr_post_is_review":"","yasr_auto_insert_disabled":"","yasr_review_type":"","footnotes":""},"class_list":["post-22640","page","type-page","status-publish","hentry"],"acf":[],"yasr_visitor_votes":{"stars_attributes":{"read_only":false,"span_bottom":false},"number_of_votes":0,"sum_votes":0},"_links":{"self":[{"href":"https:\/\/pre.vitruve.fit\/es\/wp-json\/wp\/v2\/pages\/22640","targetHints":{"allow":["GET"]}}],"collection":[{"href":"https:\/\/pre.vitruve.fit\/es\/wp-json\/wp\/v2\/pages"}],"about":[{"href":"https:\/\/pre.vitruve.fit\/es\/wp-json\/wp\/v2\/types\/page"}],"author":[{"embeddable":true,"href":"https:\/\/pre.vitruve.fit\/es\/wp-json\/wp\/v2\/users\/28"}],"replies":[{"embeddable":true,"href":"https:\/\/pre.vitruve.fit\/es\/wp-json\/wp\/v2\/comments?post=22640"}],"version-history":[{"count":4,"href":"https:\/\/pre.vitruve.fit\/es\/wp-json\/wp\/v2\/pages\/22640\/revisions"}],"predecessor-version":[{"id":25576,"href":"https:\/\/pre.vitruve.fit\/es\/wp-json\/wp\/v2\/pages\/22640\/revisions\/25576"}],"wp:attachment":[{"href":"https:\/\/pre.vitruve.fit\/es\/wp-json\/wp\/v2\/media?parent=22640"}],"curies":[{"name":"wp","href":"https:\/\/api.w.org\/{rel}","templated":true}]}}