{"id":22646,"date":"2024-07-25T09:30:23","date_gmt":"2024-07-25T07:30:23","guid":{"rendered":"https:\/\/pre.vitruve.fit\/politica-de-cookies\/"},"modified":"2026-03-03T18:31:14","modified_gmt":"2026-03-03T17:31:14","slug":"politica-de-cookies","status":"publish","type":"page","link":"https:\/\/pre.vitruve.fit\/es\/politica-de-cookies\/","title":{"rendered":"Pol\u00edtica de cookies"},"content":{"rendered":"\n<h1 class=\"c-title-1 wp-block-heading has-text-align-center\"><span class=\"ez-toc-section\" id=\"Politica_de_cookies\"><\/span>Pol\u00edtica de cookies<span class=\"ez-toc-section-end\"><\/span><\/h1>\n\n<p>Esta Pol\u00edtica de Privacidad describe las pol\u00edticas de SPEED4LIFTS S.L. Calle Rio Segre n28 52C, Madrid 28935, Espa\u00f1a email: contact@pre.vitruve.fit<\/p>\n\n<p>Sobre la recogida, uso y divulgaci\u00f3n de tu informaci\u00f3n que recogemos cuando utilizas nuestro sitio web ( https:\/\/pre.vitruve.fit\/ ).<br\/>Este Sitio Web s\u00f3lo utiliza una \u00abCookie\u00bb que permite al Responsable del Tratamiento realizar su seguimiento, \u00fanicamente en el caso de que decidas registrarte como Usuario mediante la creaci\u00f3n de una cuenta, lo que permite conocer tus preferencias de navegaci\u00f3n durante tu sesi\u00f3n de Usuario.<\/p>\n\n<p>No se trata de una \u00abCookie\u00bb invasiva o nociva, por lo que no afectar\u00e1 en modo alguno al funcionamiento del ordenador del Usuario. No obstante, para que la \u00abCookie\u00bb funcione, debe almacenarse temporalmente en el disco duro del ordenador que utilices para acceder al Sitio Web, por lo que podr\u00e1s rechazar la \u00abCookie\u00bb en funci\u00f3n de la opci\u00f3n seleccionada en tu navegador de Internet. , que puede notificarte la presencia de esta \u00abCookie\u00bb o rechazarla autom\u00e1ticamente. En el caso de que la \u00abCookie\u00bb sea aceptada por el ordenador, \u00e9sta s\u00f3lo quedar\u00e1 almacenada en el disco duro de \u00e9ste de forma temporal, mientras dure tu sesi\u00f3n de usuario.<br\/>Adem\u00e1s de utilizar cookies, utilizamos tecnolog\u00edas de terceros para publicidad o medici\u00f3n de datos, con el fin de optimizar el sitio web y los servicios presentados. Para ello utilizamos:    <\/p>\n\n<ul class=\"wp-block-list\">\n<li>Google Analytics<\/li>\n\n\n\n<li>Remarketing de Google Analytics<\/li>\n\n\n\n<li>Informes de impresiones de la Red de Display de Google<\/li>\n\n\n\n<li>Informes demogr\u00e1ficos y de intereses de Google Analytics<\/li>\n\n\n\n<li>Google AdWords<\/li>\n\n\n\n<li>Anuncios en Facebook<\/li>\n<\/ul>\n\n<p>Criterios de conservaci\u00f3n de los datos: Se conservar\u00e1n mientras exista inter\u00e9s por parte del Usuario en mantener la finalidad del tratamiento, es decir, mientras no cancele la suscripci\u00f3n, ejerciendo as\u00ed su derecho de supresi\u00f3n.<\/p>\n\n<p>Si ejerces tu derecho de supresi\u00f3n, los Datos se conservar\u00e1n de forma restringida a disposici\u00f3n de las autoridades durante el plazo legal para hacer frente a posibles responsabilidades derivadas del tratamiento y uso de los datos.<\/p>\n\n<p>En el caso de los datos de facturaci\u00f3n, se conservar\u00e1n debidamente durante el tiempo necesario para la Agencia Estatal de Administraci\u00f3n Tributaria.<\/p>\n\n<p>Derechos que asisten al Usuario Derecho a retirar el consentimiento en cualquier momento.<br\/>Derecho de acceso, rectificaci\u00f3n y supresi\u00f3n de tus datos y la limitaci\u00f3n u oposici\u00f3n a su tratamiento.  <\/p>\n\n<h2 class=\"c-title-2 wp-block-heading\"><span class=\"ez-toc-section\" id=\"Derecho_de_acceso\"><\/span>Derecho de acceso<span class=\"ez-toc-section-end\"><\/span><\/h2>\n\n<p>El interesado tendr\u00e1 derecho a solicitar y obtener gratuitamente informaci\u00f3n sobre sus datos de car\u00e1cter personal sometidos a tratamiento, el origen de los mismos, as\u00ed como las comunicaciones realizadas o que se prevea realizar sobre ellos. Cuando el interesado presente la solicitud por medios electr\u00f3nicos, y salvo que solicite que se le facilite de otro modo, la informaci\u00f3n se le proporcionar\u00e1 en un formato electr\u00f3nico de uso com\u00fan. El derecho a obtener una copia no afectar\u00e1 negativamente a los derechos y libertades de terceros.  <\/p>\n\n<h2 class=\"c-title-2 wp-block-heading\"><span class=\"ez-toc-section\" id=\"Derecho_de_rectificacion_y_supresion\"><\/span>Derecho de rectificaci\u00f3n y supresi\u00f3n<span class=\"ez-toc-section-end\"><\/span><\/h2>\n\n<p>El responsable del tratamiento tendr\u00e1 la obligaci\u00f3n de hacer efectivo el derecho de rectificaci\u00f3n o supresi\u00f3n del interesado en el plazo de diez d\u00edas. Los datos personales cuyo tratamiento no se ajuste a lo dispuesto en la ley ser\u00e1n rectificados o suprimidos, en su caso, y en particular, cuando dichos datos sean inexactos e incompletos, tendr\u00e1s derecho a obtener, sin dilaci\u00f3n indebida, la rectificaci\u00f3n de las inexactitudes de los datos personales que te conciernan. El interesado tendr\u00e1 derecho a que se completen los datos personales incompletos, incluso mediante una declaraci\u00f3n adicional.   <\/p>\n\n<h2 class=\"c-title-2 wp-block-heading\"><span class=\"ez-toc-section\" id=\"Derecho_a_la_limitacion_del_tratamiento\"><\/span>Derecho a la limitaci\u00f3n del tratamiento<span class=\"ez-toc-section-end\"><\/span><\/h2>\n\n<p>El interesado tendr\u00e1 derecho a obtener del responsable del tratamiento la limitaci\u00f3n del tratamiento de los datos.<\/p>\n\n<h2 class=\"c-title-2 wp-block-heading\"><span class=\"ez-toc-section\" id=\"Derecho_de_oposicion\"><\/span>Derecho de oposici\u00f3n<span class=\"ez-toc-section-end\"><\/span><\/h2>\n\n<p>El interesado tendr\u00e1 derecho a oponerse en cualquier momento, por motivos relacionados con su situaci\u00f3n particular, a que los datos personales que le conciernan (inter\u00e9s p\u00fablico e inter\u00e9s leg\u00edtimo) sean objeto de tratamiento, incluida la elaboraci\u00f3n de perfiles en base a dichas previsiones. El Responsable dejar\u00e1 de tratar los datos personales, salvo que acredite motivos leg\u00edtimos imperiosos para el tratamiento que prevalezcan sobre los intereses, derechos y libertades del interesado, o para la formulaci\u00f3n, ejercicio o defensa de reclamaciones. <\/p>\n","protected":false},"excerpt":{"rendered":"<p>Pol\u00edtica de cookies Esta Pol\u00edtica de Privacidad describe las pol\u00edticas de SPEED4LIFTS S.L. Calle Rio Segre n28 52C, Madrid 28935, Espa\u00f1a email: contact@pre.vitruve.fit Sobre la recogida, uso y divulgaci\u00f3n de tu informaci\u00f3n que recogemos cuando utilizas nuestro sitio web ( https:\/\/pre.vitruve.fit\/ ).Este Sitio Web s\u00f3lo utiliza una \u00abCookie\u00bb que permite al Responsable del Tratamiento realizar [&hellip;]<\/p>\n","protected":false},"author":5,"featured_media":0,"parent":0,"menu_order":0,"comment_status":"closed","ping_status":"closed","template":"","meta":{"_acf_changed":false,"yasr_overall_rating":0,"yasr_post_is_review":"","yasr_auto_insert_disabled":"","yasr_review_type":"","footnotes":""},"class_list":["post-22646","page","type-page","status-publish","hentry"],"acf":[],"yasr_visitor_votes":{"stars_attributes":{"read_only":false,"span_bottom":false},"number_of_votes":0,"sum_votes":0},"_links":{"self":[{"href":"https:\/\/pre.vitruve.fit\/es\/wp-json\/wp\/v2\/pages\/22646","targetHints":{"allow":["GET"]}}],"collection":[{"href":"https:\/\/pre.vitruve.fit\/es\/wp-json\/wp\/v2\/pages"}],"about":[{"href":"https:\/\/pre.vitruve.fit\/es\/wp-json\/wp\/v2\/types\/page"}],"author":[{"embeddable":true,"href":"https:\/\/pre.vitruve.fit\/es\/wp-json\/wp\/v2\/users\/5"}],"replies":[{"embeddable":true,"href":"https:\/\/pre.vitruve.fit\/es\/wp-json\/wp\/v2\/comments?post=22646"}],"version-history":[{"count":1,"href":"https:\/\/pre.vitruve.fit\/es\/wp-json\/wp\/v2\/pages\/22646\/revisions"}],"predecessor-version":[{"id":22647,"href":"https:\/\/pre.vitruve.fit\/es\/wp-json\/wp\/v2\/pages\/22646\/revisions\/22647"}],"wp:attachment":[{"href":"https:\/\/pre.vitruve.fit\/es\/wp-json\/wp\/v2\/media?parent=22646"}],"curies":[{"name":"wp","href":"https:\/\/api.w.org\/{rel}","templated":true}]}}