{"id":23854,"date":"2024-06-04T17:24:41","date_gmt":"2024-06-04T15:24:41","guid":{"rendered":"https:\/\/pre.vitruve.fit\/recherche-sur-la-validite-de-lacces\/"},"modified":"2026-03-05T17:30:28","modified_gmt":"2026-03-05T16:30:28","slug":"recherche-sur-la-validite-de-lacces","status":"publish","type":"page","link":"https:\/\/pre.vitruve.fit\/fr\/recherche-sur-la-validite-de-lacces\/","title":{"rendered":"Recherche sur la validit\u00e9 de l&rsquo;acc\u00e8s"},"content":{"rendered":"\n<section id=\"image-coach-block_b9bac25c18cd0814f5f7e4bf8d3a224a\" class=\"vitruve-image-coach\">\n\t\n\t\n\t<div class=\"vitruve-image-coach__content\">\n\t\t<div class=\"vitruve-image-coach__inner\">\n\t\t\t\n\t\t\t\t\t<h2 class=\"vitruve-image-coach__title\">\n\t\t\t\tAcc\u00e9der \u00e0 la <span class=\"gradient-text\"> recherche sur la validit\u00e9<\/span>\t\t\t<\/h2>\n\t\t\n\t\t\t\t\t\t\t<p class=\"vitruve-image-coach__description\">\n\t\t\t\t\tFiabilit\u00e9 et validit\u00e9 actuelle de sept appareils disponibles dans le commerce pour l&#039;\u00e9valuation de la vitesse de mouvement. Nous vous l&#039;enverrons par e-mail, v\u00e9rifiez votre bo\u00eete de r\u00e9ception!\r\n\r\nVeuillez noter que l&#039;\u00e9tude fait r\u00e9f\u00e9rence \u00e0 Speed4Lifts, notre nom qui a chang\u00e9 en Vitruve, mais la pr\u00e9cision et l&#039;exactitude sont tout aussi bonnes puisqu&#039;il s&#039;agit du m\u00eame produit.\t\t\t\t<\/p>\n\t\t\t\n\t\t\t\n\t\t<\/div>\n\t<\/div>\n\n<\/section>\n\n\n\n\n<script charset=\"utf-8\" type=\"text\/javascript\" src=\"\/\/js-eu1.hsforms.net\/forms\/embed\/v2.js\"><\/script>\n<script>\n  hbspt.forms.create({\n    portalId: \"25783169\",\n    formId: \"6d80c6e2-5da0-4c65-86a8-966c1b0ed0dd\",\n    region: \"eu1\"\n  });\n<\/script>\n","protected":false},"excerpt":{"rendered":"","protected":false},"author":28,"featured_media":0,"parent":0,"menu_order":0,"comment_status":"closed","ping_status":"closed","template":"","meta":{"_acf_changed":false,"yasr_overall_rating":0,"yasr_post_is_review":"","yasr_auto_insert_disabled":"","yasr_review_type":"","footnotes":""},"class_list":["post-23854","page","type-page","status-publish","hentry"],"acf":[],"yasr_visitor_votes":{"stars_attributes":{"read_only":false,"span_bottom":false},"number_of_votes":0,"sum_votes":0},"_links":{"self":[{"href":"https:\/\/pre.vitruve.fit\/fr\/wp-json\/wp\/v2\/pages\/23854","targetHints":{"allow":["GET"]}}],"collection":[{"href":"https:\/\/pre.vitruve.fit\/fr\/wp-json\/wp\/v2\/pages"}],"about":[{"href":"https:\/\/pre.vitruve.fit\/fr\/wp-json\/wp\/v2\/types\/page"}],"author":[{"embeddable":true,"href":"https:\/\/pre.vitruve.fit\/fr\/wp-json\/wp\/v2\/users\/28"}],"replies":[{"embeddable":true,"href":"https:\/\/pre.vitruve.fit\/fr\/wp-json\/wp\/v2\/comments?post=23854"}],"version-history":[{"count":4,"href":"https:\/\/pre.vitruve.fit\/fr\/wp-json\/wp\/v2\/pages\/23854\/revisions"}],"predecessor-version":[{"id":25849,"href":"https:\/\/pre.vitruve.fit\/fr\/wp-json\/wp\/v2\/pages\/23854\/revisions\/25849"}],"wp:attachment":[{"href":"https:\/\/pre.vitruve.fit\/fr\/wp-json\/wp\/v2\/media?parent=23854"}],"curies":[{"name":"wp","href":"https:\/\/api.w.org\/{rel}","templated":true}]}}