{"id":23972,"date":"2025-12-31T15:06:23","date_gmt":"2025-12-31T14:06:23","guid":{"rendered":"https:\/\/pre.vitruve.fit\/programme-daffiliation\/"},"modified":"2026-03-03T19:36:01","modified_gmt":"2026-03-03T18:36:01","slug":"programme-daffiliation","status":"publish","type":"page","link":"https:\/\/pre.vitruve.fit\/fr\/programme-daffiliation\/","title":{"rendered":"Programme d&rsquo;affiliation"},"content":{"rendered":"\n<div class=\"wp-block-columns is-layout-flex wp-container-core-columns-is-layout-9d6595d7 wp-block-columns-is-layout-flex\">\n<div class=\"wp-block-column is-vertically-aligned-stretch is-layout-flow wp-block-column-is-layout-flow\">\n<section id=\"image-coach-block_5fe4c0427a7a6b1d283121b8ac3a70e8\" class=\"vitruve-image-coach\">\n\t\n\t\n\t<div class=\"vitruve-image-coach__content\">\n\t\t<div class=\"vitruve-image-coach__inner\">\n\t\t\t\n\t\t\t\t\t<h2 class=\"vitruve-image-coach__title\"><span class=\"ez-toc-section\" id=\"Devenez_un_affilie_de_Vitruve\"><\/span>\n\t\t\t\tDevenez un <span class=\"gradient-text\">affili\u00e9 de<\/span> Vitruve\t\t\t<span class=\"ez-toc-section-end\"><\/span><\/h2>\n\t\t\n\t\t\t\t\t\t\t<p class=\"vitruve-image-coach__description\">\n\t\t\t\t\tSoyez pay\u00e9 pour promouvoir Vitruve et aider d&#039;autres entra\u00eeneurs et athl\u00e8tes \u00e0 am\u00e9liorer leurs performances. Rejoignez notre programme d&#039;affiliation et gagnez jusqu&#039;\u00e0 15 % de commission sur toutes vos recommandations. \t\t\t\t<\/p>\n\t\t\t\n\t\t\t\n\t\t<\/div>\n\t<\/div>\n\n<\/section>\n\n<\/div>\n\n\n\n<div class=\"wp-block-column is-layout-flow wp-block-column-is-layout-flow\"><p><script charset=\"utf-8\" type=\"text\/javascript\" src=\"\/\/js-eu1.hsforms.net\/forms\/embed\/v2.js\"><\/script><br \/>\n<script>\n  hbspt.forms.create({\n    portalId: \"25783169\",\n    formId: \"41a4aa92-b2f3-418d-929c-142ffcd56480\",\n    region: \"eu1\"\n  });\n<\/script><\/p>\n<\/div>\n<\/div>\n\n<!-- 4. HTML DEL BLOQUE -->\n<section id=\"three-cards-showcase-block_57773a0cd19348cd411cff90ffff4602\" class=\"vitruve-three-cards-showcase\">\n\t<div class=\"vitruve-three-cards-showcase__container\">\n\t\t\n\t\t\t\t\t<!-- Header con t\u00edtulo y subt\u00edtulo -->\n\t\t\t<div class=\"vitruve-three-cards-showcase__header\">\n\t\t\t\t\n\t\t\t\t\t\t\t\t\t<h2 class=\"vitruve-three-cards-showcase__title\"><span class=\"ez-toc-section\" id=\"Comment_cela_fonctionne-t-il\"><\/span>\n\t\t\t\t\t\tComment cela fonctionne-t-il ?\t\t\t\t\t<span class=\"ez-toc-section-end\"><\/span><\/h2>\n\t\t\t\t\t\t\t\t\n\t\t\t\t\t\t\t\t\n\t\t\t<\/div>\n\t\t\t\t\n\t\t<!-- Grid de Cards -->\n\t\t<div class=\"vitruve-three-cards-showcase__grid\">\n\t\t\t\n\t\t\t\t\t<div class=\"vitruve-three-cards-showcase__card\">\n\t\t\t\t\n\t\t\t\t<!-- Imagen de fondo -->\n\t\t\t\t<div \n\t\t\t\t\tclass=\"vitruve-three-cards-showcase__card-image\"\n\t\t\t\t\tstyle=\"background-image: url('https:\/\/pre.vitruve.fit\/wp-content\/uploads\/2025\/12\/Join-the-program.png');\"\n\t\t\t\t\trole=\"img\"\n\t\t\t\t\taria-label=\"Tout le monde peut devenir affili\u00e9. Rejoignez le programme en cr\u00e9ant votre lien d&#039;affiliation unique. \"\n\t\t\t\t><\/div>\n\t\t\t\t\n\t\t\t\t<!-- Contenido: Badge y T\u00edtulo (fuera de la imagen) -->\n\t\t\t\t<div class=\"vitruve-three-cards-showcase__content\">\n\t\t\t\t\t\n\t\t\t\t<!-- Badge encima del t\u00edtulo -->\n\t\t\t\t\t\t\t\t\t\t\t\t\t\t\t<!-- Badge tipo Chip (pastilla con color) -->\n\t\t\t\t\t\t<div class=\"vitruve-badge vitruve-badge--purple vitruve-three-cards-showcase__badge\">\n\t\t\t\t\t\t\tParticipez au programme\t\t\t\t\t\t<\/div>\n\t\t\t\t\t\t\t\t\t\t\t\t\t\t\n\t\t\t\t\t<!-- T\u00edtulo -->\n\t\t\t\t\t\t\t\t\t\t\t<h3 class=\"vitruve-three-cards-showcase__card-title\"><span class=\"ez-toc-section\" id=\"Tout_le_monde_peut_devenir_affilie_Rejoignez_le_programme_en_creant_votre_lien_daffiliation_unique\"><\/span>\n\t\t\t\t\t\t\tTout le monde peut devenir affili\u00e9. Rejoignez le programme en cr\u00e9ant votre lien d&#039;affiliation unique. \t\t\t\t\t\t<span class=\"ez-toc-section-end\"><\/span><\/h3>\n\t\t\t\t\t\t\t\t\t\t\n\t\t\t\t<\/div>\n\t\t\t\t\n\t\t\t<\/div>\n\t\t\t\t\t<div class=\"vitruve-three-cards-showcase__card\">\n\t\t\t\t\n\t\t\t\t<!-- Imagen de fondo -->\n\t\t\t\t<div \n\t\t\t\t\tclass=\"vitruve-three-cards-showcase__card-image\"\n\t\t\t\t\tstyle=\"background-image: url('https:\/\/pre.vitruve.fit\/wp-content\/uploads\/2025\/12\/Create-Content.png');\"\n\t\t\t\t\trole=\"img\"\n\t\t\t\t\taria-label=\"Cr\u00e9ez du contenu et envoyez les visiteurs vers Vitruve en utilisant votre lien unique.\"\n\t\t\t\t><\/div>\n\t\t\t\t\n\t\t\t\t<!-- Contenido: Badge y T\u00edtulo (fuera de la imagen) -->\n\t\t\t\t<div class=\"vitruve-three-cards-showcase__content\">\n\t\t\t\t\t\n\t\t\t\t<!-- Badge encima del t\u00edtulo -->\n\t\t\t\t\t\t\t\t\t\t\t\t\t\t\t<!-- Badge tipo Chip (pastilla con color) -->\n\t\t\t\t\t\t<div class=\"vitruve-badge vitruve-badge--turquoise vitruve-three-cards-showcase__badge\">\n\t\t\t\t\t\t\tPromouvoir Vitruve\t\t\t\t\t\t<\/div>\n\t\t\t\t\t\t\t\t\t\t\t\t\t\t\n\t\t\t\t\t<!-- T\u00edtulo -->\n\t\t\t\t\t\t\t\t\t\t\t<h3 class=\"vitruve-three-cards-showcase__card-title\"><span class=\"ez-toc-section\" id=\"Creez_du_contenu_et_envoyez_les_visiteurs_vers_Vitruve_en_utilisant_votre_lien_unique\"><\/span>\n\t\t\t\t\t\t\tCr\u00e9ez du contenu et envoyez les visiteurs vers Vitruve en utilisant votre lien unique.\t\t\t\t\t\t<span class=\"ez-toc-section-end\"><\/span><\/h3>\n\t\t\t\t\t\t\t\t\t\t\n\t\t\t\t<\/div>\n\t\t\t\t\n\t\t\t<\/div>\n\t\t\t\t\t<div class=\"vitruve-three-cards-showcase__card\">\n\t\t\t\t\n\t\t\t\t<!-- Imagen de fondo -->\n\t\t\t\t<div \n\t\t\t\t\tclass=\"vitruve-three-cards-showcase__card-image\"\n\t\t\t\t\tstyle=\"background-image: url('https:\/\/pre.vitruve.fit\/wp-content\/uploads\/2025\/12\/Promote-Vitruve.png');\"\n\t\t\t\t\trole=\"img\"\n\t\t\t\t\taria-label=\"Gagnez jusqu&#039;\u00e0 15% de commission et profitez de vos revenus passifs.\"\n\t\t\t\t><\/div>\n\t\t\t\t\n\t\t\t\t<!-- Contenido: Badge y T\u00edtulo (fuera de la imagen) -->\n\t\t\t\t<div class=\"vitruve-three-cards-showcase__content\">\n\t\t\t\t\t\n\t\t\t\t<!-- Badge encima del t\u00edtulo -->\n\t\t\t\t\t\t\t\t\t\t\t\t\t\t\t<!-- Badge tipo Chip (pastilla con color) -->\n\t\t\t\t\t\t<div class=\"vitruve-badge vitruve-badge--yellow vitruve-three-cards-showcase__badge\">\n\t\t\t\t\t\t\tGagnez des r\u00e9compenses\t\t\t\t\t\t<\/div>\n\t\t\t\t\t\t\t\t\t\t\t\t\t\t\n\t\t\t\t\t<!-- T\u00edtulo -->\n\t\t\t\t\t\t\t\t\t\t\t<h3 class=\"vitruve-three-cards-showcase__card-title\"><span class=\"ez-toc-section\" id=\"Gagnez_jusqua_15_de_commission_et_profitez_de_vos_revenus_passifs\"><\/span>\n\t\t\t\t\t\t\tGagnez jusqu&#039;\u00e0 15% de commission et profitez de vos revenus passifs.\t\t\t\t\t\t<span class=\"ez-toc-section-end\"><\/span><\/h3>\n\t\t\t\t\t\t\t\t\t\t\n\t\t\t\t<\/div>\n\t\t\t\t\n\t\t\t<\/div>\n\t\t\t\t\t\n\t\t<\/div>\n\t\t\n\t<\/div>\n<\/section>\n\n<p><script charset=\"utf-8\" type=\"text\/javascript\" src=\"\/\/js-eu1.hsforms.net\/forms\/embed\/v2.js\"><\/script><br \/>\n<script>\n  hbspt.forms.create({\n    portalId: \"25783169\",\n    formId: \"41a4aa92-b2f3-418d-929c-142ffcd56480\",\n    region: \"eu1\"\n  });\n<\/script><\/p>\n\n<p><\/p>\n","protected":false},"excerpt":{"rendered":"","protected":false},"author":29,"featured_media":0,"parent":0,"menu_order":0,"comment_status":"closed","ping_status":"closed","template":"","meta":{"_acf_changed":false,"yasr_overall_rating":0,"yasr_post_is_review":"","yasr_auto_insert_disabled":"","yasr_review_type":"","footnotes":""},"class_list":["post-23972","page","type-page","status-publish","hentry"],"acf":[],"yasr_visitor_votes":{"stars_attributes":{"read_only":false,"span_bottom":false},"number_of_votes":0,"sum_votes":0},"_links":{"self":[{"href":"https:\/\/pre.vitruve.fit\/fr\/wp-json\/wp\/v2\/pages\/23972","targetHints":{"allow":["GET"]}}],"collection":[{"href":"https:\/\/pre.vitruve.fit\/fr\/wp-json\/wp\/v2\/pages"}],"about":[{"href":"https:\/\/pre.vitruve.fit\/fr\/wp-json\/wp\/v2\/types\/page"}],"author":[{"embeddable":true,"href":"https:\/\/pre.vitruve.fit\/fr\/wp-json\/wp\/v2\/users\/29"}],"replies":[{"embeddable":true,"href":"https:\/\/pre.vitruve.fit\/fr\/wp-json\/wp\/v2\/comments?post=23972"}],"version-history":[{"count":1,"href":"https:\/\/pre.vitruve.fit\/fr\/wp-json\/wp\/v2\/pages\/23972\/revisions"}],"predecessor-version":[{"id":23976,"href":"https:\/\/pre.vitruve.fit\/fr\/wp-json\/wp\/v2\/pages\/23972\/revisions\/23976"}],"wp:attachment":[{"href":"https:\/\/pre.vitruve.fit\/fr\/wp-json\/wp\/v2\/media?parent=23972"}],"curies":[{"name":"wp","href":"https:\/\/api.w.org\/{rel}","templated":true}]}}