{"id":24011,"date":"2025-12-31T16:43:55","date_gmt":"2025-12-31T15:43:55","guid":{"rendered":"https:\/\/pre.vitruve.fit\/reservez-une-demonstration\/"},"modified":"2026-03-03T19:40:10","modified_gmt":"2026-03-03T18:40:10","slug":"reservez-une-demonstration","status":"publish","type":"page","link":"https:\/\/pre.vitruve.fit\/fr\/reservez-une-demonstration\/","title":{"rendered":"R\u00e9servez une d\u00e9monstration"},"content":{"rendered":"\n<div style=\"height:100px\" aria-hidden=\"true\" class=\"wp-block-spacer\"><\/div>\n<h1 style=\"font-size:54px;\" class=\"has-text-align-center has-link-color wp-elements-de54e94aa33b201bccb9e121ef28cb08 wp-block-post-title has-text-color has-white-color\">R\u00e9servez une d\u00e9monstration<\/h1>\n<p class=\"has-text-align-center has-white-color has-text-color has-link-color wp-elements-6db2eee5e018347c974edb9b28c1920c\">S\u00e9lectionnez la solution qui vous int\u00e9resse et r\u00e9servez un appel vid\u00e9o avec l&rsquo;un de nos experts.<\/p>\n\n<!-- Calendly inline widget begin -->\n<div class=\"calendly-inline-widget\" data-url=\"https:\/\/calendly.com\/sales-team-n4gt?hide_landing_page_details=1&#038;hide_gdpr_banner=1&#038;background_color=100f11&#038;text_color=ffffff&#038;primary_color=6644ff\" style=\"min-width:320px;height:700px;\"><\/div>\n<script type=\"text\/javascript\" src=\"https:\/\/assets.calendly.com\/assets\/external\/widget.js\" async=\"\"><\/script>\n<!-- Calendly inline widget end -->\n","protected":false},"excerpt":{"rendered":"<p>S\u00e9lectionnez la solution qui vous int\u00e9resse et r\u00e9servez un appel vid\u00e9o avec l&rsquo;un de nos experts.<\/p>\n","protected":false},"author":3,"featured_media":0,"parent":0,"menu_order":0,"comment_status":"closed","ping_status":"closed","template":"","meta":{"_acf_changed":false,"yasr_overall_rating":0,"yasr_post_is_review":"","yasr_auto_insert_disabled":"","yasr_review_type":"","footnotes":""},"class_list":["post-24011","page","type-page","status-publish","hentry"],"acf":[],"yasr_visitor_votes":{"stars_attributes":{"read_only":false,"span_bottom":false},"number_of_votes":0,"sum_votes":0},"_links":{"self":[{"href":"https:\/\/pre.vitruve.fit\/fr\/wp-json\/wp\/v2\/pages\/24011","targetHints":{"allow":["GET"]}}],"collection":[{"href":"https:\/\/pre.vitruve.fit\/fr\/wp-json\/wp\/v2\/pages"}],"about":[{"href":"https:\/\/pre.vitruve.fit\/fr\/wp-json\/wp\/v2\/types\/page"}],"author":[{"embeddable":true,"href":"https:\/\/pre.vitruve.fit\/fr\/wp-json\/wp\/v2\/users\/3"}],"replies":[{"embeddable":true,"href":"https:\/\/pre.vitruve.fit\/fr\/wp-json\/wp\/v2\/comments?post=24011"}],"version-history":[{"count":1,"href":"https:\/\/pre.vitruve.fit\/fr\/wp-json\/wp\/v2\/pages\/24011\/revisions"}],"predecessor-version":[{"id":24012,"href":"https:\/\/pre.vitruve.fit\/fr\/wp-json\/wp\/v2\/pages\/24011\/revisions\/24012"}],"wp:attachment":[{"href":"https:\/\/pre.vitruve.fit\/fr\/wp-json\/wp\/v2\/media?parent=24011"}],"curies":[{"name":"wp","href":"https:\/\/api.w.org\/{rel}","templated":true}]}}