{"id":24017,"date":"2025-12-31T13:29:24","date_gmt":"2025-12-31T12:29:24","guid":{"rendered":"https:\/\/pre.vitruve.fit\/carrieres\/"},"modified":"2026-03-03T19:26:11","modified_gmt":"2026-03-03T18:26:11","slug":"carrieres","status":"publish","type":"page","link":"https:\/\/pre.vitruve.fit\/fr\/carrieres\/","title":{"rendered":"Carri\u00e8res"},"content":{"rendered":"\n<section id=\"image-coach-block_4cd8b3a9e2279a01b3878436827cbad4\" class=\"vitruve-image-coach\">\n\t\n\t\n\t<div class=\"vitruve-image-coach__content\">\n\t\t<div class=\"vitruve-image-coach__inner\">\n\t\t\t\n\t\t\t\t\t<h2 class=\"vitruve-image-coach__title\"><span class=\"ez-toc-section\" id=\"Rejoignez-nous_dans_notre_mission_dautonomisation_des_entraineurs_et_des_equipes\"><\/span>\n\t\t\t\t<span class=\"gradient-text\">Rejoignez-nous<\/span> dans notre mission d&rsquo;autonomisation des entra\u00eeneurs et des \u00e9quipes  \t\t\t<span class=\"ez-toc-section-end\"><\/span><\/h2>\n\t\t\n\t\t\t\t\t\t\t<p class=\"vitruve-image-coach__description\">\n\t\t\t\t\tNous sommes la startup qui perturbe l&#039;industrie de la force et de la condition physique. Nous allons plus vite que les g\u00e9ants et nous nous soucions davantage du produit. \u00cates-vous pr\u00eat \u00e0 relever le d\u00e9fi ?  \t\t\t\t<\/p>\n\t\t\t\n\t\t\t\t\t\t\t<div class=\"vitruve-image-coach__actions\">\n\t\t\t\t\t\n\t\t\t\t\t\t\t\t\t\t\t<a href=\"http:\/\/linkedin.com\/company\/25177108\/admin\/posted-jobs\/open\/\" class=\"vitruve-image-coach__cta vitruve-image-coach__cta--primary\" target=\"_blank\" rel=\"noopener\">\n\t\t\t\t\t\t\tVoir les postes \u00e0 pourvoir\t\t\t\t\t\t<\/a>\n\t\t\t\t\t\t\t\t\t<\/div>\n\t\t\t\n\t\t<\/div>\n\t<\/div>\n\n<\/section>\n\n\n<section \n\tid=\"logos-carousel-block_1799841bc399e961f32df0e5e2c01dbc\" \n\tclass=\"vitruve-logos-carousel\"\n\tstyle=\"--carousel-speed: 30s;\"\n>\n\t\t\t<h2 class=\"vitruve-logos-carousel__title\"><span class=\"ez-toc-section\" id=\"La_puissance_des_meilleures_equipes_du_monde\"><\/span>\n\t\t\tLa puissance des meilleures \u00e9quipes du monde\t\t<span class=\"ez-toc-section-end\"><\/span><\/h2>\n\t\t\n\t<div class=\"vitruve-logos-carousel__container\">\n\t\t<div class=\"vitruve-logos-carousel__track\">\n\t\t\t\n\t\t\t\t\t\t\t<!-- Primera iteraci\u00f3n de logos -->\n\t\t\t\t<div class=\"vitruve-logos-carousel__set\">\n\t\t\t\t\t\t\t\t\t\t\t\t\t\t\t\t\t\t<div class=\"vitruve-logos-carousel__item\">\n\t\t\t\t\t\t\t\t<img loading=\"lazy\" decoding=\"async\" width=\"300\" height=\"169\" src=\"https:\/\/pre.vitruve.fit\/wp-content\/uploads\/2025\/12\/16-9-F1-logo-1-300x169.webp\" class=\"vitruve-logos-carousel__image\" alt=\"\" srcset=\"https:\/\/pre.vitruve.fit\/wp-content\/uploads\/2025\/12\/16-9-F1-logo-1-300x169.webp 300w, https:\/\/pre.vitruve.fit\/wp-content\/uploads\/2025\/12\/16-9-F1-logo-1-1024x576.webp 1024w, https:\/\/pre.vitruve.fit\/wp-content\/uploads\/2025\/12\/16-9-F1-logo-1-768x432.webp 768w, https:\/\/pre.vitruve.fit\/wp-content\/uploads\/2025\/12\/16-9-F1-logo-1-1536x864.webp 1536w, https:\/\/pre.vitruve.fit\/wp-content\/uploads\/2025\/12\/16-9-F1-logo-1-2048x1151.webp 2048w, https:\/\/pre.vitruve.fit\/wp-content\/uploads\/2025\/12\/16-9-F1-logo-1-1920x1080.webp 1920w\" sizes=\"auto, (max-width: 300px) 100vw, 300px\" \/>\t\t\t\t\t\t\t<\/div>\n\t\t\t\t\t\t\t\t\t\t\t\t\t\t\t\t\t\t\t\t\t\t\t\t<div class=\"vitruve-logos-carousel__item\">\n\t\t\t\t\t\t\t\t<img loading=\"lazy\" decoding=\"async\" width=\"300\" height=\"169\" src=\"https:\/\/pre.vitruve.fit\/wp-content\/uploads\/2025\/12\/l16-9_logo-NFL-300x169.webp\" class=\"vitruve-logos-carousel__image\" alt=\"\" srcset=\"https:\/\/pre.vitruve.fit\/wp-content\/uploads\/2025\/12\/l16-9_logo-NFL-300x169.webp 300w, https:\/\/pre.vitruve.fit\/wp-content\/uploads\/2025\/12\/l16-9_logo-NFL.webp 720w\" sizes=\"auto, (max-width: 300px) 100vw, 300px\" \/>\t\t\t\t\t\t\t<\/div>\n\t\t\t\t\t\t\t\t\t\t\t\t\t\t\t\t\t\t\t\t\t\t\t\t<div class=\"vitruve-logos-carousel__item\">\n\t\t\t\t\t\t\t\t<img loading=\"lazy\" decoding=\"async\" width=\"300\" height=\"169\" src=\"https:\/\/pre.vitruve.fit\/wp-content\/uploads\/2025\/12\/nba-logo-300x169.png\" class=\"vitruve-logos-carousel__image\" alt=\"\" srcset=\"https:\/\/pre.vitruve.fit\/wp-content\/uploads\/2025\/12\/nba-logo-300x169.png 300w, https:\/\/pre.vitruve.fit\/wp-content\/uploads\/2025\/12\/nba-logo-1024x576.png 1024w, https:\/\/pre.vitruve.fit\/wp-content\/uploads\/2025\/12\/nba-logo-768x432.png 768w, https:\/\/pre.vitruve.fit\/wp-content\/uploads\/2025\/12\/nba-logo.png 1200w\" sizes=\"auto, (max-width: 300px) 100vw, 300px\" \/>\t\t\t\t\t\t\t<\/div>\n\t\t\t\t\t\t\t\t\t\t\t\t\t\t\t\t\t\t\t\t\t\t\t\t<div class=\"vitruve-logos-carousel__item\">\n\t\t\t\t\t\t\t\t<img loading=\"lazy\" decoding=\"async\" width=\"300\" height=\"169\" src=\"https:\/\/pre.vitruve.fit\/wp-content\/uploads\/2025\/12\/16-9_USARUGBY_logo-300x169.webp\" class=\"vitruve-logos-carousel__image\" alt=\"\" srcset=\"https:\/\/pre.vitruve.fit\/wp-content\/uploads\/2025\/12\/16-9_USARUGBY_logo-300x169.webp 300w, https:\/\/pre.vitruve.fit\/wp-content\/uploads\/2025\/12\/16-9_USARUGBY_logo.webp 532w\" sizes=\"auto, (max-width: 300px) 100vw, 300px\" \/>\t\t\t\t\t\t\t<\/div>\n\t\t\t\t\t\t\t\t\t\t\t\t\t\t\t\t\t\t\t\t\t\t\t\t<div class=\"vitruve-logos-carousel__item\">\n\t\t\t\t\t\t\t\t<img loading=\"lazy\" decoding=\"async\" width=\"300\" height=\"169\" src=\"https:\/\/pre.vitruve.fit\/wp-content\/uploads\/2025\/12\/16-9_UFL-logo-300x169.webp\" class=\"vitruve-logos-carousel__image\" alt=\"\" srcset=\"https:\/\/pre.vitruve.fit\/wp-content\/uploads\/2025\/12\/16-9_UFL-logo-300x169.webp 300w, https:\/\/pre.vitruve.fit\/wp-content\/uploads\/2025\/12\/16-9_UFL-logo.webp 720w\" sizes=\"auto, (max-width: 300px) 100vw, 300px\" \/>\t\t\t\t\t\t\t<\/div>\n\t\t\t\t\t\t\t\t\t\t\t\t\t\t\t\t\t\t\t\t\t\t\t\t<div class=\"vitruve-logos-carousel__item\">\n\t\t\t\t\t\t\t\t<img loading=\"lazy\" decoding=\"async\" width=\"300\" height=\"169\" src=\"https:\/\/pre.vitruve.fit\/wp-content\/uploads\/2025\/12\/16-9_premiere_logo-300x169.webp\" class=\"vitruve-logos-carousel__image\" alt=\"\" srcset=\"https:\/\/pre.vitruve.fit\/wp-content\/uploads\/2025\/12\/16-9_premiere_logo-300x169.webp 300w, https:\/\/pre.vitruve.fit\/wp-content\/uploads\/2025\/12\/16-9_premiere_logo.webp 720w\" sizes=\"auto, (max-width: 300px) 100vw, 300px\" \/>\t\t\t\t\t\t\t<\/div>\n\t\t\t\t\t\t\t\t\t\t\t\t\t\t\t\t\t\t\t\t\t\t\t\t<div class=\"vitruve-logos-carousel__item\">\n\t\t\t\t\t\t\t\t<img loading=\"lazy\" decoding=\"async\" width=\"300\" height=\"169\" src=\"https:\/\/pre.vitruve.fit\/wp-content\/uploads\/2025\/12\/16-9_NHL_logo-300x169.webp\" class=\"vitruve-logos-carousel__image\" alt=\"\" srcset=\"https:\/\/pre.vitruve.fit\/wp-content\/uploads\/2025\/12\/16-9_NHL_logo-300x169.webp 300w, https:\/\/pre.vitruve.fit\/wp-content\/uploads\/2025\/12\/16-9_NHL_logo.webp 720w\" sizes=\"auto, (max-width: 300px) 100vw, 300px\" \/>\t\t\t\t\t\t\t<\/div>\n\t\t\t\t\t\t\t\t\t\t\t\t\t\t\t\t\t\t\t\t\t\t\t\t<div class=\"vitruve-logos-carousel__item\">\n\t\t\t\t\t\t\t\t<img loading=\"lazy\" decoding=\"async\" width=\"300\" height=\"169\" src=\"https:\/\/pre.vitruve.fit\/wp-content\/uploads\/2025\/12\/16-9_NCAA_logo-300x169.webp\" class=\"vitruve-logos-carousel__image\" alt=\"\" srcset=\"https:\/\/pre.vitruve.fit\/wp-content\/uploads\/2025\/12\/16-9_NCAA_logo-300x169.webp 300w, https:\/\/pre.vitruve.fit\/wp-content\/uploads\/2025\/12\/16-9_NCAA_logo.webp 720w\" sizes=\"auto, (max-width: 300px) 100vw, 300px\" \/>\t\t\t\t\t\t\t<\/div>\n\t\t\t\t\t\t\t\t\t\t\t\t\t\t\t\t\t\t\t\t\t\t\t\t<div class=\"vitruve-logos-carousel__item\">\n\t\t\t\t\t\t\t\t<img loading=\"lazy\" decoding=\"async\" width=\"300\" height=\"169\" src=\"https:\/\/pre.vitruve.fit\/wp-content\/uploads\/2025\/12\/16-9_MLS_logo-300x169.webp\" class=\"vitruve-logos-carousel__image\" alt=\"\" srcset=\"https:\/\/pre.vitruve.fit\/wp-content\/uploads\/2025\/12\/16-9_MLS_logo-300x169.webp 300w, https:\/\/pre.vitruve.fit\/wp-content\/uploads\/2025\/12\/16-9_MLS_logo.webp 720w\" sizes=\"auto, (max-width: 300px) 100vw, 300px\" \/>\t\t\t\t\t\t\t<\/div>\n\t\t\t\t\t\t\t\t\t\t\t\t\t\t\t\t\t\t\t\t\t\t\t\t<div class=\"vitruve-logos-carousel__item\">\n\t\t\t\t\t\t\t\t<img loading=\"lazy\" decoding=\"async\" width=\"300\" height=\"169\" src=\"https:\/\/pre.vitruve.fit\/wp-content\/uploads\/2025\/12\/16-9_MLB-300x169.webp\" class=\"vitruve-logos-carousel__image\" alt=\"\" srcset=\"https:\/\/pre.vitruve.fit\/wp-content\/uploads\/2025\/12\/16-9_MLB-300x169.webp 300w, https:\/\/pre.vitruve.fit\/wp-content\/uploads\/2025\/12\/16-9_MLB.webp 720w\" sizes=\"auto, (max-width: 300px) 100vw, 300px\" \/>\t\t\t\t\t\t\t<\/div>\n\t\t\t\t\t\t\t\t\t\t\t\t\t\t\t<\/div>\n\n\t\t\t\t<!-- Duplicado de logos para loop infinito -->\n\t\t\t\t<div class=\"vitruve-logos-carousel__set\" aria-hidden=\"true\">\n\t\t\t\t\t\t\t\t\t\t\t\t\t\t\t\t\t\t<div class=\"vitruve-logos-carousel__item\">\n\t\t\t\t\t\t\t\t<img loading=\"lazy\" decoding=\"async\" width=\"300\" height=\"169\" src=\"https:\/\/pre.vitruve.fit\/wp-content\/uploads\/2025\/12\/16-9-F1-logo-1-300x169.webp\" class=\"vitruve-logos-carousel__image\" alt=\"\" srcset=\"https:\/\/pre.vitruve.fit\/wp-content\/uploads\/2025\/12\/16-9-F1-logo-1-300x169.webp 300w, https:\/\/pre.vitruve.fit\/wp-content\/uploads\/2025\/12\/16-9-F1-logo-1-1024x576.webp 1024w, https:\/\/pre.vitruve.fit\/wp-content\/uploads\/2025\/12\/16-9-F1-logo-1-768x432.webp 768w, https:\/\/pre.vitruve.fit\/wp-content\/uploads\/2025\/12\/16-9-F1-logo-1-1536x864.webp 1536w, https:\/\/pre.vitruve.fit\/wp-content\/uploads\/2025\/12\/16-9-F1-logo-1-2048x1151.webp 2048w, https:\/\/pre.vitruve.fit\/wp-content\/uploads\/2025\/12\/16-9-F1-logo-1-1920x1080.webp 1920w\" sizes=\"auto, (max-width: 300px) 100vw, 300px\" \/>\t\t\t\t\t\t\t<\/div>\n\t\t\t\t\t\t\t\t\t\t\t\t\t\t\t\t\t\t\t\t\t\t\t\t<div class=\"vitruve-logos-carousel__item\">\n\t\t\t\t\t\t\t\t<img loading=\"lazy\" decoding=\"async\" width=\"300\" height=\"169\" src=\"https:\/\/pre.vitruve.fit\/wp-content\/uploads\/2025\/12\/l16-9_logo-NFL-300x169.webp\" class=\"vitruve-logos-carousel__image\" alt=\"\" srcset=\"https:\/\/pre.vitruve.fit\/wp-content\/uploads\/2025\/12\/l16-9_logo-NFL-300x169.webp 300w, https:\/\/pre.vitruve.fit\/wp-content\/uploads\/2025\/12\/l16-9_logo-NFL.webp 720w\" sizes=\"auto, (max-width: 300px) 100vw, 300px\" \/>\t\t\t\t\t\t\t<\/div>\n\t\t\t\t\t\t\t\t\t\t\t\t\t\t\t\t\t\t\t\t\t\t\t\t<div class=\"vitruve-logos-carousel__item\">\n\t\t\t\t\t\t\t\t<img loading=\"lazy\" decoding=\"async\" width=\"300\" height=\"169\" src=\"https:\/\/pre.vitruve.fit\/wp-content\/uploads\/2025\/12\/nba-logo-300x169.png\" class=\"vitruve-logos-carousel__image\" alt=\"\" srcset=\"https:\/\/pre.vitruve.fit\/wp-content\/uploads\/2025\/12\/nba-logo-300x169.png 300w, https:\/\/pre.vitruve.fit\/wp-content\/uploads\/2025\/12\/nba-logo-1024x576.png 1024w, https:\/\/pre.vitruve.fit\/wp-content\/uploads\/2025\/12\/nba-logo-768x432.png 768w, https:\/\/pre.vitruve.fit\/wp-content\/uploads\/2025\/12\/nba-logo.png 1200w\" sizes=\"auto, (max-width: 300px) 100vw, 300px\" \/>\t\t\t\t\t\t\t<\/div>\n\t\t\t\t\t\t\t\t\t\t\t\t\t\t\t\t\t\t\t\t\t\t\t\t<div class=\"vitruve-logos-carousel__item\">\n\t\t\t\t\t\t\t\t<img loading=\"lazy\" decoding=\"async\" width=\"300\" height=\"169\" src=\"https:\/\/pre.vitruve.fit\/wp-content\/uploads\/2025\/12\/16-9_USARUGBY_logo-300x169.webp\" class=\"vitruve-logos-carousel__image\" alt=\"\" srcset=\"https:\/\/pre.vitruve.fit\/wp-content\/uploads\/2025\/12\/16-9_USARUGBY_logo-300x169.webp 300w, https:\/\/pre.vitruve.fit\/wp-content\/uploads\/2025\/12\/16-9_USARUGBY_logo.webp 532w\" sizes=\"auto, (max-width: 300px) 100vw, 300px\" \/>\t\t\t\t\t\t\t<\/div>\n\t\t\t\t\t\t\t\t\t\t\t\t\t\t\t\t\t\t\t\t\t\t\t\t<div class=\"vitruve-logos-carousel__item\">\n\t\t\t\t\t\t\t\t<img loading=\"lazy\" decoding=\"async\" width=\"300\" height=\"169\" src=\"https:\/\/pre.vitruve.fit\/wp-content\/uploads\/2025\/12\/16-9_UFL-logo-300x169.webp\" class=\"vitruve-logos-carousel__image\" alt=\"\" srcset=\"https:\/\/pre.vitruve.fit\/wp-content\/uploads\/2025\/12\/16-9_UFL-logo-300x169.webp 300w, https:\/\/pre.vitruve.fit\/wp-content\/uploads\/2025\/12\/16-9_UFL-logo.webp 720w\" sizes=\"auto, (max-width: 300px) 100vw, 300px\" \/>\t\t\t\t\t\t\t<\/div>\n\t\t\t\t\t\t\t\t\t\t\t\t\t\t\t\t\t\t\t\t\t\t\t\t<div class=\"vitruve-logos-carousel__item\">\n\t\t\t\t\t\t\t\t<img loading=\"lazy\" decoding=\"async\" width=\"300\" height=\"169\" src=\"https:\/\/pre.vitruve.fit\/wp-content\/uploads\/2025\/12\/16-9_premiere_logo-300x169.webp\" class=\"vitruve-logos-carousel__image\" alt=\"\" srcset=\"https:\/\/pre.vitruve.fit\/wp-content\/uploads\/2025\/12\/16-9_premiere_logo-300x169.webp 300w, https:\/\/pre.vitruve.fit\/wp-content\/uploads\/2025\/12\/16-9_premiere_logo.webp 720w\" sizes=\"auto, (max-width: 300px) 100vw, 300px\" \/>\t\t\t\t\t\t\t<\/div>\n\t\t\t\t\t\t\t\t\t\t\t\t\t\t\t\t\t\t\t\t\t\t\t\t<div class=\"vitruve-logos-carousel__item\">\n\t\t\t\t\t\t\t\t<img loading=\"lazy\" decoding=\"async\" width=\"300\" height=\"169\" src=\"https:\/\/pre.vitruve.fit\/wp-content\/uploads\/2025\/12\/16-9_NHL_logo-300x169.webp\" class=\"vitruve-logos-carousel__image\" alt=\"\" srcset=\"https:\/\/pre.vitruve.fit\/wp-content\/uploads\/2025\/12\/16-9_NHL_logo-300x169.webp 300w, https:\/\/pre.vitruve.fit\/wp-content\/uploads\/2025\/12\/16-9_NHL_logo.webp 720w\" sizes=\"auto, (max-width: 300px) 100vw, 300px\" \/>\t\t\t\t\t\t\t<\/div>\n\t\t\t\t\t\t\t\t\t\t\t\t\t\t\t\t\t\t\t\t\t\t\t\t<div class=\"vitruve-logos-carousel__item\">\n\t\t\t\t\t\t\t\t<img loading=\"lazy\" decoding=\"async\" width=\"300\" height=\"169\" src=\"https:\/\/pre.vitruve.fit\/wp-content\/uploads\/2025\/12\/16-9_NCAA_logo-300x169.webp\" class=\"vitruve-logos-carousel__image\" alt=\"\" srcset=\"https:\/\/pre.vitruve.fit\/wp-content\/uploads\/2025\/12\/16-9_NCAA_logo-300x169.webp 300w, https:\/\/pre.vitruve.fit\/wp-content\/uploads\/2025\/12\/16-9_NCAA_logo.webp 720w\" sizes=\"auto, (max-width: 300px) 100vw, 300px\" \/>\t\t\t\t\t\t\t<\/div>\n\t\t\t\t\t\t\t\t\t\t\t\t\t\t\t\t\t\t\t\t\t\t\t\t<div class=\"vitruve-logos-carousel__item\">\n\t\t\t\t\t\t\t\t<img loading=\"lazy\" decoding=\"async\" width=\"300\" height=\"169\" src=\"https:\/\/pre.vitruve.fit\/wp-content\/uploads\/2025\/12\/16-9_MLS_logo-300x169.webp\" class=\"vitruve-logos-carousel__image\" alt=\"\" srcset=\"https:\/\/pre.vitruve.fit\/wp-content\/uploads\/2025\/12\/16-9_MLS_logo-300x169.webp 300w, https:\/\/pre.vitruve.fit\/wp-content\/uploads\/2025\/12\/16-9_MLS_logo.webp 720w\" sizes=\"auto, (max-width: 300px) 100vw, 300px\" \/>\t\t\t\t\t\t\t<\/div>\n\t\t\t\t\t\t\t\t\t\t\t\t\t\t\t\t\t\t\t\t\t\t\t\t<div class=\"vitruve-logos-carousel__item\">\n\t\t\t\t\t\t\t\t<img loading=\"lazy\" decoding=\"async\" width=\"300\" height=\"169\" src=\"https:\/\/pre.vitruve.fit\/wp-content\/uploads\/2025\/12\/16-9_MLB-300x169.webp\" class=\"vitruve-logos-carousel__image\" alt=\"\" srcset=\"https:\/\/pre.vitruve.fit\/wp-content\/uploads\/2025\/12\/16-9_MLB-300x169.webp 300w, https:\/\/pre.vitruve.fit\/wp-content\/uploads\/2025\/12\/16-9_MLB.webp 720w\" sizes=\"auto, (max-width: 300px) 100vw, 300px\" \/>\t\t\t\t\t\t\t<\/div>\n\t\t\t\t\t\t\t\t\t\t\t\t\t\t\t<\/div>\n\t\t\t\n\t\t<\/div>\n\t<\/div>\n<\/section>\n\n\n<h2 class=\"wp-block-heading has-text-align-center has-white-color has-text-color has-link-color has-x-large-font-size wp-elements-605972528b81d56bad5c531d7f218b4f\"><span class=\"ez-toc-section\" id=\"Nos_valeurs\"><\/span>Nos valeurs<span class=\"ez-toc-section-end\"><\/span><\/h2>\n\n<section id=\"info-links-grid-block_50301800b03352f66d7717a26487b2a2\" class=\"vitruve-info-links-grid vitruve-info-links-grid--cards-4\">\n\t<div class=\"vitruve-info-links-grid__container\">\n\t\t<div class=\"vitruve-info-links-grid__grid\">\n\t\t\t\n\t\t\t\t\t\t\t<div class=\"vitruve-info-links-grid__card\" style=\"--card-index: 0\">\n\t\t\t\t\t\n\t\t\t\t\t<h3 class=\"vitruve-info-links-grid__card-title\"><span class=\"ez-toc-section\" id=\"Propriete_extreme\"><\/span>\n\t\t\t\t\t\tPropri\u00e9t\u00e9 extr\u00eame\t\t\t\t\t<span class=\"ez-toc-section-end\"><\/span><\/h3>\n\t\t\t\t\t\n\t\t\t\t\t\t\t\t\t\t\t<p class=\"vitruve-info-links-grid__card-description\">\n\t\t\t\t\t\t\tVous \u00eates le PDG de votre fonction. Nous d\u00e9testons la microgestion. Chez Vitruve, vous n&#039;avez pas besoin de trois niveaux d&#039;approbation pour prendre une d\u00e9cision. Nous recrutons des personnes intelligentes et leur donnons les cl\u00e9s. Vous avez l&#039;autonomie de d\u00e9cider, la libert\u00e9 d&#039;ex\u00e9cuter et la confiance de mener vos projets du d\u00e9but \u00e0 la fin.    \t\t\t\t\t\t<\/p>\n\t\t\t\t\t\t\t\t\t\t\n\t\t\t\t\t\t\t\t\t\t\n\t\t\t\t<\/div>\n\t\t\t\t\t\t\t<div class=\"vitruve-info-links-grid__card\" style=\"--card-index: 1\">\n\t\t\t\t\t\n\t\t\t\t\t<h3 class=\"vitruve-info-links-grid__card-title\"><span class=\"ez-toc-section\" id=\"Le_parti_pris_pour_laction\"><\/span>\n\t\t\t\t\t\tLe parti pris pour l&#039;action\t\t\t\t\t<span class=\"ez-toc-section-end\"><\/span><\/h3>\n\t\t\t\t\t\n\t\t\t\t\t\t\t\t\t\t\t<p class=\"vitruve-info-links-grid__card-description\">\n\t\t\t\t\t\t\tVoyez votre impact instantan\u00e9ment. Dans les grandes entreprises, vous attendez des mois avant de voir votre travail mis en \u0153uvre. Ici, vous pouvez livrer une fonctionnalit\u00e9 le mardi et voir une \u00e9quipe de Premier League l&#039;utiliser le mercredi. Nous avan\u00e7ons vite, non pas parce que nous sommes stress\u00e9s, mais parce que nous sommes passionn\u00e9s. Nous privil\u00e9gions l&#039;\u00e9lan et l&#039;apprentissage \u00e0 l&#039;infini    \t\t\t\t\t\t<\/p>\n\t\t\t\t\t\t\t\t\t\t\n\t\t\t\t\t\t\t\t\t\t\n\t\t\t\t<\/div>\n\t\t\t\t\t\t\t<div class=\"vitruve-info-links-grid__card\" style=\"--card-index: 2\">\n\t\t\t\t\t\n\t\t\t\t\t<h3 class=\"vitruve-info-links-grid__card-title\"><span class=\"ez-toc-section\" id=\"Une_curiosite_sans_fin\"><\/span>\n\t\t\t\t\t\tUne curiosit\u00e9 sans fin\t\t\t\t\t<span class=\"ez-toc-section-end\"><\/span><\/h3>\n\t\t\t\t\t\n\t\t\t\t\t\t\t\t\t\t\t<p class=\"vitruve-info-links-grid__card-description\">\n\t\t\t\t\t\t\t\u00c9voluez plus vite que l&#039;entreprise. Nous ne nous int\u00e9ressons pas \u00e0 ce que vous saviez hier, mais \u00e0 ce que vous pouvez apprendre aujourd&#039;hui. Nous sommes une \u00e9quipe d&#039;explorateurs. Si vous ne savez pas quelque chose, nous vous aidons \u00e0 le ma\u00eetriser. Nous construisons quelque chose qui n&#039;existe pas encore, nous apprenons donc tous ensemble chaque jour.    \t\t\t\t\t\t<\/p>\n\t\t\t\t\t\t\t\t\t\t\n\t\t\t\t\t\t\t\t\t\t\n\t\t\t\t<\/div>\n\t\t\t\t\t\t\t<div class=\"vitruve-info-links-grid__card\" style=\"--card-index: 3\">\n\t\t\t\t\t\n\t\t\t\t\t<h3 class=\"vitruve-info-links-grid__card-title\"><span class=\"ez-toc-section\" id=\"Observer_lutilisateur\"><\/span>\n\t\t\t\t\t\tObserver l&#039;utilisateur\t\t\t\t\t<span class=\"ez-toc-section-end\"><\/span><\/h3>\n\t\t\t\t\t\n\t\t\t\t\t\t\t\t\t\t\t<p class=\"vitruve-info-links-grid__card-description\">\n\t\t\t\t\t\t\tLa puissance de l&#039;\u00e9lite mondiale. Notre code et notre mat\u00e9riel aident les athl\u00e8tes olympiques \u00e0 remporter des m\u00e9dailles d&#039;or. C&#039;est un privil\u00e8ge. Nous sommes fiers de notre m\u00e9tier car nos utilisateurs d\u00e9pendent de nous pour donner le meilleur d&#039;eux-m\u00eames. Nous ne nous contentons pas de cr\u00e9er des logiciels, nous cr\u00e9ons les outils n\u00e9cessaires \u00e0 l&#039;excellence humaine.    \t\t\t\t\t\t<\/p>\n\t\t\t\t\t\t\t\t\t\t\n\t\t\t\t\t\t\t\t\t\t\n\t\t\t\t<\/div>\n\t\t\t\n\t\t<\/div>\n\t<\/div>\n<\/section>\n\n\n<!-- 4. HTML DEL BLOQUE -->\n<section id=\"text-image-card-block_22a1935c1771b9887e16dde5ff17c3dc\" class=\"vitruve-text-image-card\">\n\t<div class=\"vitruve-text-image-card__container\">\n\t\t<div class=\"vitruve-text-image-card__inner\">\n\t\t\t\n\t\t\t<!-- Contenido: Badge, T\u00edtulo, Subt\u00edtulo, Bot\u00f3n -->\n\t\t\t<div class=\"vitruve-text-image-card__content\">\n\t\t\t\t\n\t\t\t\t<!-- Badge -->\n\t\t\t\t\t\t\t\t\t<div class=\"vitruve-badge vitruve-badge--blue\">\n\t\t\t\t\t\tRejoignez l&#039;\u00e9quipe Vitruve\t\t\t\t\t<\/div>\n\t\t\t\t\t\t\t\t\n\t\t\t\t<!-- T\u00edtulo -->\n\t\t\t\t\t\t\t\t\t<h2 class=\"vitruve-text-image-card__title\"><span class=\"ez-toc-section\" id=\"Vous_sentez-vous_identifie\"><\/span>\n\t\t\t\t\t\tVous sentez-vous identifi\u00e9 ?\t\t\t\t\t<span class=\"ez-toc-section-end\"><\/span><\/h2>\n\t\t\t\t\t\t\t\t\n\t\t\t\t<!-- Subt\u00edtulo -->\n\t\t\t\t\t\t\t\t\t<p class=\"vitruve-text-image-card__subtitle\">\n\t\t\t\t\t\tSi vous aimez le sport, le rythme rapide des startups, et que vous voulez faire partie de la prochaine r\u00e9volution S&amp;C, Vitruve est l&#039;endroit qu&#039;il vous faut.\t\t\t\t\t<\/p>\n\t\t\t\t\t\t\t\t\n\t\t\t\t<!-- Bot\u00f3n -->\n\t\t\t\t\t\t\t\t\t<a href=\"https:\/\/www.linkedin.com\/company\/25177108\/admin\/posted-jobs\/open\/\" class=\"vitruve-text-image-card__button\" target=\"_blank\" rel=\"noopener\">\n\t\t\t\t\t\tVenez faire du rock avec nous\t\t\t\t\t<\/a>\n\t\t\t\t\t\t\t\t\n\t\t\t<\/div>\n\t\t\t\n\t\t\t<!-- Imagen -->\n\t\t\t<div class=\"vitruve-text-image-card__media\">\n\t\t\t\t<img loading=\"lazy\" decoding=\"async\" width=\"1024\" height=\"768\" src=\"https:\/\/pre.vitruve.fit\/wp-content\/uploads\/2026\/01\/oscar-iker-1024x768.webp\" class=\"vitruve-text-image-card__image\" alt=\"\" srcset=\"https:\/\/pre.vitruve.fit\/wp-content\/uploads\/2026\/01\/oscar-iker-1024x768.webp 1024w, https:\/\/pre.vitruve.fit\/wp-content\/uploads\/2026\/01\/oscar-iker-300x225.webp 300w, https:\/\/pre.vitruve.fit\/wp-content\/uploads\/2026\/01\/oscar-iker-768x576.webp 768w, https:\/\/pre.vitruve.fit\/wp-content\/uploads\/2026\/01\/oscar-iker-400x300.webp 400w, https:\/\/pre.vitruve.fit\/wp-content\/uploads\/2026\/01\/oscar-iker.webp 1080w\" sizes=\"auto, (max-width: 1024px) 100vw, 1024px\" \/>\t\t\t<\/div>\n\t\t<\/div>\n\t<\/div>\n<\/section>\n","protected":false},"excerpt":{"rendered":"<p>Nos valeurs<\/p>\n","protected":false},"author":3,"featured_media":0,"parent":0,"menu_order":0,"comment_status":"closed","ping_status":"closed","template":"","meta":{"_acf_changed":false,"yasr_overall_rating":0,"yasr_post_is_review":"","yasr_auto_insert_disabled":"","yasr_review_type":"","footnotes":""},"class_list":["post-24017","page","type-page","status-publish","hentry"],"acf":[],"yasr_visitor_votes":{"stars_attributes":{"read_only":false,"span_bottom":false},"number_of_votes":0,"sum_votes":0},"_links":{"self":[{"href":"https:\/\/pre.vitruve.fit\/fr\/wp-json\/wp\/v2\/pages\/24017","targetHints":{"allow":["GET"]}}],"collection":[{"href":"https:\/\/pre.vitruve.fit\/fr\/wp-json\/wp\/v2\/pages"}],"about":[{"href":"https:\/\/pre.vitruve.fit\/fr\/wp-json\/wp\/v2\/types\/page"}],"author":[{"embeddable":true,"href":"https:\/\/pre.vitruve.fit\/fr\/wp-json\/wp\/v2\/users\/3"}],"replies":[{"embeddable":true,"href":"https:\/\/pre.vitruve.fit\/fr\/wp-json\/wp\/v2\/comments?post=24017"}],"version-history":[{"count":1,"href":"https:\/\/pre.vitruve.fit\/fr\/wp-json\/wp\/v2\/pages\/24017\/revisions"}],"predecessor-version":[{"id":24019,"href":"https:\/\/pre.vitruve.fit\/fr\/wp-json\/wp\/v2\/pages\/24017\/revisions\/24019"}],"wp:attachment":[{"href":"https:\/\/pre.vitruve.fit\/fr\/wp-json\/wp\/v2\/media?parent=24017"}],"curies":[{"name":"wp","href":"https:\/\/api.w.org\/{rel}","templated":true}]}}