{"id":24121,"date":"2025-12-31T13:33:08","date_gmt":"2025-12-31T12:33:08","guid":{"rendered":"https:\/\/pre.vitruve.fit\/contact\/"},"modified":"2026-03-03T19:35:49","modified_gmt":"2026-03-03T18:35:49","slug":"contact","status":"publish","type":"page","link":"https:\/\/pre.vitruve.fit\/fr\/contact\/","title":{"rendered":"Contact"},"content":{"rendered":"\n<section id=\"contact-cards-block_f1f2b165e9b2e5c145be78b4352de580\" class=\"vitruve-contact-cards\">\n\t<div class=\"vitruve-contact-cards__container\">\n\t\t\n\t\t<!-- Header -->\n\t\t<div class=\"vitruve-contact-cards__header\">\n\t\t\t\t\t\t\t<h2 class=\"vitruve-contact-cards__title\"><span class=\"ez-toc-section\" id=\"Comment_pouvons-nous_vous_aider\"><\/span>\n\t\t\t\t\tComment pouvons-nous <span class=\"gradient-text\">vous aider<\/span>?\t\t\t\t<span class=\"ez-toc-section-end\"><\/span><\/h2>\n\t\t\t\t\t\t\n\t\t\t\t\t\t\t<p class=\"vitruve-contact-cards__subtitle\">\n\t\t\t\t\tContactez nos \u00e9quipes de vente et d&#039;assistance pour des d\u00e9monstrations, une aide \u00e0 l&#039;int\u00e9gration ou des questions sur les produits.\t\t\t\t<\/p>\n\t\t\t\t\t<\/div>\n\n\t\t<!-- Grid de Tarjetas -->\n\t\t<div class=\"vitruve-contact-cards__grid\">\n\t\t\t\n\t\t\t<!-- Tarjeta Sales -->\n\t\t\t<div class=\"vitruve-contact-cards__card\">\n\t\t\t\t<div class=\"vitruve-contact-cards__card-icon\">\n\t\t\t\t\t\t\t\t\t\t\t<svg class=\"vitruve-contact-cards__card-icon-svg\" width=\"24\" height=\"24\" viewBox=\"0 0 24 24\" fill=\"none\" xmlns=\"http:\/\/www.w3.org\/2000\/svg\">\n\t<rect x=\"2\" y=\"4\" width=\"20\" height=\"16\" rx=\"2\" stroke=\"currentColor\" stroke-width=\"2\"\/>\n\t<path d=\"M2 7L12 13L22 7\" stroke=\"currentColor\" stroke-width=\"2\"\/>\n<\/svg>\t\t\t\t\t\t\t\t\t<\/div>\n\t\t\t\t\n\t\t\t\t<h3 class=\"vitruve-contact-cards__card-title\"><span class=\"ez-toc-section\" id=\"Vente\"><\/span>\n\t\t\t\t\tVente\t\t\t\t<span class=\"ez-toc-section-end\"><\/span><\/h3>\n\t\t\t\t\n\t\t\t\t\t\t\t\t\t<p class=\"vitruve-contact-cards__card-description\">\n\t\t\t\t\t\tParlez \u00e0 notre \u00e9quipe de vente des plans et des prix, ou demandez une d\u00e9monstration.\t\t\t\t\t<\/p>\n\t\t\t\t\t\t\t\t\n\t\t\t\t<a href=\"\/fr\/contact\/talk-to-sales\/\" class=\"vitruve-contact-cards__card-button\">\n\t\t\t\t\tAdressez-vous au service des ventes\t\t\t\t\t<svg class=\"vitruve-contact-cards__card-button-arrow\" width=\"16\" height=\"16\" viewBox=\"0 0 16 16\" fill=\"none\" xmlns=\"http:\/\/www.w3.org\/2000\/svg\">\n\t<path d=\"M3.33337 8H12.6667\" stroke=\"currentColor\" stroke-width=\"1.5\" stroke-linecap=\"round\" stroke-linejoin=\"round\"\/>\n\t<path d=\"M8.66663 4L12.6666 8L8.66663 12\" stroke=\"currentColor\" stroke-width=\"1.5\" stroke-linecap=\"round\" stroke-linejoin=\"round\"\/>\n<\/svg>\t\t\t\t<\/a>\n\t\t\t<\/div>\n\n\t\t\t<!-- Tarjeta Support -->\n\t\t\t<div class=\"vitruve-contact-cards__card\">\n\t\t\t\t<div class=\"vitruve-contact-cards__card-icon\">\n\t\t\t\t\t\t\t\t\t\t\t<svg class=\"vitruve-contact-cards__card-icon-svg\" width=\"24\" height=\"24\" viewBox=\"0 0 24 24\" fill=\"none\" xmlns=\"http:\/\/www.w3.org\/2000\/svg\">\n\t<path d=\"M21 11.5C21.0034 12.8199 20.6951 14.1219 20.1 15.3C19.3944 16.7118 18.3098 17.8992 16.9674 18.7293C15.6251 19.5594 14.0782 19.9994 12.5 20C11.1801 20.0035 9.87812 19.6951 8.7 19.1L3 21L4.9 15.3C4.30493 14.1219 3.99656 12.8199 4 11.5C4.00061 9.92179 4.44061 8.37488 5.27072 7.03258C6.10083 5.69028 7.28825 4.6056 8.7 3.90003C9.87812 3.30496 11.1801 2.99659 12.5 3.00003H13C15.0843 3.11502 17.053 3.99479 18.5291 5.47089C20.0052 6.94699 20.885 8.91568 21 11V11.5Z\" stroke=\"currentColor\" stroke-width=\"2\" stroke-linecap=\"round\" stroke-linejoin=\"round\"\/>\n<\/svg>\t\t\t\t\t\t\t\t\t<\/div>\n\t\t\t\t\n\t\t\t\t<h3 class=\"vitruve-contact-cards__card-title\"><span class=\"ez-toc-section\" id=\"Aide_et_soutien\"><\/span>\n\t\t\t\t\tAide et soutien\t\t\t\t<span class=\"ez-toc-section-end\"><\/span><\/h3>\n\t\t\t\t\n\t\t\t\t\t\t\t\t\t<p class=\"vitruve-contact-cards__card-description\">\n\t\t\t\t\t\tPosez des questions sur les produits, signalez des probl\u00e8mes ou donnez votre avis.\t\t\t\t\t<\/p>\n\t\t\t\t\t\t\t\t\n\t\t\t\t<a href=\"\/fr\/contact\/contact-support\/\" class=\"vitruve-contact-cards__card-button\">\n\t\t\t\t\tContacter le support\t\t\t\t\t<svg class=\"vitruve-contact-cards__card-button-arrow\" width=\"16\" height=\"16\" viewBox=\"0 0 16 16\" fill=\"none\" xmlns=\"http:\/\/www.w3.org\/2000\/svg\">\n\t<path d=\"M3.33337 8H12.6667\" stroke=\"currentColor\" stroke-width=\"1.5\" stroke-linecap=\"round\" stroke-linejoin=\"round\"\/>\n\t<path d=\"M8.66663 4L12.6666 8L8.66663 12\" stroke=\"currentColor\" stroke-width=\"1.5\" stroke-linecap=\"round\" stroke-linejoin=\"round\"\/>\n<\/svg>\t\t\t\t<\/a>\n\t\t\t<\/div>\n\n\t\t<\/div>\n\t\t\n\t<\/div>\n<\/section>\n\n\n\n\n<section id=\"info-links-grid-block_1dff8b78e6728e0b113e3aebc3d9a787\" class=\"vitruve-info-links-grid vitruve-info-links-grid--cards-4\">\n\t<div class=\"vitruve-info-links-grid__container\">\n\t\t<div class=\"vitruve-info-links-grid__grid\">\n\t\t\t\n\t\t\t\t\t\t\t<div class=\"vitruve-info-links-grid__card\" style=\"--card-index: 0\">\n\t\t\t\t\t\n\t\t\t\t\t<h3 class=\"vitruve-info-links-grid__card-title\"><span class=\"ez-toc-section\" id=\"Programme_daffiliation\"><\/span>\n\t\t\t\t\t\tProgramme d&#039;affiliation\t\t\t\t\t<span class=\"ez-toc-section-end\"><\/span><\/h3>\n\t\t\t\t\t\n\t\t\t\t\t\t\t\t\t\t\t<p class=\"vitruve-info-links-grid__card-description\">\n\t\t\t\t\t\t\tGagnez des commissions pour chaque vente que vous r\u00e9alisez en promouvant vitruve sur votre blog ou dans les m\u00e9dias sociaux.\t\t\t\t\t\t<\/p>\n\t\t\t\t\t\t\t\t\t\t\n\t\t\t\t\t\t\t\t\t\t\t<a href=\"\/fr\/affiliate-program\" class=\"vitruve-info-links-grid__card-button\">\n\t\t\t\t\t\t\tInscription des affili\u00e9s <span class=\"vitruve-info-links-grid__button-arrow\">\u2192<\/span>\n\t\t\t\t\t\t<\/a>\n\t\t\t\t\t\t\t\t\t\t\n\t\t\t\t<\/div>\n\t\t\t\t\t\t\t<div class=\"vitruve-info-links-grid__card\" style=\"--card-index: 1\">\n\t\t\t\t\t\n\t\t\t\t\t<h3 class=\"vitruve-info-links-grid__card-title\"><span class=\"ez-toc-section\" id=\"Programme_des_distributeurs\"><\/span>\n\t\t\t\t\t\tProgramme des distributeurs\t\t\t\t\t<span class=\"ez-toc-section-end\"><\/span><\/h3>\n\t\t\t\t\t\n\t\t\t\t\t\t\t\t\t\t\t<p class=\"vitruve-info-links-grid__card-description\">\n\t\t\t\t\t\t\tObtenez des prix et des conditions sp\u00e9ciales pour vendre Vitruve en gros dans votre r\u00e9gion.\t\t\t\t\t\t<\/p>\n\t\t\t\t\t\t\t\t\t\t\n\t\t\t\t\t\t\t\t\t\t\t<a href=\"\/fr\/distributor-program\" class=\"vitruve-info-links-grid__card-button\">\n\t\t\t\t\t\t\tEnregistrement des distributeurs <span class=\"vitruve-info-links-grid__button-arrow\">\u2192<\/span>\n\t\t\t\t\t\t<\/a>\n\t\t\t\t\t\t\t\t\t\t\n\t\t\t\t<\/div>\n\t\t\t\t\t\t\t<div class=\"vitruve-info-links-grid__card\" style=\"--card-index: 2\">\n\t\t\t\t\t\n\t\t\t\t\t<h3 class=\"vitruve-info-links-grid__card-title\"><span class=\"ez-toc-section\" id=\"Carrieres\"><\/span>\n\t\t\t\t\t\tCarri\u00e8res\t\t\t\t\t<span class=\"ez-toc-section-end\"><\/span><\/h3>\n\t\t\t\t\t\n\t\t\t\t\t\t\t\t\t\t\t<p class=\"vitruve-info-links-grid__card-description\">\n\t\t\t\t\t\t\tVous souhaitez travailler chez Vitruve ? Consultez les derni\u00e8res offres d&#039;emploi disponibles. \t\t\t\t\t\t<\/p>\n\t\t\t\t\t\t\t\t\t\t\n\t\t\t\t\t\t\t\t\t\t\t<a href=\"\/fr\/careers\" class=\"vitruve-info-links-grid__card-button\">\n\t\t\t\t\t\t\tV\u00e9rifier les emplois <span class=\"vitruve-info-links-grid__button-arrow\">\u2192<\/span>\n\t\t\t\t\t\t<\/a>\n\t\t\t\t\t\t\t\t\t\t\n\t\t\t\t<\/div>\n\t\t\t\t\t\t\t<div class=\"vitruve-info-links-grid__card\" style=\"--card-index: 3\">\n\t\t\t\t\t\n\t\t\t\t\t<h3 class=\"vitruve-info-links-grid__card-title\"><span class=\"ez-toc-section\" id=\"Documentation\"><\/span>\n\t\t\t\t\t\tDocumentation\t\t\t\t\t<span class=\"ez-toc-section-end\"><\/span><\/h3>\n\t\t\t\t\t\n\t\t\t\t\t\t\t\t\t\t\t<p class=\"vitruve-info-links-grid__card-description\">\n\t\t\t\t\t\t\tObtenez une vue d&#039;ensemble des fonctionnalit\u00e9s de Vitruve, des int\u00e9grations et de la mani\u00e8re de les utiliser.\t\t\t\t\t\t<\/p>\n\t\t\t\t\t\t\t\t\t\t\n\t\t\t\t\t\t\t\t\t\t\t<a href=\"https:\/\/support.vitruve.fit\" class=\"vitruve-info-links-grid__card-button\" target=\"_blank\" rel=\"noopener\">\n\t\t\t\t\t\t\tVitruve Docs <span class=\"vitruve-info-links-grid__button-arrow\">\u2192<\/span>\n\t\t\t\t\t\t<\/a>\n\t\t\t\t\t\t\t\t\t\t\n\t\t\t\t<\/div>\n\t\t\t\n\t\t<\/div>\n\t<\/div>\n<\/section>\n\n","protected":false},"excerpt":{"rendered":"","protected":false},"author":3,"featured_media":0,"parent":0,"menu_order":0,"comment_status":"closed","ping_status":"closed","template":"","meta":{"_acf_changed":false,"yasr_overall_rating":0,"yasr_post_is_review":"","yasr_auto_insert_disabled":"","yasr_review_type":"","footnotes":""},"class_list":["post-24121","page","type-page","status-publish","hentry"],"acf":[],"yasr_visitor_votes":{"stars_attributes":{"read_only":false,"span_bottom":false},"number_of_votes":0,"sum_votes":0},"_links":{"self":[{"href":"https:\/\/pre.vitruve.fit\/fr\/wp-json\/wp\/v2\/pages\/24121","targetHints":{"allow":["GET"]}}],"collection":[{"href":"https:\/\/pre.vitruve.fit\/fr\/wp-json\/wp\/v2\/pages"}],"about":[{"href":"https:\/\/pre.vitruve.fit\/fr\/wp-json\/wp\/v2\/types\/page"}],"author":[{"embeddable":true,"href":"https:\/\/pre.vitruve.fit\/fr\/wp-json\/wp\/v2\/users\/3"}],"replies":[{"embeddable":true,"href":"https:\/\/pre.vitruve.fit\/fr\/wp-json\/wp\/v2\/comments?post=24121"}],"version-history":[{"count":2,"href":"https:\/\/pre.vitruve.fit\/fr\/wp-json\/wp\/v2\/pages\/24121\/revisions"}],"predecessor-version":[{"id":25611,"href":"https:\/\/pre.vitruve.fit\/fr\/wp-json\/wp\/v2\/pages\/24121\/revisions\/25611"}],"wp:attachment":[{"href":"https:\/\/pre.vitruve.fit\/fr\/wp-json\/wp\/v2\/media?parent=24121"}],"curies":[{"name":"wp","href":"https:\/\/api.w.org\/{rel}","templated":true}]}}