{"id":24167,"date":"2025-12-31T15:34:00","date_gmt":"2025-12-31T14:34:00","guid":{"rendered":"https:\/\/pre.vitruve.fit\/contact\/adressez-vous-au-service-des-ventes\/"},"modified":"2026-03-03T19:36:59","modified_gmt":"2026-03-03T18:36:59","slug":"adressez-vous-au-service-des-ventes","status":"publish","type":"page","link":"https:\/\/pre.vitruve.fit\/fr\/contact\/adressez-vous-au-service-des-ventes\/","title":{"rendered":"Adressez-vous au service des ventes"},"content":{"rendered":"\n<div class=\"wp-block-columns is-layout-flex wp-container-core-columns-is-layout-9d6595d7 wp-block-columns-is-layout-flex\">\n<div class=\"wp-block-column is-layout-flow wp-block-column-is-layout-flow\">\n<div style=\"height:83px\" aria-hidden=\"true\" class=\"wp-block-spacer\"><\/div>\n\n\n\n<h1 class=\"wp-block-heading has-text-color has-link-color has-x-large-font-size wp-elements-e7153036fdf525977523f8c3658bcb8d\" style=\"color:#f8f8f8\"><span class=\"ez-toc-section\" id=\"Suivi_des_performances_delite_a_grande_echelle_%E2%80%93_Un_systeme_de_performance_complet\"><\/span>Suivi des performances d&rsquo;\u00e9lite \u00e0 grande \u00e9chelle &#8211; Un syst\u00e8me de performance complet<span class=\"ez-toc-section-end\"><\/span><\/h1>\n\n\n\n<p class=\"has-text-color has-link-color has-medium-font-size wp-elements-b701c75fe4ec2815a41d73b8717bc981\" style=\"color:#f8f8f8\">Vitruve aide les organisations de haute performance \u00e0 prendre leurs d\u00e9cisions les plus critiques dans la salle de musculation de mani\u00e8re fiable et \u00e0 grande \u00e9chelle, depuis la pr\u00e9paration quotidienne jusqu&rsquo;aux prescriptions de charge individualis\u00e9es pour les athl\u00e8tes, les \u00e9quipes et les sites.<\/p>\n<\/div>\n\n\n\n<div class=\"wp-block-column is-layout-flow wp-block-column-is-layout-flow\"><p><script charset=\"utf-8\" type=\"text\/javascript\" src=\"\/\/js-eu1.hsforms.net\/forms\/embed\/v2.js\"><\/script><br \/>\n<script>\n  hbspt.forms.create({\n    portalId: \"25783169\",\n    formId: \"c03b3fe2-61b2-4d78-8c8b-59c262069e6b\",\n    region: \"eu1\"\n  });\n<\/script><\/p>\n<\/div>\n<\/div>\n\n<!-- 4. HTML DEL BLOQUE -->\n<section id=\"three-cards-showcase-block_3d64e95f567dfe48eb9f4fdde7418538\" class=\"vitruve-three-cards-showcase\">\n\t<div class=\"vitruve-three-cards-showcase__container\">\n\t\t\n\t\t\t\t\t<!-- Header con t\u00edtulo y subt\u00edtulo -->\n\t\t\t<div class=\"vitruve-three-cards-showcase__header\">\n\t\t\t\t\n\t\t\t\t\t\t\t\t\t<h2 class=\"vitruve-three-cards-showcase__title\"><span class=\"ez-toc-section\" id=\"Pourquoi_les_programmes_de_haute_performance_choisissent_Vitruve\"><\/span>\n\t\t\t\t\t\tPourquoi les programmes de haute performance choisissent Vitruve\t\t\t\t\t<span class=\"ez-toc-section-end\"><\/span><\/h2>\n\t\t\t\t\t\t\t\t\n\t\t\t\t\t\t\t\t\n\t\t\t<\/div>\n\t\t\t\t\n\t\t<!-- Grid de Cards -->\n\t\t<div class=\"vitruve-three-cards-showcase__grid\">\n\t\t\t\n\t\t\t\t\t<div class=\"vitruve-three-cards-showcase__card\">\n\t\t\t\t\n\t\t\t\t<!-- Imagen de fondo -->\n\t\t\t\t<div \n\t\t\t\t\tclass=\"vitruve-three-cards-showcase__card-image\"\n\t\t\t\t\tstyle=\"background-image: url('https:\/\/pre.vitruve.fit\/wp-content\/uploads\/2026\/01\/More-time-coaching.webp');\"\n\t\t\t\t\trole=\"img\"\n\t\t\t\t\taria-label=\"Passez moins de temps \u00e0 courir apr\u00e8s les chiffres et plus de temps \u00e0 coacher. Capturez des repr\u00e9sentants de qualit\u00e9, validez les intentions et faites avancer les choses en toute confiance. \"\n\t\t\t\t><\/div>\n\t\t\t\t\n\t\t\t\t<!-- Contenido: Badge y T\u00edtulo (fuera de la imagen) -->\n\t\t\t\t<div class=\"vitruve-three-cards-showcase__content\">\n\t\t\t\t\t\n\t\t\t\t<!-- Badge encima del t\u00edtulo -->\n\t\t\t\t\t\t\t\t\t\t\t\t\t\t\t<!-- Badge tipo Chip (pastilla con color) -->\n\t\t\t\t\t\t<div class=\"vitruve-badge vitruve-badge--purple vitruve-three-cards-showcase__badge\">\n\t\t\t\t\t\t\tEntra\u00eeneur plus rapide\t\t\t\t\t\t<\/div>\n\t\t\t\t\t\t\t\t\t\t\t\t\t\t\n\t\t\t\t\t<!-- T\u00edtulo -->\n\t\t\t\t\t\t\t\t\t\t\t<h3 class=\"vitruve-three-cards-showcase__card-title\"><span class=\"ez-toc-section\" id=\"Passez_moins_de_temps_a_courir_apres_les_chiffres_et_plus_de_temps_a_coacher_Capturez_des_representants_de_qualite_validez_les_intentions_et_faites_avancer_les_choses_en_toute_confiance\"><\/span>\n\t\t\t\t\t\t\tPassez moins de temps \u00e0 courir apr\u00e8s les chiffres et plus de temps \u00e0 coacher. Capturez des repr\u00e9sentants de qualit\u00e9, validez les intentions et faites avancer les choses en toute confiance. \t\t\t\t\t\t<span class=\"ez-toc-section-end\"><\/span><\/h3>\n\t\t\t\t\t\t\t\t\t\t\n\t\t\t\t<\/div>\n\t\t\t\t\n\t\t\t<\/div>\n\t\t\t\t\t<div class=\"vitruve-three-cards-showcase__card\">\n\t\t\t\t\n\t\t\t\t<!-- Imagen de fondo -->\n\t\t\t\t<div \n\t\t\t\t\tclass=\"vitruve-three-cards-showcase__card-image\"\n\t\t\t\t\tstyle=\"background-image: url('https:\/\/pre.vitruve.fit\/wp-content\/uploads\/2026\/01\/Maximize-training.webp');\"\n\t\t\t\t\trole=\"img\"\n\t\t\t\t\taria-label=\"Utilisez un retour d&#039;information objectif pour individualiser les charges, g\u00e9rer la fatigue et permettre aux athl\u00e8tes de continuer \u00e0 progresser bloc apr\u00e8s bloc.\"\n\t\t\t\t><\/div>\n\t\t\t\t\n\t\t\t\t<!-- Contenido: Badge y T\u00edtulo (fuera de la imagen) -->\n\t\t\t\t<div class=\"vitruve-three-cards-showcase__content\">\n\t\t\t\t\t\n\t\t\t\t<!-- Badge encima del t\u00edtulo -->\n\t\t\t\t\t\t\t\t\t\t\t\t\t\t\t<!-- Badge tipo Chip (pastilla con color) -->\n\t\t\t\t\t\t<div class=\"vitruve-badge vitruve-badge--purple vitruve-three-cards-showcase__badge\">\n\t\t\t\t\t\t\tMaximiser l&#039;impact de la formation\t\t\t\t\t\t<\/div>\n\t\t\t\t\t\t\t\t\t\t\t\t\t\t\n\t\t\t\t\t<!-- T\u00edtulo -->\n\t\t\t\t\t\t\t\t\t\t\t<h3 class=\"vitruve-three-cards-showcase__card-title\"><span class=\"ez-toc-section\" id=\"Utilisez_un_retour_dinformation_objectif_pour_individualiser_les_charges_gerer_la_fatigue_et_permettre_aux_athletes_de_continuer_a_progresser_bloc_apres_bloc\"><\/span>\n\t\t\t\t\t\t\tUtilisez un retour d&#039;information objectif pour individualiser les charges, g\u00e9rer la fatigue et permettre aux athl\u00e8tes de continuer \u00e0 progresser bloc apr\u00e8s bloc.\t\t\t\t\t\t<span class=\"ez-toc-section-end\"><\/span><\/h3>\n\t\t\t\t\t\t\t\t\t\t\n\t\t\t\t<\/div>\n\t\t\t\t\n\t\t\t<\/div>\n\t\t\t\t\t<div class=\"vitruve-three-cards-showcase__card\">\n\t\t\t\t\n\t\t\t\t<!-- Imagen de fondo -->\n\t\t\t\t<div \n\t\t\t\t\tclass=\"vitruve-three-cards-showcase__card-image\"\n\t\t\t\t\tstyle=\"background-image: url('https:\/\/pre.vitruve.fit\/wp-content\/uploads\/2026\/01\/Scale-across-teams.webp');\"\n\t\t\t\t\trole=\"img\"\n\t\t\t\t\taria-label=\"Qu&#039;il s&#039;agisse d&#039;un seul \u00e9tablissement ou de plusieurs sites, Vitruve prend en charge des flux de travail coh\u00e9rents et des rapports clairs pour l&#039;alignement du personnel.\"\n\t\t\t\t><\/div>\n\t\t\t\t\n\t\t\t\t<!-- Contenido: Badge y T\u00edtulo (fuera de la imagen) -->\n\t\t\t\t<div class=\"vitruve-three-cards-showcase__content\">\n\t\t\t\t\t\n\t\t\t\t<!-- Badge encima del t\u00edtulo -->\n\t\t\t\t\t\t\t\t\t\t\t\t\t\t\t<!-- Badge tipo Chip (pastilla con color) -->\n\t\t\t\t\t\t<div class=\"vitruve-badge vitruve-badge--purple vitruve-three-cards-showcase__badge\">\n\t\t\t\t\t\t\tL&#039;\u00e9largissement \u00e0 d&#039;autres \u00e9quipes\t\t\t\t\t\t<\/div>\n\t\t\t\t\t\t\t\t\t\t\t\t\t\t\n\t\t\t\t\t<!-- T\u00edtulo -->\n\t\t\t\t\t\t\t\t\t\t\t<h3 class=\"vitruve-three-cards-showcase__card-title\"><span class=\"ez-toc-section\" id=\"Quil_sagisse_dun_seul_etablissement_ou_de_plusieurs_sites_Vitruve_prend_en_charge_des_flux_de_travail_coherents_et_des_rapports_clairs_pour_lalignement_du_personnel\"><\/span>\n\t\t\t\t\t\t\tQu&#039;il s&#039;agisse d&#039;un seul \u00e9tablissement ou de plusieurs sites, Vitruve prend en charge des flux de travail coh\u00e9rents et des rapports clairs pour l&#039;alignement du personnel.\t\t\t\t\t\t<span class=\"ez-toc-section-end\"><\/span><\/h3>\n\t\t\t\t\t\t\t\t\t\t\n\t\t\t\t<\/div>\n\t\t\t\t\n\t\t\t<\/div>\n\t\t\t\t\t\n\t\t<\/div>\n\t\t\n\t<\/div>\n<\/section>\n\n\n<section \n\tid=\"static-logos-block_4495c57dcd5c62601d68dee75eea5116\" \n\tclass=\"vitruve-static-logos\"\n>\n\t<div class=\"vitruve-static-logos__container\">\n\t\t\n\t\t\t\t\t<h2 class=\"vitruve-static-logos__title\"><span class=\"ez-toc-section\" id=\"Alimenter_les_meilleures_equipes_du_monde\"><\/span>\n\t\t\t\tAlimenter les meilleures \u00e9quipes du monde  \t\t\t<span class=\"ez-toc-section-end\"><\/span><\/h2>\n\t\t\t\t\n\t\t\t\t\n\t\t<div class=\"vitruve-static-logos__grid\">\n\t\t\t\t\t\t\t\t\t\t\t\t<div class=\"vitruve-static-logos__item\">\n\t\t\t\t\t\t<img loading=\"lazy\" decoding=\"async\" width=\"300\" height=\"169\" src=\"https:\/\/pre.vitruve.fit\/wp-content\/uploads\/2025\/12\/16-9_MLB-300x169.webp\" class=\"vitruve-static-logos__image\" alt=\"\" srcset=\"https:\/\/pre.vitruve.fit\/wp-content\/uploads\/2025\/12\/16-9_MLB-300x169.webp 300w, https:\/\/pre.vitruve.fit\/wp-content\/uploads\/2025\/12\/16-9_MLB.webp 720w\" sizes=\"auto, (max-width: 300px) 100vw, 300px\" \/>\t\t\t\t\t<\/div>\n\t\t\t\t\t\t\t\t\t\t\t\t\t\t\t\t<div class=\"vitruve-static-logos__item\">\n\t\t\t\t\t\t<img loading=\"lazy\" decoding=\"async\" width=\"300\" height=\"169\" src=\"https:\/\/pre.vitruve.fit\/wp-content\/uploads\/2025\/12\/16-9_NHL_logo-300x169.webp\" class=\"vitruve-static-logos__image\" alt=\"\" srcset=\"https:\/\/pre.vitruve.fit\/wp-content\/uploads\/2025\/12\/16-9_NHL_logo-300x169.webp 300w, https:\/\/pre.vitruve.fit\/wp-content\/uploads\/2025\/12\/16-9_NHL_logo.webp 720w\" sizes=\"auto, (max-width: 300px) 100vw, 300px\" \/>\t\t\t\t\t<\/div>\n\t\t\t\t\t\t\t\t\t\t\t\t\t\t\t\t<div class=\"vitruve-static-logos__item\">\n\t\t\t\t\t\t<img loading=\"lazy\" decoding=\"async\" width=\"300\" height=\"169\" src=\"https:\/\/pre.vitruve.fit\/wp-content\/uploads\/2025\/12\/l16-9_logo-NFL-300x169.webp\" class=\"vitruve-static-logos__image\" alt=\"\" srcset=\"https:\/\/pre.vitruve.fit\/wp-content\/uploads\/2025\/12\/l16-9_logo-NFL-300x169.webp 300w, https:\/\/pre.vitruve.fit\/wp-content\/uploads\/2025\/12\/l16-9_logo-NFL.webp 720w\" sizes=\"auto, (max-width: 300px) 100vw, 300px\" \/>\t\t\t\t\t<\/div>\n\t\t\t\t\t\t\t\t\t\t\t\t\t\t\t\t<div class=\"vitruve-static-logos__item\">\n\t\t\t\t\t\t<img loading=\"lazy\" decoding=\"async\" width=\"300\" height=\"169\" src=\"https:\/\/pre.vitruve.fit\/wp-content\/uploads\/2025\/12\/nba-logo-300x169.png\" class=\"vitruve-static-logos__image\" alt=\"\" srcset=\"https:\/\/pre.vitruve.fit\/wp-content\/uploads\/2025\/12\/nba-logo-300x169.png 300w, https:\/\/pre.vitruve.fit\/wp-content\/uploads\/2025\/12\/nba-logo-1024x576.png 1024w, https:\/\/pre.vitruve.fit\/wp-content\/uploads\/2025\/12\/nba-logo-768x432.png 768w, https:\/\/pre.vitruve.fit\/wp-content\/uploads\/2025\/12\/nba-logo.png 1200w\" sizes=\"auto, (max-width: 300px) 100vw, 300px\" \/>\t\t\t\t\t<\/div>\n\t\t\t\t\t\t\t\t\t\t\t\t\t\t\t\t<div class=\"vitruve-static-logos__item\">\n\t\t\t\t\t\t<img loading=\"lazy\" decoding=\"async\" width=\"300\" height=\"169\" src=\"https:\/\/pre.vitruve.fit\/wp-content\/uploads\/2025\/12\/16-9_laLiga_logo-300x169.webp\" class=\"vitruve-static-logos__image\" alt=\"\" srcset=\"https:\/\/pre.vitruve.fit\/wp-content\/uploads\/2025\/12\/16-9_laLiga_logo-300x169.webp 300w, https:\/\/pre.vitruve.fit\/wp-content\/uploads\/2025\/12\/16-9_laLiga_logo.webp 720w\" sizes=\"auto, (max-width: 300px) 100vw, 300px\" \/>\t\t\t\t\t<\/div>\n\t\t\t\t\t\t\t\t\t\t\t\t\t\t\t\t<div class=\"vitruve-static-logos__item\">\n\t\t\t\t\t\t<img loading=\"lazy\" decoding=\"async\" width=\"300\" height=\"169\" src=\"https:\/\/pre.vitruve.fit\/wp-content\/uploads\/2025\/12\/16-9_premiere_logo-300x169.webp\" class=\"vitruve-static-logos__image\" alt=\"\" srcset=\"https:\/\/pre.vitruve.fit\/wp-content\/uploads\/2025\/12\/16-9_premiere_logo-300x169.webp 300w, https:\/\/pre.vitruve.fit\/wp-content\/uploads\/2025\/12\/16-9_premiere_logo.webp 720w\" sizes=\"auto, (max-width: 300px) 100vw, 300px\" \/>\t\t\t\t\t<\/div>\n\t\t\t\t\t\t\t\t\t\t\t\t\t\t\t\t<div class=\"vitruve-static-logos__item\">\n\t\t\t\t\t\t<img loading=\"lazy\" decoding=\"async\" width=\"300\" height=\"169\" src=\"https:\/\/pre.vitruve.fit\/wp-content\/uploads\/2025\/12\/16-9_atp-logo-300x169.webp\" class=\"vitruve-static-logos__image\" alt=\"\" srcset=\"https:\/\/pre.vitruve.fit\/wp-content\/uploads\/2025\/12\/16-9_atp-logo-300x169.webp 300w, https:\/\/pre.vitruve.fit\/wp-content\/uploads\/2025\/12\/16-9_atp-logo.webp 720w\" sizes=\"auto, (max-width: 300px) 100vw, 300px\" \/>\t\t\t\t\t<\/div>\n\t\t\t\t\t\t\t\t\t\t\t\t\t\t\t\t<div class=\"vitruve-static-logos__item\">\n\t\t\t\t\t\t<img loading=\"lazy\" decoding=\"async\" width=\"300\" height=\"169\" src=\"https:\/\/pre.vitruve.fit\/wp-content\/uploads\/2025\/12\/16-9-F1-logo-1-300x169.webp\" class=\"vitruve-static-logos__image\" alt=\"\" srcset=\"https:\/\/pre.vitruve.fit\/wp-content\/uploads\/2025\/12\/16-9-F1-logo-1-300x169.webp 300w, https:\/\/pre.vitruve.fit\/wp-content\/uploads\/2025\/12\/16-9-F1-logo-1-1024x576.webp 1024w, https:\/\/pre.vitruve.fit\/wp-content\/uploads\/2025\/12\/16-9-F1-logo-1-768x432.webp 768w, https:\/\/pre.vitruve.fit\/wp-content\/uploads\/2025\/12\/16-9-F1-logo-1-1536x864.webp 1536w, https:\/\/pre.vitruve.fit\/wp-content\/uploads\/2025\/12\/16-9-F1-logo-1-2048x1151.webp 2048w, https:\/\/pre.vitruve.fit\/wp-content\/uploads\/2025\/12\/16-9-F1-logo-1-1920x1080.webp 1920w\" sizes=\"auto, (max-width: 300px) 100vw, 300px\" \/>\t\t\t\t\t<\/div>\n\t\t\t\t\t\t\t\t\t<\/div>\n\t\t\n\t<\/div>\n<\/section>\n\n","protected":false},"excerpt":{"rendered":"<p>Suivi des performances d&rsquo;\u00e9lite \u00e0 grande \u00e9chelle &#8211; Un syst\u00e8me de performance complet Vitruve aide les organisations de haute performance \u00e0 prendre leurs d\u00e9cisions les plus critiques dans la salle de musculation de mani\u00e8re fiable et \u00e0 grande \u00e9chelle, depuis la pr\u00e9paration quotidienne jusqu&rsquo;aux prescriptions de charge individualis\u00e9es pour les athl\u00e8tes, les \u00e9quipes et les [&hellip;]<\/p>\n","protected":false},"author":3,"featured_media":0,"parent":24121,"menu_order":0,"comment_status":"closed","ping_status":"closed","template":"","meta":{"_acf_changed":false,"yasr_overall_rating":0,"yasr_post_is_review":"","yasr_auto_insert_disabled":"","yasr_review_type":"","footnotes":""},"class_list":["post-24167","page","type-page","status-publish","hentry"],"acf":[],"yasr_visitor_votes":{"stars_attributes":{"read_only":false,"span_bottom":false},"number_of_votes":0,"sum_votes":0},"_links":{"self":[{"href":"https:\/\/pre.vitruve.fit\/fr\/wp-json\/wp\/v2\/pages\/24167","targetHints":{"allow":["GET"]}}],"collection":[{"href":"https:\/\/pre.vitruve.fit\/fr\/wp-json\/wp\/v2\/pages"}],"about":[{"href":"https:\/\/pre.vitruve.fit\/fr\/wp-json\/wp\/v2\/types\/page"}],"author":[{"embeddable":true,"href":"https:\/\/pre.vitruve.fit\/fr\/wp-json\/wp\/v2\/users\/3"}],"replies":[{"embeddable":true,"href":"https:\/\/pre.vitruve.fit\/fr\/wp-json\/wp\/v2\/comments?post=24167"}],"version-history":[{"count":1,"href":"https:\/\/pre.vitruve.fit\/fr\/wp-json\/wp\/v2\/pages\/24167\/revisions"}],"predecessor-version":[{"id":24171,"href":"https:\/\/pre.vitruve.fit\/fr\/wp-json\/wp\/v2\/pages\/24167\/revisions\/24171"}],"up":[{"embeddable":true,"href":"https:\/\/pre.vitruve.fit\/fr\/wp-json\/wp\/v2\/pages\/24121"}],"wp:attachment":[{"href":"https:\/\/pre.vitruve.fit\/fr\/wp-json\/wp\/v2\/media?parent=24167"}],"curies":[{"name":"wp","href":"https:\/\/api.w.org\/{rel}","templated":true}]}}