{"id":24201,"date":"2024-07-25T09:30:23","date_gmt":"2024-07-25T07:30:23","guid":{"rendered":"https:\/\/pre.vitruve.fit\/politique-en-matiere-de-cookies\/"},"modified":"2026-03-03T18:31:24","modified_gmt":"2026-03-03T17:31:24","slug":"politique-en-matiere-de-cookies","status":"publish","type":"page","link":"https:\/\/pre.vitruve.fit\/fr\/politique-en-matiere-de-cookies\/","title":{"rendered":"Politique en mati\u00e8re de cookies"},"content":{"rendered":"\n<h1 class=\"c-title-1 wp-block-heading has-text-align-center\"><span class=\"ez-toc-section\" id=\"Politique_en_matiere_de_cookies\"><\/span>Politique en mati\u00e8re de cookies<span class=\"ez-toc-section-end\"><\/span><\/h1>\n\n<p>Cette politique de confidentialit\u00e9 d\u00e9crit les politiques de SPEED4LIFTS S.L. Calle Rio Segre n28 52C, Madrid 28935, Espagne e-mail : contact@pre.vitruve.fit<\/p>\n\n<p>Sur la collecte, l&rsquo;utilisation et la divulgation des informations que nous recueillons lorsque vous utilisez notre site web ( https:\/\/pre.vitruve.fit\/ ).<br\/>Ce site Web utilise uniquement un \u00ab\u00a0Cookie\u00a0\u00bb qui permet au contr\u00f4leur de le suivre, uniquement dans le cas o\u00f9 vous d\u00e9cidez de vous enregistrer en tant qu&rsquo;utilisateur en cr\u00e9ant un compte, ce qui vous permet de conna\u00eetre vos pr\u00e9f\u00e9rences de navigation au cours de votre session d&rsquo;utilisateur.<\/p>\n\n<p>Il ne s&rsquo;agit pas d&rsquo;un \u00ab\u00a0cookie\u00a0\u00bb invasif ou nuisible, de sorte qu&rsquo;il n&rsquo;affectera en aucune fa\u00e7on les performances de l&rsquo;ordinateur de l&rsquo;utilisateur. Cependant, pour que le \u00ab\u00a0Cookie\u00a0\u00bb fonctionne, il doit \u00eatre temporairement stock\u00e9 sur le disque dur de l&rsquo;ordinateur que vous utilisez pour acc\u00e9der au Site Internet, de sorte que vous pouvez refuser le \u00ab\u00a0Cookie\u00a0\u00bb en fonction de l&rsquo;option s\u00e9lectionn\u00e9e dans votre navigateur Internet. Vous pouvez donc refuser le \u00ab\u00a0Cookie\u00a0\u00bb en fonction de l&rsquo;option choisie dans votre navigateur Internet. Dans le cas o\u00f9 le \u00ab\u00a0Cookie\u00a0\u00bb est accept\u00e9 par l&rsquo;ordinateur, il ne sera sauvegard\u00e9 sur le disque dur de l&rsquo;ordinateur que temporairement, pour la dur\u00e9e de votre session d&rsquo;utilisateur.<br\/>Outre l&rsquo;utilisation de cookies, nous utilisons des technologies de tiers \u00e0 des fins publicitaires ou de mesure de donn\u00e9es, afin d&rsquo;optimiser le site web et les services pr\u00e9sent\u00e9s. \u00c0 cette fin, nous utilisons :    <\/p>\n\n<ul class=\"wp-block-list\">\n<li>Google Analytics<\/li>\n\n\n\n<li>Google Analytics Remarketing<\/li>\n\n\n\n<li>Rapport sur les impressions du r\u00e9seau Display de Google<\/li>\n\n\n\n<li>Rapport sur les donn\u00e9es d\u00e9mographiques et les centres d&rsquo;int\u00e9r\u00eat de Google Analytics<\/li>\n\n\n\n<li>Google AdWords<\/li>\n\n\n\n<li>Publicit\u00e9 sur Facebook<\/li>\n<\/ul>\n\n<p>Crit\u00e8res de conservation des donn\u00e9es : Elles seront conserv\u00e9es tant que l&rsquo;utilisateur aura int\u00e9r\u00eat \u00e0 maintenir la finalit\u00e9 du traitement, c&rsquo;est-\u00e0-dire tant qu&rsquo;il n&rsquo;annulera pas l&rsquo;abonnement, exer\u00e7ant ainsi son droit \u00e0 l&rsquo;effacement.<\/p>\n\n<p>Si vous exercez votre droit \u00e0 l&rsquo;effacement, les donn\u00e9es seront conserv\u00e9es de mani\u00e8re restreinte \u00e0 la disposition des autorit\u00e9s pendant la p\u00e9riode l\u00e9gale afin de r\u00e9pondre \u00e0 d&rsquo;\u00e9ventuelles responsabilit\u00e9s d\u00e9coulant du traitement et de l&rsquo;utilisation des donn\u00e9es.<\/p>\n\n<p>Dans le cas des donn\u00e9es relatives \u00e0 la facturation, elles seront d\u00fbment conserv\u00e9es pendant la dur\u00e9e n\u00e9cessaire \u00e0 l&rsquo;Agence nationale de l&rsquo;administration fiscale.<\/p>\n\n<p>Droits dont b\u00e9n\u00e9ficie l&rsquo;utilisateur Droit de retirer son consentement \u00e0 tout moment.<br\/>Droit d&rsquo;acc\u00e8s, de rectification et de suppression de vos donn\u00e9es et limitation ou opposition \u00e0 leur traitement.  <\/p>\n\n<h2 class=\"c-title-2 wp-block-heading\"><span class=\"ez-toc-section\" id=\"Droit_dacces\"><\/span>Droit d&rsquo;acc\u00e8s<span class=\"ez-toc-section-end\"><\/span><\/h2>\n\n<p>L&rsquo;int\u00e9ress\u00e9 aura le droit de demander et d&rsquo;obtenir gratuitement des informations sur ses donn\u00e9es personnelles faisant l&rsquo;objet d&rsquo;un traitement, sur l&rsquo;origine de ces donn\u00e9es, ainsi que sur les communications effectu\u00e9es ou pr\u00e9vues \u00e0 leur sujet. Lorsque l&rsquo;int\u00e9ress\u00e9 pr\u00e9sente la demande par voie \u00e9lectronique, et \u00e0 moins que l&rsquo;int\u00e9ress\u00e9 ne demande qu&rsquo;il en soit autrement, les informations seront fournies dans un format \u00e9lectronique couramment utilis\u00e9. Le droit d&rsquo;obtenir une copie ne porte pas atteinte aux droits et libert\u00e9s d&rsquo;autrui.  <\/p>\n\n<h2 class=\"c-title-2 wp-block-heading\"><span class=\"ez-toc-section\" id=\"Droit_de_rectification_et_de_suppression\"><\/span>Droit de rectification et de suppression<span class=\"ez-toc-section-end\"><\/span><\/h2>\n\n<p>Le responsable du traitement aura l&rsquo;obligation de rendre effectif le droit de rectification ou d&rsquo;effacement de l&rsquo;int\u00e9ress\u00e9 dans un d\u00e9lai de dix jours. Les donn\u00e9es \u00e0 caract\u00e8re personnel dont le traitement n&rsquo;est pas conforme aux dispositions de la loi seront rectifi\u00e9es ou effac\u00e9es, le cas \u00e9ch\u00e9ant, et en particulier, lorsque ces donn\u00e9es sont inexactes et incompl\u00e8tes, vous aurez le droit d&rsquo;obtenir, dans les meilleurs d\u00e9lais, la rectification des donn\u00e9es \u00e0 caract\u00e8re personnel qui vous concernent. La personne concern\u00e9e a le droit de faire compl\u00e9ter les donn\u00e9es \u00e0 caract\u00e8re personnel incompl\u00e8tes, y compris au moyen d&rsquo;une d\u00e9claration suppl\u00e9mentaire.   <\/p>\n\n<h2 class=\"c-title-2 wp-block-heading\"><span class=\"ez-toc-section\" id=\"Droit_a_la_limitation_du_traitement\"><\/span>Droit \u00e0 la limitation du traitement<span class=\"ez-toc-section-end\"><\/span><\/h2>\n\n<p>L&rsquo;int\u00e9ress\u00e9 aura le droit d&rsquo;obtenir du responsable du traitement des donn\u00e9es la limitation du traitement des donn\u00e9es.<\/p>\n\n<h2 class=\"c-title-2 wp-block-heading\"><span class=\"ez-toc-section\" id=\"Droit_dopposition\"><\/span>Droit d&rsquo;opposition<span class=\"ez-toc-section-end\"><\/span><\/h2>\n\n<p>L&rsquo;int\u00e9ress\u00e9 aura le droit de s&rsquo;opposer \u00e0 tout moment, pour des raisons li\u00e9es \u00e0 sa situation particuli\u00e8re, au traitement des donn\u00e9es personnelles qui le concernent (int\u00e9r\u00eat public et int\u00e9r\u00eat l\u00e9gitime), y compris \u00e0 la cr\u00e9ation de profils sur la base de ces dispositions. Le responsable du traitement cessera de traiter les donn\u00e9es personnelles, \u00e0 moins qu&rsquo;il ne prouve des motifs l\u00e9gitimes imp\u00e9rieux pour le traitement qui pr\u00e9valent sur les int\u00e9r\u00eats, les droits et les libert\u00e9s de la partie int\u00e9ress\u00e9e, ou pour la formulation, l&rsquo;exercice ou la d\u00e9fense de r\u00e9clamations. <\/p>\n","protected":false},"excerpt":{"rendered":"<p>Politique en mati\u00e8re de cookies Cette politique de confidentialit\u00e9 d\u00e9crit les politiques de SPEED4LIFTS S.L. Calle Rio Segre n28 52C, Madrid 28935, Espagne e-mail : contact@pre.vitruve.fit Sur la collecte, l&rsquo;utilisation et la divulgation des informations que nous recueillons lorsque vous utilisez notre site web ( https:\/\/pre.vitruve.fit\/ ).Ce site Web utilise uniquement un \u00ab\u00a0Cookie\u00a0\u00bb qui permet [&hellip;]<\/p>\n","protected":false},"author":5,"featured_media":0,"parent":0,"menu_order":0,"comment_status":"closed","ping_status":"closed","template":"","meta":{"_acf_changed":false,"yasr_overall_rating":0,"yasr_post_is_review":"","yasr_auto_insert_disabled":"","yasr_review_type":"","footnotes":""},"class_list":["post-24201","page","type-page","status-publish","hentry"],"acf":[],"yasr_visitor_votes":{"stars_attributes":{"read_only":false,"span_bottom":false},"number_of_votes":0,"sum_votes":0},"_links":{"self":[{"href":"https:\/\/pre.vitruve.fit\/fr\/wp-json\/wp\/v2\/pages\/24201","targetHints":{"allow":["GET"]}}],"collection":[{"href":"https:\/\/pre.vitruve.fit\/fr\/wp-json\/wp\/v2\/pages"}],"about":[{"href":"https:\/\/pre.vitruve.fit\/fr\/wp-json\/wp\/v2\/types\/page"}],"author":[{"embeddable":true,"href":"https:\/\/pre.vitruve.fit\/fr\/wp-json\/wp\/v2\/users\/5"}],"replies":[{"embeddable":true,"href":"https:\/\/pre.vitruve.fit\/fr\/wp-json\/wp\/v2\/comments?post=24201"}],"version-history":[{"count":1,"href":"https:\/\/pre.vitruve.fit\/fr\/wp-json\/wp\/v2\/pages\/24201\/revisions"}],"predecessor-version":[{"id":24202,"href":"https:\/\/pre.vitruve.fit\/fr\/wp-json\/wp\/v2\/pages\/24201\/revisions\/24202"}],"wp:attachment":[{"href":"https:\/\/pre.vitruve.fit\/fr\/wp-json\/wp\/v2\/media?parent=24201"}],"curies":[{"name":"wp","href":"https:\/\/api.w.org\/{rel}","templated":true}]}}