{"id":24235,"date":"2025-12-31T13:31:30","date_gmt":"2025-12-31T12:31:30","guid":{"rendered":"https:\/\/pre.vitruve.fit\/programme-des-distributeurs\/"},"modified":"2026-03-03T19:28:41","modified_gmt":"2026-03-03T18:28:41","slug":"programme-des-distributeurs","status":"publish","type":"page","link":"https:\/\/pre.vitruve.fit\/fr\/programme-des-distributeurs\/","title":{"rendered":"Programme des distributeurs"},"content":{"rendered":"\n<div class=\"wp-block-columns is-layout-flex wp-container-core-columns-is-layout-9d6595d7 wp-block-columns-is-layout-flex\">\n<div class=\"wp-block-column is-vertically-aligned-stretch is-layout-flow wp-block-column-is-layout-flow\">\n<section id=\"image-coach-block_76ff7aa1d7f03c85046384cea43716da\" class=\"vitruve-image-coach\">\n\t\n\t\n\t<div class=\"vitruve-image-coach__content\">\n\t\t<div class=\"vitruve-image-coach__inner\">\n\t\t\t\n\t\t\t\t\t<h2 class=\"vitruve-image-coach__title\"><span class=\"ez-toc-section\" id=\"Devenez_distributeur_de_Vitruve\"><\/span>\n\t\t\t\tDevenez <span class=\"gradient-text\">distributeur de<\/span> Vitruve\t\t\t<span class=\"ez-toc-section-end\"><\/span><\/h2>\n\t\t\n\t\t\t\t\t\t\t<p class=\"vitruve-image-coach__description\">\n\t\t\t\t\tVendez une technologie de performance \u00e0 laquelle les \u00e9quipes d&#039;\u00e9lite du monde entier font confiance.\t\t\t\t<\/p>\n\t\t\t\n\t\t\t\n\t\t<\/div>\n\t<\/div>\n\n<\/section>\n\n<\/div>\n\n\n\n<div class=\"wp-block-column is-layout-flow wp-block-column-is-layout-flow\"><p><script charset=\"utf-8\" type=\"text\/javascript\" src=\"\/\/js-eu1.hsforms.net\/forms\/embed\/v2.js\"><\/script><br \/>\n<script>\n  hbspt.forms.create({\n    portalId: \"25783169\",\n    formId: \"953e2226-c7ce-4f55-a5cd-de51a4c52179\",\n    region: \"eu1\"\n  });\n<\/script><\/p>\n<\/div>\n<\/div>\n\n<!-- 4. HTML DEL BLOQUE -->\n<section id=\"product-images-tabs-block_09f4c4fc82514c2ef97d6994b1868493\" class=\"vitruve-product-images-tabs\">\n\t<div class=\"vitruve-product-images-tabs__container\">\n\t\t\n\t\t\t\t\t<h2 class=\"vitruve-product-images-tabs__main-title\"><span class=\"ez-toc-section\" id=\"Pourquoi_distribuer_Vitruve\"><\/span>\n\t\t\t\tPourquoi distribuer Vitruve ?\t\t\t<span class=\"ez-toc-section-end\"><\/span><\/h2>\n\t\t\t\t\n\t\t<!-- Columna Izquierda: Tabs -->\n\t\t<div class=\"vitruve-product-images-tabs__tabs\" role=\"tablist\">\n\t\t\t\n\t\t\t\t\t\t\t\t\t\t\t\t<button \n\t\t\t\t\t\tclass=\"vitruve-product-images-tabs__tab vitruve-product-images-tabs__tab--active\"\n\t\t\t\t\t\tdata-tab-index=\"0\"\n\t\t\t\t\t\tdata-image-url=\"https:\/\/pre.vitruve.fit\/wp-content\/uploads\/2025\/12\/Join-the-program.png\"\n\t\t\t\t\t\tdata-image-alt=\"Produit \u00e9prouv\u00e9\"\n\t\t\t\t\t\tdata-duration=\"4\"\n\t\t\t\t\t\trole=\"tab\"\n\t\t\t\t\t\taria-selected=\"true\"\n\t\t\t\t\t\taria-controls=\"image-panel\"\n\t\t\t\t\t>\n\t\t\t\t\t\t<div class=\"vitruve-product-images-tabs__tab-content\">\n\t\t\t\t\t\t\t<h3 class=\"vitruve-product-images-tabs__tab-title\"><span class=\"ez-toc-section\" id=\"Produit_eprouve\"><\/span>\n\t\t\t\t\t\t\t\tProduit \u00e9prouv\u00e9\t\t\t\t\t\t\t<span class=\"ez-toc-section-end\"><\/span><\/h3>\n\t\t\t\t\t\t\t\t\t\t\t\t\t\t\t<p class=\"vitruve-product-images-tabs__tab-subtitle\">\n\t\t\t\t\t\t\t\t\tVitruve est utilis\u00e9 par des \u00e9quipes d&#039;\u00e9lite, des universit\u00e9s et des installations priv\u00e9es dans de nombreux sports.\t\t\t\t\t\t\t\t<\/p>\n\t\t\t\t\t\t\t\t\t\t\t\t\t<\/div>\n\t\t\t\t\t\t<div class=\"vitruve-product-images-tabs__progress-bar\">\n\t\t\t\t\t\t\t<div class=\"vitruve-product-images-tabs__progress-fill\"><\/div>\n\t\t\t\t\t\t<\/div>\n\t\t\t\t\t<\/button>\n\t\t\t\t\t\t\t\t\t\t\t\t\t\t\t\t<button \n\t\t\t\t\t\tclass=\"vitruve-product-images-tabs__tab \"\n\t\t\t\t\t\tdata-tab-index=\"1\"\n\t\t\t\t\t\tdata-image-url=\"https:\/\/pre.vitruve.fit\/wp-content\/uploads\/2025\/12\/a7ea3ab3-4560-4f62-8f3a-9869a068f1e2.webp\"\n\t\t\t\t\t\tdata-image-alt=\"Chiffre d&#039;affaires mat\u00e9riel + logiciel\"\n\t\t\t\t\t\tdata-duration=\"4\"\n\t\t\t\t\t\trole=\"tab\"\n\t\t\t\t\t\taria-selected=\"false\"\n\t\t\t\t\t\taria-controls=\"image-panel\"\n\t\t\t\t\t>\n\t\t\t\t\t\t<div class=\"vitruve-product-images-tabs__tab-content\">\n\t\t\t\t\t\t\t<h3 class=\"vitruve-product-images-tabs__tab-title\"><span class=\"ez-toc-section\" id=\"Chiffre_daffaires_materiel_logiciel\"><\/span>\n\t\t\t\t\t\t\t\tChiffre d&#039;affaires mat\u00e9riel + logiciel\t\t\t\t\t\t\t<span class=\"ez-toc-section-end\"><\/span><\/h3>\n\t\t\t\t\t\t\t\t\t\t\t\t\t\t\t<p class=\"vitruve-product-images-tabs__tab-subtitle\">\n\t\t\t\t\t\t\t\t\tVendez du mat\u00e9riel \u00e0 forte marge avec des abonnements logiciels r\u00e9currents.\t\t\t\t\t\t\t\t<\/p>\n\t\t\t\t\t\t\t\t\t\t\t\t\t<\/div>\n\t\t\t\t\t\t<div class=\"vitruve-product-images-tabs__progress-bar\">\n\t\t\t\t\t\t\t<div class=\"vitruve-product-images-tabs__progress-fill\"><\/div>\n\t\t\t\t\t\t<\/div>\n\t\t\t\t\t<\/button>\n\t\t\t\t\t\t\t\t\t\t\t\t\t\t\t\t<button \n\t\t\t\t\t\tclass=\"vitruve-product-images-tabs__tab \"\n\t\t\t\t\t\tdata-tab-index=\"2\"\n\t\t\t\t\t\tdata-image-url=\"https:\/\/pre.vitruve.fit\/wp-content\/uploads\/2025\/12\/Fast-Growing-Category-1.webp\"\n\t\t\t\t\t\tdata-image-alt=\"Cat\u00e9gorie \u00e0 croissance rapide\"\n\t\t\t\t\t\tdata-duration=\"4\"\n\t\t\t\t\t\trole=\"tab\"\n\t\t\t\t\t\taria-selected=\"false\"\n\t\t\t\t\t\taria-controls=\"image-panel\"\n\t\t\t\t\t>\n\t\t\t\t\t\t<div class=\"vitruve-product-images-tabs__tab-content\">\n\t\t\t\t\t\t\t<h3 class=\"vitruve-product-images-tabs__tab-title\"><span class=\"ez-toc-section\" id=\"Categorie_a_croissance_rapide\"><\/span>\n\t\t\t\t\t\t\t\tCat\u00e9gorie \u00e0 croissance rapide\t\t\t\t\t\t\t<span class=\"ez-toc-section-end\"><\/span><\/h3>\n\t\t\t\t\t\t\t\t\t\t\t\t\t\t\t<p class=\"vitruve-product-images-tabs__tab-subtitle\">\n\t\t\t\t\t\t\t\t\tLa technologie de la performance et le coaching bas\u00e9 sur les donn\u00e9es ne sont plus optionnels, ils sont attendus.\t\t\t\t\t\t\t\t<\/p>\n\t\t\t\t\t\t\t\t\t\t\t\t\t<\/div>\n\t\t\t\t\t\t<div class=\"vitruve-product-images-tabs__progress-bar\">\n\t\t\t\t\t\t\t<div class=\"vitruve-product-images-tabs__progress-fill\"><\/div>\n\t\t\t\t\t\t<\/div>\n\t\t\t\t\t<\/button>\n\t\t\t\t\t\t\t\t\t\t\t\t\t\t\t\t<button \n\t\t\t\t\t\tclass=\"vitruve-product-images-tabs__tab \"\n\t\t\t\t\t\tdata-tab-index=\"3\"\n\t\t\t\t\t\tdata-image-url=\"https:\/\/pre.vitruve.fit\/wp-content\/uploads\/2025\/12\/Built-for-real-coaches-1-e1767364413759.webp\"\n\t\t\t\t\t\tdata-image-alt=\"Con\u00e7u pour les vrais entra\u00eeneurs\"\n\t\t\t\t\t\tdata-duration=\"4\"\n\t\t\t\t\t\trole=\"tab\"\n\t\t\t\t\t\taria-selected=\"false\"\n\t\t\t\t\t\taria-controls=\"image-panel\"\n\t\t\t\t\t>\n\t\t\t\t\t\t<div class=\"vitruve-product-images-tabs__tab-content\">\n\t\t\t\t\t\t\t<h3 class=\"vitruve-product-images-tabs__tab-title\"><span class=\"ez-toc-section\" id=\"Concu_pour_les_vrais_entraineurs\"><\/span>\n\t\t\t\t\t\t\t\tCon\u00e7u pour les vrais entra\u00eeneurs\t\t\t\t\t\t\t<span class=\"ez-toc-section-end\"><\/span><\/h3>\n\t\t\t\t\t\t\t\t\t\t\t\t\t\t\t<p class=\"vitruve-product-images-tabs__tab-subtitle\">\n\t\t\t\t\t\t\t\t\tVitruve s&#039;int\u00e8gre directement dans les flux de travail quotidiens de la salle de pes\u00e9e, ce qui facilite la d\u00e9monstration et l&#039;adoption.\t\t\t\t\t\t\t\t<\/p>\n\t\t\t\t\t\t\t\t\t\t\t\t\t<\/div>\n\t\t\t\t\t\t<div class=\"vitruve-product-images-tabs__progress-bar\">\n\t\t\t\t\t\t\t<div class=\"vitruve-product-images-tabs__progress-fill\"><\/div>\n\t\t\t\t\t\t<\/div>\n\t\t\t\t\t<\/button>\n\t\t\t\t\t\t\t\t\t\t\n\t\t<\/div>\n\t\t\n\t\t<!-- Columna Derecha: Imagen -->\n\t\t<div class=\"vitruve-product-images-tabs__image-wrapper\">\n\t\t\t<img \n\t\t\t\tclass=\"vitruve-product-images-tabs__image\" \n\t\t\t\tid=\"image-panel\"\n\t\t\t\trole=\"tabpanel\"\n\t\t\t\tsrc=\"https:\/\/pre.vitruve.fit\/wp-content\/uploads\/2025\/12\/Join-the-program.png\"\n\t\t\t\talt=\"Produit \u00e9prouv\u00e9\"\n\t\t\t\/>\n\t\t\t\n\t\t\t<!-- Bot\u00f3n Pause\/Play -->\n\t\t\t<button \n\t\t\t\tclass=\"vitruve-product-images-tabs__pause-button\" \n\t\t\t\taria-label=\"Pausar\"\n\t\t\t>\n\t\t\t\t<!-- Icono Pause (visible por defecto) -->\n\t\t\t\t<svg class=\"vitruve-product-images-tabs__pause-icon\" width=\"24\" height=\"24\" viewBox=\"0 0 24 24\" fill=\"none\" xmlns=\"http:\/\/www.w3.org\/2000\/svg\">\n\t\t\t\t\t<rect x=\"6\" y=\"4\" width=\"4\" height=\"16\" rx=\"1\" fill=\"currentColor\"\/>\n\t\t\t\t\t<rect x=\"14\" y=\"4\" width=\"4\" height=\"16\" rx=\"1\" fill=\"currentColor\"\/>\n\t\t\t\t<\/svg>\n\t\t\t\t<!-- Icono Play (oculto) -->\n\t\t\t\t<svg class=\"vitruve-product-images-tabs__play-icon\" width=\"24\" height=\"24\" viewBox=\"0 0 24 24\" fill=\"none\" xmlns=\"http:\/\/www.w3.org\/2000\/svg\" style=\"display: none;\">\n\t\t\t\t\t<path d=\"M8 5v14l11-7L8 5z\" fill=\"currentColor\"\/>\n\t\t\t\t<\/svg>\n\t\t\t<\/button>\n\t\t<\/div>\n\t\t\n\t<\/div>\n<\/section>\n\n\n\n\n\n\n\n\n\n\n\n<h3 class=\"wp-block-heading has-text-color has-link-color wp-elements-75b4407174edfb0b90c7f4f90ab7faf8\" style=\"color:#f8f8f8\"><span class=\"ez-toc-section\" id=\"Ce_que_Vitruve_offre\"><\/span><strong>Ce que Vitruve offre<\/strong><span class=\"ez-toc-section-end\"><\/span><\/h3>\n\n<p class=\"has-text-color has-link-color wp-elements-7956a05a5824adf1478f49f7b859ea36\" style=\"color:#f8f8f8\">Nous soutenons nos distributeurs avec :<\/p>\n\n<ul class=\"wp-block-list\">\n<li class=\"has-text-color has-link-color wp-elements-8acfcd67464dd76915e5dcfad7e95558\" style=\"color:#f8f8f8\">Tarification des distributeurs et protection des marges<\/li>\n\n\n\n<li class=\"has-text-color has-link-color wp-elements-c1e816a1aaa0a8c893bdca0e546f8bac\" style=\"color:#f8f8f8\">Formation sur les produits et facilitation des ventes<\/li>\n\n\n\n<li class=\"has-text-color has-link-color wp-elements-65b30f425ea7b8994eb81a7d687318f0\" style=\"color:#f8f8f8\">Mat\u00e9riel de marketing et de vente<\/li>\n\n\n\n<li class=\"has-text-color has-link-color wp-elements-46ce72ef42f908d25db6f07c2113cd96\" style=\"color:#f8f8f8\">Documentation technique et aide \u00e0 l&rsquo;int\u00e9gration<\/li>\n\n\n\n<li class=\"has-text-color has-link-color wp-elements-536cf0380d7ff14fcafb73c2a5381dd8\" style=\"color:#f8f8f8\">Reconnaissance de la marque au niveau mondial et alignement de la feuille de route des produits<\/li>\n<\/ul>\n\n<p class=\"has-text-color has-link-color wp-elements-f8cfc71672e725a59133cbd1a0079e42\" style=\"color:#f8f8f8\">Vous vendez. Nous vous soutenons. <\/p>\n\n<div style=\"height:100px\" aria-hidden=\"true\" class=\"wp-block-spacer\"><\/div>\n<p><script src=\"https:\/\/js-eu1.hsforms.net\/forms\/embed\/25783169.js\" defer><\/script><\/p>\n<div class=\"hs-form-frame\" data-region=\"eu1\" data-form-id=\"4aec68cf-4d8e-487e-847f-8682e03720b2\" data-portal-id=\"25783169\"><\/div>\n","protected":false},"excerpt":{"rendered":"<p>Ce que Vitruve offre Nous soutenons nos distributeurs avec : Vous vendez. Nous vous soutenons.<\/p>\n","protected":false},"author":3,"featured_media":0,"parent":0,"menu_order":0,"comment_status":"closed","ping_status":"closed","template":"","meta":{"_acf_changed":false,"yasr_overall_rating":0,"yasr_post_is_review":"","yasr_auto_insert_disabled":"","yasr_review_type":"","footnotes":""},"class_list":["post-24235","page","type-page","status-publish","hentry"],"acf":[],"yasr_visitor_votes":{"stars_attributes":{"read_only":false,"span_bottom":false},"number_of_votes":0,"sum_votes":0},"_links":{"self":[{"href":"https:\/\/pre.vitruve.fit\/fr\/wp-json\/wp\/v2\/pages\/24235","targetHints":{"allow":["GET"]}}],"collection":[{"href":"https:\/\/pre.vitruve.fit\/fr\/wp-json\/wp\/v2\/pages"}],"about":[{"href":"https:\/\/pre.vitruve.fit\/fr\/wp-json\/wp\/v2\/types\/page"}],"author":[{"embeddable":true,"href":"https:\/\/pre.vitruve.fit\/fr\/wp-json\/wp\/v2\/users\/3"}],"replies":[{"embeddable":true,"href":"https:\/\/pre.vitruve.fit\/fr\/wp-json\/wp\/v2\/comments?post=24235"}],"version-history":[{"count":1,"href":"https:\/\/pre.vitruve.fit\/fr\/wp-json\/wp\/v2\/pages\/24235\/revisions"}],"predecessor-version":[{"id":24240,"href":"https:\/\/pre.vitruve.fit\/fr\/wp-json\/wp\/v2\/pages\/24235\/revisions\/24240"}],"wp:attachment":[{"href":"https:\/\/pre.vitruve.fit\/fr\/wp-json\/wp\/v2\/media?parent=24235"}],"curies":[{"name":"wp","href":"https:\/\/api.w.org\/{rel}","templated":true}]}}