{"id":24863,"date":"2025-12-31T15:21:15","date_gmt":"2025-12-31T14:21:15","guid":{"rendered":"https:\/\/pre.vitruve.fit\/ecrire-pour-vitruve\/"},"modified":"2026-03-03T19:36:30","modified_gmt":"2026-03-03T18:36:30","slug":"ecrire-pour-vitruve","status":"publish","type":"page","link":"https:\/\/pre.vitruve.fit\/fr\/ecrire-pour-vitruve\/","title":{"rendered":"\u00c9crire pour Vitruve"},"content":{"rendered":"\n<div class=\"wp-block-columns is-layout-flex wp-container-core-columns-is-layout-9d6595d7 wp-block-columns-is-layout-flex\">\n<div class=\"wp-block-column is-vertically-aligned-stretch is-layout-flow wp-block-column-is-layout-flow\">\n<section id=\"image-coach-block_fcb951dae2ac48940f29671744c0db17\" class=\"vitruve-image-coach\">\n\t\n\t\n\t<div class=\"vitruve-image-coach__content\">\n\t\t<div class=\"vitruve-image-coach__inner\">\n\t\t\t\n\t\t\t\t\t<h2 class=\"vitruve-image-coach__title\"><span class=\"ez-toc-section\" id=\"Ecrire_pour_Vitruve\"><\/span>\n\t\t\t\t<span class=\"gradient-text\">\u00c9crire<\/span> pour Vitruve\t\t\t<span class=\"ez-toc-section-end\"><\/span><\/h2>\n\t\t\n\t\t\t\t\t\t\t<p class=\"vitruve-image-coach__description\">\n\t\t\t\t\tPartagez votre expertise. Soyez pay\u00e9. Faites progresser le secteur.  \t\t\t\t<\/p>\n\t\t\t\n\t\t\t\n\t\t<\/div>\n\t<\/div>\n\n<\/section>\n\n<\/div>\n\n\n\n<div class=\"wp-block-column is-layout-flow wp-block-column-is-layout-flow\"><p><script charset=\"utf-8\" type=\"text\/javascript\" src=\"\/\/js-eu1.hsforms.net\/forms\/embed\/v2.js\"><\/script><br \/>\n<script>\n  hbspt.forms.create({\n    portalId: \"25783169\",\n    formId: \"abb7318a-c297-4dde-ba6e-0621a5a197f8\",\n    region: \"eu1\"\n  });\n<\/script><\/p>\n<\/div>\n<\/div>\n\n<h3 class=\"wp-block-heading has-text-color has-link-color wp-elements-91360fb5e02b4868fe00afd9e25a4aa3\" style=\"color:#6644ff\"><span class=\"ez-toc-section\" id=\"Vous_etes_un_entraineur_de_musculation_et_vous_avez_une_vision_concrete_de_lentrainement_Vitruve_veut_entendre_votre_voix\"><\/span><strong>Vous \u00eates un entra\u00eeneur de musculation et vous avez une vision concr\u00e8te de l&rsquo;entra\u00eenement ?<\/strong><br\/>Vitruve veut entendre votre voix.<span class=\"ez-toc-section-end\"><\/span><\/h3>\n\n<p class=\"has-text-color has-link-color wp-elements-a3620770de0b3e09ec90222c3edf9199\" style=\"color:#f8f8f8\">Nous sommes en train de construire la <em>ressource de performance par excellence<\/em> pour les entra\u00eeneurs de force, les directeurs et les \u00e9quipes de performance professionnelle et nous avons besoin de votre exp\u00e9rience sur la page.<\/p>\n\n<h3 class=\"wp-block-heading has-text-color has-link-color wp-elements-341677e26f33817b15a3f65511cde024\" style=\"color:#6644ff\"><span class=\"ez-toc-section\" id=\"Ce_que_nous_recherchons\"><\/span><strong>Ce que nous recherchons<\/strong><span class=\"ez-toc-section-end\"><\/span><\/h3>\n\n<p class=\"has-text-color has-link-color wp-elements-b8a10231ad40bdb3d0dbe689f3e42906\" style=\"color:#f8f8f8\">Le blog Vitruve est consacr\u00e9 au coaching de la performance dans le monde r\u00e9el.<\/p>\n\n<ul class=\"wp-block-list\">\n<li class=\"has-text-color has-link-color wp-elements-8da45be444ebbf81c7f79cfb0e0e2a71\" style=\"color:#f8f8f8\">D\u00e9veloppement de la force et de la puissance<\/li>\n\n\n\n<li class=\"has-text-color has-link-color wp-elements-c37b79b5167d0fce48999bd3f4f482c7\" style=\"color:#f8f8f8\">Application de l&rsquo;entra\u00eenement bas\u00e9 sur la v\u00e9locit\u00e9 (VBT)<\/li>\n\n\n\n<li class=\"has-text-color has-link-color wp-elements-ff15ef048a6afd63d4cc7b1d0fd1adfd\" style=\"color:#f8f8f8\">Conception du programme et p\u00e9riodisation<\/li>\n\n\n\n<li class=\"has-text-color has-link-color wp-elements-218dee64564225cd7bca6ee275c7fecd\" style=\"color:#f8f8f8\">Suivi, fatigue et \u00e9tat de pr\u00e9paration des athl\u00e8tes<\/li>\n\n\n\n<li class=\"has-text-color has-link-color wp-elements-bf7253d4863c106935405076e9d51780\" style=\"color:#f8f8f8\">Tests, profilage et d\u00e9cisions fond\u00e9es sur des donn\u00e9es<\/li>\n\n\n\n<li class=\"has-text-color has-link-color wp-elements-60b6992368b676734082512c9401ca26\" style=\"color:#f8f8f8\">Vitesse, agilit\u00e9 et d\u00e9veloppement athl\u00e9tique<\/li>\n\n\n\n<li class=\"has-text-color has-link-color wp-elements-e472da01d2290c11db2bcee2829da833\" style=\"color:#f8f8f8\">R\u00e9adaptation, retour au jeu et d\u00e9veloppement \u00e0 long terme de l&rsquo;athl\u00e8te<\/li>\n\n\n\n<li class=\"has-text-color has-link-color wp-elements-96171e73189f899adb187111b9993cbb\" style=\"color:#f8f8f8\">Syst\u00e8mes de coaching, flux de travail et environnements d&rsquo;\u00e9quipe<\/li>\n\n\n\n<li class=\"has-text-color has-link-color wp-elements-c8ddd546f27c8e4d85d91401f9a0a079\" style=\"color:#f8f8f8\">Technologie et outils dans le sport de haut niveau<\/li>\n<\/ul>\n\n<p class=\"has-text-color has-link-color wp-elements-8eaa1c005782e405fcce7701e8354bd7\" style=\"color:#f8f8f8\"><em>Les articles doivent donner la priorit\u00e9 \u00e0 l&rsquo;application des connaissances plut\u00f4t qu&rsquo;\u00e0 la th\u00e9orie et offrir des pistes claires que les entra\u00eeneurs peuvent utiliser imm\u00e9diatement.<\/em><\/p>\n\n<h3 class=\"wp-block-heading has-text-color has-link-color wp-elements-31ba21c9cc02cafaebafdaad268c8fbb\" style=\"color:#6644ff\"><span class=\"ez-toc-section\" id=\"Lignes_directrices\"><\/span>Lignes directrices<span class=\"ez-toc-section-end\"><\/span><\/h3>\n\n<ul class=\"wp-block-list\">\n<li class=\"has-text-color has-link-color wp-elements-af15e2f55e92746be4b5f76e3028e088\" style=\"color:#f8f8f8\">Soumettez vos propositions d&rsquo;articles ou vos projets complets via notre formulaire de soumission au format Microsoft Word (.doc ou .docx).<strong> <\/strong>uniquement. Pour l&rsquo;instant, nous ne pouvons pas accepter d&rsquo;autres formats de fichiers. <\/li>\n\n\n\n<li class=\"has-text-color has-link-color wp-elements-1426e469df26a877ab4a7b44d2b1c13b\" style=\"color:#f8f8f8\">Veuillez donner \u00e0 votre article un titre clair et descriptif qui refl\u00e8te son contenu. Vitruve se r\u00e9serve le droit de modifier les titres pour des raisons de clart\u00e9, de formatage et de r\u00e9f\u00e9rencement. <\/li>\n\n\n\n<li class=\"has-text-color has-link-color wp-elements-c10961d06d9218c6490471c14a389fcf\" style=\"color:#f8f8f8\">Les graphiques, tableaux ou images doivent \u00eatre int\u00e9gr\u00e9s dans le document Word o\u00f9 ils sont cens\u00e9s appara\u00eetre. Si elles sont accept\u00e9es, les images doivent \u00e9galement \u00eatre fournies sous forme de fichiers .JPG ou .PNG. Vous devez d\u00e9tenir les droits de toutes les images soumises ou les avoir cr\u00e9\u00e9es personnellement. Si aucune image n&rsquo;est fournie, Vitruve peut fournir des visuels provenant de sa biblioth\u00e8que interne.<\/li>\n\n\n\n<li class=\"has-text-color has-link-color wp-elements-19ef0488ac1636eb22530f081e055956\" style=\"color:#f8f8f8\">Lignes directrices pour la vid\u00e9o (facultatif) : R\u00e9solution minimale : 720p, format horizontal uniquement. Pas de contenu promotionnel ou publicitaire. Ins\u00e9rez les liens vid\u00e9o directement dans le document \u00e0 l&rsquo;endroit o\u00f9 ils doivent appara\u00eetre.  <\/li>\n\n\n\n<li class=\"has-text-color has-link-color wp-elements-ebe5d0e977d24884b0255a75cc8afbd2\" style=\"color:#f8f8f8\">Vous recevrez un accus\u00e9 de r\u00e9ception dans les 7 \u00e0 14 jours. La publication des articles accept\u00e9s peut prendre jusqu&rsquo;\u00e0 4 \u00e0 8 semaines, en fonction du calendrier \u00e9ditorial. <\/li>\n<\/ul>\n\n<h3 class=\"wp-block-heading has-text-color has-link-color wp-elements-3adf4d0180efaee88589135a6cbc6ca6\" style=\"color:#6644ff\"><span class=\"ez-toc-section\" id=\"Contenu\"><\/span>Contenu<span class=\"ez-toc-section-end\"><\/span><\/h3>\n\n<ul class=\"wp-block-list\">\n<li class=\"has-text-color has-link-color wp-elements-a64907e506ba9c63cd075c729def3ef7\" style=\"color:#f8f8f8\">Les articles types comptent entre 1 000 et 2 000 mots.<\/li>\n\n\n\n<li class=\"has-text-color has-link-color wp-elements-fee985be29c50a0c789a1f982afcad9b\" style=\"color:#f8f8f8\">Des soumissions plus courtes ou plus longues peuvent \u00eatre prises en consid\u00e9ration en fonction de leur qualit\u00e9.<\/li>\n\n\n\n<li class=\"has-text-color has-link-color wp-elements-cbc5689e7c583bc16de7d23eeaf67230\" style=\"color:#f8f8f8\">La grammaire, l&rsquo;orthographe et la clart\u00e9 seront am\u00e9lior\u00e9es par l&rsquo;\u00e9quipe \u00e9ditoriale de Vitruve.<\/li>\n\n\n\n<li class=\"has-text-color has-link-color wp-elements-1d4a8a32134e47a9a73746111e7d12d1\" style=\"color:#f8f8f8\">Les contenus promotionnels, ax\u00e9s sur la vente ou trop \u00e9gocentriques ne sont pas accept\u00e9s.<\/li>\n<\/ul>\n\n<p class=\"has-text-color has-link-color wp-elements-4cd7b883d9de37b5be90a7cc6404cb5f\" style=\"color:#f8f8f8\">Toutes les soumissions doivent \u00eatre :<\/p>\n\n<ul class=\"wp-block-list\">\n<li class=\"has-text-color has-link-color wp-elements-8a4bcf498053370e83d337b548f868bf\" style=\"color:#f8f8f8\">Original<\/li>\n\n\n\n<li class=\"has-text-color has-link-color wp-elements-9803d883198bdc8bbc3331aec0da842f\" style=\"color:#f8f8f8\">Pr\u00e9c\u00e9demment non publi\u00e9<\/li>\n\n\n\n<li class=\"has-text-color has-link-color wp-elements-1d680609d2d6799a60bd3ce0db4dc897\" style=\"color:#f8f8f8\">R\u00e9dig\u00e9 par l&rsquo;auteur de la demande<\/li>\n<\/ul>\n\n<p class=\"has-text-color has-link-color wp-elements-ffe7548beab302088babadd21b3efa06\" style=\"color:#f8f8f8\">Les contenus g\u00e9n\u00e9r\u00e9s par l&rsquo;IA ne sont pas accept\u00e9s.<\/p>\n\n<ul class=\"wp-block-list\">\n<li class=\"has-text-color has-link-color wp-elements-fbff92eb7b7339294e4f262209510629\" style=\"color:#f8f8f8\">Tous les formats seront supprim\u00e9s lors de la publication<\/li>\n\n\n\n<li class=\"has-text-color has-link-color wp-elements-a68fb3abf2e8f7d0dde4db04b99d24f1\" style=\"color:#f8f8f8\">\u00c9vitez les en-t\u00eates, les pieds de page, les caract\u00e8res sp\u00e9ciaux ou les mises en forme d\u00e9coratives.<\/li>\n\n\n\n<li class=\"has-text-color has-link-color wp-elements-be68f35654fce7d699d9afe03f0eaee0\" style=\"color:#f8f8f8\">Utilisez des titres de section clairs et une conclusion forte<\/li>\n\n\n\n<li class=\"has-text-color has-link-color wp-elements-e86490e5fd91b9b5aedb721131856ade\" style=\"color:#f8f8f8\">Si vous citez des recherches, des statistiques ou des citations, indiquez les r\u00e9f\u00e9rences ou les liens hypertextes appropri\u00e9s.<\/li>\n\n\n\n<li class=\"has-text-color has-link-color wp-elements-70ee9480eca722939be584b81a662197\" style=\"color:#f8f8f8\">Des r\u00e9f\u00e9rences peuvent \u00eatre indiqu\u00e9es \u00e0 la fin du document si n\u00e9cessaire.<\/li>\n<\/ul>\n\n<h3 class=\"wp-block-heading has-text-color has-link-color wp-elements-3f6acd09e87040f174720b69f3b7bd40\" style=\"color:#6644ff\"><span class=\"ez-toc-section\" id=\"Droits_et_utilisation\"><\/span><strong>Droits et utilisation<\/strong><span class=\"ez-toc-section-end\"><\/span><\/h3>\n\n<p class=\"has-text-color has-link-color wp-elements-47b7a4f7bfc75d7a57129cc964b6f58b\" style=\"color:#f8f8f8\">Vitruve conserve les droits de publication exclusifs de tous les articles accept\u00e9s.<\/p>\n\n<p class=\"has-text-color has-link-color wp-elements-9b0b03aaa8f6ab048c11398121385d48\" style=\"color:#f8f8f8\">Le contenu publi\u00e9 ne peut \u00eatre republi\u00e9, dupliqu\u00e9 ou redistribu\u00e9 ailleurs sans l&rsquo;autorisation \u00e9crite de Vitruve.<\/p>\n\n<p class=\"has-text-color has-link-color wp-elements-8881d8f706d3a20d56bc28daf3ded12d\" style=\"color:#f8f8f8\">En soumettant un article, vous confirmez que vous avez les droits sur tout le contenu \u00e9crit et visuel fourni et que vous accordez \u00e0 Vitruve le droit d&rsquo;\u00e9diter, de publier et de distribuer le travail sur ses plates-formes.<\/p>\n\n<h3 class=\"wp-block-heading has-text-color has-link-color wp-elements-42f98f4b65e1e36b705c4a0c1fa77d20\" style=\"color:#6644ff\"><span class=\"ez-toc-section\" id=\"Compensation\"><\/span><strong>Compensation<\/strong><span class=\"ez-toc-section-end\"><\/span><\/h3>\n\n<ul class=\"wp-block-list\">\n<li class=\"has-text-color has-link-color wp-elements-104fb60be99c2d21a06f7074615b3bf2\" style=\"color:#f8f8f8\">La r\u00e9mun\u00e9ration pour les articles publi\u00e9s est de sept cents par mot<\/li>\n\n\n\n<li class=\"has-text-color has-link-color wp-elements-31aa7ce50afe105a82b189c6fe446b34\" style=\"color:#f8f8f8\">Le paiement est effectu\u00e9 apr\u00e8s l&rsquo;approbation finale et la publication<\/li>\n\n\n\n<li class=\"has-text-color has-link-color wp-elements-8f249eec7c0b2525470170c0ea6f4c1a\" style=\"color:#f8f8f8\">La r\u00e9mun\u00e9ration est bas\u00e9e sur la profondeur, la clart\u00e9 et la valeur de l&rsquo;article pour les entra\u00eeneurs.<\/li>\n\n\n\n<li class=\"has-text-color has-link-color wp-elements-ef7f19434cde4cb3e169678f38249271\" style=\"color:#f8f8f8\">Des opportunit\u00e9s pour des contributeurs r\u00e9guliers et des projets de premier ordre peuvent \u00eatre offertes.<\/li>\n\n\n\n<li class=\"has-text-color has-link-color wp-elements-8637a94066bda3e2f43c588ab4ba47c8\" style=\"color:#f8f8f8\">Les paiements sont effectu\u00e9s via PayPal.<\/li>\n<\/ul>\n\n<p class=\"has-text-color has-link-color wp-elements-e7e6b16d4ed6cda7d49eb5c33cde22d0\" style=\"color:#f8f8f8\">La soumission d&rsquo;un article ne garantit pas sa publication. Vitruve se r\u00e9serve le droit d&rsquo;accepter ou de rejeter tout article en fonction de sa qualit\u00e9, de sa pertinence et des normes \u00e9ditoriales. <\/p>\n\n<p class=\"has-text-color has-link-color wp-elements-df4ffdc2aa68b815229cea5806eee905\" style=\"color:#f8f8f8\">Notre objectif est simple :<\/p>\n\n<p class=\"has-text-color has-link-color wp-elements-49c8e180e4eedf0d81a69a8e7df12f3f\" style=\"color:#f8f8f8\">Publiez du contenu qui aide les entra\u00eeneurs \u00e0 prendre de meilleures d\u00e9cisions dans la salle de musculation.<\/p>\n\n<h3 class=\"wp-block-heading has-text-color has-link-color wp-elements-f61825e49bba44e6ec6e1065509222a8\" style=\"color:#6644ff\"><span class=\"ez-toc-section\" id=\"Soumettez_votre_projet\"><\/span><strong>Soumettez votre projet<\/strong><span class=\"ez-toc-section-end\"><\/span><\/h3>\n\n<p class=\"has-text-color has-link-color wp-elements-98e2444822cb786f8d80a247d2d374aa\" style=\"color:#f8f8f8\">Remplissez le formulaire ci-dessous pour pr\u00e9senter votre article et commencer.<\/p>\n<p><script charset=\"utf-8\" type=\"text\/javascript\" src=\"\/\/js-eu1.hsforms.net\/forms\/embed\/v2.js\"><\/script><br \/>\n<script>\n  hbspt.forms.create({\n    portalId: \"25783169\",\n    formId: \"abb7318a-c297-4dde-ba6e-0621a5a197f8\",\n    region: \"eu1\"\n  });\n<\/script><\/p>\n\n<h3 class=\"wp-block-heading has-text-color has-link-color wp-elements-91182f48985e8f5af5b5b1b5855c10fa\" style=\"color:#6644ff\"><span class=\"ez-toc-section\" id=\"Pret_a_vous_faire_entendre\"><\/span><strong>Pr\u00eat \u00e0 vous faire entendre ?<\/strong><span class=\"ez-toc-section-end\"><\/span><\/h3>\n\n<p class=\"has-text-color has-link-color wp-elements-d38a5083c255cb1f820975bc83d01f3b\" style=\"color:#f8f8f8\">Rejoignez la communaut\u00e9 des coachs de Vitruve. Partagez ce qui fonctionne. Faites-vous payer.  <\/p>\n\n<div style=\"height:100px\" aria-hidden=\"true\" class=\"wp-block-spacer\"><\/div>\n","protected":false},"excerpt":{"rendered":"<p>Vous \u00eates un entra\u00eeneur de musculation et vous avez une vision concr\u00e8te de l&rsquo;entra\u00eenement ?Vitruve veut entendre votre voix. Nous sommes en train de construire la ressource de performance par excellence pour les entra\u00eeneurs de force, les directeurs et les \u00e9quipes de performance professionnelle et nous avons besoin de votre exp\u00e9rience sur la page. Ce [&hellip;]<\/p>\n","protected":false},"author":29,"featured_media":0,"parent":0,"menu_order":0,"comment_status":"closed","ping_status":"closed","template":"","meta":{"_acf_changed":false,"yasr_overall_rating":0,"yasr_post_is_review":"","yasr_auto_insert_disabled":"","yasr_review_type":"","footnotes":""},"class_list":["post-24863","page","type-page","status-publish","hentry"],"acf":[],"yasr_visitor_votes":{"stars_attributes":{"read_only":false,"span_bottom":false},"number_of_votes":0,"sum_votes":0},"_links":{"self":[{"href":"https:\/\/pre.vitruve.fit\/fr\/wp-json\/wp\/v2\/pages\/24863","targetHints":{"allow":["GET"]}}],"collection":[{"href":"https:\/\/pre.vitruve.fit\/fr\/wp-json\/wp\/v2\/pages"}],"about":[{"href":"https:\/\/pre.vitruve.fit\/fr\/wp-json\/wp\/v2\/types\/page"}],"author":[{"embeddable":true,"href":"https:\/\/pre.vitruve.fit\/fr\/wp-json\/wp\/v2\/users\/29"}],"replies":[{"embeddable":true,"href":"https:\/\/pre.vitruve.fit\/fr\/wp-json\/wp\/v2\/comments?post=24863"}],"version-history":[{"count":1,"href":"https:\/\/pre.vitruve.fit\/fr\/wp-json\/wp\/v2\/pages\/24863\/revisions"}],"predecessor-version":[{"id":24866,"href":"https:\/\/pre.vitruve.fit\/fr\/wp-json\/wp\/v2\/pages\/24863\/revisions\/24866"}],"wp:attachment":[{"href":"https:\/\/pre.vitruve.fit\/fr\/wp-json\/wp\/v2\/media?parent=24863"}],"curies":[{"name":"wp","href":"https:\/\/api.w.org\/{rel}","templated":true}]}}