{"id":23845,"date":"2024-06-04T17:24:41","date_gmt":"2024-06-04T15:24:41","guid":{"rendered":"https:\/\/pre.vitruve.fit\/ricerca-sulla-validita-dellaccesso\/"},"modified":"2026-03-05T17:41:29","modified_gmt":"2026-03-05T16:41:29","slug":"ricerca-sulla-validita-dellaccesso","status":"publish","type":"page","link":"https:\/\/pre.vitruve.fit\/it\/ricerca-sulla-validita-dellaccesso\/","title":{"rendered":"Ricerca sulla validit\u00e0 dell&#8217;accesso"},"content":{"rendered":"\n<p class=\"has-text-align-center has-white-color has-text-color has-link-color wp-elements-13ccf5b4b6c29c9d17d121846c1a0522\"><\/p>\n\n\n\n<section id=\"image-coach-block_eff028fb2f070080862513b9cb4af480\" class=\"vitruve-image-coach\">\n\t\n\t\n\t<div class=\"vitruve-image-coach__content\">\n\t\t<div class=\"vitruve-image-coach__inner\">\n\t\t\t\n\t\t\t\t\t<h2 class=\"vitruve-image-coach__title\">\n\t\t\t\tAccedi alla <span class=\"gradient-text\">ricerca sulla validit\u00e0<\/span>\t\t\t<\/h2>\n\t\t\n\t\t\t\t\t\t\t<p class=\"vitruve-image-coach__description\">\n\t\t\t\t\tAffidabilit\u00e0 e validit\u00e0 attuale di sette dispositivi disponibili in commercio per la valutazione della velocit\u00e0 di movimento. Te lo invieremo via e-mail, controlla la tua casella di posta!\r\n\r\nSi noti che lo studio si riferisce a Speed4Lifts, il nostro nome che \u00e8 cambiato in Vitruve, ma la precisione e l&#039;accuratezza sono altrettanto buone poich\u00e9 si tratta dello stesso prodotto.\t\t\t\t<\/p>\n\t\t\t\n\t\t\t\n\t\t<\/div>\n\t<\/div>\n\n<\/section>\n\n\n\n\n<script charset=\"utf-8\" type=\"text\/javascript\" src=\"\/\/js-eu1.hsforms.net\/forms\/embed\/v2.js\"><\/script>\n<script>\n  hbspt.forms.create({\n    portalId: \"25783169\",\n    formId: \"c28aa160-6406-4f54-b150-c085f6fd2e0a\",\n    region: \"eu1\"\n  });\n<\/script>\n","protected":false},"excerpt":{"rendered":"","protected":false},"author":28,"featured_media":0,"parent":0,"menu_order":0,"comment_status":"closed","ping_status":"closed","template":"","meta":{"_acf_changed":false,"yasr_overall_rating":0,"yasr_post_is_review":"","yasr_auto_insert_disabled":"","yasr_review_type":"","footnotes":""},"class_list":["post-23845","page","type-page","status-publish","hentry"],"acf":[],"yasr_visitor_votes":{"stars_attributes":{"read_only":false,"span_bottom":false},"number_of_votes":0,"sum_votes":0},"_links":{"self":[{"href":"https:\/\/pre.vitruve.fit\/it\/wp-json\/wp\/v2\/pages\/23845","targetHints":{"allow":["GET"]}}],"collection":[{"href":"https:\/\/pre.vitruve.fit\/it\/wp-json\/wp\/v2\/pages"}],"about":[{"href":"https:\/\/pre.vitruve.fit\/it\/wp-json\/wp\/v2\/types\/page"}],"author":[{"embeddable":true,"href":"https:\/\/pre.vitruve.fit\/it\/wp-json\/wp\/v2\/users\/28"}],"replies":[{"embeddable":true,"href":"https:\/\/pre.vitruve.fit\/it\/wp-json\/wp\/v2\/comments?post=23845"}],"version-history":[{"count":4,"href":"https:\/\/pre.vitruve.fit\/it\/wp-json\/wp\/v2\/pages\/23845\/revisions"}],"predecessor-version":[{"id":25853,"href":"https:\/\/pre.vitruve.fit\/it\/wp-json\/wp\/v2\/pages\/23845\/revisions\/25853"}],"wp:attachment":[{"href":"https:\/\/pre.vitruve.fit\/it\/wp-json\/wp\/v2\/media?parent=23845"}],"curies":[{"name":"wp","href":"https:\/\/api.w.org\/{rel}","templated":true}]}}