{"id":24020,"date":"2025-12-31T13:29:24","date_gmt":"2025-12-31T12:29:24","guid":{"rendered":"https:\/\/pre.vitruve.fit\/carriera\/"},"modified":"2026-03-03T19:25:54","modified_gmt":"2026-03-03T18:25:54","slug":"carriera","status":"publish","type":"page","link":"https:\/\/pre.vitruve.fit\/it\/carriera\/","title":{"rendered":"Carriera"},"content":{"rendered":"\n<section id=\"image-coach-block_d366d92f41df7c6d05214922186409cf\" class=\"vitruve-image-coach\">\n\t\n\t\n\t<div class=\"vitruve-image-coach__content\">\n\t\t<div class=\"vitruve-image-coach__inner\">\n\t\t\t\n\t\t\t\t\t<h2 class=\"vitruve-image-coach__title\"><span class=\"ez-toc-section\" id=\"Unisciti_a_noi_nella_nostra_missione_di_potenziare_allenatori_e_team\"><\/span>\n\t\t\t\t<span class=\"gradient-text\">Unisciti a noi<\/span> nella nostra missione di potenziare allenatori e team  \t\t\t<span class=\"ez-toc-section-end\"><\/span><\/h2>\n\t\t\n\t\t\t\t\t\t\t<p class=\"vitruve-image-coach__description\">\n\t\t\t\t\tSiamo la startup che sta sconvolgendo il settore dello Strength &amp; Conditioning. Ci muoviamo pi\u00f9 velocemente dei giganti e ci preoccupiamo di pi\u00f9 del prodotto. Sei pronto per la sfida?  \t\t\t\t<\/p>\n\t\t\t\n\t\t\t\t\t\t\t<div class=\"vitruve-image-coach__actions\">\n\t\t\t\t\t\n\t\t\t\t\t\t\t\t\t\t\t<a href=\"http:\/\/linkedin.com\/company\/25177108\/admin\/posted-jobs\/open\/\" class=\"vitruve-image-coach__cta vitruve-image-coach__cta--primary\" target=\"_blank\" rel=\"noopener\">\n\t\t\t\t\t\t\tVedi le posizioni aperte\t\t\t\t\t\t<\/a>\n\t\t\t\t\t\t\t\t\t<\/div>\n\t\t\t\n\t\t<\/div>\n\t<\/div>\n\n<\/section>\n\n\n<section \n\tid=\"logos-carousel-block_2a57f6387b7a5e7545d5dba6b4d7da0f\" \n\tclass=\"vitruve-logos-carousel\"\n\tstyle=\"--carousel-speed: 30s;\"\n>\n\t\t\t<h2 class=\"vitruve-logos-carousel__title\"><span class=\"ez-toc-section\" id=\"Alimentare_i_migliori_team_del_mondo\"><\/span>\n\t\t\tAlimentare i migliori team del mondo\t\t<span class=\"ez-toc-section-end\"><\/span><\/h2>\n\t\t\n\t<div class=\"vitruve-logos-carousel__container\">\n\t\t<div class=\"vitruve-logos-carousel__track\">\n\t\t\t\n\t\t\t\t\t\t\t<!-- Primera iteraci\u00f3n de logos -->\n\t\t\t\t<div class=\"vitruve-logos-carousel__set\">\n\t\t\t\t\t\t\t\t\t\t\t\t\t\t\t\t\t\t<div class=\"vitruve-logos-carousel__item\">\n\t\t\t\t\t\t\t\t<img loading=\"lazy\" decoding=\"async\" width=\"300\" height=\"169\" src=\"https:\/\/pre.vitruve.fit\/wp-content\/uploads\/2025\/12\/16-9-F1-logo-1-300x169.webp\" class=\"vitruve-logos-carousel__image\" alt=\"\" srcset=\"https:\/\/pre.vitruve.fit\/wp-content\/uploads\/2025\/12\/16-9-F1-logo-1-300x169.webp 300w, https:\/\/pre.vitruve.fit\/wp-content\/uploads\/2025\/12\/16-9-F1-logo-1-1024x576.webp 1024w, https:\/\/pre.vitruve.fit\/wp-content\/uploads\/2025\/12\/16-9-F1-logo-1-768x432.webp 768w, https:\/\/pre.vitruve.fit\/wp-content\/uploads\/2025\/12\/16-9-F1-logo-1-1536x864.webp 1536w, https:\/\/pre.vitruve.fit\/wp-content\/uploads\/2025\/12\/16-9-F1-logo-1-2048x1151.webp 2048w, https:\/\/pre.vitruve.fit\/wp-content\/uploads\/2025\/12\/16-9-F1-logo-1-1920x1080.webp 1920w\" sizes=\"auto, (max-width: 300px) 100vw, 300px\" \/>\t\t\t\t\t\t\t<\/div>\n\t\t\t\t\t\t\t\t\t\t\t\t\t\t\t\t\t\t\t\t\t\t\t\t<div class=\"vitruve-logos-carousel__item\">\n\t\t\t\t\t\t\t\t<img loading=\"lazy\" decoding=\"async\" width=\"300\" height=\"169\" src=\"https:\/\/pre.vitruve.fit\/wp-content\/uploads\/2025\/12\/l16-9_logo-NFL-300x169.webp\" class=\"vitruve-logos-carousel__image\" alt=\"\" srcset=\"https:\/\/pre.vitruve.fit\/wp-content\/uploads\/2025\/12\/l16-9_logo-NFL-300x169.webp 300w, https:\/\/pre.vitruve.fit\/wp-content\/uploads\/2025\/12\/l16-9_logo-NFL.webp 720w\" sizes=\"auto, (max-width: 300px) 100vw, 300px\" \/>\t\t\t\t\t\t\t<\/div>\n\t\t\t\t\t\t\t\t\t\t\t\t\t\t\t\t\t\t\t\t\t\t\t\t<div class=\"vitruve-logos-carousel__item\">\n\t\t\t\t\t\t\t\t<img loading=\"lazy\" decoding=\"async\" width=\"300\" height=\"169\" src=\"https:\/\/pre.vitruve.fit\/wp-content\/uploads\/2025\/12\/nba-logo-300x169.png\" class=\"vitruve-logos-carousel__image\" alt=\"\" srcset=\"https:\/\/pre.vitruve.fit\/wp-content\/uploads\/2025\/12\/nba-logo-300x169.png 300w, https:\/\/pre.vitruve.fit\/wp-content\/uploads\/2025\/12\/nba-logo-1024x576.png 1024w, https:\/\/pre.vitruve.fit\/wp-content\/uploads\/2025\/12\/nba-logo-768x432.png 768w, https:\/\/pre.vitruve.fit\/wp-content\/uploads\/2025\/12\/nba-logo.png 1200w\" sizes=\"auto, (max-width: 300px) 100vw, 300px\" \/>\t\t\t\t\t\t\t<\/div>\n\t\t\t\t\t\t\t\t\t\t\t\t\t\t\t\t\t\t\t\t\t\t\t\t<div class=\"vitruve-logos-carousel__item\">\n\t\t\t\t\t\t\t\t<img loading=\"lazy\" decoding=\"async\" width=\"300\" height=\"169\" src=\"https:\/\/pre.vitruve.fit\/wp-content\/uploads\/2025\/12\/16-9_USARUGBY_logo-300x169.webp\" class=\"vitruve-logos-carousel__image\" alt=\"\" srcset=\"https:\/\/pre.vitruve.fit\/wp-content\/uploads\/2025\/12\/16-9_USARUGBY_logo-300x169.webp 300w, https:\/\/pre.vitruve.fit\/wp-content\/uploads\/2025\/12\/16-9_USARUGBY_logo.webp 532w\" sizes=\"auto, (max-width: 300px) 100vw, 300px\" \/>\t\t\t\t\t\t\t<\/div>\n\t\t\t\t\t\t\t\t\t\t\t\t\t\t\t\t\t\t\t\t\t\t\t\t<div class=\"vitruve-logos-carousel__item\">\n\t\t\t\t\t\t\t\t<img loading=\"lazy\" decoding=\"async\" width=\"300\" height=\"169\" src=\"https:\/\/pre.vitruve.fit\/wp-content\/uploads\/2025\/12\/16-9_UFL-logo-300x169.webp\" class=\"vitruve-logos-carousel__image\" alt=\"\" srcset=\"https:\/\/pre.vitruve.fit\/wp-content\/uploads\/2025\/12\/16-9_UFL-logo-300x169.webp 300w, https:\/\/pre.vitruve.fit\/wp-content\/uploads\/2025\/12\/16-9_UFL-logo.webp 720w\" sizes=\"auto, (max-width: 300px) 100vw, 300px\" \/>\t\t\t\t\t\t\t<\/div>\n\t\t\t\t\t\t\t\t\t\t\t\t\t\t\t\t\t\t\t\t\t\t\t\t<div class=\"vitruve-logos-carousel__item\">\n\t\t\t\t\t\t\t\t<img loading=\"lazy\" decoding=\"async\" width=\"300\" height=\"169\" src=\"https:\/\/pre.vitruve.fit\/wp-content\/uploads\/2025\/12\/16-9_premiere_logo-300x169.webp\" class=\"vitruve-logos-carousel__image\" alt=\"\" srcset=\"https:\/\/pre.vitruve.fit\/wp-content\/uploads\/2025\/12\/16-9_premiere_logo-300x169.webp 300w, https:\/\/pre.vitruve.fit\/wp-content\/uploads\/2025\/12\/16-9_premiere_logo.webp 720w\" sizes=\"auto, (max-width: 300px) 100vw, 300px\" \/>\t\t\t\t\t\t\t<\/div>\n\t\t\t\t\t\t\t\t\t\t\t\t\t\t\t\t\t\t\t\t\t\t\t\t<div class=\"vitruve-logos-carousel__item\">\n\t\t\t\t\t\t\t\t<img loading=\"lazy\" decoding=\"async\" width=\"300\" height=\"169\" src=\"https:\/\/pre.vitruve.fit\/wp-content\/uploads\/2025\/12\/16-9_NHL_logo-300x169.webp\" class=\"vitruve-logos-carousel__image\" alt=\"\" srcset=\"https:\/\/pre.vitruve.fit\/wp-content\/uploads\/2025\/12\/16-9_NHL_logo-300x169.webp 300w, https:\/\/pre.vitruve.fit\/wp-content\/uploads\/2025\/12\/16-9_NHL_logo.webp 720w\" sizes=\"auto, (max-width: 300px) 100vw, 300px\" \/>\t\t\t\t\t\t\t<\/div>\n\t\t\t\t\t\t\t\t\t\t\t\t\t\t\t\t\t\t\t\t\t\t\t\t<div class=\"vitruve-logos-carousel__item\">\n\t\t\t\t\t\t\t\t<img loading=\"lazy\" decoding=\"async\" width=\"300\" height=\"169\" src=\"https:\/\/pre.vitruve.fit\/wp-content\/uploads\/2025\/12\/16-9_NCAA_logo-300x169.webp\" class=\"vitruve-logos-carousel__image\" alt=\"\" srcset=\"https:\/\/pre.vitruve.fit\/wp-content\/uploads\/2025\/12\/16-9_NCAA_logo-300x169.webp 300w, https:\/\/pre.vitruve.fit\/wp-content\/uploads\/2025\/12\/16-9_NCAA_logo.webp 720w\" sizes=\"auto, (max-width: 300px) 100vw, 300px\" \/>\t\t\t\t\t\t\t<\/div>\n\t\t\t\t\t\t\t\t\t\t\t\t\t\t\t\t\t\t\t\t\t\t\t\t<div class=\"vitruve-logos-carousel__item\">\n\t\t\t\t\t\t\t\t<img loading=\"lazy\" decoding=\"async\" width=\"300\" height=\"169\" src=\"https:\/\/pre.vitruve.fit\/wp-content\/uploads\/2025\/12\/16-9_MLS_logo-300x169.webp\" class=\"vitruve-logos-carousel__image\" alt=\"\" srcset=\"https:\/\/pre.vitruve.fit\/wp-content\/uploads\/2025\/12\/16-9_MLS_logo-300x169.webp 300w, https:\/\/pre.vitruve.fit\/wp-content\/uploads\/2025\/12\/16-9_MLS_logo.webp 720w\" sizes=\"auto, (max-width: 300px) 100vw, 300px\" \/>\t\t\t\t\t\t\t<\/div>\n\t\t\t\t\t\t\t\t\t\t\t\t\t\t\t\t\t\t\t\t\t\t\t\t<div class=\"vitruve-logos-carousel__item\">\n\t\t\t\t\t\t\t\t<img loading=\"lazy\" decoding=\"async\" width=\"300\" height=\"169\" src=\"https:\/\/pre.vitruve.fit\/wp-content\/uploads\/2025\/12\/16-9_MLB-300x169.webp\" class=\"vitruve-logos-carousel__image\" alt=\"\" srcset=\"https:\/\/pre.vitruve.fit\/wp-content\/uploads\/2025\/12\/16-9_MLB-300x169.webp 300w, https:\/\/pre.vitruve.fit\/wp-content\/uploads\/2025\/12\/16-9_MLB.webp 720w\" sizes=\"auto, (max-width: 300px) 100vw, 300px\" \/>\t\t\t\t\t\t\t<\/div>\n\t\t\t\t\t\t\t\t\t\t\t\t\t\t\t<\/div>\n\n\t\t\t\t<!-- Duplicado de logos para loop infinito -->\n\t\t\t\t<div class=\"vitruve-logos-carousel__set\" aria-hidden=\"true\">\n\t\t\t\t\t\t\t\t\t\t\t\t\t\t\t\t\t\t<div class=\"vitruve-logos-carousel__item\">\n\t\t\t\t\t\t\t\t<img loading=\"lazy\" decoding=\"async\" width=\"300\" height=\"169\" src=\"https:\/\/pre.vitruve.fit\/wp-content\/uploads\/2025\/12\/16-9-F1-logo-1-300x169.webp\" class=\"vitruve-logos-carousel__image\" alt=\"\" srcset=\"https:\/\/pre.vitruve.fit\/wp-content\/uploads\/2025\/12\/16-9-F1-logo-1-300x169.webp 300w, https:\/\/pre.vitruve.fit\/wp-content\/uploads\/2025\/12\/16-9-F1-logo-1-1024x576.webp 1024w, https:\/\/pre.vitruve.fit\/wp-content\/uploads\/2025\/12\/16-9-F1-logo-1-768x432.webp 768w, https:\/\/pre.vitruve.fit\/wp-content\/uploads\/2025\/12\/16-9-F1-logo-1-1536x864.webp 1536w, https:\/\/pre.vitruve.fit\/wp-content\/uploads\/2025\/12\/16-9-F1-logo-1-2048x1151.webp 2048w, https:\/\/pre.vitruve.fit\/wp-content\/uploads\/2025\/12\/16-9-F1-logo-1-1920x1080.webp 1920w\" sizes=\"auto, (max-width: 300px) 100vw, 300px\" \/>\t\t\t\t\t\t\t<\/div>\n\t\t\t\t\t\t\t\t\t\t\t\t\t\t\t\t\t\t\t\t\t\t\t\t<div class=\"vitruve-logos-carousel__item\">\n\t\t\t\t\t\t\t\t<img loading=\"lazy\" decoding=\"async\" width=\"300\" height=\"169\" src=\"https:\/\/pre.vitruve.fit\/wp-content\/uploads\/2025\/12\/l16-9_logo-NFL-300x169.webp\" class=\"vitruve-logos-carousel__image\" alt=\"\" srcset=\"https:\/\/pre.vitruve.fit\/wp-content\/uploads\/2025\/12\/l16-9_logo-NFL-300x169.webp 300w, https:\/\/pre.vitruve.fit\/wp-content\/uploads\/2025\/12\/l16-9_logo-NFL.webp 720w\" sizes=\"auto, (max-width: 300px) 100vw, 300px\" \/>\t\t\t\t\t\t\t<\/div>\n\t\t\t\t\t\t\t\t\t\t\t\t\t\t\t\t\t\t\t\t\t\t\t\t<div class=\"vitruve-logos-carousel__item\">\n\t\t\t\t\t\t\t\t<img loading=\"lazy\" decoding=\"async\" width=\"300\" height=\"169\" src=\"https:\/\/pre.vitruve.fit\/wp-content\/uploads\/2025\/12\/nba-logo-300x169.png\" class=\"vitruve-logos-carousel__image\" alt=\"\" srcset=\"https:\/\/pre.vitruve.fit\/wp-content\/uploads\/2025\/12\/nba-logo-300x169.png 300w, https:\/\/pre.vitruve.fit\/wp-content\/uploads\/2025\/12\/nba-logo-1024x576.png 1024w, https:\/\/pre.vitruve.fit\/wp-content\/uploads\/2025\/12\/nba-logo-768x432.png 768w, https:\/\/pre.vitruve.fit\/wp-content\/uploads\/2025\/12\/nba-logo.png 1200w\" sizes=\"auto, (max-width: 300px) 100vw, 300px\" \/>\t\t\t\t\t\t\t<\/div>\n\t\t\t\t\t\t\t\t\t\t\t\t\t\t\t\t\t\t\t\t\t\t\t\t<div class=\"vitruve-logos-carousel__item\">\n\t\t\t\t\t\t\t\t<img loading=\"lazy\" decoding=\"async\" width=\"300\" height=\"169\" src=\"https:\/\/pre.vitruve.fit\/wp-content\/uploads\/2025\/12\/16-9_USARUGBY_logo-300x169.webp\" class=\"vitruve-logos-carousel__image\" alt=\"\" srcset=\"https:\/\/pre.vitruve.fit\/wp-content\/uploads\/2025\/12\/16-9_USARUGBY_logo-300x169.webp 300w, https:\/\/pre.vitruve.fit\/wp-content\/uploads\/2025\/12\/16-9_USARUGBY_logo.webp 532w\" sizes=\"auto, (max-width: 300px) 100vw, 300px\" \/>\t\t\t\t\t\t\t<\/div>\n\t\t\t\t\t\t\t\t\t\t\t\t\t\t\t\t\t\t\t\t\t\t\t\t<div class=\"vitruve-logos-carousel__item\">\n\t\t\t\t\t\t\t\t<img loading=\"lazy\" decoding=\"async\" width=\"300\" height=\"169\" src=\"https:\/\/pre.vitruve.fit\/wp-content\/uploads\/2025\/12\/16-9_UFL-logo-300x169.webp\" class=\"vitruve-logos-carousel__image\" alt=\"\" srcset=\"https:\/\/pre.vitruve.fit\/wp-content\/uploads\/2025\/12\/16-9_UFL-logo-300x169.webp 300w, https:\/\/pre.vitruve.fit\/wp-content\/uploads\/2025\/12\/16-9_UFL-logo.webp 720w\" sizes=\"auto, (max-width: 300px) 100vw, 300px\" \/>\t\t\t\t\t\t\t<\/div>\n\t\t\t\t\t\t\t\t\t\t\t\t\t\t\t\t\t\t\t\t\t\t\t\t<div class=\"vitruve-logos-carousel__item\">\n\t\t\t\t\t\t\t\t<img loading=\"lazy\" decoding=\"async\" width=\"300\" height=\"169\" src=\"https:\/\/pre.vitruve.fit\/wp-content\/uploads\/2025\/12\/16-9_premiere_logo-300x169.webp\" class=\"vitruve-logos-carousel__image\" alt=\"\" srcset=\"https:\/\/pre.vitruve.fit\/wp-content\/uploads\/2025\/12\/16-9_premiere_logo-300x169.webp 300w, https:\/\/pre.vitruve.fit\/wp-content\/uploads\/2025\/12\/16-9_premiere_logo.webp 720w\" sizes=\"auto, (max-width: 300px) 100vw, 300px\" \/>\t\t\t\t\t\t\t<\/div>\n\t\t\t\t\t\t\t\t\t\t\t\t\t\t\t\t\t\t\t\t\t\t\t\t<div class=\"vitruve-logos-carousel__item\">\n\t\t\t\t\t\t\t\t<img loading=\"lazy\" decoding=\"async\" width=\"300\" height=\"169\" src=\"https:\/\/pre.vitruve.fit\/wp-content\/uploads\/2025\/12\/16-9_NHL_logo-300x169.webp\" class=\"vitruve-logos-carousel__image\" alt=\"\" srcset=\"https:\/\/pre.vitruve.fit\/wp-content\/uploads\/2025\/12\/16-9_NHL_logo-300x169.webp 300w, https:\/\/pre.vitruve.fit\/wp-content\/uploads\/2025\/12\/16-9_NHL_logo.webp 720w\" sizes=\"auto, (max-width: 300px) 100vw, 300px\" \/>\t\t\t\t\t\t\t<\/div>\n\t\t\t\t\t\t\t\t\t\t\t\t\t\t\t\t\t\t\t\t\t\t\t\t<div class=\"vitruve-logos-carousel__item\">\n\t\t\t\t\t\t\t\t<img loading=\"lazy\" decoding=\"async\" width=\"300\" height=\"169\" src=\"https:\/\/pre.vitruve.fit\/wp-content\/uploads\/2025\/12\/16-9_NCAA_logo-300x169.webp\" class=\"vitruve-logos-carousel__image\" alt=\"\" srcset=\"https:\/\/pre.vitruve.fit\/wp-content\/uploads\/2025\/12\/16-9_NCAA_logo-300x169.webp 300w, https:\/\/pre.vitruve.fit\/wp-content\/uploads\/2025\/12\/16-9_NCAA_logo.webp 720w\" sizes=\"auto, (max-width: 300px) 100vw, 300px\" \/>\t\t\t\t\t\t\t<\/div>\n\t\t\t\t\t\t\t\t\t\t\t\t\t\t\t\t\t\t\t\t\t\t\t\t<div class=\"vitruve-logos-carousel__item\">\n\t\t\t\t\t\t\t\t<img loading=\"lazy\" decoding=\"async\" width=\"300\" height=\"169\" src=\"https:\/\/pre.vitruve.fit\/wp-content\/uploads\/2025\/12\/16-9_MLS_logo-300x169.webp\" class=\"vitruve-logos-carousel__image\" alt=\"\" srcset=\"https:\/\/pre.vitruve.fit\/wp-content\/uploads\/2025\/12\/16-9_MLS_logo-300x169.webp 300w, https:\/\/pre.vitruve.fit\/wp-content\/uploads\/2025\/12\/16-9_MLS_logo.webp 720w\" sizes=\"auto, (max-width: 300px) 100vw, 300px\" \/>\t\t\t\t\t\t\t<\/div>\n\t\t\t\t\t\t\t\t\t\t\t\t\t\t\t\t\t\t\t\t\t\t\t\t<div class=\"vitruve-logos-carousel__item\">\n\t\t\t\t\t\t\t\t<img loading=\"lazy\" decoding=\"async\" width=\"300\" height=\"169\" src=\"https:\/\/pre.vitruve.fit\/wp-content\/uploads\/2025\/12\/16-9_MLB-300x169.webp\" class=\"vitruve-logos-carousel__image\" alt=\"\" srcset=\"https:\/\/pre.vitruve.fit\/wp-content\/uploads\/2025\/12\/16-9_MLB-300x169.webp 300w, https:\/\/pre.vitruve.fit\/wp-content\/uploads\/2025\/12\/16-9_MLB.webp 720w\" sizes=\"auto, (max-width: 300px) 100vw, 300px\" \/>\t\t\t\t\t\t\t<\/div>\n\t\t\t\t\t\t\t\t\t\t\t\t\t\t\t<\/div>\n\t\t\t\n\t\t<\/div>\n\t<\/div>\n<\/section>\n\n\n<h2 class=\"wp-block-heading has-text-align-center has-white-color has-text-color has-link-color has-x-large-font-size wp-elements-3637c4e02bda019d9560d5cc66cd393c\"><span class=\"ez-toc-section\" id=\"I_nostri_valori\"><\/span>I nostri valori<span class=\"ez-toc-section-end\"><\/span><\/h2>\n\n<section id=\"info-links-grid-block_a5300548680341b6fc2d9afc614dbb06\" class=\"vitruve-info-links-grid vitruve-info-links-grid--cards-4\">\n\t<div class=\"vitruve-info-links-grid__container\">\n\t\t<div class=\"vitruve-info-links-grid__grid\">\n\t\t\t\n\t\t\t\t\t\t\t<div class=\"vitruve-info-links-grid__card\" style=\"--card-index: 0\">\n\t\t\t\t\t\n\t\t\t\t\t<h3 class=\"vitruve-info-links-grid__card-title\"><span class=\"ez-toc-section\" id=\"Proprieta_estrema\"><\/span>\n\t\t\t\t\t\tPropriet\u00e0 estrema\t\t\t\t\t<span class=\"ez-toc-section-end\"><\/span><\/h3>\n\t\t\t\t\t\n\t\t\t\t\t\t\t\t\t\t\t<p class=\"vitruve-info-links-grid__card-description\">\n\t\t\t\t\t\t\tSei l&#039;amministratore delegato del tuo ruolo. Odiamo la microgestione. In Vitruve non hai bisogno di tre livelli di approvazione per prendere una decisione. Assumiamo persone intelligenti e diamo loro le chiavi. Hai l&#039;autonomia di decidere, la libert\u00e0 di eseguire e la fiducia per guidare i tuoi progetti dall&#039;inizio alla fine.    \t\t\t\t\t\t<\/p>\n\t\t\t\t\t\t\t\t\t\t\n\t\t\t\t\t\t\t\t\t\t\n\t\t\t\t<\/div>\n\t\t\t\t\t\t\t<div class=\"vitruve-info-links-grid__card\" style=\"--card-index: 1\">\n\t\t\t\t\t\n\t\t\t\t\t<h3 class=\"vitruve-info-links-grid__card-title\"><span class=\"ez-toc-section\" id=\"Pregiudizio_per_lazione\"><\/span>\n\t\t\t\t\t\tPregiudizio per l&#039;azione\t\t\t\t\t<span class=\"ez-toc-section-end\"><\/span><\/h3>\n\t\t\t\t\t\n\t\t\t\t\t\t\t\t\t\t\t<p class=\"vitruve-info-links-grid__card-description\">\n\t\t\t\t\t\t\tVedi il tuo impatto all&#039;istante. Nelle grandi aziende, si aspettano mesi per vedere il proprio lavoro in funzione. Qui, invece, potresti inviare una funzione il marted\u00ec e vedere una squadra di Premier League che la utilizza il mercoled\u00ec. Ci muoviamo velocemente non perch\u00e9 siamo stressati, ma perch\u00e9 siamo appassionati. Diamo pi\u00f9 valore allo slancio e all&#039;apprendimento che all&#039;infinito    \t\t\t\t\t\t<\/p>\n\t\t\t\t\t\t\t\t\t\t\n\t\t\t\t\t\t\t\t\t\t\n\t\t\t\t<\/div>\n\t\t\t\t\t\t\t<div class=\"vitruve-info-links-grid__card\" style=\"--card-index: 2\">\n\t\t\t\t\t\n\t\t\t\t\t<h3 class=\"vitruve-info-links-grid__card-title\"><span class=\"ez-toc-section\" id=\"Curiosita_senza_fine\"><\/span>\n\t\t\t\t\t\tCuriosit\u00e0 senza fine\t\t\t\t\t<span class=\"ez-toc-section-end\"><\/span><\/h3>\n\t\t\t\t\t\n\t\t\t\t\t\t\t\t\t\t\t<p class=\"vitruve-info-links-grid__card-description\">\n\t\t\t\t\t\t\tCresci pi\u00f9 velocemente dell&#039;azienda. Non ci interessa quello che sapevi ieri; ci interessa quello che puoi imparare oggi. Siamo un team di esploratori. Se non sai qualcosa, ti aiutiamo a padroneggiarla. Stiamo costruendo qualcosa che non esiste ancora, quindi impariamo tutti insieme ogni singolo giorno.    \t\t\t\t\t\t<\/p>\n\t\t\t\t\t\t\t\t\t\t\n\t\t\t\t\t\t\t\t\t\t\n\t\t\t\t<\/div>\n\t\t\t\t\t\t\t<div class=\"vitruve-info-links-grid__card\" style=\"--card-index: 3\">\n\t\t\t\t\t\n\t\t\t\t\t<h3 class=\"vitruve-info-links-grid__card-title\"><span class=\"ez-toc-section\" id=\"Ossessiona_lutente\"><\/span>\n\t\t\t\t\t\tOssessiona l&#039;utente\t\t\t\t\t<span class=\"ez-toc-section-end\"><\/span><\/h3>\n\t\t\t\t\t\n\t\t\t\t\t\t\t\t\t\t\t<p class=\"vitruve-info-links-grid__card-description\">\n\t\t\t\t\t\t\tAlimenta l&#039;\u00e9lite mondiale. Il nostro codice e il nostro hardware aiutano gli atleti olimpici a vincere medaglie d&#039;oro. Questo \u00e8 un privilegio. Siamo orgogliosi del nostro lavoro perch\u00e9 i nostri utenti dipendono da noi per dare il meglio di s\u00e9. Non costruiamo solo software; costruiamo gli strumenti per l&#039;eccellenza umana.    \t\t\t\t\t\t<\/p>\n\t\t\t\t\t\t\t\t\t\t\n\t\t\t\t\t\t\t\t\t\t\n\t\t\t\t<\/div>\n\t\t\t\n\t\t<\/div>\n\t<\/div>\n<\/section>\n\n\n<!-- 4. HTML DEL BLOQUE -->\n<section id=\"text-image-card-block_a5575d9dc49d7d9d66e3226dc86c1d8a\" class=\"vitruve-text-image-card\">\n\t<div class=\"vitruve-text-image-card__container\">\n\t\t<div class=\"vitruve-text-image-card__inner\">\n\t\t\t\n\t\t\t<!-- Contenido: Badge, T\u00edtulo, Subt\u00edtulo, Bot\u00f3n -->\n\t\t\t<div class=\"vitruve-text-image-card__content\">\n\t\t\t\t\n\t\t\t\t<!-- Badge -->\n\t\t\t\t\t\t\t\t\t<div class=\"vitruve-badge vitruve-badge--blue\">\n\t\t\t\t\t\tEntra a far parte del team Vitruve\t\t\t\t\t<\/div>\n\t\t\t\t\t\t\t\t\n\t\t\t\t<!-- T\u00edtulo -->\n\t\t\t\t\t\t\t\t\t<h2 class=\"vitruve-text-image-card__title\"><span class=\"ez-toc-section\" id=\"Ti_senti_identificato\"><\/span>\n\t\t\t\t\t\tTi senti identificato?\t\t\t\t\t<span class=\"ez-toc-section-end\"><\/span><\/h2>\n\t\t\t\t\t\t\t\t\n\t\t\t\t<!-- Subt\u00edtulo -->\n\t\t\t\t\t\t\t\t\t<p class=\"vitruve-text-image-card__subtitle\">\n\t\t\t\t\t\tSe ami lo sport, il ritmo veloce delle startup e vuoi far parte della prossima rivoluzione S&amp;C, Vitruve \u00e8 il posto giusto per te.\t\t\t\t\t<\/p>\n\t\t\t\t\t\t\t\t\n\t\t\t\t<!-- Bot\u00f3n -->\n\t\t\t\t\t\t\t\t\t<a href=\"https:\/\/www.linkedin.com\/company\/25177108\/admin\/posted-jobs\/open\/\" class=\"vitruve-text-image-card__button\" target=\"_blank\" rel=\"noopener\">\n\t\t\t\t\t\tVieni a fare rock con noi\t\t\t\t\t<\/a>\n\t\t\t\t\t\t\t\t\n\t\t\t<\/div>\n\t\t\t\n\t\t\t<!-- Imagen -->\n\t\t\t<div class=\"vitruve-text-image-card__media\">\n\t\t\t\t<img loading=\"lazy\" decoding=\"async\" width=\"1024\" height=\"768\" src=\"https:\/\/pre.vitruve.fit\/wp-content\/uploads\/2026\/01\/oscar-iker-1024x768.webp\" class=\"vitruve-text-image-card__image\" alt=\"\" srcset=\"https:\/\/pre.vitruve.fit\/wp-content\/uploads\/2026\/01\/oscar-iker-1024x768.webp 1024w, https:\/\/pre.vitruve.fit\/wp-content\/uploads\/2026\/01\/oscar-iker-300x225.webp 300w, https:\/\/pre.vitruve.fit\/wp-content\/uploads\/2026\/01\/oscar-iker-768x576.webp 768w, https:\/\/pre.vitruve.fit\/wp-content\/uploads\/2026\/01\/oscar-iker-400x300.webp 400w, https:\/\/pre.vitruve.fit\/wp-content\/uploads\/2026\/01\/oscar-iker.webp 1080w\" sizes=\"auto, (max-width: 1024px) 100vw, 1024px\" \/>\t\t\t<\/div>\n\t\t<\/div>\n\t<\/div>\n<\/section>\n","protected":false},"excerpt":{"rendered":"<p>I nostri valori<\/p>\n","protected":false},"author":3,"featured_media":0,"parent":0,"menu_order":0,"comment_status":"closed","ping_status":"closed","template":"","meta":{"_acf_changed":false,"yasr_overall_rating":0,"yasr_post_is_review":"","yasr_auto_insert_disabled":"","yasr_review_type":"","footnotes":""},"class_list":["post-24020","page","type-page","status-publish","hentry"],"acf":[],"yasr_visitor_votes":{"stars_attributes":{"read_only":false,"span_bottom":false},"number_of_votes":0,"sum_votes":0},"_links":{"self":[{"href":"https:\/\/pre.vitruve.fit\/it\/wp-json\/wp\/v2\/pages\/24020","targetHints":{"allow":["GET"]}}],"collection":[{"href":"https:\/\/pre.vitruve.fit\/it\/wp-json\/wp\/v2\/pages"}],"about":[{"href":"https:\/\/pre.vitruve.fit\/it\/wp-json\/wp\/v2\/types\/page"}],"author":[{"embeddable":true,"href":"https:\/\/pre.vitruve.fit\/it\/wp-json\/wp\/v2\/users\/3"}],"replies":[{"embeddable":true,"href":"https:\/\/pre.vitruve.fit\/it\/wp-json\/wp\/v2\/comments?post=24020"}],"version-history":[{"count":3,"href":"https:\/\/pre.vitruve.fit\/it\/wp-json\/wp\/v2\/pages\/24020\/revisions"}],"predecessor-version":[{"id":24024,"href":"https:\/\/pre.vitruve.fit\/it\/wp-json\/wp\/v2\/pages\/24020\/revisions\/24024"}],"wp:attachment":[{"href":"https:\/\/pre.vitruve.fit\/it\/wp-json\/wp\/v2\/media?parent=24020"}],"curies":[{"name":"wp","href":"https:\/\/api.w.org\/{rel}","templated":true}]}}