{"id":24204,"date":"2024-07-25T09:30:23","date_gmt":"2024-07-25T07:30:23","guid":{"rendered":"https:\/\/pre.vitruve.fit\/informativa-sui-cookie\/"},"modified":"2026-03-03T18:31:22","modified_gmt":"2026-03-03T17:31:22","slug":"informativa-sui-cookie","status":"publish","type":"page","link":"https:\/\/pre.vitruve.fit\/it\/informativa-sui-cookie\/","title":{"rendered":"Informativa sui cookie"},"content":{"rendered":"\n<h1 class=\"c-title-1 wp-block-heading has-text-align-center\"><span class=\"ez-toc-section\" id=\"Informativa_sui_cookie\"><\/span>Informativa sui cookie<span class=\"ez-toc-section-end\"><\/span><\/h1>\n\n<p>La presente Informativa sulla privacy descrive le politiche di SPEED4LIFTS S.L. Calle Rio Segre n28 52C, Madrid 28935, Spagna email: contact@pre.vitruve.fit<\/p>\n\n<p>Sulla raccolta, l&#8217;utilizzo e la divulgazione dei tuoi dati che raccogliamo quando utilizzi il nostro sito web ( https:\/\/pre.vitruve.fit\/ ).<br\/>Questo Sito utilizza un &#8220;Cookie&#8221; che consente al Titolare del trattamento di tracciarlo, solo nel caso in cui tu decida di registrarti come Utente creando un account, il che consente di conoscere le tue preferenze di navigazione durante la tua sessione Utente.<\/p>\n\n<p>Non si tratta di un &#8220;Cookie&#8221; invasivo o dannoso, pertanto non influir\u00e0 in alcun modo sulle prestazioni del computer dell&#8217;Utente. Tuttavia, affinch\u00e9 il &#8220;cookie&#8221; funzioni, deve essere temporaneamente memorizzato sul disco rigido del computer utilizzato dall&#8217;utente per accedere al Sito web, pertanto l&#8217;utente pu\u00f2 rifiutare il &#8220;cookie&#8221; a seconda dell&#8217;opzione selezionata nel proprio browser Internet. che pu\u00f2 notificare all&#8217;utente la presenza di questo &#8220;cookie&#8221; o rifiutarlo automaticamente. Nel caso in cui il &#8220;Cookie&#8221; venga accettato dal computer, esso verr\u00e0 salvato sul disco rigido del computer solo temporaneamente, per la durata della sessione utente.<br\/>Oltre a utilizzare i cookie, utilizziamo tecnologie di terze parti per la pubblicit\u00e0 o la misurazione dei dati, al fine di ottimizzare il sito web e i servizi presentati. A tal fine utilizziamo:    <\/p>\n\n<ul class=\"wp-block-list\">\n<li>Google Analytics<\/li>\n\n\n\n<li>Remarketing di Google Analytics<\/li>\n\n\n\n<li>Reporting delle impressioni della Rete Display di Google<\/li>\n\n\n\n<li>Reporting dei dati demografici e degli interessi di Google Analytics<\/li>\n\n\n\n<li>Google AdWords<\/li>\n\n\n\n<li>Annunci su Facebook<\/li>\n<\/ul>\n\n<p>Criteri di conservazione dei dati: Saranno conservati fino a quando l&#8217;Utente avr\u00e0 interesse a mantenere la finalit\u00e0 del trattamento, ovvero fino a quando non annuller\u00e0 l&#8217;iscrizione, esercitando il diritto alla cancellazione.<\/p>\n\n<p>Se eserciti il tuo diritto alla cancellazione, i Dati saranno conservati in modo limitato a disposizione delle autorit\u00e0 durante il periodo legale per far fronte a possibili responsabilit\u00e0 derivanti dal trattamento e dall&#8217;uso dei dati.<\/p>\n\n<p>Nel caso dei dati di fatturazione, questi saranno debitamente conservati per il tempo necessario all&#8217;Agenzia delle Entrate.<\/p>\n\n<p>Diritti che assistono l&#8217;Utente Diritto di revocare il consenso in qualsiasi momento.<br\/>Diritto di accesso, rettifica e cancellazione dei tuoi dati e la limitazione o opposizione al loro trattamento.  <\/p>\n\n<h2 class=\"c-title-2 wp-block-heading\"><span class=\"ez-toc-section\" id=\"Diritto_di_accesso\"><\/span>Diritto di accesso<span class=\"ez-toc-section-end\"><\/span><\/h2>\n\n<p>L&#8217;interessato avr\u00e0 il diritto di richiedere e ottenere gratuitamente informazioni sui propri dati personali oggetto di trattamento, sull&#8217;origine di tali dati, nonch\u00e9 sulle comunicazioni effettuate o che si intende effettuare in merito. Quando l&#8217;interessato presenta la richiesta per via elettronica, e a meno che non chieda che gli venga fornito diversamente, le informazioni saranno fornite in un formato elettronico comunemente utilizzato. Il diritto di ottenere una copia non pregiudica i diritti e le libert\u00e0 degli altri.  <\/p>\n\n<h2 class=\"c-title-2 wp-block-heading\"><span class=\"ez-toc-section\" id=\"Diritto_alla_rettifica_e_alla_cancellazione\"><\/span>Diritto alla rettifica e alla cancellazione<span class=\"ez-toc-section-end\"><\/span><\/h2>\n\n<p>Il titolare del trattamento avr\u00e0 l&#8217;obbligo di rendere effettivo il diritto dell&#8217;interessato alla rettifica o alla cancellazione entro un periodo di dieci giorni. I dati personali il cui trattamento non \u00e8 conforme alle disposizioni di legge saranno rettificati o cancellati, se del caso, e in particolare, quando tali dati sono inesatti e incompleti, avrai il diritto di ottenere, senza ingiustificato ritardo, la rettifica dei dati personali. inesattezze che ti riguardano. L&#8217;interessato ha il diritto di far completare i dati personali incompleti, anche mediante una dichiarazione aggiuntiva.   <\/p>\n\n<h2 class=\"c-title-2 wp-block-heading\"><span class=\"ez-toc-section\" id=\"Diritto_alla_limitazione_del_trattamento\"><\/span>Diritto alla limitazione del trattamento<span class=\"ez-toc-section-end\"><\/span><\/h2>\n\n<p>L&#8217;interessato avr\u00e0 il diritto di ottenere dal titolare del trattamento la limitazione del trattamento dei dati.<\/p>\n\n<h2 class=\"c-title-2 wp-block-heading\"><span class=\"ez-toc-section\" id=\"Diritto_di_opposizione\"><\/span>Diritto di opposizione<span class=\"ez-toc-section-end\"><\/span><\/h2>\n\n<p>L&#8217;interessato avr\u00e0 il diritto di opporsi in qualsiasi momento, per motivi legati alla sua situazione particolare, al trattamento dei dati personali che lo riguardano (interesse pubblico e interesse legittimo), compresa la creazione di profili sulla base di tali disposizioni. Il Titolare del trattamento interromper\u00e0 il trattamento dei dati personali, a meno che non dimostri l&#8217;esistenza di motivi legittimi impellenti per il trattamento che prevalgono sugli interessi, i diritti e le libert\u00e0 dell&#8217;interessato, o per la formulazione, l&#8217;esercizio o la difesa di diritti. <\/p>\n","protected":false},"excerpt":{"rendered":"<p>Informativa sui cookie La presente Informativa sulla privacy descrive le politiche di SPEED4LIFTS S.L. Calle Rio Segre n28 52C, Madrid 28935, Spagna email: contact@pre.vitruve.fit Sulla raccolta, l&#8217;utilizzo e la divulgazione dei tuoi dati che raccogliamo quando utilizzi il nostro sito web ( https:\/\/pre.vitruve.fit\/ ).Questo Sito utilizza un &#8220;Cookie&#8221; che consente al Titolare del trattamento di [&hellip;]<\/p>\n","protected":false},"author":5,"featured_media":0,"parent":0,"menu_order":0,"comment_status":"closed","ping_status":"closed","template":"","meta":{"_acf_changed":false,"yasr_overall_rating":0,"yasr_post_is_review":"","yasr_auto_insert_disabled":"","yasr_review_type":"","footnotes":""},"class_list":["post-24204","page","type-page","status-publish","hentry"],"acf":[],"yasr_visitor_votes":{"stars_attributes":{"read_only":false,"span_bottom":false},"number_of_votes":0,"sum_votes":0},"_links":{"self":[{"href":"https:\/\/pre.vitruve.fit\/it\/wp-json\/wp\/v2\/pages\/24204","targetHints":{"allow":["GET"]}}],"collection":[{"href":"https:\/\/pre.vitruve.fit\/it\/wp-json\/wp\/v2\/pages"}],"about":[{"href":"https:\/\/pre.vitruve.fit\/it\/wp-json\/wp\/v2\/types\/page"}],"author":[{"embeddable":true,"href":"https:\/\/pre.vitruve.fit\/it\/wp-json\/wp\/v2\/users\/5"}],"replies":[{"embeddable":true,"href":"https:\/\/pre.vitruve.fit\/it\/wp-json\/wp\/v2\/comments?post=24204"}],"version-history":[{"count":3,"href":"https:\/\/pre.vitruve.fit\/it\/wp-json\/wp\/v2\/pages\/24204\/revisions"}],"predecessor-version":[{"id":24209,"href":"https:\/\/pre.vitruve.fit\/it\/wp-json\/wp\/v2\/pages\/24204\/revisions\/24209"}],"wp:attachment":[{"href":"https:\/\/pre.vitruve.fit\/it\/wp-json\/wp\/v2\/media?parent=24204"}],"curies":[{"name":"wp","href":"https:\/\/api.w.org\/{rel}","templated":true}]}}