{"id":24244,"date":"2025-12-31T13:31:30","date_gmt":"2025-12-31T12:31:30","guid":{"rendered":"https:\/\/pre.vitruve.fit\/programma-distributori\/"},"modified":"2026-03-03T19:28:39","modified_gmt":"2026-03-03T18:28:39","slug":"programma-distributori","status":"publish","type":"page","link":"https:\/\/pre.vitruve.fit\/it\/programma-distributori\/","title":{"rendered":"Programma Distributori"},"content":{"rendered":"\n<div class=\"wp-block-columns is-layout-flex wp-container-core-columns-is-layout-9d6595d7 wp-block-columns-is-layout-flex\">\n<div class=\"wp-block-column is-vertically-aligned-stretch is-layout-flow wp-block-column-is-layout-flow\">\n<section id=\"image-coach-block_64c0968fe3f40c1cd088443ca6acc19a\" class=\"vitruve-image-coach\">\n\t\n\t\n\t<div class=\"vitruve-image-coach__content\">\n\t\t<div class=\"vitruve-image-coach__inner\">\n\t\t\t\n\t\t\t\t\t<h2 class=\"vitruve-image-coach__title\"><span class=\"ez-toc-section\" id=\"Diventa_un_distributore_Vitruve\"><\/span>\n\t\t\t\tDiventa un <span class=\"gradient-text\">distributore<\/span> Vitruve\t\t\t<span class=\"ez-toc-section-end\"><\/span><\/h2>\n\t\t\n\t\t\t\t\t\t\t<p class=\"vitruve-image-coach__description\">\n\t\t\t\t\tVendi la tecnologia per le prestazioni di cui si fidano le squadre d&#039;\u00e9lite di tutto il mondo.\t\t\t\t<\/p>\n\t\t\t\n\t\t\t\n\t\t<\/div>\n\t<\/div>\n\n<\/section>\n\n<\/div>\n\n\n\n<div class=\"wp-block-column is-layout-flow wp-block-column-is-layout-flow\"><p><script charset=\"utf-8\" type=\"text\/javascript\" src=\"\/\/js-eu1.hsforms.net\/forms\/embed\/v2.js\"><\/script><br \/>\n<script>\n  hbspt.forms.create({\n    portalId: \"25783169\",\n    formId: \"953e2226-c7ce-4f55-a5cd-de51a4c52179\",\n    region: \"eu1\"\n  });\n<\/script><\/p>\n<\/div>\n<\/div>\n\n<!-- 4. HTML DEL BLOQUE -->\n<section id=\"product-images-tabs-block_95340249ec90f3353e4f5f2a91324ed0\" class=\"vitruve-product-images-tabs\">\n\t<div class=\"vitruve-product-images-tabs__container\">\n\t\t\n\t\t\t\t\t<h2 class=\"vitruve-product-images-tabs__main-title\"><span class=\"ez-toc-section\" id=\"Perche_distribuire_Vitruve\"><\/span>\n\t\t\t\tPerch\u00e9 distribuire Vitruve?\t\t\t<span class=\"ez-toc-section-end\"><\/span><\/h2>\n\t\t\t\t\n\t\t<!-- Columna Izquierda: Tabs -->\n\t\t<div class=\"vitruve-product-images-tabs__tabs\" role=\"tablist\">\n\t\t\t\n\t\t\t\t\t\t\t\t\t\t\t\t<button \n\t\t\t\t\t\tclass=\"vitruve-product-images-tabs__tab vitruve-product-images-tabs__tab--active\"\n\t\t\t\t\t\tdata-tab-index=\"0\"\n\t\t\t\t\t\tdata-image-url=\"https:\/\/pre.vitruve.fit\/wp-content\/uploads\/2025\/12\/Join-the-program.png\"\n\t\t\t\t\t\tdata-image-alt=\"Prodotto collaudato\"\n\t\t\t\t\t\tdata-duration=\"4\"\n\t\t\t\t\t\trole=\"tab\"\n\t\t\t\t\t\taria-selected=\"true\"\n\t\t\t\t\t\taria-controls=\"image-panel\"\n\t\t\t\t\t>\n\t\t\t\t\t\t<div class=\"vitruve-product-images-tabs__tab-content\">\n\t\t\t\t\t\t\t<h3 class=\"vitruve-product-images-tabs__tab-title\"><span class=\"ez-toc-section\" id=\"Prodotto_collaudato\"><\/span>\n\t\t\t\t\t\t\t\tProdotto collaudato\t\t\t\t\t\t\t<span class=\"ez-toc-section-end\"><\/span><\/h3>\n\t\t\t\t\t\t\t\t\t\t\t\t\t\t\t<p class=\"vitruve-product-images-tabs__tab-subtitle\">\n\t\t\t\t\t\t\t\t\tVitruve \u00e8 utilizzato da squadre d&#039;\u00e9lite, universit\u00e0 e strutture private in diversi sport.\t\t\t\t\t\t\t\t<\/p>\n\t\t\t\t\t\t\t\t\t\t\t\t\t<\/div>\n\t\t\t\t\t\t<div class=\"vitruve-product-images-tabs__progress-bar\">\n\t\t\t\t\t\t\t<div class=\"vitruve-product-images-tabs__progress-fill\"><\/div>\n\t\t\t\t\t\t<\/div>\n\t\t\t\t\t<\/button>\n\t\t\t\t\t\t\t\t\t\t\t\t\t\t\t\t<button \n\t\t\t\t\t\tclass=\"vitruve-product-images-tabs__tab \"\n\t\t\t\t\t\tdata-tab-index=\"1\"\n\t\t\t\t\t\tdata-image-url=\"https:\/\/pre.vitruve.fit\/wp-content\/uploads\/2025\/12\/a7ea3ab3-4560-4f62-8f3a-9869a068f1e2.webp\"\n\t\t\t\t\t\tdata-image-alt=\"Ricavi da hardware + software\"\n\t\t\t\t\t\tdata-duration=\"4\"\n\t\t\t\t\t\trole=\"tab\"\n\t\t\t\t\t\taria-selected=\"false\"\n\t\t\t\t\t\taria-controls=\"image-panel\"\n\t\t\t\t\t>\n\t\t\t\t\t\t<div class=\"vitruve-product-images-tabs__tab-content\">\n\t\t\t\t\t\t\t<h3 class=\"vitruve-product-images-tabs__tab-title\"><span class=\"ez-toc-section\" id=\"Ricavi_da_hardware_software\"><\/span>\n\t\t\t\t\t\t\t\tRicavi da hardware + software\t\t\t\t\t\t\t<span class=\"ez-toc-section-end\"><\/span><\/h3>\n\t\t\t\t\t\t\t\t\t\t\t\t\t\t\t<p class=\"vitruve-product-images-tabs__tab-subtitle\">\n\t\t\t\t\t\t\t\t\tVendi hardware ad alto margine con abbonamenti software ricorrenti.\t\t\t\t\t\t\t\t<\/p>\n\t\t\t\t\t\t\t\t\t\t\t\t\t<\/div>\n\t\t\t\t\t\t<div class=\"vitruve-product-images-tabs__progress-bar\">\n\t\t\t\t\t\t\t<div class=\"vitruve-product-images-tabs__progress-fill\"><\/div>\n\t\t\t\t\t\t<\/div>\n\t\t\t\t\t<\/button>\n\t\t\t\t\t\t\t\t\t\t\t\t\t\t\t\t<button \n\t\t\t\t\t\tclass=\"vitruve-product-images-tabs__tab \"\n\t\t\t\t\t\tdata-tab-index=\"2\"\n\t\t\t\t\t\tdata-image-url=\"https:\/\/pre.vitruve.fit\/wp-content\/uploads\/2025\/12\/Fast-Growing-Category-1.webp\"\n\t\t\t\t\t\tdata-image-alt=\"Categoria in rapida crescita\"\n\t\t\t\t\t\tdata-duration=\"4\"\n\t\t\t\t\t\trole=\"tab\"\n\t\t\t\t\t\taria-selected=\"false\"\n\t\t\t\t\t\taria-controls=\"image-panel\"\n\t\t\t\t\t>\n\t\t\t\t\t\t<div class=\"vitruve-product-images-tabs__tab-content\">\n\t\t\t\t\t\t\t<h3 class=\"vitruve-product-images-tabs__tab-title\"><span class=\"ez-toc-section\" id=\"Categoria_in_rapida_crescita\"><\/span>\n\t\t\t\t\t\t\t\tCategoria in rapida crescita\t\t\t\t\t\t\t<span class=\"ez-toc-section-end\"><\/span><\/h3>\n\t\t\t\t\t\t\t\t\t\t\t\t\t\t\t<p class=\"vitruve-product-images-tabs__tab-subtitle\">\n\t\t\t\t\t\t\t\t\tLa tecnologia delle prestazioni e il coaching basato sui dati non sono pi\u00f9 un optional, ma un obbligo.\t\t\t\t\t\t\t\t<\/p>\n\t\t\t\t\t\t\t\t\t\t\t\t\t<\/div>\n\t\t\t\t\t\t<div class=\"vitruve-product-images-tabs__progress-bar\">\n\t\t\t\t\t\t\t<div class=\"vitruve-product-images-tabs__progress-fill\"><\/div>\n\t\t\t\t\t\t<\/div>\n\t\t\t\t\t<\/button>\n\t\t\t\t\t\t\t\t\t\t\t\t\t\t\t\t<button \n\t\t\t\t\t\tclass=\"vitruve-product-images-tabs__tab \"\n\t\t\t\t\t\tdata-tab-index=\"3\"\n\t\t\t\t\t\tdata-image-url=\"https:\/\/pre.vitruve.fit\/wp-content\/uploads\/2025\/12\/Built-for-real-coaches-1-e1767364413759.webp\"\n\t\t\t\t\t\tdata-image-alt=\"Costruito per veri allenatori\"\n\t\t\t\t\t\tdata-duration=\"4\"\n\t\t\t\t\t\trole=\"tab\"\n\t\t\t\t\t\taria-selected=\"false\"\n\t\t\t\t\t\taria-controls=\"image-panel\"\n\t\t\t\t\t>\n\t\t\t\t\t\t<div class=\"vitruve-product-images-tabs__tab-content\">\n\t\t\t\t\t\t\t<h3 class=\"vitruve-product-images-tabs__tab-title\"><span class=\"ez-toc-section\" id=\"Costruito_per_veri_allenatori\"><\/span>\n\t\t\t\t\t\t\t\tCostruito per veri allenatori\t\t\t\t\t\t\t<span class=\"ez-toc-section-end\"><\/span><\/h3>\n\t\t\t\t\t\t\t\t\t\t\t\t\t\t\t<p class=\"vitruve-product-images-tabs__tab-subtitle\">\n\t\t\t\t\t\t\t\t\tVitruve si integra direttamente nei flussi di lavoro quotidiani della sala pesi, rendendolo facile da dimostrare e da adottare.\t\t\t\t\t\t\t\t<\/p>\n\t\t\t\t\t\t\t\t\t\t\t\t\t<\/div>\n\t\t\t\t\t\t<div class=\"vitruve-product-images-tabs__progress-bar\">\n\t\t\t\t\t\t\t<div class=\"vitruve-product-images-tabs__progress-fill\"><\/div>\n\t\t\t\t\t\t<\/div>\n\t\t\t\t\t<\/button>\n\t\t\t\t\t\t\t\t\t\t\n\t\t<\/div>\n\t\t\n\t\t<!-- Columna Derecha: Imagen -->\n\t\t<div class=\"vitruve-product-images-tabs__image-wrapper\">\n\t\t\t<img \n\t\t\t\tclass=\"vitruve-product-images-tabs__image\" \n\t\t\t\tid=\"image-panel\"\n\t\t\t\trole=\"tabpanel\"\n\t\t\t\tsrc=\"https:\/\/pre.vitruve.fit\/wp-content\/uploads\/2025\/12\/Join-the-program.png\"\n\t\t\t\talt=\"Prodotto collaudato\"\n\t\t\t\/>\n\t\t\t\n\t\t\t<!-- Bot\u00f3n Pause\/Play -->\n\t\t\t<button \n\t\t\t\tclass=\"vitruve-product-images-tabs__pause-button\" \n\t\t\t\taria-label=\"Pausar\"\n\t\t\t>\n\t\t\t\t<!-- Icono Pause (visible por defecto) -->\n\t\t\t\t<svg class=\"vitruve-product-images-tabs__pause-icon\" width=\"24\" height=\"24\" viewBox=\"0 0 24 24\" fill=\"none\" xmlns=\"http:\/\/www.w3.org\/2000\/svg\">\n\t\t\t\t\t<rect x=\"6\" y=\"4\" width=\"4\" height=\"16\" rx=\"1\" fill=\"currentColor\"\/>\n\t\t\t\t\t<rect x=\"14\" y=\"4\" width=\"4\" height=\"16\" rx=\"1\" fill=\"currentColor\"\/>\n\t\t\t\t<\/svg>\n\t\t\t\t<!-- Icono Play (oculto) -->\n\t\t\t\t<svg class=\"vitruve-product-images-tabs__play-icon\" width=\"24\" height=\"24\" viewBox=\"0 0 24 24\" fill=\"none\" xmlns=\"http:\/\/www.w3.org\/2000\/svg\" style=\"display: none;\">\n\t\t\t\t\t<path d=\"M8 5v14l11-7L8 5z\" fill=\"currentColor\"\/>\n\t\t\t\t<\/svg>\n\t\t\t<\/button>\n\t\t<\/div>\n\t\t\n\t<\/div>\n<\/section>\n\n\n\n\n\n\n\n\n\n\n\n<h3 class=\"wp-block-heading has-text-color has-link-color wp-elements-c29a052c081fad41d188fe1a7b898c32\" style=\"color:#f8f8f8\"><span class=\"ez-toc-section\" id=\"Cosa_offre_Vitruve\"><\/span><strong>Cosa offre Vitruve<\/strong><span class=\"ez-toc-section-end\"><\/span><\/h3>\n\n<p class=\"has-text-color has-link-color wp-elements-ba0f94f06e40d03321ad2c081dd1ed8b\" style=\"color:#f8f8f8\">Supportiamo i nostri distributori con:<\/p>\n\n<ul class=\"wp-block-list\">\n<li class=\"has-text-color has-link-color wp-elements-50079bda6b0c5a985fc2fe13fea935ac\" style=\"color:#f8f8f8\">Prezzi e protezione dei margini per i distributori<\/li>\n\n\n\n<li class=\"has-text-color has-link-color wp-elements-ab9bcf19f5d668a34dd03aad3b38aa00\" style=\"color:#f8f8f8\">Formazione sui prodotti e abilitazione alle vendite<\/li>\n\n\n\n<li class=\"has-text-color has-link-color wp-elements-f0220f1f5116443b81c5a8aaa3977597\" style=\"color:#f8f8f8\">Attivit\u00e0 di marketing e materiali di vendita<\/li>\n\n\n\n<li class=\"has-text-color has-link-color wp-elements-441a170a76c415a42da5fbc6b6636feb\" style=\"color:#f8f8f8\">Documentazione tecnica e supporto per l&#8217;onboarding<\/li>\n\n\n\n<li class=\"has-text-color has-link-color wp-elements-d7a10889def6a2ef7877ce101e2fa9f8\" style=\"color:#f8f8f8\">Riconoscimento del marchio globale e allineamento della roadmap di prodotto<\/li>\n<\/ul>\n\n<p class=\"has-text-color has-link-color wp-elements-4c2897e1e2fcafed6140fbd0de7ec01f\" style=\"color:#f8f8f8\">Tu vendi. Noi ti supportiamo. <\/p>\n\n<div style=\"height:100px\" aria-hidden=\"true\" class=\"wp-block-spacer\"><\/div>\n<p><script src=\"https:\/\/js-eu1.hsforms.net\/forms\/embed\/25783169.js\" defer><\/script><\/p>\n<div class=\"hs-form-frame\" data-region=\"eu1\" data-form-id=\"4aec68cf-4d8e-487e-847f-8682e03720b2\" data-portal-id=\"25783169\"><\/div>\n","protected":false},"excerpt":{"rendered":"<p>Cosa offre Vitruve Supportiamo i nostri distributori con: Tu vendi. Noi ti supportiamo.<\/p>\n","protected":false},"author":3,"featured_media":0,"parent":0,"menu_order":0,"comment_status":"closed","ping_status":"closed","template":"","meta":{"_acf_changed":false,"yasr_overall_rating":0,"yasr_post_is_review":"","yasr_auto_insert_disabled":"","yasr_review_type":"","footnotes":""},"class_list":["post-24244","page","type-page","status-publish","hentry"],"acf":[],"yasr_visitor_votes":{"stars_attributes":{"read_only":false,"span_bottom":false},"number_of_votes":0,"sum_votes":0},"_links":{"self":[{"href":"https:\/\/pre.vitruve.fit\/it\/wp-json\/wp\/v2\/pages\/24244","targetHints":{"allow":["GET"]}}],"collection":[{"href":"https:\/\/pre.vitruve.fit\/it\/wp-json\/wp\/v2\/pages"}],"about":[{"href":"https:\/\/pre.vitruve.fit\/it\/wp-json\/wp\/v2\/types\/page"}],"author":[{"embeddable":true,"href":"https:\/\/pre.vitruve.fit\/it\/wp-json\/wp\/v2\/users\/3"}],"replies":[{"embeddable":true,"href":"https:\/\/pre.vitruve.fit\/it\/wp-json\/wp\/v2\/comments?post=24244"}],"version-history":[{"count":1,"href":"https:\/\/pre.vitruve.fit\/it\/wp-json\/wp\/v2\/pages\/24244\/revisions"}],"predecessor-version":[{"id":24249,"href":"https:\/\/pre.vitruve.fit\/it\/wp-json\/wp\/v2\/pages\/24244\/revisions\/24249"}],"wp:attachment":[{"href":"https:\/\/pre.vitruve.fit\/it\/wp-json\/wp\/v2\/media?parent=24244"}],"curies":[{"name":"wp","href":"https:\/\/api.w.org\/{rel}","templated":true}]}}