{"id":24652,"date":"2024-06-13T12:40:35","date_gmt":"2024-06-13T10:40:35","guid":{"rendered":"https:\/\/pre.vitruve.fit\/termini-e-condizioni\/"},"modified":"2026-03-03T18:31:03","modified_gmt":"2026-03-03T17:31:03","slug":"termini-e-condizioni","status":"publish","type":"page","link":"https:\/\/pre.vitruve.fit\/it\/termini-e-condizioni\/","title":{"rendered":"Termini e condizioni"},"content":{"rendered":"\n<h1 class=\"c-title-1 wp-block-heading\"><span class=\"ez-toc-section\" id=\"Termini_e_condizioni\"><\/span>Termini e condizioni<span class=\"ez-toc-section-end\"><\/span><\/h1>\n\n<h3 class=\"c-title-3 wp-block-heading\"><span class=\"ez-toc-section\" id=\"1_AVVISO_LEGALE_E_CONDIZIONI_DUSO\"><\/span>1. AVVISO LEGALE E CONDIZIONI D&#8217;USO<span class=\"ez-toc-section-end\"><\/span><\/h3>\n\n<p>Posso garantirti di essere in uno spazio sicuro al 100%, rispettando quindi l&#8217;obbligo di informazione previsto dall&#8217;articolo 10 della Legge 34\/2002, dell&#8217;11 luglio, sui Servizi della Societ\u00e0 dell&#8217;Informazione e del Commercio Elettronico, quindi si legge:<\/p>\n\n<h4 class=\"c-title-4 wp-block-heading\"><span class=\"ez-toc-section\" id=\"11_Identificare_i_dati_responsabili\"><\/span>1.1. Identificare i dati responsabili<span class=\"ez-toc-section-end\"><\/span><\/h4>\n\n<p>Come stabilito dalla Legge 34\/2002, dell&#8217;11 luglio, sui servizi della societ\u00e0 dell&#8217;informazione e del commercio elettronico, ti informo che:<\/p>\n\n<p>Il nome della mia azienda \u00e8:<strong> SPEED4LIFTS S.L.<\/strong><\/p>\n\n<p>Il mio CIF \u00e8 B87970026<\/p>\n\n<p>La mia sede legale si trova in Calle Rio Segre, N8 5C, 28935, Mostoles, Madrid.<\/p>\n\n<p>Email: contact@pre.vitruve.fit<\/p>\n\n<p>La mia attivit\u00e0 sociale \u00e8: produzione e distribuzione di dispositivi elettronici per la misurazione e il controllo delle prestazioni sportive.<\/p>\n\n<h4 class=\"c-title-4 wp-block-heading\"><span class=\"ez-toc-section\" id=\"12_Scopo_della_pagina_web\"><\/span>1.2. Scopo della pagina web.<span class=\"ez-toc-section-end\"><\/span><\/h4>\n\n<p>I servizi forniti dal responsabile del sito web sono i seguenti:<\/p>\n\n<p>La fornitura di dispositivi elettronici per la misurazione e il controllo delle prestazioni sportive.<\/p>\n\n<p>Vendita di accessori e strumenti per l&#8217;allenamento sportivo.<\/p>\n\n<p>Informazioni rilevanti sul mondo dello sport.<\/p>\n\n<p>Insegnare e diffondere la conoscenza del mondo dello sport.<\/p>\n\n<h4 class=\"c-title-4 wp-block-heading\"><span class=\"ez-toc-section\" id=\"13_Utenti\"><\/span>1.3. Utenti<span class=\"ez-toc-section-end\"><\/span><\/h4>\n\n<p>L&#8217;accesso e\/o l&#8217;utilizzo di questo sito web attribuisce all&#8217;UTENTE la condizione di accettare, a partire da tale accesso e\/o utilizzo, le presenti condizioni d&#8217;uso; tuttavia, il semplice utilizzo del sito web non implica l&#8217;inizio di un rapporto di lavoro\/commerciale.<\/p>\n\n<h4 class=\"c-title-4 wp-block-heading\"><span class=\"ez-toc-section\" id=\"14_Utilizzo_del_sito_web_e_acquisizione_di_informazioni\"><\/span>1.4. Utilizzo del sito web e acquisizione di informazioni:<span class=\"ez-toc-section-end\"><\/span><\/h4>\n\n<h5 class=\"c-title-5 wp-block-heading\"><span class=\"ez-toc-section\" id=\"141_Utilizzo_del_sito_web\"><\/span>1.4.1 Utilizzo del sito web<span class=\"ez-toc-section-end\"><\/span><\/h5>\n\n<p>Il sito web https:\/\/pre.vitruve.fit e tutti i sottodomini che lo precedono (IL WEB) fornisce l&#8217;accesso ad articoli, informazioni, servizi e dati (di seguito, &#8220;i contenuti&#8221;) di propriet\u00e0 di SPEED4LIFTS S.L. (di seguito &#8220;VITRUVE&#8221;) L&#8217;UTENTE si assume la responsabilit\u00e0 dell&#8217;uso del sito web.<\/p>\n\n<p>L&#8217;UTENTE si impegna a fare un uso appropriato dei contenuti offerti a due del suo sito web e, a carattere enunciativo ma non limitativo, a non utilizzarli per:<\/p>\n\n<p>(a) svolgere attivit\u00e0 illecite, illegali o contrarie alla buona fede e all&#8217;ordine pubblico;<\/p>\n\n<p>(b) diffondere contenuti o propaganda di natura razzista, xenofoba, pornografica, illegale, apologetica del terrorismo o di attacco ai diritti umani;<\/p>\n\n<p>(c) provocare anomalie nei sistemi fisici e logici di https:\/\/pre.vitruve.fit\/, dei suoi fornitori o di terzi, introdurre o diffondere nella rete virus informatici o qualsiasi altro sistema fisico o logico che possa provocare le anomalie di cui sopra;<\/p>\n\n<p>(d) cercare di accedere e, se del caso, utilizzare gli account di posta elettronica di altri utenti e modificare o manipolare i loro messaggi.<\/p>\n\n<p>SPEED4LIFTS S.L. si riserva il diritto di ritirare tutti i commenti e i contributi che violino il rispetto della dignit\u00e0 della persona, che siano discriminatori, xenofobi, razzisti, pornografici, che attentino alla giovent\u00f9 o all&#8217;infanzia, all&#8217;ordine pubblico o alla sicurezza o che, a suo giudizio, non siano adatti alla pubblicazione. In ogni caso, SPEED4LIFTS S.L. non sar\u00e0 responsabile delle opinioni espresse dagli utenti attraverso il blog o altri strumenti di partecipazione che potranno essere creati, nel rispetto delle disposizioni della normativa vigente. <\/p>\n\n<h5 class=\"c-title-5 wp-block-heading\"><span class=\"ez-toc-section\" id=\"142_Acquisizione_delle_informazioni\"><\/span>1.4.2 Acquisizione delle informazioni<span class=\"ez-toc-section-end\"><\/span><\/h5>\n\n<ul class=\"wp-block-list\">\n<li>Modulo di contatto, in cui l&#8217;UTENTE deve compilare il campo dell&#8217;e-mail, dell&#8217;oggetto e del nome.<\/li>\n\n\n\n<li>Modulo di iscrizione, l&#8217;UTENTE compila i campi necessari per l&#8217;acquisto di qualsiasi prodotto del negozio, con i campi di nome, cognome, indirizzo, citt\u00e0, paese, stato, codice postale, e-mail e password.<\/li>\n\n\n\n<li>Modulo di iscrizione, in cui l&#8217;UTENTE compila i campi di nome, email e sport praticato, per l&#8217;acquisizione di contenuti esclusivi. &#8211; Cookie di tracciamento, secondo le seguenti regole. <\/li>\n\n\n\n<li>Navigazione e indirizzo IP: Quando si naviga su questo sito web, l&#8217;utente fornisce automaticamente al server web informazioni relative all&#8217;indirizzo IP, alla data e all&#8217;ora dell&#8217;accesso, al collegamento ipertestuale che lo ha inoltrato, al sistema operativo e al browser utilizzato.<\/li>\n<\/ul>\n\n<p>Fermo restando quanto sopra, l&#8217;utente pu\u00f2 annullare in qualsiasi momento l&#8217;iscrizione ai servizi forniti da SPEED4LIFTS S.L. o ai dati forniti dall&#8217;UTENTE in conformit\u00e0 alla normativa vigente in materia di protezione dei dati. Allo stesso modo, sia iscrivendosi a questo sito web che facendo commenti su una qualsiasi delle sue pagine e\/o voci, l&#8217;utente acconsente: <\/p>\n\n<p>Il trattamento dei loro dati personali nell&#8217;ambiente WordPress \u00e8 conforme alle loro politiche sulla privacy.<\/p>\n\n<p>L&#8217;accesso di SPEED4LIFTS S.L. ai dati che, in base all&#8217;infrastruttura WordPress, l&#8217;utente deve fornire per l&#8217;iscrizione al corso o per qualsiasi domanda tramite il modulo di contatto.<\/p>\n\n<p>Allo stesso modo, informiamo che le informazioni dei nostri utenti sono protette secondo la nostra politica sulla privacy.<\/p>\n\n<p>Attivando un&#8217;iscrizione, un modulo di contatto o un commento, l&#8217;utente comprende e accetta che:<\/p>\n\n<p>Dal momento in cui ha effettuato la sottoscrizione o l&#8217;accesso a un servizio di pagamento, SPEED4LIFTS S.L. ha accesso a:<\/p>\n\n<p>Nome, e email, o altre informazioni necessarie per la fatturazione, formando un file debitamente registrato nel Registro Generale dell&#8217;Agenzia Spagnola per la Protezione dei Dati con il nome di &#8220;UTENTI DEL WEB E ABBONATI&#8221; o, nel caso in cui si effettui un acquisto, si sottoscriver\u00e0 il file di &#8220;CLIENTI E\/O FORNITORI&#8221; avendo accesso ai dati di nome, cognome, email, ID e indirizzo completo.<\/p>\n\n<p>In ogni caso SPEED4LIFTS S.L. si riserva il diritto di modificare, in qualsiasi momento e senza preavviso, la presentazione e la configurazione del sito web https:\/\/pre.vitruve.fit\/ e la presente nota legale.<\/p>\n\n<h3 class=\"c-title-3 wp-block-heading\"><span class=\"ez-toc-section\" id=\"2_PROPRIETA_INTELLETTUALE_E_INDUSTRIALE\"><\/span>2. PROPRIET\u00c0 INTELLETTUALE E INDUSTRIALE:<span class=\"ez-toc-section-end\"><\/span><\/h3>\n\n<p>SPEED4LIFTS S.L., da sola o in qualit\u00e0 di cessionaria, \u00e8 titolare di tutti i diritti di propriet\u00e0 intellettuale e industriale del suo sito web, nonch\u00e9 degli elementi in esso contenuti (a titolo esemplificativo e non esaustivo, immagini, suoni, audio, video, software o testi; loghi, combinazioni di colori, struttura e design, selezione dei materiali utilizzati, programmi informatici necessari per il funzionamento, l&#8217;accesso e l&#8217;utilizzo del sito, ecc. Tutti i diritti sono riservati. <\/p>\n\n<p>Qualsiasi utilizzo non preventivamente autorizzato da SPEED4LIFTS S.L., sar\u00e0 considerato una grave violazione dei diritti di propriet\u00e0 intellettuale o industriale dell&#8217;autore.<\/p>\n\n<p>La riproduzione, la distribuzione e la comunicazione pubblica, comprese le modalit\u00e0 di messa a disposizione, di tutti o parte dei contenuti di questo sito web, a fini commerciali, su qualsiasi supporto e con qualsiasi mezzo tecnico, senza l&#8217;autorizzazione, sono espressamente vietate da SPEED4LIFTS S.L.<\/p>\n\n<p>L&#8217;UTENTE si impegna a rispettare i diritti di Propriet\u00e0 Intellettuale e Industriale di propriet\u00e0 di SPEED4LIFTS S.L.. L&#8217;UTENTE pu\u00f2 vedere solo gli elementi del sito web senza la possibilit\u00e0 di stamparli, copiarli o memorizzarli sul disco rigido del proprio computer o su qualsiasi altro supporto fisico. L&#8217;UTENTE deve astenersi dal cancellare, alterare, eludere o manipolare qualsiasi dispositivo di protezione o sistema di sicurezza installato nelle pagine di SPEED4LIFTS S.L. <\/p>\n\n<p>\u00c8 severamente vietato condividere la licenza d&#8217;uso con pi\u00f9 persone, ogni licenza \u00e8 personale e non trasferibile riservandoci tutte le azioni civili e penali per aiutarci a tutelare i nostri diritti, il tutto pena l&#8217;incorrere in un reato contro la propriet\u00e0 intellettuale di cui agli artt. 270 e ss del Codice Penale con pene detentive fino a 4 anni.<\/p>\n\n<h3 class=\"c-title-3 wp-block-heading\"><span class=\"ez-toc-section\" id=\"3_ESCLUSIONE_DI_GARANZIA_E_RESPONSABILITA\"><\/span>3. ESCLUSIONE DI GARANZIA E RESPONSABILIT\u00c0<span class=\"ez-toc-section-end\"><\/span><\/h3>\n\n<p>SPEED4LIFTS S.L. non \u00e8 responsabile, in nessun caso, per i danni di qualsiasi tipo che possa causare, a titolo esemplificativo: per errori o omissioni nei contenuti, per la mancata disponibilit\u00e0 del sito web, &#8211; che effettuer\u00e0 soste periodiche per manutenzione tecnica &#8211; cos\u00ec come per la trasmissione di virus o programmi maligni o contenuti dannosi, nonostante abbia adottato tutte le misure tecnologiche necessarie per impedirlo.<\/p>\n\n<h3 class=\"c-title-3 wp-block-heading\"><span class=\"ez-toc-section\" id=\"4_MODIFICHE\"><\/span>4. MODIFICHE<span class=\"ez-toc-section-end\"><\/span><\/h3>\n\n<p>SPEED4LIFTS S.L. si riserva il diritto di apportare, senza preavviso, le modifiche che riterr\u00e0 opportune al proprio sito web, potendo cambiare, eliminare o aggiungere sia i contenuti e i servizi forniti attraverso di esso, sia il modo in cui questi sono presentati o collocati nel sito web.<\/p>\n\n<h3 class=\"c-title-3 wp-block-heading\"><span class=\"ez-toc-section\" id=\"5_POLITICA_DEI_COLLEGAMENTI\"><\/span>5. POLITICA DEI COLLEGAMENTI<span class=\"ez-toc-section-end\"><\/span><\/h3>\n\n<p>Le persone o le entit\u00e0 che intendono effettuare o realizzare un collegamento ipertestuale da una pagina web di un altro portale Internet alla pagina web di SPEED4LIFTS S.L., devono rispettare le seguenti condizioni:<\/p>\n\n<ul class=\"wp-block-list\">\n<li>La riproduzione totale o parziale di qualsiasi servizio o contenuto del sito web non \u00e8 consentita senza la preventiva ed esplicita autorizzazione di SPEED4LIFTS S.L.<\/li>\n\n\n\n<li>Non sar\u00e0 possibile stabilire deep-link o link IMG o di immagine, o frame con il sito web di SPEED4LIFTS S.L., senza la sua preventiva ed esplicita autorizzazione.<\/li>\n\n\n\n<li>Il sito web di SPEED4LIFTS S.L. non conterr\u00e0 alcuna manifestazione falsa, imprecisa o errata, n\u00e9 i servizi o i contenuti dello stesso. Fatta eccezione per i segni che fanno parte del collegamento ipertestuale, il sito web su cui \u00e8 stato creato non conterr\u00e0 alcun marchio, nome commerciale, marchio di fabbrica, denominazione, logo, slogan o altri segni distintivi appartenenti a SPEED4LIFTS S.L., a meno che non siano stati espressamente autorizzati da quest&#8217;ultima. <\/li>\n\n\n\n<li>La creazione del collegamento ipertestuale non implica l&#8217;esistenza di rapporti tra SPEED4LIFTS S.L. e il proprietario della pagina web o del portale da cui \u00e8 stato creato, n\u00e9 la conoscenza e l&#8217;accettazione da parte di SPEED4LIFTS S.L. dei servizi e dei contenuti offerti da tale sito o portale.<\/li>\n\n\n\n<li>SPEED4LIFTS S.L. non sar\u00e0 responsabile dei contenuti o dei servizi messi a disposizione del pubblico sul sito web o sul portale da cui viene effettuato il collegamento ipertestuale, n\u00e9 delle informazioni e delle dichiarazioni in essi contenute. Il sito web di SPEED4LIFTS S.L. pu\u00f2 mettere a disposizione dell&#8217;utente collegamenti e link ad altri siti web gestiti e controllati da terzi. Questi link hanno l&#8217;esclusiva funzione di fornire agli utenti la ricerca di informazioni, contenuti e servizi su Internet, senza che in nessun caso possano essere considerati un suggerimento, una raccomandazione o un invito a visitarli. SPEED4LIFTS S.L. non commercializza, n\u00e9 dirige, n\u00e9 controlla in precedenza, n\u00e9 \u00e8 proprietaria dei contenuti, dei servizi, delle informazioni e delle dichiarazioni disponibili su tali siti web.  <\/li>\n<\/ul>\n\n<p>SPEED4LIFTS S.L. non si assume alcun tipo di responsabilit\u00e0, nemmeno indiretta o sussidiaria, per i danni di qualsiasi tipo che possano derivare dall&#8217;accesso, dalla manutenzione, dall&#8217;uso, dalla qualit\u00e0, dalla legalit\u00e0, dall&#8217;affidabilit\u00e0 e dall&#8217;utilit\u00e0 dei contenuti, delle informazioni, delle comunicazioni, delle opinioni, delle manifestazioni, dei prodotti e dei servizi esistenti o offerti su siti web non gestiti da SPEED4LIFTS S.L. e che sono accessibili tramite SPEED4LIFTS S.L.<\/p>\n\n<h3 class=\"c-title-3 wp-block-heading\"><span class=\"ez-toc-section\" id=\"6_DIRITTO_DI_ESCLUSIONE\"><\/span>6. DIRITTO DI ESCLUSIONE<span class=\"ez-toc-section-end\"><\/span><\/h3>\n\n<p>SPEED4LIFTS S.L. si riserva il diritto di negare o ritirare l&#8217;accesso al portale e\/o ai servizi offerti senza preavviso, su richiesta propria o di terzi, a quegli utenti che non rispettino le presenti Condizioni Generali d&#8217;Uso.<\/p>\n\n<h3 class=\"c-title-3 wp-block-heading\"><span class=\"ez-toc-section\" id=\"7_GENERALE\"><\/span>7. GENERALE<span class=\"ez-toc-section-end\"><\/span><\/h3>\n\n<p>SPEED4LIFTS S.L. persegue la violazione delle presenti condizioni e qualsiasi uso improprio del suo sito web esercitando tutte le azioni civili e penali che possono corrispondere alla legge.<\/p>\n\n<h3 class=\"c-title-3 wp-block-heading\"><span class=\"ez-toc-section\" id=\"8_CONDIZIONI_ATTUALI_E_MODIFICA_DELLA_DURATA\"><\/span>8. CONDIZIONI ATTUALI E MODIFICA DELLA DURATA<span class=\"ez-toc-section-end\"><\/span><\/h3>\n\n<p>SPEED4LIFTS S.L. pu\u00f2 modificare in qualsiasi momento le condizioni qui stabilite, debitamente pubblicate come appaiono qui. La validit\u00e0 delle suddette condizioni sar\u00e0 in funzione della loro esposizione e sar\u00e0 in vigore fino a quando non saranno modificate da altre debitamente pubblicate. <\/p>\n\n<h3 class=\"c-title-3 wp-block-heading\"><span class=\"ez-toc-section\" id=\"9_RECLAMI_E_DUBBI\"><\/span>9. RECLAMI E DUBBI<span class=\"ez-toc-section-end\"><\/span><\/h3>\n\n<p>SPEED4LIFTS S.L. informa che sono disponibili moduli di reclamo per gli utenti e i clienti che possono inviare un&#8217;e-mail a contact@pre.vitruve.fit indicando il proprio nome e cognome, il servizio o il prodotto acquistato e motivando il reclamo. \u00c8 inoltre possibile inviare il reclamo per posta a: SPEED4LIFTS S.L., Rio Segre Street n28 52C, 28935 Mostoles, Madrid. <\/p>\n\n<h3 class=\"c-title-3 wp-block-heading\"><span class=\"ez-toc-section\" id=\"10_LEGISLAZIONE_E_GIURISDIZIONE_APPLICABILE\"><\/span>10. LEGISLAZIONE E GIURISDIZIONE APPLICABILE<span class=\"ez-toc-section-end\"><\/span><\/h3>\n\n<p>Il rapporto tra SPEED4LIFTS S.L. e l&#8217;UTENTE sar\u00e0 regolato dalla normativa spagnola vigente e qualsiasi controversia sar\u00e0 sottoposta alle Corti e ai Tribunali della citt\u00e0 di M\u00f3stoles, a meno che la Legge applicabile non preveda diversamente.<\/p>\n\n<h2 class=\"c-title-2 wp-block-heading\"><span class=\"ez-toc-section\" id=\"BASE_GIURIDICA_%E2%80%9CSOLLEVARE_PER_VINCERE%E2%80%9D\"><\/span>BASE GIURIDICA &#8220;SOLLEVARE PER VINCERE&#8221;<span class=\"ez-toc-section-end\"><\/span><\/h2>\n\n<h2 class=\"c-title-2 wp-block-heading\"><span class=\"ez-toc-section\" id=\"ACCETTAZIONE_DELLE_BASI\"><\/span>ACCETTAZIONE DELLE BASI<span class=\"ez-toc-section-end\"><\/span><\/h2>\n\n<p>La partecipazione al concorso implica la piena accettazione del presente regolamento. Il regolamento pu\u00f2 essere consultato in ogni momento sulla pagina di VITRUVE: https:\/\/pre.vitruve.fit\/terms-and-conditions-of-use\/. <\/p>\n\n<p>Tutti i partecipanti al concorso, semplicemente partecipando, accettano le regole di questo concorso, le regole che disciplinano la loro partecipazione e i termini, le condizioni e l&#8217;informativa sulla privacy e sulla protezione dei dati personali indicati nella pagina di registrazione di questo concorso.<\/p>\n\n<h2 class=\"c-title-2 wp-block-heading\"><span class=\"ez-toc-section\" id=\"DATE_DI_CELEBRAZIONE\"><\/span>DATE DI CELEBRAZIONE<span class=\"ez-toc-section-end\"><\/span><\/h2>\n\n<p>La data di inizio del concorso sar\u00e0 il 24 gennaio 2020 a mezzogiorno e terminer\u00e0 il 26 gennaio 2020 alle ore 16.00. Il periodo di partecipazione sar\u00e0 compreso tra queste date. <\/p>\n\n<p>La campagna \u00e8 rivolta agli utenti che hanno partecipato al Congresso JAM di Valencia e al concorso.<\/p>\n\n<p>Speed4Lifts S.L. si riserva il diritto di apportare modifiche alla campagna durante il suo svolgimento, qualora vi siano cause che ne impediscano il successo o per migliorarne l&#8217;andamento.<\/p>\n\n<h2 class=\"c-title-2 wp-block-heading\"><span class=\"ez-toc-section\" id=\"MODULO_DI_PARTECIPAZIONE\"><\/span>MODULO DI PARTECIPAZIONE<span class=\"ez-toc-section-end\"><\/span><\/h2>\n\n<p>Possono partecipare al concorso le persone di et\u00e0 superiore ai 18 anni che hanno partecipato al Congresso JAM di Valencia e si sono iscritte alla campagna menzionata.<\/p>\n\n<p>I proprietari e i dipendenti dell&#8217;azienda e le sedi del Congresso o i profili fraudolenti non possono partecipare.<\/p>\n\n<p>Per partecipare, gli utenti devono registrarsi compilando tutti i dati personali richiesti attraverso lo strumento promozionale TypeForm, contenuto nel codice QR fornito nel volantino promozionale.<\/p>\n\n<p>Una volta registrati, possono procedere a sollevare il peso stabilito in DEADLIFT, seguendo le istruzioni dei rappresentanti di Speed4Lifts S.L. e le istruzioni descritte di seguito in questo documento.<\/p>\n\n<p>Ogni utente pu\u00f2 partecipare tutte le volte che vuole durante la durata del concorso per migliorare la propria posizione, a patto che rispetti la partecipazione degli altri concorrenti.<\/p>\n\n<h2 class=\"c-title-2 wp-block-heading\"><span class=\"ez-toc-section\" id=\"CONCORSO_PUBBLICAZIONE_E_AVVISO_AI_VINCITORI\"><\/span>CONCORSO, PUBBLICAZIONE E AVVISO AI VINCITORI<span class=\"ez-toc-section-end\"><\/span><\/h2>\n\n<p>La comunicazione dei vincitori avverr\u00e0 al termine del concorso e le posizioni dei concorrenti saranno sempre visibili sullo schermo in piedi. Non appena l&#8217;utente termina la registrazione e ha terminato di sollevare DEADLIFT secondo le istruzioni dello staff, l&#8217;utente entra in gara e, nello stesso momento, pu\u00f2 verificare in quale posizione \u00e8 risultato. <\/p>\n\n<p>Il primo vincitore sar\u00e0 colui che sollever\u00e0 il set di pesi con la velocit\u00e0 media pi\u00f9 alta nel DEADLIFT, a patto che vengano rispettate le regole:<\/p>\n\n<ul class=\"wp-block-list\">\n<li>Non puoi sollevare i piedi da terra.<\/li>\n\n\n\n<li>Le braccia non possono essere piegate.<\/li>\n\n\n\n<li>Non puoi lanciare la barra<\/li>\n<\/ul>\n\n<p>La comunicazione dei vincitori avverr\u00e0 in contemporanea, se presenti. La comunicazione ufficiale sar\u00e0 effettuata il 27 gennaio all&#8217;indirizzo e-mail fornito al momento dell&#8217;iscrizione. Il vincitore dovr\u00e0 fornire l&#8217;indirizzo per l&#8217;invio del premio.  <\/p>\n\n<p>I vincitori saranno contattati per posta e avranno un periodo di 48 ore per rispondere alle informazioni richieste, confermando cos\u00ec il premio. In caso di mancata risposta entro questo termine, il premio sar\u00e0 annullato. <\/p>\n\n<h2 class=\"c-title-2 wp-block-heading\"><span class=\"ez-toc-section\" id=\"PREMIO\"><\/span>PREMIO<span class=\"ez-toc-section-end\"><\/span><\/h2>\n\n<p>I premi saranno assegnati per posizione, con il primo premio per chi avr\u00e0 raggiunto la velocit\u00e0 media pi\u00f9 alta. I premi saranno: <\/p>\n\n<ul class=\"wp-block-list\">\n<li>Primo premio: Encoder Speed4Lifts + velcro + cavo USB + custodia protettiva in neoprene<\/li>\n\n\n\n<li>Secondo premio: Maglietta Speed4Lifts taglia L<\/li>\n\n\n\n<li>Terzo premio: Maglietta Speed4Lifts taglia L<\/li>\n<\/ul>\n\n<p>Il premio non \u00e8 cumulabile con altri, n\u00e9 pu\u00f2 essere scambiato con altri prodotti\/servizi o con il suo valore in denaro. Il premio \u00e8 personale e non trasferibile. <\/p>\n\n<p>Speed4Lifts S.L. non \u00e8 responsabile di eventuali perdite, danni, furti o qualsiasi altra circostanza attribuibile a terzi che possa influire sullo svolgimento del concorso e del premio.<\/p>\n\n<h2 class=\"c-title-2 wp-block-heading\"><span class=\"ez-toc-section\" id=\"INFORMAZIONI_PERSONALI\"><\/span>INFORMAZIONI PERSONALI<span class=\"ez-toc-section-end\"><\/span><\/h2>\n\n<p>I dati personali forniti dagli utenti saranno inseriti in un archivio dati di cui \u00e8 responsabile:<\/p>\n\n<p>Speed4Lifts S.L. con indirizzo in Rio Segre Street 8,5\u00baC, 28935, Mostoles, Madrid e con CIF B87970026 e saranno utilizzati per inviarti informazioni su VITRUVE. Questi dati saranno trattati in modo confidenziale e secondo le disposizioni della Legge Organica 3\/2018, del 5 dicembre, in modo che gli utenti possano accedere, rettificare e cancellare i propri dati, nonch\u00e9 esercitare il diritto di opposizione. <\/p>\n\n<p>Tutti i partecipanti al concorso autorizzano Speed4Lifts S.L. a pubblicare i loro nomi per gli scopi indicati nel presente regolamento, potendo utilizzare il nome e l&#8217;immagine del partecipante, nonch\u00e9 il suo indirizzo e-mail per inviare informazioni promozionali.<\/p>\n\n<p>Speed4Lifts S.L. non potr\u00e0 utilizzare tali dati per uno scopo diverso da quello indicato nel presente regolamento, trattandoli in base alla normativa vigente in materia di protezione dei dati.<\/p>\n\n<h2 class=\"c-title-2 wp-block-heading\"><span class=\"ez-toc-section\" id=\"ALTRE_CONSIDERAZIONI\"><\/span>ALTRE CONSIDERAZIONI<span class=\"ez-toc-section-end\"><\/span><\/h2>\n\n<p>Speed4Lifts S.L. si riserva il diritto di sospendere, annullare, estendere, ridurre o modificare il concorso qualora le circostanze lo richiedano, senza dover giustificare la decisione e senza poter rivendicare alcuna responsabilit\u00e0 in conseguenza di essa, sempre in modo da non ledere i diritti acquisiti dai partecipanti.<\/p>\n\n<p>L&#8217;iscrizione al concorso implica l&#8217;accettazione dei presenti Termini e Condizioni, nonch\u00e9 dei criteri di Speed4Lifts S.L. relativi alla risoluzione di qualsiasi problema derivante dal concorso.<\/p>\n","protected":false},"excerpt":{"rendered":"<p>Termini e condizioni 1. AVVISO LEGALE E CONDIZIONI D&#8217;USO Posso garantirti di essere in uno spazio sicuro al 100%, rispettando quindi l&#8217;obbligo di informazione previsto dall&#8217;articolo 10 della Legge 34\/2002, dell&#8217;11 luglio, sui Servizi della Societ\u00e0 dell&#8217;Informazione e del Commercio Elettronico, quindi si legge: 1.1. Identificare i dati responsabili Come stabilito dalla Legge 34\/2002, dell&#8217;11 [&hellip;]<\/p>\n","protected":false},"author":28,"featured_media":0,"parent":0,"menu_order":0,"comment_status":"closed","ping_status":"closed","template":"","meta":{"_acf_changed":false,"yasr_overall_rating":0,"yasr_post_is_review":"","yasr_auto_insert_disabled":"","yasr_review_type":"","footnotes":""},"class_list":["post-24652","page","type-page","status-publish","hentry"],"acf":[],"yasr_visitor_votes":{"stars_attributes":{"read_only":false,"span_bottom":false},"number_of_votes":0,"sum_votes":0},"_links":{"self":[{"href":"https:\/\/pre.vitruve.fit\/it\/wp-json\/wp\/v2\/pages\/24652","targetHints":{"allow":["GET"]}}],"collection":[{"href":"https:\/\/pre.vitruve.fit\/it\/wp-json\/wp\/v2\/pages"}],"about":[{"href":"https:\/\/pre.vitruve.fit\/it\/wp-json\/wp\/v2\/types\/page"}],"author":[{"embeddable":true,"href":"https:\/\/pre.vitruve.fit\/it\/wp-json\/wp\/v2\/users\/28"}],"replies":[{"embeddable":true,"href":"https:\/\/pre.vitruve.fit\/it\/wp-json\/wp\/v2\/comments?post=24652"}],"version-history":[{"count":3,"href":"https:\/\/pre.vitruve.fit\/it\/wp-json\/wp\/v2\/pages\/24652\/revisions"}],"predecessor-version":[{"id":24655,"href":"https:\/\/pre.vitruve.fit\/it\/wp-json\/wp\/v2\/pages\/24652\/revisions\/24655"}],"wp:attachment":[{"href":"https:\/\/pre.vitruve.fit\/it\/wp-json\/wp\/v2\/media?parent=24652"}],"curies":[{"name":"wp","href":"https:\/\/api.w.org\/{rel}","templated":true}]}}