{"id":24864,"date":"2025-12-31T15:21:15","date_gmt":"2025-12-31T14:21:15","guid":{"rendered":"https:\/\/pre.vitruve.fit\/scrivi-per-vitruve\/"},"modified":"2026-03-03T19:36:19","modified_gmt":"2026-03-03T18:36:19","slug":"scrivi-per-vitruve","status":"publish","type":"page","link":"https:\/\/pre.vitruve.fit\/it\/scrivi-per-vitruve\/","title":{"rendered":"Scrivi per Vitruve"},"content":{"rendered":"\n<div class=\"wp-block-columns is-layout-flex wp-container-core-columns-is-layout-9d6595d7 wp-block-columns-is-layout-flex\">\n<div class=\"wp-block-column is-vertically-aligned-stretch is-layout-flow wp-block-column-is-layout-flow\">\n<section id=\"image-coach-block_5c0684d3fa2c9c2335e9a3b3949a4b45\" class=\"vitruve-image-coach\">\n\t\n\t\n\t<div class=\"vitruve-image-coach__content\">\n\t\t<div class=\"vitruve-image-coach__inner\">\n\t\t\t\n\t\t\t\t\t<h2 class=\"vitruve-image-coach__title\"><span class=\"ez-toc-section\" id=\"Scrivi_per_Vitruve\"><\/span>\n\t\t\t\t<span class=\"gradient-text\">Scrivi<\/span> per Vitruve\t\t\t<span class=\"ez-toc-section-end\"><\/span><\/h2>\n\t\t\n\t\t\t\t\t\t\t<p class=\"vitruve-image-coach__description\">\n\t\t\t\t\tCondividi la tua esperienza. Fatti pagare. Eleva il campo.  \t\t\t\t<\/p>\n\t\t\t\n\t\t\t\n\t\t<\/div>\n\t<\/div>\n\n<\/section>\n\n<\/div>\n\n\n\n<div class=\"wp-block-column is-layout-flow wp-block-column-is-layout-flow\"><p><script charset=\"utf-8\" type=\"text\/javascript\" src=\"\/\/js-eu1.hsforms.net\/forms\/embed\/v2.js\"><\/script><br \/>\n<script>\n  hbspt.forms.create({\n    portalId: \"25783169\",\n    formId: \"abb7318a-c297-4dde-ba6e-0621a5a197f8\",\n    region: \"eu1\"\n  });\n<\/script><\/p>\n<\/div>\n<\/div>\n\n<h3 class=\"wp-block-heading has-text-color has-link-color wp-elements-c42d8ce997de77ff57b00af2bcc85a9a\" style=\"color:#6644ff\"><span class=\"ez-toc-section\" id=\"Sei_un_allenatore_della_forza_con_conoscenze_reali_sullallenamento_Vitruve_vuole_la_tua_voce\"><\/span><strong>Sei un allenatore della forza con conoscenze reali sull&#8217;allenamento?<\/strong><br\/>Vitruve vuole la tua voce.<span class=\"ez-toc-section-end\"><\/span><\/h3>\n\n<p class=\"has-text-color has-link-color wp-elements-49295c08dcd5b5b405114233ee8123d2\" style=\"color:#f8f8f8\">Stiamo costruendo la <em>risorsa di riferimento per gli<\/em> allenatori di forza, i direttori e i team di professionisti che si occupano di prestazioni e abbiamo bisogno della tua esperienza sulla pagina.<\/p>\n\n<h3 class=\"wp-block-heading has-text-color has-link-color wp-elements-d058063077d395d0dfd41f16e1498884\" style=\"color:#6644ff\"><span class=\"ez-toc-section\" id=\"Cosa_stiamo_cercando\"><\/span><strong>Cosa stiamo cercando<\/strong><span class=\"ez-toc-section-end\"><\/span><\/h3>\n\n<p class=\"has-text-color has-link-color wp-elements-752f9693d7d83f9aec4d9224df0c6403\" style=\"color:#f8f8f8\">Il blog di Vitruve \u00e8 dedicato al coaching delle prestazioni nel mondo reale.<\/p>\n\n<ul class=\"wp-block-list\">\n<li class=\"has-text-color has-link-color wp-elements-d8c437c601f68035817252a74ebd1e78\" style=\"color:#f8f8f8\">Sviluppo della forza e della potenza<\/li>\n\n\n\n<li class=\"has-text-color has-link-color wp-elements-a90b86d9bd4d3430d08b49d458a622e0\" style=\"color:#f8f8f8\">Applicazione per l&#8217;allenamento basato sulla velocit\u00e0 (VBT)<\/li>\n\n\n\n<li class=\"has-text-color has-link-color wp-elements-b4a578a895dd97fc7e07027c2d0a6403\" style=\"color:#f8f8f8\">Progettazione e periodizzazione del programma<\/li>\n\n\n\n<li class=\"has-text-color has-link-color wp-elements-f7caf0e97de27806fc225de9daa0604e\" style=\"color:#f8f8f8\">Monitoraggio dell&#8217;atleta, stanchezza e prontezza di riflessi<\/li>\n\n\n\n<li class=\"has-text-color has-link-color wp-elements-e0458c2977865d29c22f80c1738ee8ab\" style=\"color:#f8f8f8\">Test, profilazione e decisioni basate sui dati<\/li>\n\n\n\n<li class=\"has-text-color has-link-color wp-elements-c6657e3d395d30dfad8b1c85852407e4\" style=\"color:#f8f8f8\">Velocit\u00e0, agilit\u00e0 e sviluppo atletico<\/li>\n\n\n\n<li class=\"has-text-color has-link-color wp-elements-c5b48d8340ae6f6333f77d8a8f416c54\" style=\"color:#f8f8f8\">Riabilitazione, ritorno al gioco e sviluppo dell&#8217;atleta a lungo termine<\/li>\n\n\n\n<li class=\"has-text-color has-link-color wp-elements-d69d65298ed239d04fb9ae4dfaba3d7e\" style=\"color:#f8f8f8\">Sistemi di coaching, flussi di lavoro e ambienti di team<\/li>\n\n\n\n<li class=\"has-text-color has-link-color wp-elements-f8ab4e5f3edd4951d5b75382eb0d61ac\" style=\"color:#f8f8f8\">Tecnologia e strumenti nello sport ad alte prestazioni<\/li>\n<\/ul>\n\n<p class=\"has-text-color has-link-color wp-elements-c7d526ad162280572039af6e116dc648\" style=\"color:#f8f8f8\"><em>Gli articoli devono privilegiare la comprensione applicata rispetto alla teoria e offrire chiari spunti che gli allenatori possono utilizzare immediatamente.<\/em><\/p>\n\n<h3 class=\"wp-block-heading has-text-color has-link-color wp-elements-9e1a6640f77ae47052a88285c4c8f157\" style=\"color:#6644ff\"><span class=\"ez-toc-section\" id=\"Linee_guida\"><\/span>Linee guida<span class=\"ez-toc-section-end\"><\/span><\/h3>\n\n<ul class=\"wp-block-list\">\n<li class=\"has-text-color has-link-color wp-elements-f07e2fceed0671d22b217c91e793f504\" style=\"color:#f8f8f8\">Invia proposte di articoli o bozze complete tramite il nostro modulo di invio in formato Microsoft Word (.doc o .docx).<strong> <\/strong>solo per i documenti in formato elettronico. Al momento non possiamo accettare altri formati di file. <\/li>\n\n\n\n<li class=\"has-text-color has-link-color wp-elements-f73764e51c5ca2ab8bdb2861a076774f\" style=\"color:#f8f8f8\">Ti preghiamo di dare al tuo articolo un titolo chiaro e descrittivo che ne rifletta il contenuto. Vitruve si riserva il diritto di modificare i titoli per motivi di chiarezza, formattazione e SEO. <\/li>\n\n\n\n<li class=\"has-text-color has-link-color wp-elements-12522fe6107eeeffb466ab2157ed6997\" style=\"color:#f8f8f8\">Eventuali grafici, tabelle o immagini devono essere incorporati nel documento Word in cui sono destinati a comparire. Se accettate, le immagini devono essere fornite anche come file .JPG o .PNG. Devi possedere i diritti o aver creato personalmente tutte le immagini inviate. Se non vengono fornite immagini, Vitruve pu\u00f2 fornire immagini dalla nostra libreria interna.<\/li>\n\n\n\n<li class=\"has-text-color has-link-color wp-elements-515a4117f4284af962de6f9b253267b8\" style=\"color:#f8f8f8\">Linee guida per i video (opzionali): Risoluzione minima: 720p, solo in formato orizzontale. Nessun contenuto promozionale o pubblicitario. Inserisci i link dei video direttamente nel documento dove devono apparire.  <\/li>\n\n\n\n<li class=\"has-text-color has-link-color wp-elements-4884ff848dd47e6adb73df98768b6f5f\" style=\"color:#f8f8f8\">Riceverai una conferma di ricezione entro 7-14 giorni. La pubblicazione degli articoli accettati pu\u00f2 richiedere fino a 4-8 settimane, a seconda della programmazione editoriale. <\/li>\n<\/ul>\n\n<h3 class=\"wp-block-heading has-text-color has-link-color wp-elements-d94a2b70ac3bbad97c7bb60e6389899d\" style=\"color:#6644ff\"><span class=\"ez-toc-section\" id=\"Contenuto\"><\/span>Contenuto<span class=\"ez-toc-section-end\"><\/span><\/h3>\n\n<ul class=\"wp-block-list\">\n<li class=\"has-text-color has-link-color wp-elements-7db861f70059d92fb02e3d5a862f2c04\" style=\"color:#f8f8f8\">Gli articoli tipici sono di 1.000-2.000 parole.<\/li>\n\n\n\n<li class=\"has-text-color has-link-color wp-elements-b45498c80392804ab9d9053a5844f75d\" style=\"color:#f8f8f8\">Possono essere presi in considerazione invii pi\u00f9 brevi o pi\u00f9 lunghi in base alla qualit\u00e0.<\/li>\n\n\n\n<li class=\"has-text-color has-link-color wp-elements-3eddb7067755ad44294afc541fafffa9\" style=\"color:#f8f8f8\">La grammatica, l&#8217;ortografia e la chiarezza saranno perfezionate dal team editoriale di Vitruve.<\/li>\n\n\n\n<li class=\"has-text-color has-link-color wp-elements-3704e17b743a5be70be4ff9faaf93d7b\" style=\"color:#f8f8f8\">Non sono accettati contenuti promozionali, incentrati sulla vendita o eccessivamente autoreferenziali.<\/li>\n<\/ul>\n\n<p class=\"has-text-color has-link-color wp-elements-fcf9b3d6a3134515e0dfbd6abb34485b\" style=\"color:#f8f8f8\">Tutti gli invii devono essere:<\/p>\n\n<ul class=\"wp-block-list\">\n<li class=\"has-text-color has-link-color wp-elements-b93dd806fbfcdd5d282f9a856c92fb03\" style=\"color:#f8f8f8\">Originale<\/li>\n\n\n\n<li class=\"has-text-color has-link-color wp-elements-c8c779910e81b844f1f1d22867b7f027\" style=\"color:#f8f8f8\">Precedentemente non pubblicato<\/li>\n\n\n\n<li class=\"has-text-color has-link-color wp-elements-f3c589881d1ab3e45754c0d1d7ef1e94\" style=\"color:#f8f8f8\">Scritto dall&#8217;autore proponente<\/li>\n<\/ul>\n\n<p class=\"has-text-color has-link-color wp-elements-6b6cd1658d96864d0bd9b62f6cef4d35\" style=\"color:#f8f8f8\">I contenuti generati dall&#8217;intelligenza artificiale non sono accettati.<\/p>\n\n<ul class=\"wp-block-list\">\n<li class=\"has-text-color has-link-color wp-elements-17c602914807f5ccbd6f7813dbc986c5\" style=\"color:#f8f8f8\">Tutta la formattazione verr\u00e0 eliminata durante la pubblicazione.<\/li>\n\n\n\n<li class=\"has-text-color has-link-color wp-elements-cfe33101673af96281935683aaa71141\" style=\"color:#f8f8f8\">Evita intestazioni, pi\u00e8 di pagina, caratteri speciali o formattazioni decorative.<\/li>\n\n\n\n<li class=\"has-text-color has-link-color wp-elements-6f596f6600306ffa1809587295681b7a\" style=\"color:#f8f8f8\">Usa titoli di sezione chiari e una conclusione forte<\/li>\n\n\n\n<li class=\"has-text-color has-link-color wp-elements-e5f4391d56bbd9d4eb5d0c7213c99c3c\" style=\"color:#f8f8f8\">Se citi ricerche, statistiche o citazioni, includi i riferimenti o i collegamenti ipertestuali corretti.<\/li>\n\n\n\n<li class=\"has-text-color has-link-color wp-elements-556d684bff32bc42ccf3e60b0606869c\" style=\"color:#f8f8f8\">I riferimenti possono essere elencati alla fine del documento, se necessario.<\/li>\n<\/ul>\n\n<h3 class=\"wp-block-heading has-text-color has-link-color wp-elements-df769a362d472a1a55fc47315dba3e4d\" style=\"color:#6644ff\"><span class=\"ez-toc-section\" id=\"Diritti_e_utilizzo\"><\/span><strong>Diritti e utilizzo<\/strong><span class=\"ez-toc-section-end\"><\/span><\/h3>\n\n<p class=\"has-text-color has-link-color wp-elements-e2e979585ef66971fa1d5140b4ddc7f0\" style=\"color:#f8f8f8\">Vitruve mantiene i diritti esclusivi di pubblicazione di tutti gli articoli accettati.<\/p>\n\n<p class=\"has-text-color has-link-color wp-elements-738efae0914248725e2973b4bf798553\" style=\"color:#f8f8f8\">I contenuti pubblicati non possono essere ripubblicati, duplicati o ridistribuiti altrove senza l&#8217;autorizzazione scritta di Vitruve.<\/p>\n\n<p class=\"has-text-color has-link-color wp-elements-6aee1823ce5c26b7027eaee2a8c97101\" style=\"color:#f8f8f8\">Inviando un articolo, confermi di possedere i diritti su tutti i contenuti scritti e visivi forniti e garantisci a Vitruve il diritto di modificare, pubblicare e distribuire il lavoro sulle sue piattaforme.<\/p>\n\n<h3 class=\"wp-block-heading has-text-color has-link-color wp-elements-cd2fdb8321364b47411edfd7e9e992a5\" style=\"color:#6644ff\"><span class=\"ez-toc-section\" id=\"Compensazione\"><\/span><strong>Compensazione<\/strong><span class=\"ez-toc-section-end\"><\/span><\/h3>\n\n<ul class=\"wp-block-list\">\n<li class=\"has-text-color has-link-color wp-elements-91bef760f3d8e9a5ea3a9181ac4e8f72\" style=\"color:#f8f8f8\">Il compenso per gli articoli pubblicati \u00e8 di sette centesimi a parola.<\/li>\n\n\n\n<li class=\"has-text-color has-link-color wp-elements-195603940debd946d7193820e874ad89\" style=\"color:#f8f8f8\">Il pagamento viene effettuato dopo l&#8217;approvazione finale e la pubblicazione<\/li>\n\n\n\n<li class=\"has-text-color has-link-color wp-elements-02dee994d00248d9a4c601abf2b50def\" style=\"color:#f8f8f8\">Il compenso si basa sulla profondit\u00e0, la chiarezza e il valore dell&#8217;articolo per gli allenatori.<\/li>\n\n\n\n<li class=\"has-text-color has-link-color wp-elements-18c1df36144c321bb4174097b9679adf\" style=\"color:#f8f8f8\">Potranno essere offerte opportunit\u00e0 per i contributori abituali e per i progetti premium.<\/li>\n\n\n\n<li class=\"has-text-color has-link-color wp-elements-ff15e613e63564260e375efb5660724f\" style=\"color:#f8f8f8\">I pagamenti vengono effettuati tramite PayPal.<\/li>\n<\/ul>\n\n<p class=\"has-text-color has-link-color wp-elements-b6d28b708e168e81ffa6cdb8de6d3d5e\" style=\"color:#f8f8f8\">L&#8217;invio non garantisce la pubblicazione. Vitruve si riserva il diritto di accettare o rifiutare qualsiasi articolo in base alla qualit\u00e0, alla rilevanza e agli standard editoriali. <\/p>\n\n<p class=\"has-text-color has-link-color wp-elements-ffe9c2f18f1b206d67d16e4e9b89369b\" style=\"color:#f8f8f8\">Il nostro obiettivo \u00e8 semplice:<\/p>\n\n<p class=\"has-text-color has-link-color wp-elements-7ab5c05cc807844ba82e3bc3ec0f9ed9\" style=\"color:#f8f8f8\">Pubblica contenuti che aiutino gli allenatori a prendere decisioni migliori in sala pesi.<\/p>\n\n<h3 class=\"wp-block-heading has-text-color has-link-color wp-elements-ea0c867fda801e082231c2467d59a6d2\" style=\"color:#6644ff\"><span class=\"ez-toc-section\" id=\"Invia_il_tuo_progetto\"><\/span><strong>Invia il tuo progetto<\/strong><span class=\"ez-toc-section-end\"><\/span><\/h3>\n\n<p class=\"has-text-color has-link-color wp-elements-c32a8df4cd91305dc6110b7df6ec6bae\" style=\"color:#f8f8f8\">Compila il modulo sottostante per proporre il tuo articolo e iniziare.<\/p>\n<p><script charset=\"utf-8\" type=\"text\/javascript\" src=\"\/\/js-eu1.hsforms.net\/forms\/embed\/v2.js\"><\/script><br \/>\n<script>\n  hbspt.forms.create({\n    portalId: \"25783169\",\n    formId: \"abb7318a-c297-4dde-ba6e-0621a5a197f8\",\n    region: \"eu1\"\n  });\n<\/script><\/p>\n\n<h3 class=\"wp-block-heading has-text-color has-link-color wp-elements-ffbc0ad15e4162aaf542179c9f4d287e\" style=\"color:#6644ff\"><span class=\"ez-toc-section\" id=\"Sei_pronto_a_farti_sentire\"><\/span><strong>Sei pronto a farti sentire?<\/strong><span class=\"ez-toc-section-end\"><\/span><\/h3>\n\n<p class=\"has-text-color has-link-color wp-elements-dd0349a520d7e10b0b07b5e72e8c1214\" style=\"color:#f8f8f8\">Unisciti alla comunit\u00e0 di coaching Vitruve. Condividi ci\u00f2 che funziona. Vieni pagato.  <\/p>\n\n<div style=\"height:100px\" aria-hidden=\"true\" class=\"wp-block-spacer\"><\/div>\n","protected":false},"excerpt":{"rendered":"<p>Sei un allenatore della forza con conoscenze reali sull&#8217;allenamento?Vitruve vuole la tua voce. Stiamo costruendo la risorsa di riferimento per gli allenatori di forza, i direttori e i team di professionisti che si occupano di prestazioni e abbiamo bisogno della tua esperienza sulla pagina. Cosa stiamo cercando Il blog di Vitruve \u00e8 dedicato al coaching [&hellip;]<\/p>\n","protected":false},"author":29,"featured_media":0,"parent":0,"menu_order":0,"comment_status":"closed","ping_status":"closed","template":"","meta":{"_acf_changed":false,"yasr_overall_rating":0,"yasr_post_is_review":"","yasr_auto_insert_disabled":"","yasr_review_type":"","footnotes":""},"class_list":["post-24864","page","type-page","status-publish","hentry"],"acf":[],"yasr_visitor_votes":{"stars_attributes":{"read_only":false,"span_bottom":false},"number_of_votes":0,"sum_votes":0},"_links":{"self":[{"href":"https:\/\/pre.vitruve.fit\/it\/wp-json\/wp\/v2\/pages\/24864","targetHints":{"allow":["GET"]}}],"collection":[{"href":"https:\/\/pre.vitruve.fit\/it\/wp-json\/wp\/v2\/pages"}],"about":[{"href":"https:\/\/pre.vitruve.fit\/it\/wp-json\/wp\/v2\/types\/page"}],"author":[{"embeddable":true,"href":"https:\/\/pre.vitruve.fit\/it\/wp-json\/wp\/v2\/users\/29"}],"replies":[{"embeddable":true,"href":"https:\/\/pre.vitruve.fit\/it\/wp-json\/wp\/v2\/comments?post=24864"}],"version-history":[{"count":1,"href":"https:\/\/pre.vitruve.fit\/it\/wp-json\/wp\/v2\/pages\/24864\/revisions"}],"predecessor-version":[{"id":24865,"href":"https:\/\/pre.vitruve.fit\/it\/wp-json\/wp\/v2\/pages\/24864\/revisions\/24865"}],"wp:attachment":[{"href":"https:\/\/pre.vitruve.fit\/it\/wp-json\/wp\/v2\/media?parent=24864"}],"curies":[{"name":"wp","href":"https:\/\/api.w.org\/{rel}","templated":true}]}}